{"id":1285,"date":"2012-10-10T10:17:13","date_gmt":"2012-10-10T10:17:13","guid":{"rendered":"http:\/\/andagolf.com\/?page_id=1285"},"modified":"2022-12-12T13:24:51","modified_gmt":"2022-12-12T12:24:51","slug":"ueber-uns","status":"publish","type":"page","link":"https:\/\/andagolf.com\/de\/ueber-uns\/","title":{"rendered":"\u00dcber uns"},"content":{"rendered":"<p>[vc_row][vc_column width=&#8220;1\/2&#8243;][vc_single_image image=&#8220;2490&#8243; img_size=&#8220;full&#8220; alignment=&#8220;center&#8220;][\/vc_column][vc_column width=&#8220;1\/2&#8243;][vc_video link=&#8220;https:\/\/www.youtube.com\/watch?v=na-VOKpY3Zs&#8220;][\/vc_column][\/vc_row][vc_row][vc_column][vc_column_text]AndaGolf hat es sich zur Aufgabe gemacht, der beste Anbieter von Golf-Ausr\u00fcstung und Bekleidung in M\u00e1laga zu sein. Suchen Sie nicht weiter nach Ihren n\u00e4chsten Golfurlaub oder gemeinschaftlichen Golfevent!<\/p>\n<p>Unsere Spezialit\u00e4t sind ma\u00dfgeschneiderte Golfhosen sowohl f\u00fcr Frauen als auch f\u00fcr M\u00e4nner, die bequem auf dem Golfplatz getragen werden k\u00f6nnen und einzigartig in ihrer Stoff- und Farbauswahl sind. Vom lockeren Stil bis hin zu hochkar\u00e4tigen Motiven gibt es schliesslich keine Regeln!<\/p>\n<p>Erleben Sie ein wahrhaft vielf\u00e4ltiges und einzigartiges Golferlebnis mit unseren Golfartikeln.<\/p>\n<h2>Shop<\/h2>\n<p>Neben unserer Werkstatt f\u00fchren wir einen traditionellen Golfshop mit einer gro\u00dfen Auswahl an Schuhen, Polo-Shirts, Clubs, Handschuhen, B\u00e4llen, Trolleys und allen anderen wichtigen Kleidungsst\u00fccken und Accessoires, die f\u00fcr eine perfekte Runde Golf notwendig sind.<\/p>\n<h2>Zubeh\u00f6r<\/h2>\n<p>Einige unserer Zubeh\u00f6rteile finden Sie <a href=\"http:\/\/andagolf.com\/de\/zubeh\u00f6r\/\">hier<\/a>.<\/p>\n<hr \/>\n<p>Wir heissen Sie auf einen unverbindlichen Besuch in unseren Golfshop recht herzlich willkommen.<\/p>\n<p>Wir freuen uns auf Ihren Besuch, Ihr Anda Golf Team[\/vc_column_text][vc_separator][vc_column_text]<\/p>\n<h1 style=\"text-align: center;\">Anda Golf &#8211; Reparatur und Wartung von Golfclubs im Mijas Golf Valley<\/h1>\n<p>[\/vc_column_text][vc_column_text]<\/p>\n<h2>Interview mit <a href=\"https:\/\/golfoncostadelsol.com\/author\/stuart\/\" target=\"_blank\" rel=\"noopener\">Stuart Leary<\/a> von Golf an der Costa del Sol<\/h2>\n<p>(12.02.2021)[\/vc_column_text][vc_column_text]Wenn Sie ein begeisterter Golfer sind, wollen Sie wahrscheinlich Ihr Spiel verbessern. Das macht Golf mit einem. Die Achterbahnfahrt zwischen Freude und Frustration weckt in uns die Hoffnung, dass es besser wird! Es ist diese Hoffnung, die uns immer wieder zur\u00fcckkommen l\u00e4sst! Deshalb m\u00fcssen Ihre Schl\u00e4ger in Topform sein, und Anda Golf in La Cala de Mijas kann Ihnen bei Reparaturen und Wartung helfen.<\/p>\n<h3>Kann man ein besseres Spiel kaufen?<\/h3>\n<p>Die Hersteller von Golfschl\u00e4gern dr\u00e4ngen uns mit Versprechungen von immer gr\u00f6\u00dferen Entfernungen vom Tee und leichter zu treffenden Eisen dazu, alle paar Saisons eine neue Ausr\u00fcstung zu kaufen. Aber m\u00fcssen wir wirklich so viel Geld ausgeben, um unser Golfspiel zu verbessern?<\/p>\n<p>Nein.<\/p>\n<p>Tatsache ist, dass Golfschl\u00e4ger, insbesondere Eisen, nicht schnell verschlei\u00dfen. Mit etwas Wartung und Pflege k\u00f6nnen Sie davon ausgehen, dass Ihre Eisen 8 bis 12 Jahre lang perfekt funktionieren. Die Driver werden Ihnen etwa 5 Jahre lang gute Dienste leisten.<\/p>\n<p>Ein Besuch bei einem Clubmaker und Fitter, der Ihre vorhandenen Schl\u00e4ger umr\u00fcstet, kann ihnen neues Leben einhauchen und Ihnen die gew\u00fcnschte zus\u00e4tzliche Leistung bringen.<\/p>\n<p>In diesem Interview sprechen wir mit Abbas Morsi von Anda Golf. Er ist wahrscheinlich der bekannteste und angesehenste Schl\u00e4gerhersteller an der Costa del Sol. Wir fragen ihn, welchen Unterschied er f\u00fcr Ihr Spiel machen kann und warum es sinnvoll ist, ihn w\u00e4hrend Ihres Golfurlaubs an der Costa del Sol zu besuchen.<\/p>\n<h3>S.L: Wie lange betreiben Sie Anda Golf schon?<\/h3>\n<p>A.M: Wir sind jetzt seit 15 Jahren hier in La Cala.<\/p>\n<h3>S.L: Warum haben Sie sich f\u00fcr La Cala entschieden?<\/h3>\n<p>A.M: Als ich diese Gesch\u00e4ftsr\u00e4ume zum ersten Mal sah, hatte ich ein gutes Gef\u00fchl dabei. Wir befinden uns an einem Wirtschaftsweg entlang der A7, die die gesamte Costa del Sol entlangf\u00fchrt. Jeder Golfer, der vom Flughafen M\u00e1laga zum Golfspielen kommt, f\u00e4hrt direkt an unserer T\u00fcr vorbei! Wir haben viele Parkpl\u00e4tze direkt vor dem Gesch\u00e4ft, was es meinen Kunden leicht macht, ihre Schl\u00e4ger rein- und rauszubringen.<\/p>\n<p>Auch hier in La Cala sind wir zentral zwischen mehreren Golfpl\u00e4tzen gelegen. Mijas Golf, La Cala Golf, Alhaurin Golf, Cerrado del Aguila und Santana Golf liegen nur ein paar Kilometer hinter uns. La Noria liegt direkt vor unserer Haust\u00fcr, Cabopino Golf, Santa Maria Golf und Marbella Golf sind nur wenige Minuten entfernt. Ich kann mehr als 20 Golfpl\u00e4tze in einem Radius von 20 km um uns herum z\u00e4hlen!<\/p>\n<h3>S.L: Wie haben Sie mit dem Golfsport angefangen?<\/h3>\n<p>A.M: Vor f\u00fcnfundzwanzig Jahren bekam ich einen Job bei Mr. Scotts, einem sehr bekannten Golfgesch\u00e4ft in der N\u00e4he von Marbella. Ich wusste nichts \u00fcber Golf oder die Herstellung von Schl\u00e4gern. Meine Aufgabe war es, die Kleidung zu verkaufen. Nach und nach bat mich der Besitzer, mehr Verantwortung zu \u00fcbernehmen, und so wurde ich f\u00fcr die Qualit\u00e4tskontrolle der Artikel zust\u00e4ndig, die das Gesch\u00e4ft verlie\u00dfen, einschlie\u00dflich der Schl\u00e4gerreparaturen. Ich \u00fcberpr\u00fcfte, ob es keine Kleber\u00fcckst\u00e4nde gab, ob die Griffe perfekt gerade waren, usw. Es dauerte nicht lange, bis ich anfing, selbst die Herstellung von Schl\u00e4gern zu lernen.<\/p>\n<h3>S.L: Was ist der gr\u00f6\u00dfte Teil Ihres Gesch\u00e4fts bei Anda Golf?<\/h3>\n<p>A.M.: Wir verkaufen Kleidung, wir haben Tausende von neuen und gebrauchten Schl\u00e4gern zum Verkauf, wir verkaufen alle Arten von Golfzubeh\u00f6r sowie die Herstellung und Reparatur von Schl\u00e4gern.<\/p>\n<p>Wir verkaufen eine Menge gebrauchter Golfschl\u00e4ger. Wir verkaufen eine Menge gebrauchter Golfschl\u00e4ger. Einige sehr interessante Schl\u00e4ger kommen hier vorbei, wundersch\u00f6ne Eisen von vor 30 und 40 Jahren, alle Arten von Drivern, H\u00f6lzern, Wedges und Puttern. Die Leute kommen in den Laden und nehmen sich die Zeit, mit den Schl\u00e4gern zu wackeln, um ein Gef\u00fchl f\u00fcr sie zu bekommen. Wenn ihnen ein Schl\u00e4ger gef\u00e4llt, k\u00f6nnen wir arrangieren, dass sie ihn f\u00fcr ein paar Tage mitnehmen und auf dem Golfplatz ausprobieren, bevor sie ihn kaufen &#8211; das ist perfekt!<\/p>\n<p>Wir arbeiten mit vielen der \u00f6rtlichen Golfprofis zusammen. Viele von ihnen unterrichten mit Trackman, Flight Scope und anderen Startmonitoren, die Daten \u00fcber die Schw\u00fcnge ihrer Sch\u00fcler liefern. Hier bei Anda Golf nutzen wir diese Daten, um die Schl\u00e4ger f\u00fcr ihre Sch\u00fcler zu bauen oder zu modifizieren, um die bestm\u00f6gliche Leistung zu erzielen.<\/p>\n<h3>S.L.: Welche Art von Reparaturen f\u00fchren Sie durch?<\/h3>\n<p>Am h\u00e4ufigsten werden die Griffe erneuert. Ich bestelle jeden Monat 700 Griffe, um auf dem neuesten Stand zu bleiben! Es geh\u00f6rt mehr dazu, einen Schl\u00e4ger neu zu bespannen, als nur den alten Griff abzuschneiden und einen neuen aufzuziehen. Ich habe einen Kunden, der eines Tages zu mir kam, wir unterhielten uns \u00fcber Golf und er sagte: &#8222;Ich brauche einen neuen Putter, mein Putter f\u00fchlt sich einfach nicht richtig an, mir fehlt alles auf der rechten Seite. Es war ein neuer Putter, ein TaylorMade Spider, 4 Monate alt, gekauft in einem gro\u00dfen Sportgesch\u00e4ft.<\/p>\n<p>Dieser Mann ist ein gro\u00dfer Mann mit riesigen H\u00e4nden! Der Putter hatte einen normalen Griff. Als ich den Putter auf meinen Regripping-Tisch legte, konnte ich sehen, dass er nicht gerade war. Ein winziger Fehler beim korrekten Anbringen des Griffs war die Ursache f\u00fcr den Fehlschlag nach rechts, der Grund, warum sich der Schl\u00e4ger nicht gut anf\u00fchlte, weil der Griff zu klein war. Durch die korrekte Anpassung des richtigen Griffs konnten wir ihm 4 Schl\u00e4ge pro Runde ersparen!<\/p>\n<p>Die Leute neigen dazu, ihre Runde zu beenden und dann ihre Schl\u00e4ger hinten ins Auto zu stopfen, vor allem Besucher, die mit der Breite ihres Mietwagens nicht vertraut sind!!! Mit der Zeit entstehen dadurch winzige Risse im Graphit, die sich mit der Zeit ausbreiten, bis man eines Tages beim Abschlag einen Schwung macht und der Schaft schlie\u00dflich bricht. Ich bekomme viele Anfragen f\u00fcr neue Sch\u00e4fte! Wenn ich einen Schaft ersetze, achte ich sehr darauf, dass er sich genau so anf\u00fchlt, wie der Schl\u00e4ger vorher war. Es gibt nichts Schlimmeres, als wenn ein neuer Schaft eingesetzt wird und sich der Schl\u00e4ger dann anders anf\u00fchlt als die anderen.<\/p>\n<h3>S.L.: Was k\u00f6nnen Sie f\u00fcr Gastgolfer tun?<\/h3>\n<p>Viele Golfer spielen in ihren Heimatl\u00e4ndern Golf, legen die Schl\u00e4ger weg und vergessen sie bis zum n\u00e4chsten Wochenende. Wenn sie hier an der Costa del Sol Golf spielen, haben sie ihre Golfschl\u00e4ger jeden Tag im Blick! Es ist die perfekte Gelegenheit, sie an einem der golffreien Tage \u00fcberpr\u00fcfen zu lassen. Sie werden sofortige Ver\u00e4nderungen in ihrem Scoring feststellen.<\/p>\n<p>Wenn Ihre Griffe mehr als 100 Runden alt sind, kann sich das auf Ihren Griffdruck auswirken. Wenn der Griff h\u00e4rter und gl\u00e4nzender wird, m\u00fcssen Sie ihn fester anfassen, was zu unerw\u00fcnschten Spannungen beim Schwung f\u00fchrt. Mit Griffen in der richtigen Gr\u00f6\u00dfe, die richtig angepasst sind, wird es Ihnen viel leichter fallen, gute und gleichm\u00e4\u00dfige Schw\u00fcnge zu machen. Ihre Schl\u00e4ger werden sich anf\u00fchlen und funktionieren wie neu.<\/p>\n<p>Oft stellen Golfer fest, dass einige ihrer Eisen nach einer gewissen Zeit nicht mehr so weit fliegen wie fr\u00fcher oder dass einige Eisen mehr oder weniger gleich weit fliegen. Dies ist ein Zeichen daf\u00fcr, dass der Loft \u00fcberpr\u00fcft werden muss. Mit dem richtigen Loft erzielen Sie mit Ihren Eisen konstante, schrittweise Entfernungen.<\/p>\n<p>\u00c4hnlich verh\u00e4lt es sich, wenn der Lie Ihres Schl\u00e4gers nicht zu Ihnen passt, entweder zu aufrecht oder zu flach, was dazu f\u00fchrt, dass Sie Ihre Schl\u00e4ge st\u00e4ndig nach links oder rechts schlagen. Das k\u00f6nnen Sie an Ihrer Ansprechposition erkennen. Wenn die Ferse des Schl\u00e4gers vom Boden abhebt, ist das Lie f\u00fcr Sie zu flach und die Schl\u00e4ge gehen eher nach rechts. Wenn Ihre Divots am tiefsten in der Ferse des Schl\u00e4gers liegen, ist die Lage f\u00fcr Sie zu aufrecht und die Schl\u00e4ge gehen normalerweise nach links.<\/p>\n<h3>Zusammenfassung<\/h3>\n<p>Nat\u00fcrlich verwende ich Anda Golf, um meine Schl\u00e4ger zu pflegen. Zu Beginn der Golfsaison 2020 \u00e4nderte Abbas meine Griffe, \u00fcberpr\u00fcfte die Lofts meiner Eisen und passte meinen Driver und mein Holz 3 an die Daten an, die ich vom Launch Monitor erhielt. F\u00fcr mich hat das mein Selbstvertrauen wirklich gest\u00e4rkt. Mein ehrw\u00fcrdiger Taylormade M2 Driver und meine Mizuno MP4 Eisen haben in den letzten 4 Jahren eine Menge Golf gespielt. Sie f\u00fchlen sich immer noch gro\u00dfartig an, weil sie immer noch perfekt zu mir passen. Ich bin Abbas von Anda Golf dankbar, dass er mir hilft, mein Spiel in guter Form zu halten. Er wird das auch f\u00fcr Sie tun!<\/p>\n<p>[\/vc_column_text][\/vc_column][\/vc_row]<\/p>\n","protected":false},"excerpt":{"rendered":"<p>[vc_row][vc_column width=&#8220;1\/2&#8243;][vc_single_image image=&#8220;2490&#8243; img_size=&#8220;full&#8220; alignment=&#8220;center&#8220;][\/vc_column][vc_column width=&#8220;1\/2&#8243;][vc_video link=&#8220;https:\/\/www.youtube.com\/watch?v=na-VOKpY3Zs&#8220;][\/vc_column][\/vc_row][vc_row][vc_column][vc_column_text]AndaGolf hat es sich zur Aufgabe gemacht, der beste Anbieter von Golf-Ausr\u00fcstung und Bekleidung in M\u00e1laga zu sein. Suchen Sie nicht weiter nach Ihren n\u00e4chsten Golfurlaub oder gemeinschaftlichen Golfevent! Unsere Spezialit\u00e4t sind ma\u00dfgeschneiderte Golfhosen sowohl f\u00fcr Frauen als auch f\u00fcr M\u00e4nner, die bequem auf dem Golfplatz getragen werden k\u00f6nnen &hellip; <a href=\"https:\/\/andagolf.com\/de\/ueber-uns\/\" class=\"more-link\">Continue reading <span class=\"screen-reader-text\">\u00dcber uns<\/span><\/a><\/p>\n","protected":false},"author":1,"featured_media":0,"parent":0,"menu_order":0,"comment_status":"closed","ping_status":"closed","template":"","meta":{"footnotes":""},"class_list":["post-1285","page","type-page","status-publish","hentry"],"yoast_head":"<!-- This site is optimized with the Yoast SEO plugin v26.5 - https:\/\/yoast.com\/wordpress\/plugins\/seo\/ -->\n<title>Golfshop AndaGolf in Mijas-Costa Marbella M\u00e1laga<\/title>\n<meta name=\"description\" content=\"Neben unserer Werkstatt f\u00fchren wir einen traditionellen Golfshop mit einer gro\u00dfen Auswahl an Schuhen, Polo-Shirts, Clubs, Handschuhen, B\u00e4llen, Trolleys usw.\" \/>\n<meta name=\"robots\" content=\"index, follow, max-snippet:-1, max-image-preview:large, max-video-preview:-1\" \/>\n<link rel=\"canonical\" href=\"https:\/\/andagolf.com\/de\/ueber-uns\/\" \/>\n<meta property=\"og:locale\" content=\"de_DE\" \/>\n<meta property=\"og:type\" content=\"article\" \/>\n<meta property=\"og:title\" content=\"Golfshop AndaGolf in Mijas-Costa Marbella M\u00e1laga\" \/>\n<meta property=\"og:description\" content=\"Neben unserer Werkstatt f\u00fchren wir einen traditionellen Golfshop mit einer gro\u00dfen Auswahl an Schuhen, Polo-Shirts, Clubs, Handschuhen, B\u00e4llen, Trolleys usw.\" \/>\n<meta property=\"og:url\" content=\"https:\/\/andagolf.com\/de\/ueber-uns\/\" \/>\n<meta property=\"og:site_name\" content=\"Anda Golf\" \/>\n<meta property=\"article:modified_time\" content=\"2022-12-12T12:24:51+00:00\" \/>\n<meta name=\"twitter:label1\" content=\"Gesch\u00e4tzte Lesezeit\" \/>\n\t<meta name=\"twitter:data1\" content=\"9\u00a0Minuten\" \/>\n<script type=\"application\/ld+json\" class=\"yoast-schema-graph\">{\"@context\":\"https:\/\/schema.org\",\"@graph\":[{\"@type\":\"WebPage\",\"@id\":\"https:\/\/andagolf.com\/de\/ueber-uns\/\",\"url\":\"https:\/\/andagolf.com\/de\/ueber-uns\/\",\"name\":\"Golfshop AndaGolf in Mijas-Costa Marbella M\u00e1laga\",\"isPartOf\":{\"@id\":\"https:\/\/andagolf.com\/de\/#website\"},\"datePublished\":\"2012-10-10T10:17:13+00:00\",\"dateModified\":\"2022-12-12T12:24:51+00:00\",\"description\":\"Neben unserer Werkstatt f\u00fchren wir einen traditionellen Golfshop mit einer gro\u00dfen Auswahl an Schuhen, Polo-Shirts, Clubs, Handschuhen, B\u00e4llen, Trolleys usw.\",\"inLanguage\":\"de\",\"potentialAction\":[{\"@type\":\"ReadAction\",\"target\":[\"https:\/\/andagolf.com\/de\/ueber-uns\/\"]}]},{\"@type\":\"WebSite\",\"@id\":\"https:\/\/andagolf.com\/de\/#website\",\"url\":\"https:\/\/andagolf.com\/de\/\",\"name\":\"Anda Golf\",\"description\":\"Golf Shop Mijas - Costa del Sol\",\"publisher\":{\"@id\":\"https:\/\/andagolf.com\/de\/#organization\"},\"potentialAction\":[{\"@type\":\"SearchAction\",\"target\":{\"@type\":\"EntryPoint\",\"urlTemplate\":\"https:\/\/andagolf.com\/de\/?s={search_term_string}\"},\"query-input\":{\"@type\":\"PropertyValueSpecification\",\"valueRequired\":true,\"valueName\":\"search_term_string\"}}],\"inLanguage\":\"de\"},{\"@type\":\"Organization\",\"@id\":\"https:\/\/andagolf.com\/de\/#organization\",\"name\":\"Anda Golf\",\"url\":\"https:\/\/andagolf.com\/de\/\",\"logo\":{\"@type\":\"ImageObject\",\"inLanguage\":\"de\",\"@id\":\"https:\/\/andagolf.com\/de\/#\/schema\/logo\/image\/\",\"url\":\"https:\/\/andagolf.com\/wp-content\/uploads\/2016\/05\/logo-andagolf.png\",\"contentUrl\":\"https:\/\/andagolf.com\/wp-content\/uploads\/2016\/05\/logo-andagolf.png\",\"width\":310,\"height\":108,\"caption\":\"Anda Golf\"},\"image\":{\"@id\":\"https:\/\/andagolf.com\/de\/#\/schema\/logo\/image\/\"}}]}<\/script>\n<!-- \/ Yoast SEO plugin. -->","yoast_head_json":{"title":"Golfshop AndaGolf in Mijas-Costa Marbella M\u00e1laga","description":"Neben unserer Werkstatt f\u00fchren wir einen traditionellen Golfshop mit einer gro\u00dfen Auswahl an Schuhen, Polo-Shirts, Clubs, Handschuhen, B\u00e4llen, Trolleys usw.","robots":{"index":"index","follow":"follow","max-snippet":"max-snippet:-1","max-image-preview":"max-image-preview:large","max-video-preview":"max-video-preview:-1"},"canonical":"https:\/\/andagolf.com\/de\/ueber-uns\/","og_locale":"de_DE","og_type":"article","og_title":"Golfshop AndaGolf in Mijas-Costa Marbella M\u00e1laga","og_description":"Neben unserer Werkstatt f\u00fchren wir einen traditionellen Golfshop mit einer gro\u00dfen Auswahl an Schuhen, Polo-Shirts, Clubs, Handschuhen, B\u00e4llen, Trolleys usw.","og_url":"https:\/\/andagolf.com\/de\/ueber-uns\/","og_site_name":"Anda Golf","article_modified_time":"2022-12-12T12:24:51+00:00","twitter_misc":{"Gesch\u00e4tzte Lesezeit":"9\u00a0Minuten"},"schema":{"@context":"https:\/\/schema.org","@graph":[{"@type":"WebPage","@id":"https:\/\/andagolf.com\/de\/ueber-uns\/","url":"https:\/\/andagolf.com\/de\/ueber-uns\/","name":"Golfshop AndaGolf in Mijas-Costa Marbella M\u00e1laga","isPartOf":{"@id":"https:\/\/andagolf.com\/de\/#website"},"datePublished":"2012-10-10T10:17:13+00:00","dateModified":"2022-12-12T12:24:51+00:00","description":"Neben unserer Werkstatt f\u00fchren wir einen traditionellen Golfshop mit einer gro\u00dfen Auswahl an Schuhen, Polo-Shirts, Clubs, Handschuhen, B\u00e4llen, Trolleys usw.","inLanguage":"de","potentialAction":[{"@type":"ReadAction","target":["https:\/\/andagolf.com\/de\/ueber-uns\/"]}]},{"@type":"WebSite","@id":"https:\/\/andagolf.com\/de\/#website","url":"https:\/\/andagolf.com\/de\/","name":"Anda Golf","description":"Golf Shop Mijas - Costa del Sol","publisher":{"@id":"https:\/\/andagolf.com\/de\/#organization"},"potentialAction":[{"@type":"SearchAction","target":{"@type":"EntryPoint","urlTemplate":"https:\/\/andagolf.com\/de\/?s={search_term_string}"},"query-input":{"@type":"PropertyValueSpecification","valueRequired":true,"valueName":"search_term_string"}}],"inLanguage":"de"},{"@type":"Organization","@id":"https:\/\/andagolf.com\/de\/#organization","name":"Anda Golf","url":"https:\/\/andagolf.com\/de\/","logo":{"@type":"ImageObject","inLanguage":"de","@id":"https:\/\/andagolf.com\/de\/#\/schema\/logo\/image\/","url":"https:\/\/andagolf.com\/wp-content\/uploads\/2016\/05\/logo-andagolf.png","contentUrl":"https:\/\/andagolf.com\/wp-content\/uploads\/2016\/05\/logo-andagolf.png","width":310,"height":108,"caption":"Anda Golf"},"image":{"@id":"https:\/\/andagolf.com\/de\/#\/schema\/logo\/image\/"}}]}},"_links":{"self":[{"href":"https:\/\/andagolf.com\/de\/wp-json\/wp\/v2\/pages\/1285","targetHints":{"allow":["GET"]}}],"collection":[{"href":"https:\/\/andagolf.com\/de\/wp-json\/wp\/v2\/pages"}],"about":[{"href":"https:\/\/andagolf.com\/de\/wp-json\/wp\/v2\/types\/page"}],"author":[{"embeddable":true,"href":"https:\/\/andagolf.com\/de\/wp-json\/wp\/v2\/users\/1"}],"replies":[{"embeddable":true,"href":"https:\/\/andagolf.com\/de\/wp-json\/wp\/v2\/comments?post=1285"}],"version-history":[{"count":0,"href":"https:\/\/andagolf.com\/de\/wp-json\/wp\/v2\/pages\/1285\/revisions"}],"wp:attachment":[{"href":"https:\/\/andagolf.com\/de\/wp-json\/wp\/v2\/media?parent=1285"}],"curies":[{"name":"wp","href":"https:\/\/api.w.org\/{rel}","templated":true}]}}