{"id":1293,"date":"2012-10-10T11:22:32","date_gmt":"2012-10-10T11:22:32","guid":{"rendered":"http:\/\/andagolf.com\/?page_id=1293"},"modified":"2015-03-11T23:32:05","modified_gmt":"2015-03-11T23:32:05","slug":"ma%c3%9fgeschneiderte-golfhosen","status":"publish","type":"page","link":"https:\/\/andagolf.com\/de\/ma%c3%9fgeschneiderte-golfhosen\/","title":{"rendered":"Ma\u00dfgeschneiderte Golfhosen"},"content":{"rendered":"<p>Unsere Spezialit\u00e4t sind ma\u00dfgeschneiderte Golfhosen sowohl f\u00fcr Frauen als auch f\u00fcr M\u00e4nner, die bequem auf dem Golfplatz getragen werden k\u00f6nnen und einzigartig in ihrer Stoff- und Farbauswahl sind. Vom lockeren Stil bis hin zu hochkar\u00e4tigen Motiven gibt es schliesslich keine Regeln!<\/p>\n<hr \/>\n<p>Schauen Sie in unsere Foto-Galerie und klicken Sie unten auf die Bilder um einen \u00dcberblick von unserem Sortiment an Stoffen zu erhalten:<\/p>\n<div class=\"lightbox\">\n<div class=\"spacer\"><\/div>\n<p><a title=\"AAIMG_0869\" href=\"http:\/\/andagolf.com\/wp-content\/uploads\/2012\/08\/image_962-scale_800x600_quality_90.jpg\" rel=\"lightbox[961]\"><img decoding=\"async\" title=\"AAIMG_0869\" src=\"http:\/\/andagolf.com\/wp-content\/uploads\/2012\/08\/image_962-thumbnail_180x180_gravity_center_crop_80x80.jpg\" alt=\"AAIMG_0869\" \/><\/a><a title=\"AAIMG_0872\" href=\"http:\/\/andagolf.com\/wp-content\/uploads\/2012\/08\/image_963-scale_800x600_quality_90.jpg\" rel=\"lightbox[961]\"><img decoding=\"async\" title=\"AAIMG_0872\" src=\"http:\/\/andagolf.com\/wp-content\/uploads\/2012\/08\/image_963-thumbnail_180x180_gravity_center_crop_80x80.jpg\" alt=\"AAIMG_0872\" \/><\/a><a title=\"AAIMG_0879\" href=\"http:\/\/andagolf.com\/wp-content\/uploads\/2012\/08\/image_965-scale_800x600_quality_90.jpg\" rel=\"lightbox[961]\"><img decoding=\"async\" title=\"AAIMG_0879\" src=\"http:\/\/andagolf.com\/wp-content\/uploads\/2012\/08\/image_965-thumbnail_180x180_gravity_center_crop_80x80.jpg\" alt=\"AAIMG_0879\" \/><\/a><a title=\"aIMG_9259.jpg\" href=\"http:\/\/andagolf.com\/wp-content\/uploads\/2012\/08\/image_966-scale_800x600_quality_90.jpg\" rel=\"lightbox[961]\"><img decoding=\"async\" title=\"aIMG_9259.jpg\" src=\"http:\/\/andagolf.com\/wp-content\/uploads\/2012\/08\/image_966-thumbnail_180x180_gravity_center_crop_80x80.jpg\" alt=\"aIMG_9259.jpg\" \/><\/a><a title=\"aIMG_9260.jpg\" href=\"http:\/\/andagolf.com\/wp-content\/uploads\/2012\/08\/image_968-scale_800x600_quality_90.jpg\" rel=\"lightbox[961]\"><img decoding=\"async\" title=\"aIMG_9260.jpg\" src=\"http:\/\/andagolf.com\/wp-content\/uploads\/2012\/08\/image_968-thumbnail_180x180_gravity_center_crop_80x80.jpg\" alt=\"aIMG_9260.jpg\" \/><\/a><a title=\"aIMG_9266.jpg\" href=\"http:\/\/andagolf.com\/wp-content\/uploads\/2012\/08\/image_969-scale_800x600_quality_90.jpg\" rel=\"lightbox[961]\"><img decoding=\"async\" title=\"aIMG_9266.jpg\" src=\"http:\/\/andagolf.com\/wp-content\/uploads\/2012\/08\/image_969-thumbnail_180x180_gravity_center_crop_80x80.jpg\" alt=\"aIMG_9266.jpg\" \/><\/a><a title=\"aIMG_9267.jpg\" href=\"http:\/\/andagolf.com\/wp-content\/uploads\/2012\/08\/image_971-scale_800x600_quality_90.jpg\" rel=\"lightbox[961]\"><img decoding=\"async\" title=\"aIMG_9267.jpg\" src=\"http:\/\/andagolf.com\/wp-content\/uploads\/2012\/08\/image_971-thumbnail_180x180_gravity_center_crop_80x80.jpg\" alt=\"aIMG_9267.jpg\" \/><\/a><a title=\"Autum IMG_6701.jpg\" href=\"http:\/\/andagolf.com\/wp-content\/uploads\/2012\/08\/image_972-scale_800x600_quality_90.jpg\" rel=\"lightbox[961]\"><img decoding=\"async\" title=\"Autum IMG_6701.jpg\" src=\"http:\/\/andagolf.com\/wp-content\/uploads\/2012\/08\/image_972-thumbnail_180x180_gravity_center_crop_80x80.jpg\" alt=\"\" \/><\/a><a title=\"Autum IMG_6706.jpg\" href=\"http:\/\/andagolf.com\/wp-content\/uploads\/2012\/08\/image_973-scale_800x600_quality_90.jpg\" rel=\"lightbox[961]\"><img decoding=\"async\" title=\"Autum IMG_6706.jpg\" src=\"http:\/\/andagolf.com\/wp-content\/uploads\/2012\/08\/image_973-thumbnail_180x180_gravity_center_crop_80x80.jpg\" alt=\"Autum IMG_6706.jpg\" \/><\/a><a title=\"Autum IMG_6719.jpg\" href=\"http:\/\/andagolf.com\/wp-content\/uploads\/2012\/08\/image_975-scale_800x600_quality_90.jpg\" rel=\"lightbox[961]\"><img decoding=\"async\" title=\"Autum IMG_6719.jpg\" src=\"http:\/\/andagolf.com\/wp-content\/uploads\/2012\/08\/image_975-thumbnail_180x180_gravity_center_crop_80x80.jpg\" alt=\"Autum IMG_6719.jpg\" \/><\/a><a title=\"High summer collection\" href=\"http:\/\/andagolf.com\/wp-content\/uploads\/2012\/08\/image_976-scale_800x600_quality_90.jpg\" rel=\"lightbox[961]\"><img decoding=\"async\" title=\"High summer collection\" src=\"http:\/\/andagolf.com\/wp-content\/uploads\/2012\/08\/image_976-thumbnail_180x180_gravity_center_crop_80x80.jpg\" alt=\"High summer collection\" \/><\/a><a title=\"High summer collection 2\" href=\"http:\/\/andagolf.com\/wp-content\/uploads\/2012\/08\/image_977-scale_800x600_quality_90.jpg\" rel=\"lightbox[961]\"><img decoding=\"async\" title=\"High summer collection 2\" src=\"http:\/\/andagolf.com\/wp-content\/uploads\/2012\/08\/image_977-thumbnail_180x180_gravity_center_crop_80x80.jpg\" alt=\"High summer collection 2\" \/><\/a><a title=\"High summer collection 3\" href=\"http:\/\/andagolf.com\/wp-content\/uploads\/2012\/08\/image_978-scale_800x600_quality_90.jpg\" rel=\"lightbox[961]\"><img decoding=\"async\" title=\"High summer collection 3\" src=\"http:\/\/andagolf.com\/wp-content\/uploads\/2012\/08\/image_978-thumbnail_180x180_gravity_center_crop_80x80.jpg\" alt=\"High summer collection 3\" \/><\/a><a title=\"IMG_0423.jpg\" href=\"http:\/\/andagolf.com\/wp-content\/uploads\/2012\/08\/image_982-scale_800x600_quality_90.jpg\" rel=\"lightbox[961]\"><img decoding=\"async\" title=\"IMG_0423.jpg\" src=\"http:\/\/andagolf.com\/wp-content\/uploads\/2012\/08\/image_982-thumbnail_180x180_gravity_center_crop_80x80.jpg\" alt=\"IMG_0423.jpg\" \/><\/a><a title=\"IMG_0431.jpg\" href=\"http:\/\/andagolf.com\/wp-content\/uploads\/2012\/08\/image_983-scale_800x600_quality_90.jpg\" rel=\"lightbox[961]\"><img decoding=\"async\" title=\"IMG_0431.jpg\" src=\"http:\/\/andagolf.com\/wp-content\/uploads\/2012\/08\/image_983-thumbnail_180x180_gravity_center_crop_80x80.jpg\" alt=\"IMG_0431.jpg\" \/><\/a><a title=\"IMG_0435.jpg\" href=\"http:\/\/andagolf.com\/wp-content\/uploads\/2012\/08\/image_984-scale_800x600_quality_90.jpg\" rel=\"lightbox[961]\"><img decoding=\"async\" title=\"IMG_0435.jpg\" src=\"http:\/\/andagolf.com\/wp-content\/uploads\/2012\/08\/image_984-thumbnail_180x180_gravity_center_crop_80x80.jpg\" alt=\"IMG_0435.jpg\" \/><\/a><a title=\"IMG_0437.jpg\" href=\"http:\/\/andagolf.com\/wp-content\/uploads\/2012\/08\/image_985-scale_800x600_quality_90.jpg\" rel=\"lightbox[961]\"><img decoding=\"async\" title=\"IMG_0437.jpg\" src=\"http:\/\/andagolf.com\/wp-content\/uploads\/2012\/08\/image_985-thumbnail_180x180_gravity_center_crop_80x80.jpg\" alt=\"IMG_0437.jpg\" \/><\/a><a title=\"IMG_0464.jpg\" href=\"http:\/\/andagolf.com\/wp-content\/uploads\/2012\/08\/image_988-scale_800x600_quality_90.jpg\" rel=\"lightbox[961]\"><img decoding=\"async\" title=\"IMG_0464.jpg\" src=\"http:\/\/andagolf.com\/wp-content\/uploads\/2012\/08\/image_988-thumbnail_180x180_gravity_center_crop_80x80.jpg\" alt=\"IMG_0464.jpg\" \/><\/a><a title=\"IMG_0467.jpg\" href=\"http:\/\/andagolf.com\/wp-content\/uploads\/2012\/08\/image_989-scale_800x600_quality_90.jpg\" rel=\"lightbox[961]\"><img decoding=\"async\" title=\"IMG_0467.jpg\" src=\"http:\/\/andagolf.com\/wp-content\/uploads\/2012\/08\/image_989-thumbnail_180x180_gravity_center_crop_80x80.jpg\" alt=\"IMG_0467.jpg\" \/><\/a><a title=\"IMG_0471.jpg\" href=\"http:\/\/andagolf.com\/wp-content\/uploads\/2012\/08\/image_990-scale_800x600_quality_90.jpg\" rel=\"lightbox[961]\"><img decoding=\"async\" title=\"IMG_0471.jpg\" src=\"http:\/\/andagolf.com\/wp-content\/uploads\/2012\/08\/image_990-thumbnail_180x180_gravity_center_crop_80x80.jpg\" alt=\"IMG_0471.jpg\" \/><\/a><a title=\"IMG_0479.jpg\" href=\"http:\/\/andagolf.com\/wp-content\/uploads\/2012\/08\/image_991-scale_800x600_quality_90.jpg\" rel=\"lightbox[961]\"><img decoding=\"async\" title=\"IMG_0479.jpg\" src=\"http:\/\/andagolf.com\/wp-content\/uploads\/2012\/08\/image_991-thumbnail_180x180_gravity_center_crop_80x80.jpg\" alt=\"IMG_0479.jpg\" \/><\/a><a title=\"IMG_0480.jpg\" href=\"http:\/\/andagolf.com\/wp-content\/uploads\/2012\/08\/image_992-scale_800x600_quality_90.jpg\" rel=\"lightbox[961]\"><img decoding=\"async\" title=\"IMG_0480.jpg\" src=\"http:\/\/andagolf.com\/wp-content\/uploads\/2012\/08\/image_992-thumbnail_180x180_gravity_center_crop_80x80.jpg\" alt=\"IMG_0480.jpg\" \/><\/a><a title=\"IMG_0487.jpg\" href=\"http:\/\/andagolf.com\/wp-content\/uploads\/2012\/08\/image_993-scale_800x600_quality_90.jpg\" rel=\"lightbox[961]\"><img decoding=\"async\" title=\"IMG_0487.jpg\" src=\"http:\/\/andagolf.com\/wp-content\/uploads\/2012\/08\/image_993-thumbnail_180x180_gravity_center_crop_80x80.jpg\" alt=\"IMG_0487.jpg\" \/><\/a><a title=\"IMG_0489.jpg\" href=\"http:\/\/andagolf.com\/wp-content\/uploads\/2012\/08\/image_994-scale_800x600_quality_90.jpg\" rel=\"lightbox[961]\"><img decoding=\"async\" title=\"IMG_0489.jpg\" src=\"http:\/\/andagolf.com\/wp-content\/uploads\/2012\/08\/image_994-thumbnail_180x180_gravity_center_crop_80x80.jpg\" alt=\"IMG_0489.jpg\" \/><\/a><a title=\"IMG_0491.jpg\" href=\"http:\/\/andagolf.com\/wp-content\/uploads\/2012\/08\/image_995-scale_800x600_quality_90.jpg\" rel=\"lightbox[961]\"><img decoding=\"async\" title=\"IMG_0491.jpg\" src=\"http:\/\/andagolf.com\/wp-content\/uploads\/2012\/08\/image_995-thumbnail_180x180_gravity_center_crop_80x80.jpg\" alt=\"IMG_0491.jpg\" \/><\/a><a title=\"IMG_0493.jpg\" href=\"http:\/\/andagolf.com\/wp-content\/uploads\/2012\/08\/image_1248-scale_800x600_quality_90.jpg\" rel=\"lightbox[961]\"><img decoding=\"async\" title=\"IMG_0493.jpg\" src=\"http:\/\/andagolf.com\/wp-content\/uploads\/2012\/08\/image_1248-thumbnail_180x180_gravity_center_crop_80x80.jpg\" alt=\"IMG_0493.jpg\" \/><\/a><a title=\"IMG_0501.jpg\" href=\"http:\/\/andagolf.com\/wp-content\/uploads\/2012\/08\/image_1249-scale_800x600_quality_90.jpg\" rel=\"lightbox[961]\"><img decoding=\"async\" title=\"IMG_0501.jpg\" src=\"http:\/\/andagolf.com\/wp-content\/uploads\/2012\/08\/image_1249-thumbnail_180x180_gravity_center_crop_80x80.jpg\" alt=\"IMG_0501.jpg\" \/><\/a><a title=\"IMG_0504.jpg\" href=\"http:\/\/andagolf.com\/wp-content\/uploads\/2012\/08\/image_1250-scale_800x600_quality_90.jpg\" rel=\"lightbox[961]\"><img decoding=\"async\" title=\"IMG_0504.jpg\" src=\"http:\/\/andagolf.com\/wp-content\/uploads\/2012\/08\/image_1250-thumbnail_180x180_gravity_center_crop_80x80.jpg\" alt=\"IMG_0504.jpg\" \/><\/a><a title=\"IMG_0506.jpg\" href=\"http:\/\/andagolf.com\/wp-content\/uploads\/2012\/08\/image_1327-scale_800x600_quality_90.jpg\" rel=\"lightbox[961]\"><img decoding=\"async\" title=\"IMG_0506.jpg\" src=\"http:\/\/andagolf.com\/wp-content\/uploads\/2012\/08\/image_1327-thumbnail_180x180_gravity_center_crop_80x80.jpg\" alt=\"IMG_0506.jpg\" \/><\/a><a title=\"IMG_0510.jpg\" href=\"http:\/\/andagolf.com\/wp-content\/uploads\/2012\/08\/image_1328-scale_800x600_quality_90.jpg\" rel=\"lightbox[961]\"><img decoding=\"async\" title=\"IMG_0510.jpg\" src=\"http:\/\/andagolf.com\/wp-content\/uploads\/2012\/08\/image_1328-thumbnail_180x180_gravity_center_crop_80x80.jpg\" alt=\"IMG_0510.jpg\" \/><\/a><a title=\"IMG_0520.jpg\" href=\"http:\/\/andagolf.com\/wp-content\/uploads\/2012\/08\/image_1329-scale_800x600_quality_90.jpg\" rel=\"lightbox[961]\"><img decoding=\"async\" title=\"IMG_0520.jpg\" src=\"http:\/\/andagolf.com\/wp-content\/uploads\/2012\/08\/image_1329-thumbnail_180x180_gravity_center_crop_80x80.jpg\" alt=\"IMG_0520.jpg\" \/><\/a><a title=\"IMG_0522.jpg\" href=\"http:\/\/andagolf.com\/wp-content\/uploads\/2012\/08\/image_1352-scale_800x600_quality_90.jpg\" rel=\"lightbox[961]\"><img decoding=\"async\" title=\"IMG_0522.jpg\" src=\"http:\/\/andagolf.com\/wp-content\/uploads\/2012\/08\/image_1352-thumbnail_180x180_gravity_center_crop_80x80.jpg\" alt=\"IMG_0522.jpg\" \/><\/a><a title=\"IMG_0524.jpg\" href=\"http:\/\/andagolf.com\/wp-content\/uploads\/2012\/08\/image_1353-scale_800x600_quality_90.jpg\" rel=\"lightbox[961]\"><img decoding=\"async\" title=\"IMG_0524.jpg\" src=\"http:\/\/andagolf.com\/wp-content\/uploads\/2012\/08\/image_1353-thumbnail_180x180_gravity_center_crop_80x80.jpg\" alt=\"IMG_0524.jpg\" \/><\/a><a title=\"IMG_0531.jpg\" href=\"http:\/\/andagolf.com\/wp-content\/uploads\/2012\/08\/image_1354-scale_800x600_quality_90.jpg\" rel=\"lightbox[961]\"><img decoding=\"async\" title=\"IMG_0531.jpg\" src=\"http:\/\/andagolf.com\/wp-content\/uploads\/2012\/08\/image_1354-thumbnail_180x180_gravity_center_crop_80x80.jpg\" alt=\"IMG_0531.jpg\" \/><\/a><a title=\"IMG_0536.jpg\" href=\"http:\/\/andagolf.com\/wp-content\/uploads\/2012\/08\/image_1355-scale_800x600_quality_90.jpg\" rel=\"lightbox[961]\"><img decoding=\"async\" title=\"IMG_0536.jpg\" src=\"http:\/\/andagolf.com\/wp-content\/uploads\/2012\/08\/image_1355-thumbnail_180x180_gravity_center_crop_80x80.jpg\" alt=\"IMG_0536.jpg\" \/><\/a><a title=\"IMG_0537.jpg\" href=\"http:\/\/andagolf.com\/wp-content\/uploads\/2012\/08\/image_1404-scale_800x600_quality_90.jpg\" rel=\"lightbox[961]\"><img decoding=\"async\" title=\"IMG_0537.jpg\" src=\"http:\/\/andagolf.com\/wp-content\/uploads\/2012\/08\/image_1404-thumbnail_180x180_gravity_center_crop_80x80.jpg\" alt=\"IMG_0537.jpg\" \/><\/a><a title=\"IMG_0541.jpg\" href=\"http:\/\/andagolf.com\/wp-content\/uploads\/2012\/08\/image_1405-scale_800x600_quality_90.jpg\" rel=\"lightbox[961]\"><img decoding=\"async\" title=\"IMG_0541.jpg\" src=\"http:\/\/andagolf.com\/wp-content\/uploads\/2012\/08\/image_1405-thumbnail_180x180_gravity_center_crop_80x80.jpg\" alt=\"IMG_0541.jpg\" \/><\/a><a title=\"IMG_0543.jpg\" href=\"http:\/\/andagolf.com\/wp-content\/uploads\/2012\/08\/image_1406-scale_800x600_quality_90.jpg\" rel=\"lightbox[961]\"><img decoding=\"async\" title=\"IMG_0543.jpg\" src=\"http:\/\/andagolf.com\/wp-content\/uploads\/2012\/08\/image_1406-thumbnail_180x180_gravity_center_crop_80x80.jpg\" alt=\"IMG_0543.jpg\" \/><\/a><\/p>\n<div class=\"spacer\"><\/div>\n<\/div>\n<hr \/>\n<h2><span style=\"color: #ff0000;\">Mit zwei unterschiedliche Stoffdesigns lassen Sie Ihre eigene, einzigartige Golfhose entstehen:<\/span><\/h2>\n<p>Durch die Kombination von zwei Materialien Ihrer eigenen Wahl ist die durch AndaGolf eigens entworfene Golfhose entstanden:<\/p>\n<p><center><img decoding=\"async\" title=\"IMG_9240.jpg\" src=\"http:\/\/andagolf.com\/wp-content\/uploads\/2012\/08\/two-material.jpg\" alt=\"IMG_9240.jpg\" width=\"600\" \/><\/center>&nbsp;<\/p>\n<p>&nbsp;<\/p>\n<h2 style=\"text-align: center;\"><a href=\"http:\/\/andagolf.com\/de\/die-zwei-unterschiedlichen-stoffdesigns\/\">weitere Beispiele finden Sie hier &gt;&gt;<\/a><\/h2>\n<p>&nbsp;<\/p>\n<h2>Breite Stoffpalette<\/h2>\n<p>Sobald wir Mass genommen und die erste Hose f\u00fcr Sie erstellt und die perfekte Passform gefunden haben, dann stellt sich nur noch die Frage, welche Stoffauswahl Sie bez\u00fcglich der Hosen treffen, die Sie eventuell in Zukunft benoetigen.<\/p>\n<p>Wenn man auf dem Golfplatz gut aussieht und sich wohlf\u00fchlt, dann macht es nat\u00fcrlich noch mehr Spa\u00df Golf zu spielen.<\/p>\n<p>Unsere breite Palette an Stoffen macht es Ihnen leicht, Ihre eigene Kollektion an ma\u00dfgeschneiderten Golfhosen f\u00fcr alle vier Saisons zu erstellen.<\/p>\n","protected":false},"excerpt":{"rendered":"<p>Unsere Spezialit\u00e4t sind ma\u00dfgeschneiderte Golfhosen sowohl f\u00fcr Frauen als auch f\u00fcr M\u00e4nner, die bequem auf dem Golfplatz getragen werden k\u00f6nnen und einzigartig in ihrer Stoff- und Farbauswahl sind. Vom lockeren Stil bis hin zu hochkar\u00e4tigen Motiven gibt es schliesslich keine Regeln! Schauen Sie in unsere Foto-Galerie und klicken Sie unten auf die Bilder um einen &hellip; <a href=\"https:\/\/andagolf.com\/de\/ma%c3%9fgeschneiderte-golfhosen\/\" class=\"more-link\">Continue reading <span class=\"screen-reader-text\">Ma\u00dfgeschneiderte Golfhosen<\/span><\/a><\/p>\n","protected":false},"author":1,"featured_media":0,"parent":0,"menu_order":0,"comment_status":"closed","ping_status":"closed","template":"","meta":{"footnotes":""},"class_list":["post-1293","page","type-page","status-publish","hentry"],"yoast_head":"<!-- This site is optimized with the Yoast SEO plugin v26.5 - https:\/\/yoast.com\/wordpress\/plugins\/seo\/ -->\n<title>Golfhosen nach Ma\u00df geschneidert bei Andagolf<\/title>\n<meta name=\"description\" content=\"Golfhosen nach Ma\u00df geschneidert sowohl f\u00fcr Frauen als auch f\u00fcr M\u00e4nner, die bequem auf dem Golfplatz getragen werden k\u00f6nnen und einzigartig in ihrer Stoff-\" \/>\n<meta name=\"robots\" content=\"index, follow, max-snippet:-1, max-image-preview:large, max-video-preview:-1\" \/>\n<link rel=\"canonical\" href=\"https:\/\/andagolf.com\/de\/ma%c3%9fgeschneiderte-golfhosen\/\" \/>\n<meta property=\"og:locale\" content=\"de_DE\" \/>\n<meta property=\"og:type\" content=\"article\" \/>\n<meta property=\"og:title\" content=\"Golfhosen nach Ma\u00df geschneidert bei Andagolf\" \/>\n<meta property=\"og:description\" content=\"Golfhosen nach Ma\u00df geschneidert sowohl f\u00fcr Frauen als auch f\u00fcr M\u00e4nner, die bequem auf dem Golfplatz getragen werden k\u00f6nnen und einzigartig in ihrer Stoff-\" \/>\n<meta property=\"og:url\" content=\"https:\/\/andagolf.com\/de\/ma%c3%9fgeschneiderte-golfhosen\/\" \/>\n<meta property=\"og:site_name\" content=\"Anda Golf\" \/>\n<meta property=\"article:modified_time\" content=\"2015-03-11T23:32:05+00:00\" \/>\n<meta property=\"og:image\" content=\"http:\/\/andagolf.com\/wp-content\/uploads\/2012\/08\/image_962-thumbnail_180x180_gravity_center_crop_80x80.jpg\" \/>\n<meta name=\"twitter:label1\" content=\"Gesch\u00e4tzte Lesezeit\" \/>\n\t<meta name=\"twitter:data1\" content=\"1\u00a0Minute\" \/>\n<script type=\"application\/ld+json\" class=\"yoast-schema-graph\">{\"@context\":\"https:\/\/schema.org\",\"@graph\":[{\"@type\":\"WebPage\",\"@id\":\"https:\/\/andagolf.com\/de\/ma%c3%9fgeschneiderte-golfhosen\/\",\"url\":\"https:\/\/andagolf.com\/de\/ma%c3%9fgeschneiderte-golfhosen\/\",\"name\":\"Golfhosen nach Ma\u00df geschneidert bei Andagolf\",\"isPartOf\":{\"@id\":\"https:\/\/andagolf.com\/de\/#website\"},\"primaryImageOfPage\":{\"@id\":\"https:\/\/andagolf.com\/de\/ma%c3%9fgeschneiderte-golfhosen\/#primaryimage\"},\"image\":{\"@id\":\"https:\/\/andagolf.com\/de\/ma%c3%9fgeschneiderte-golfhosen\/#primaryimage\"},\"thumbnailUrl\":\"http:\/\/andagolf.com\/wp-content\/uploads\/2012\/08\/image_962-thumbnail_180x180_gravity_center_crop_80x80.jpg\",\"datePublished\":\"2012-10-10T11:22:32+00:00\",\"dateModified\":\"2015-03-11T23:32:05+00:00\",\"description\":\"Golfhosen nach Ma\u00df geschneidert sowohl f\u00fcr Frauen als auch f\u00fcr M\u00e4nner, die bequem auf dem Golfplatz getragen werden k\u00f6nnen und einzigartig in ihrer Stoff-\",\"inLanguage\":\"de\",\"potentialAction\":[{\"@type\":\"ReadAction\",\"target\":[\"https:\/\/andagolf.com\/de\/ma%c3%9fgeschneiderte-golfhosen\/\"]}]},{\"@type\":\"ImageObject\",\"inLanguage\":\"de\",\"@id\":\"https:\/\/andagolf.com\/de\/ma%c3%9fgeschneiderte-golfhosen\/#primaryimage\",\"url\":\"http:\/\/andagolf.com\/wp-content\/uploads\/2012\/08\/image_962-thumbnail_180x180_gravity_center_crop_80x80.jpg\",\"contentUrl\":\"http:\/\/andagolf.com\/wp-content\/uploads\/2012\/08\/image_962-thumbnail_180x180_gravity_center_crop_80x80.jpg\"},{\"@type\":\"WebSite\",\"@id\":\"https:\/\/andagolf.com\/de\/#website\",\"url\":\"https:\/\/andagolf.com\/de\/\",\"name\":\"Anda Golf\",\"description\":\"Golf Shop Mijas - Costa del Sol\",\"publisher\":{\"@id\":\"https:\/\/andagolf.com\/de\/#organization\"},\"potentialAction\":[{\"@type\":\"SearchAction\",\"target\":{\"@type\":\"EntryPoint\",\"urlTemplate\":\"https:\/\/andagolf.com\/de\/?s={search_term_string}\"},\"query-input\":{\"@type\":\"PropertyValueSpecification\",\"valueRequired\":true,\"valueName\":\"search_term_string\"}}],\"inLanguage\":\"de\"},{\"@type\":\"Organization\",\"@id\":\"https:\/\/andagolf.com\/de\/#organization\",\"name\":\"Anda Golf\",\"url\":\"https:\/\/andagolf.com\/de\/\",\"logo\":{\"@type\":\"ImageObject\",\"inLanguage\":\"de\",\"@id\":\"https:\/\/andagolf.com\/de\/#\/schema\/logo\/image\/\",\"url\":\"https:\/\/andagolf.com\/wp-content\/uploads\/2016\/05\/logo-andagolf.png\",\"contentUrl\":\"https:\/\/andagolf.com\/wp-content\/uploads\/2016\/05\/logo-andagolf.png\",\"width\":310,\"height\":108,\"caption\":\"Anda Golf\"},\"image\":{\"@id\":\"https:\/\/andagolf.com\/de\/#\/schema\/logo\/image\/\"}}]}<\/script>\n<!-- \/ Yoast SEO plugin. -->","yoast_head_json":{"title":"Golfhosen nach Ma\u00df geschneidert bei Andagolf","description":"Golfhosen nach Ma\u00df geschneidert sowohl f\u00fcr Frauen als auch f\u00fcr M\u00e4nner, die bequem auf dem Golfplatz getragen werden k\u00f6nnen und einzigartig in ihrer Stoff-","robots":{"index":"index","follow":"follow","max-snippet":"max-snippet:-1","max-image-preview":"max-image-preview:large","max-video-preview":"max-video-preview:-1"},"canonical":"https:\/\/andagolf.com\/de\/ma%c3%9fgeschneiderte-golfhosen\/","og_locale":"de_DE","og_type":"article","og_title":"Golfhosen nach Ma\u00df geschneidert bei Andagolf","og_description":"Golfhosen nach Ma\u00df geschneidert sowohl f\u00fcr Frauen als auch f\u00fcr M\u00e4nner, die bequem auf dem Golfplatz getragen werden k\u00f6nnen und einzigartig in ihrer Stoff-","og_url":"https:\/\/andagolf.com\/de\/ma%c3%9fgeschneiderte-golfhosen\/","og_site_name":"Anda Golf","article_modified_time":"2015-03-11T23:32:05+00:00","og_image":[{"url":"http:\/\/andagolf.com\/wp-content\/uploads\/2012\/08\/image_962-thumbnail_180x180_gravity_center_crop_80x80.jpg","type":"","width":"","height":""}],"twitter_misc":{"Gesch\u00e4tzte Lesezeit":"1\u00a0Minute"},"schema":{"@context":"https:\/\/schema.org","@graph":[{"@type":"WebPage","@id":"https:\/\/andagolf.com\/de\/ma%c3%9fgeschneiderte-golfhosen\/","url":"https:\/\/andagolf.com\/de\/ma%c3%9fgeschneiderte-golfhosen\/","name":"Golfhosen nach Ma\u00df geschneidert bei Andagolf","isPartOf":{"@id":"https:\/\/andagolf.com\/de\/#website"},"primaryImageOfPage":{"@id":"https:\/\/andagolf.com\/de\/ma%c3%9fgeschneiderte-golfhosen\/#primaryimage"},"image":{"@id":"https:\/\/andagolf.com\/de\/ma%c3%9fgeschneiderte-golfhosen\/#primaryimage"},"thumbnailUrl":"http:\/\/andagolf.com\/wp-content\/uploads\/2012\/08\/image_962-thumbnail_180x180_gravity_center_crop_80x80.jpg","datePublished":"2012-10-10T11:22:32+00:00","dateModified":"2015-03-11T23:32:05+00:00","description":"Golfhosen nach Ma\u00df geschneidert sowohl f\u00fcr Frauen als auch f\u00fcr M\u00e4nner, die bequem auf dem Golfplatz getragen werden k\u00f6nnen und einzigartig in ihrer Stoff-","inLanguage":"de","potentialAction":[{"@type":"ReadAction","target":["https:\/\/andagolf.com\/de\/ma%c3%9fgeschneiderte-golfhosen\/"]}]},{"@type":"ImageObject","inLanguage":"de","@id":"https:\/\/andagolf.com\/de\/ma%c3%9fgeschneiderte-golfhosen\/#primaryimage","url":"http:\/\/andagolf.com\/wp-content\/uploads\/2012\/08\/image_962-thumbnail_180x180_gravity_center_crop_80x80.jpg","contentUrl":"http:\/\/andagolf.com\/wp-content\/uploads\/2012\/08\/image_962-thumbnail_180x180_gravity_center_crop_80x80.jpg"},{"@type":"WebSite","@id":"https:\/\/andagolf.com\/de\/#website","url":"https:\/\/andagolf.com\/de\/","name":"Anda Golf","description":"Golf Shop Mijas - Costa del Sol","publisher":{"@id":"https:\/\/andagolf.com\/de\/#organization"},"potentialAction":[{"@type":"SearchAction","target":{"@type":"EntryPoint","urlTemplate":"https:\/\/andagolf.com\/de\/?s={search_term_string}"},"query-input":{"@type":"PropertyValueSpecification","valueRequired":true,"valueName":"search_term_string"}}],"inLanguage":"de"},{"@type":"Organization","@id":"https:\/\/andagolf.com\/de\/#organization","name":"Anda Golf","url":"https:\/\/andagolf.com\/de\/","logo":{"@type":"ImageObject","inLanguage":"de","@id":"https:\/\/andagolf.com\/de\/#\/schema\/logo\/image\/","url":"https:\/\/andagolf.com\/wp-content\/uploads\/2016\/05\/logo-andagolf.png","contentUrl":"https:\/\/andagolf.com\/wp-content\/uploads\/2016\/05\/logo-andagolf.png","width":310,"height":108,"caption":"Anda Golf"},"image":{"@id":"https:\/\/andagolf.com\/de\/#\/schema\/logo\/image\/"}}]}},"_links":{"self":[{"href":"https:\/\/andagolf.com\/de\/wp-json\/wp\/v2\/pages\/1293","targetHints":{"allow":["GET"]}}],"collection":[{"href":"https:\/\/andagolf.com\/de\/wp-json\/wp\/v2\/pages"}],"about":[{"href":"https:\/\/andagolf.com\/de\/wp-json\/wp\/v2\/types\/page"}],"author":[{"embeddable":true,"href":"https:\/\/andagolf.com\/de\/wp-json\/wp\/v2\/users\/1"}],"replies":[{"embeddable":true,"href":"https:\/\/andagolf.com\/de\/wp-json\/wp\/v2\/comments?post=1293"}],"version-history":[{"count":0,"href":"https:\/\/andagolf.com\/de\/wp-json\/wp\/v2\/pages\/1293\/revisions"}],"wp:attachment":[{"href":"https:\/\/andagolf.com\/de\/wp-json\/wp\/v2\/media?parent=1293"}],"curies":[{"name":"wp","href":"https:\/\/api.w.org\/{rel}","templated":true}]}}