{"id":1297,"date":"2012-10-10T11:29:22","date_gmt":"2012-10-10T11:29:22","guid":{"rendered":"http:\/\/andagolf.com\/?page_id=1297"},"modified":"2015-03-11T23:34:41","modified_gmt":"2015-03-11T23:34:41","slug":"ma%c3%9fgeschneiderte-golfr%c3%b6cke","status":"publish","type":"page","link":"https:\/\/andagolf.com\/de\/ma%c3%9fgeschneiderte-golfr%c3%b6cke\/","title":{"rendered":"Ma\u00dfgeschneiderte Golfr\u00f6cke"},"content":{"rendered":"<p><img decoding=\"async\" class=\"right\" style=\"float: right; margin-left: 10px; margin-right: 10px;\" title=\"P+flag.jpg\" src=\"http:\/\/andagolf.com\/wp-content\/uploads\/2012\/08\/image_1139.jpg\" alt=\"P+flag.jpg\" \/><\/p>\n<p style=\"text-align: justify;\">Um den vielen Anfragen von unseren weiblichen Kunden gerecht zu werden, haben wir ein breites Sortiment an Golfr\u00f6cke, Shorts und Hosen, die in allen Stoffen und f\u00fcr Golferinnen aller Altersstufen erh\u00e4ltlich sind.<\/p>\n<p style=\"text-align: justify;\">Unsere speziell entwickelten R\u00f6cke f\u00fcr Frauen sind eine seltene Kombination aus einem Rock mit Short darunter. Sie erm\u00f6glichen es, sich frei zu bewegen und werden genau nach Ihrer individuellen Kleidergr\u00f6\u00dfe angefertigt.<\/p>\n<p style=\"text-align: justify;\">Sobald Sie eine Runde Golf in einem eigens f\u00fcr Sie zugeschnittenen Rock gespielt haben, werden Sie den Komfort zu sch\u00e4tzen wissen und Ihre Golfpartie umso mehr genie\u00dfen.<\/p>\n<p>Die R\u00f6cke, Hosen und Shorts werden alle in unserer eigenen Werkstatt zugeschnitten und\u00a0 auch \u00c4nderungen sind einfach vorzunehmen.<\/p>\n<hr \/>\n<p>&nbsp;<\/p>\n<p>Schauen Sie in unsere Foto-Galerie und klicken Sie unten auf die Bilder um einen \u00dcberblick \u00fcber unser Sortiment an Damenhosen und -r\u00f6cken zu erhalten:<\/p>\n<hr \/>\n<div class=\"lightbox\">\n<div class=\"spacer\"><\/div>\n<p><a href=\"http:\/\/andagolf.com\/wp-content\/uploads\/2012\/08\/image_1033-scale_800x600_quality_90.jpg\" rel=\"lytebox[961]\"><img decoding=\"async\" title=\"AAIMG_0869\" src=\"http:\/\/andagolf.com\/wp-content\/uploads\/2012\/08\/image_1033-thumbnail_180x180_gravity_center_crop_80x80.jpg\" alt=\"AAIMG_0869\" \/><\/a><a title=\"AAIMG_0872\" href=\"http:\/\/andagolf.com\/wp-content\/uploads\/2012\/08\/image_1034-scale_800x600_quality_90.jpg\" rel=\"lytebox[961]\"><img decoding=\"async\" title=\"AAIMG_0872\" src=\"http:\/\/andagolf.com\/wp-content\/uploads\/2012\/08\/image_1034-thumbnail_180x180_gravity_center_crop_80x80.jpg\" alt=\"AAIMG_0872\" \/><\/a><a title=\"AAIMG_0872\" href=\"http:\/\/andagolf.com\/wp-content\/uploads\/2012\/08\/image_1035-scale_800x600_quality_90.jpg\" rel=\"lytebox[961]\"><img decoding=\"async\" title=\"AAIMG_0872\" src=\"http:\/\/andagolf.com\/wp-content\/uploads\/2012\/08\/image_1035-thumbnail_180x180_gravity_center_crop_80x80.jpg\" alt=\"AAIMG_0872\" \/><\/a><a title=\"AAIMG_0872\" href=\"http:\/\/andagolf.com\/wp-content\/uploads\/2012\/08\/image_1174-scale_800x600_quality_90.jpg\" rel=\"lytebox[961]\"><img decoding=\"async\" title=\"AAIMG_0872\" src=\"http:\/\/andagolf.com\/wp-content\/uploads\/2012\/08\/image_1174-thumbnail_180x180_gravity_center_crop_80x80.jpg\" alt=\"AAIMG_0872\" \/><\/a><a title=\"AAIMG_0872\" href=\"http:\/\/andagolf.com\/wp-content\/uploads\/2012\/08\/image_1175-scale_800x600_quality_90.jpg\" rel=\"lytebox[961]\"><img decoding=\"async\" title=\"AAIMG_0872\" src=\"http:\/\/andagolf.com\/wp-content\/uploads\/2012\/08\/image_1175-thumbnail_180x180_gravity_center_crop_80x80.jpg\" alt=\"AAIMG_0872\" \/><\/a><a title=\"AAIMG_0872\" rel=\"lytebox[961]\"><img decoding=\"async\" title=\"AAIMG_0872\" src=\"http:\/\/andagolf.com\/wp-content\/uploads\/2012\/08\/image_1176-thumbnail_180x180_gravity_center_crop_80x80.jpg\" alt=\"AAIMG_0872\" \/><\/a><a title=\"AAIMG_0872\" href=\"http:\/\/andagolf.com\/wp-content\/uploads\/2012\/08\/image_1177-scale_800x600_quality_90.jpg\" rel=\"lytebox[961]\"><img decoding=\"async\" title=\"AAIMG_0872\" src=\"http:\/\/andagolf.com\/wp-content\/uploads\/2012\/08\/image_1177-thumbnail_180x180_gravity_center_crop_80x80.jpg\" alt=\"AAIMG_0872\" \/><\/a><a title=\"AAIMG_0872\" href=\"http:\/\/andagolf.com\/wp-content\/uploads\/2012\/08\/image_1178-scale_800x600_quality_90.jpg\" rel=\"lytebox[961]\"><img decoding=\"async\" title=\"AAIMG_0872\" src=\"http:\/\/andagolf.com\/wp-content\/uploads\/2012\/08\/image_1178-thumbnail_180x180_gravity_center_crop_80x80.jpg\" alt=\"AAIMG_0872\" \/><\/a><a title=\"AAIMG_0872\" href=\"http:\/\/andagolf.com\/wp-content\/uploads\/2012\/08\/image_1179-scale_800x600_quality_90.jpg\" rel=\"lytebox[961]\"><img decoding=\"async\" title=\"AAIMG_0872\" src=\"http:\/\/andagolf.com\/wp-content\/uploads\/2012\/08\/image_1179-thumbnail_180x180_gravity_center_crop_80x80.jpg\" alt=\"AAIMG_0872\" \/><\/a><a title=\"AAIMG_0872\" href=\"http:\/\/andagolf.com\/wp-content\/uploads\/2012\/08\/image_1180-scale_800x600_quality_90.jpg\" rel=\"lytebox[961]\"><img decoding=\"async\" title=\"AAIMG_0872\" src=\"http:\/\/andagolf.com\/wp-content\/uploads\/2012\/08\/image_1180-thumbnail_180x180_gravity_center_crop_80x80.jpg\" alt=\"AAIMG_0872\" \/><\/a><a title=\"AAIMG_0872\" href=\"http:\/\/andagolf.com\/wp-content\/uploads\/2012\/08\/image_1181-scale_800x600_quality_90.jpg\" rel=\"lytebox[961]\"><img decoding=\"async\" title=\"AAIMG_0872\" src=\"http:\/\/andagolf.com\/wp-content\/uploads\/2012\/08\/image_1181-thumbnail_180x180_gravity_center_crop_80x80.jpg\" alt=\"AAIMG_0872\" \/><\/a><a title=\"AAIMG_0872\" href=\"http:\/\/andagolf.com\/wp-content\/uploads\/2012\/08\/image_1182-scale_800x600_quality_90.jpg\" rel=\"lytebox[961]\"><img decoding=\"async\" title=\"AAIMG_0872\" src=\"http:\/\/andagolf.com\/wp-content\/uploads\/2012\/08\/image_1182-thumbnail_180x180_gravity_center_crop_80x80.jpg\" alt=\"AAIMG_0872\" \/><\/a><a title=\"AAIMG_0872\" href=\"http:\/\/andagolf.com\/wp-content\/uploads\/2012\/08\/image_1183-scale_800x600_quality_90.jpg\" rel=\"lytebox[961]\"><img decoding=\"async\" title=\"AAIMG_0872\" src=\"http:\/\/andagolf.com\/wp-content\/uploads\/2012\/08\/image_1183-thumbnail_180x180_gravity_center_crop_80x80.jpg\" alt=\"AAIMG_0872\" \/><\/a><\/p>\n<div class=\"spacer\"><\/div>\n<\/div>\n","protected":false},"excerpt":{"rendered":"<p>Um den vielen Anfragen von unseren weiblichen Kunden gerecht zu werden, haben wir ein breites Sortiment an Golfr\u00f6cke, Shorts und Hosen, die in allen Stoffen und f\u00fcr Golferinnen aller Altersstufen erh\u00e4ltlich sind. Unsere speziell entwickelten R\u00f6cke f\u00fcr Frauen sind eine seltene Kombination aus einem Rock mit Short darunter. Sie erm\u00f6glichen es, sich frei zu bewegen &hellip; <a href=\"https:\/\/andagolf.com\/de\/ma%c3%9fgeschneiderte-golfr%c3%b6cke\/\" class=\"more-link\">Continue reading <span class=\"screen-reader-text\">Ma\u00dfgeschneiderte Golfr\u00f6cke<\/span><\/a><\/p>\n","protected":false},"author":1,"featured_media":0,"parent":0,"menu_order":0,"comment_status":"closed","ping_status":"closed","template":"","meta":{"footnotes":""},"class_list":["post-1297","page","type-page","status-publish","hentry"],"yoast_head":"<!-- This site is optimized with the Yoast SEO plugin v26.5 - https:\/\/yoast.com\/wordpress\/plugins\/seo\/ -->\n<title>Golfr\u00f6cke nach Ma\u00df geschneidert bei Andagolf<\/title>\n<meta name=\"description\" content=\"Golfr\u00f6cke nach Ma\u00df bei Andagolf um unseren weiblichen Kunden gerecht zu werden, haben wir ein breites Sortiment an Golfr\u00f6cke, Shorts und Hosen im Shop\" \/>\n<meta name=\"robots\" content=\"index, follow, max-snippet:-1, max-image-preview:large, max-video-preview:-1\" \/>\n<link rel=\"canonical\" href=\"https:\/\/andagolf.com\/de\/ma%c3%9fgeschneiderte-golfr%c3%b6cke\/\" \/>\n<meta property=\"og:locale\" content=\"de_DE\" \/>\n<meta property=\"og:type\" content=\"article\" \/>\n<meta property=\"og:title\" content=\"Golfr\u00f6cke nach Ma\u00df geschneidert bei Andagolf\" \/>\n<meta property=\"og:description\" content=\"Golfr\u00f6cke nach Ma\u00df bei Andagolf um unseren weiblichen Kunden gerecht zu werden, haben wir ein breites Sortiment an Golfr\u00f6cke, Shorts und Hosen im Shop\" \/>\n<meta property=\"og:url\" content=\"https:\/\/andagolf.com\/de\/ma%c3%9fgeschneiderte-golfr%c3%b6cke\/\" \/>\n<meta property=\"og:site_name\" content=\"Anda Golf\" \/>\n<meta property=\"article:modified_time\" content=\"2015-03-11T23:34:41+00:00\" \/>\n<meta property=\"og:image\" content=\"http:\/\/andagolf.com\/wp-content\/uploads\/2012\/08\/image_1139.jpg\" \/>\n<meta name=\"twitter:label1\" content=\"Gesch\u00e4tzte Lesezeit\" \/>\n\t<meta name=\"twitter:data1\" content=\"1\u00a0Minute\" \/>\n<script type=\"application\/ld+json\" class=\"yoast-schema-graph\">{\"@context\":\"https:\/\/schema.org\",\"@graph\":[{\"@type\":\"WebPage\",\"@id\":\"https:\/\/andagolf.com\/de\/ma%c3%9fgeschneiderte-golfr%c3%b6cke\/\",\"url\":\"https:\/\/andagolf.com\/de\/ma%c3%9fgeschneiderte-golfr%c3%b6cke\/\",\"name\":\"Golfr\u00f6cke nach Ma\u00df geschneidert bei Andagolf\",\"isPartOf\":{\"@id\":\"https:\/\/andagolf.com\/de\/#website\"},\"primaryImageOfPage\":{\"@id\":\"https:\/\/andagolf.com\/de\/ma%c3%9fgeschneiderte-golfr%c3%b6cke\/#primaryimage\"},\"image\":{\"@id\":\"https:\/\/andagolf.com\/de\/ma%c3%9fgeschneiderte-golfr%c3%b6cke\/#primaryimage\"},\"thumbnailUrl\":\"http:\/\/andagolf.com\/wp-content\/uploads\/2012\/08\/image_1139.jpg\",\"datePublished\":\"2012-10-10T11:29:22+00:00\",\"dateModified\":\"2015-03-11T23:34:41+00:00\",\"description\":\"Golfr\u00f6cke nach Ma\u00df bei Andagolf um unseren weiblichen Kunden gerecht zu werden, haben wir ein breites Sortiment an Golfr\u00f6cke, Shorts und Hosen im Shop\",\"inLanguage\":\"de\",\"potentialAction\":[{\"@type\":\"ReadAction\",\"target\":[\"https:\/\/andagolf.com\/de\/ma%c3%9fgeschneiderte-golfr%c3%b6cke\/\"]}]},{\"@type\":\"ImageObject\",\"inLanguage\":\"de\",\"@id\":\"https:\/\/andagolf.com\/de\/ma%c3%9fgeschneiderte-golfr%c3%b6cke\/#primaryimage\",\"url\":\"http:\/\/andagolf.com\/wp-content\/uploads\/2012\/08\/image_1139.jpg\",\"contentUrl\":\"http:\/\/andagolf.com\/wp-content\/uploads\/2012\/08\/image_1139.jpg\"},{\"@type\":\"WebSite\",\"@id\":\"https:\/\/andagolf.com\/de\/#website\",\"url\":\"https:\/\/andagolf.com\/de\/\",\"name\":\"Anda Golf\",\"description\":\"Golf Shop Mijas - Costa del Sol\",\"publisher\":{\"@id\":\"https:\/\/andagolf.com\/de\/#organization\"},\"potentialAction\":[{\"@type\":\"SearchAction\",\"target\":{\"@type\":\"EntryPoint\",\"urlTemplate\":\"https:\/\/andagolf.com\/de\/?s={search_term_string}\"},\"query-input\":{\"@type\":\"PropertyValueSpecification\",\"valueRequired\":true,\"valueName\":\"search_term_string\"}}],\"inLanguage\":\"de\"},{\"@type\":\"Organization\",\"@id\":\"https:\/\/andagolf.com\/de\/#organization\",\"name\":\"Anda Golf\",\"url\":\"https:\/\/andagolf.com\/de\/\",\"logo\":{\"@type\":\"ImageObject\",\"inLanguage\":\"de\",\"@id\":\"https:\/\/andagolf.com\/de\/#\/schema\/logo\/image\/\",\"url\":\"https:\/\/andagolf.com\/wp-content\/uploads\/2016\/05\/logo-andagolf.png\",\"contentUrl\":\"https:\/\/andagolf.com\/wp-content\/uploads\/2016\/05\/logo-andagolf.png\",\"width\":310,\"height\":108,\"caption\":\"Anda Golf\"},\"image\":{\"@id\":\"https:\/\/andagolf.com\/de\/#\/schema\/logo\/image\/\"}}]}<\/script>\n<!-- \/ Yoast SEO plugin. -->","yoast_head_json":{"title":"Golfr\u00f6cke nach Ma\u00df geschneidert bei Andagolf","description":"Golfr\u00f6cke nach Ma\u00df bei Andagolf um unseren weiblichen Kunden gerecht zu werden, haben wir ein breites Sortiment an Golfr\u00f6cke, Shorts und Hosen im Shop","robots":{"index":"index","follow":"follow","max-snippet":"max-snippet:-1","max-image-preview":"max-image-preview:large","max-video-preview":"max-video-preview:-1"},"canonical":"https:\/\/andagolf.com\/de\/ma%c3%9fgeschneiderte-golfr%c3%b6cke\/","og_locale":"de_DE","og_type":"article","og_title":"Golfr\u00f6cke nach Ma\u00df geschneidert bei Andagolf","og_description":"Golfr\u00f6cke nach Ma\u00df bei Andagolf um unseren weiblichen Kunden gerecht zu werden, haben wir ein breites Sortiment an Golfr\u00f6cke, Shorts und Hosen im Shop","og_url":"https:\/\/andagolf.com\/de\/ma%c3%9fgeschneiderte-golfr%c3%b6cke\/","og_site_name":"Anda Golf","article_modified_time":"2015-03-11T23:34:41+00:00","og_image":[{"url":"http:\/\/andagolf.com\/wp-content\/uploads\/2012\/08\/image_1139.jpg","type":"","width":"","height":""}],"twitter_misc":{"Gesch\u00e4tzte Lesezeit":"1\u00a0Minute"},"schema":{"@context":"https:\/\/schema.org","@graph":[{"@type":"WebPage","@id":"https:\/\/andagolf.com\/de\/ma%c3%9fgeschneiderte-golfr%c3%b6cke\/","url":"https:\/\/andagolf.com\/de\/ma%c3%9fgeschneiderte-golfr%c3%b6cke\/","name":"Golfr\u00f6cke nach Ma\u00df geschneidert bei Andagolf","isPartOf":{"@id":"https:\/\/andagolf.com\/de\/#website"},"primaryImageOfPage":{"@id":"https:\/\/andagolf.com\/de\/ma%c3%9fgeschneiderte-golfr%c3%b6cke\/#primaryimage"},"image":{"@id":"https:\/\/andagolf.com\/de\/ma%c3%9fgeschneiderte-golfr%c3%b6cke\/#primaryimage"},"thumbnailUrl":"http:\/\/andagolf.com\/wp-content\/uploads\/2012\/08\/image_1139.jpg","datePublished":"2012-10-10T11:29:22+00:00","dateModified":"2015-03-11T23:34:41+00:00","description":"Golfr\u00f6cke nach Ma\u00df bei Andagolf um unseren weiblichen Kunden gerecht zu werden, haben wir ein breites Sortiment an Golfr\u00f6cke, Shorts und Hosen im Shop","inLanguage":"de","potentialAction":[{"@type":"ReadAction","target":["https:\/\/andagolf.com\/de\/ma%c3%9fgeschneiderte-golfr%c3%b6cke\/"]}]},{"@type":"ImageObject","inLanguage":"de","@id":"https:\/\/andagolf.com\/de\/ma%c3%9fgeschneiderte-golfr%c3%b6cke\/#primaryimage","url":"http:\/\/andagolf.com\/wp-content\/uploads\/2012\/08\/image_1139.jpg","contentUrl":"http:\/\/andagolf.com\/wp-content\/uploads\/2012\/08\/image_1139.jpg"},{"@type":"WebSite","@id":"https:\/\/andagolf.com\/de\/#website","url":"https:\/\/andagolf.com\/de\/","name":"Anda Golf","description":"Golf Shop Mijas - Costa del Sol","publisher":{"@id":"https:\/\/andagolf.com\/de\/#organization"},"potentialAction":[{"@type":"SearchAction","target":{"@type":"EntryPoint","urlTemplate":"https:\/\/andagolf.com\/de\/?s={search_term_string}"},"query-input":{"@type":"PropertyValueSpecification","valueRequired":true,"valueName":"search_term_string"}}],"inLanguage":"de"},{"@type":"Organization","@id":"https:\/\/andagolf.com\/de\/#organization","name":"Anda Golf","url":"https:\/\/andagolf.com\/de\/","logo":{"@type":"ImageObject","inLanguage":"de","@id":"https:\/\/andagolf.com\/de\/#\/schema\/logo\/image\/","url":"https:\/\/andagolf.com\/wp-content\/uploads\/2016\/05\/logo-andagolf.png","contentUrl":"https:\/\/andagolf.com\/wp-content\/uploads\/2016\/05\/logo-andagolf.png","width":310,"height":108,"caption":"Anda Golf"},"image":{"@id":"https:\/\/andagolf.com\/de\/#\/schema\/logo\/image\/"}}]}},"_links":{"self":[{"href":"https:\/\/andagolf.com\/de\/wp-json\/wp\/v2\/pages\/1297","targetHints":{"allow":["GET"]}}],"collection":[{"href":"https:\/\/andagolf.com\/de\/wp-json\/wp\/v2\/pages"}],"about":[{"href":"https:\/\/andagolf.com\/de\/wp-json\/wp\/v2\/types\/page"}],"author":[{"embeddable":true,"href":"https:\/\/andagolf.com\/de\/wp-json\/wp\/v2\/users\/1"}],"replies":[{"embeddable":true,"href":"https:\/\/andagolf.com\/de\/wp-json\/wp\/v2\/comments?post=1297"}],"version-history":[{"count":0,"href":"https:\/\/andagolf.com\/de\/wp-json\/wp\/v2\/pages\/1297\/revisions"}],"wp:attachment":[{"href":"https:\/\/andagolf.com\/de\/wp-json\/wp\/v2\/media?parent=1297"}],"curies":[{"name":"wp","href":"https:\/\/api.w.org\/{rel}","templated":true}]}}