{"id":1319,"date":"2012-10-10T11:45:57","date_gmt":"2012-10-10T11:45:57","guid":{"rendered":"http:\/\/andagolf.com\/?page_id=1319"},"modified":"2015-03-11T23:14:55","modified_gmt":"2015-03-11T23:14:55","slug":"die-bedeutung-des-abschlags","status":"publish","type":"page","link":"https:\/\/andagolf.com\/de\/die-bedeutung-des-abschlags\/","title":{"rendered":"Die Bedeutung der Abschlagsposition"},"content":{"rendered":"<p><em>von International PGA Pro Stephane Hoarau, Marbella Golf &amp; Country Club<\/em><\/p>\n<p style=\"text-align: justify;\"><span id=\"result_box\" lang=\"en\">&#8222;Die Bedeutung einer guten Abschlagsposition wird oft von vielen Golfern untersch\u00e4tzt. Ein solider Golfschwung mit perfekten Abschlag entsteht durch die Drehung und Kraft\u00fcbertragung aus den H\u00fcften heraus.<\/span><\/p>\n<p><span id=\"result_box\" lang=\"en\">Zuf\u00e4llig entdeckte ich, dass ich mir selber dabei helfen kann, mir die Wichtigkeit der vollst\u00e4ndigen Schlagausf\u00fchrung vor Augen zu f\u00fchren und mich sowohl beim R\u00fcckschwung als auch beim Abschlag auf mein rechtes Knie konzentriere.<\/span><\/p>\n<p style=\"text-align: justify;\"><span id=\"result_box\" lang=\"en\">Dadurch kam ich auf die Idee, AndaGolf zu kontaktieren mit der Bitte eine MASSGESCHNEIDERTE Golfhose mit einem gro\u00dfen V-Zeichen auf dem rechten Bein zu entwickeln und herzustellen.&#8220;<\/span><\/p>\n<h3><span lang=\"en\">Stephane Hoarau<\/span><\/h3>\n<p><span lang=\"en\"><br \/>\n<\/span><\/p>\n<hr \/>\n<p><span lang=\"en\"><br \/>\n<\/span><\/p>\n<table border=\"0\" width=\"479\">\n<tbody>\n<tr>\n<td align=\"center\"><img decoding=\"async\" title=\"1+Backswing.jpg\" src=\"http:\/\/andagolf.com\/wp-content\/uploads\/2012\/08\/image_1331-scale_220x.jpg\" alt=\"1+Backswing.jpg\" width=\"220\" \/><\/td>\n<td align=\"center\">\u00a0<img decoding=\"async\" title=\"2+Impact.jpg\" src=\"http:\/\/andagolf.com\/wp-content\/uploads\/2012\/08\/image_1332-scale_220x.jpg\" alt=\"2+Impact.jpg\" width=\"220\" \/><\/td>\n<\/tr>\n<tr>\n<td>\n<h3>\u00a0<span id=\"result_box\" lang=\"en\">1)<\/span><\/h3>\n<p><span id=\"result_box\" lang=\"en\">Seien Sie im rechten Knie w\u00e4hrend des R\u00fcckschwungs flexibel, es entsteht dadurch eine bessere Ausgangsposition.<\/span><\/td>\n<td>\n<h3>\u00a0<span id=\"result_box\" lang=\"en\">2)<\/span><\/h3>\n<p><span id=\"result_box\" lang=\"en\">Die H\u00fcftrotation erzeugt die meiste Kraft im Moment des Treffpunkts.<\/span><\/td>\n<\/tr>\n<tr>\n<td align=\"center\">\u00a0<img decoding=\"async\" title=\"3+Follow-through.jpg\" src=\"http:\/\/andagolf.com\/wp-content\/uploads\/2012\/08\/image_1333-scale_220x.jpg\" alt=\"3+Follow-through.jpg\" width=\"220\" \/><\/td>\n<td align=\"center\">\u00a0<img decoding=\"async\" title=\"4+Finish.jpg\" src=\"http:\/\/andagolf.com\/wp-content\/uploads\/2012\/08\/image_1334-scale_220x.jpg\" alt=\"4+Finish.jpg\" width=\"220\" \/><\/td>\n<\/tr>\n<tr>\n<td>\n<h3>\u00a0<span id=\"result_box\" lang=\"en\">3)<\/span><\/h3>\n<p><span id=\"result_box\" lang=\"en\">Das rechte Knie weist dann beim Durchschwung auf die Schlagrichtung hin.<\/span><\/td>\n<td>\n<h3>\u00a0<span id=\"result_box\" lang=\"en\">4)<\/span><\/h3>\n<p><span id=\"result_box\" lang=\"en\">Wenn das V auf meiner Anda Golf Hose direkt auf das Ziel verweist \u2013 wei\u00df ich, dass mein Abschlag perfekt ist.<br \/>\n<\/span><\/td>\n<\/tr>\n<\/tbody>\n<\/table>\n<h2><span id=\"result_box\" lang=\"en\">\u00a0AndaGolf:\u00a0 Damit Sport und Golfmode Hand in Hand gehen<\/span><\/h2>\n","protected":false},"excerpt":{"rendered":"<p>von International PGA Pro Stephane Hoarau, Marbella Golf &amp; Country Club &#8222;Die Bedeutung einer guten Abschlagsposition wird oft von vielen Golfern untersch\u00e4tzt. Ein solider Golfschwung mit perfekten Abschlag entsteht durch die Drehung und Kraft\u00fcbertragung aus den H\u00fcften heraus. Zuf\u00e4llig entdeckte ich, dass ich mir selber dabei helfen kann, mir die Wichtigkeit der vollst\u00e4ndigen Schlagausf\u00fchrung vor &hellip; <a href=\"https:\/\/andagolf.com\/de\/die-bedeutung-des-abschlags\/\" class=\"more-link\">Continue reading <span class=\"screen-reader-text\">Die Bedeutung der Abschlagsposition<\/span><\/a><\/p>\n","protected":false},"author":1,"featured_media":0,"parent":0,"menu_order":0,"comment_status":"closed","ping_status":"closed","template":"","meta":{"footnotes":""},"class_list":["post-1319","page","type-page","status-publish","hentry"],"yoast_head":"<!-- This site is optimized with the Yoast SEO plugin v26.5 - https:\/\/yoast.com\/wordpress\/plugins\/seo\/ -->\n<title>Golf Abschlag position und die Bedeutng - Andagolf<\/title>\n<meta name=\"description\" content=\"Die Bedeutung einer guten Abschlagsposition wird oft von vielen Golfern untersch\u00e4tzt. Ein solider Golfschwung mit perfekten Abschlag entsteht durch die.....\" \/>\n<meta name=\"robots\" content=\"index, follow, max-snippet:-1, max-image-preview:large, max-video-preview:-1\" \/>\n<link rel=\"canonical\" href=\"https:\/\/andagolf.com\/de\/die-bedeutung-des-abschlags\/\" \/>\n<meta property=\"og:locale\" content=\"de_DE\" \/>\n<meta property=\"og:type\" content=\"article\" \/>\n<meta property=\"og:title\" content=\"Golf Abschlag position und die Bedeutng - Andagolf\" \/>\n<meta property=\"og:description\" content=\"Die Bedeutung einer guten Abschlagsposition wird oft von vielen Golfern untersch\u00e4tzt. Ein solider Golfschwung mit perfekten Abschlag entsteht durch die.....\" \/>\n<meta property=\"og:url\" content=\"https:\/\/andagolf.com\/de\/die-bedeutung-des-abschlags\/\" \/>\n<meta property=\"og:site_name\" content=\"Anda Golf\" \/>\n<meta property=\"article:modified_time\" content=\"2015-03-11T23:14:55+00:00\" \/>\n<meta property=\"og:image\" content=\"http:\/\/andagolf.com\/wp-content\/uploads\/2012\/08\/image_1331-scale_220x.jpg\" \/>\n<meta name=\"twitter:label1\" content=\"Gesch\u00e4tzte Lesezeit\" \/>\n\t<meta name=\"twitter:data1\" content=\"1\u00a0Minute\" \/>\n<script type=\"application\/ld+json\" class=\"yoast-schema-graph\">{\"@context\":\"https:\/\/schema.org\",\"@graph\":[{\"@type\":\"WebPage\",\"@id\":\"https:\/\/andagolf.com\/de\/die-bedeutung-des-abschlags\/\",\"url\":\"https:\/\/andagolf.com\/de\/die-bedeutung-des-abschlags\/\",\"name\":\"Golf Abschlag position und die Bedeutng - Andagolf\",\"isPartOf\":{\"@id\":\"https:\/\/andagolf.com\/de\/#website\"},\"primaryImageOfPage\":{\"@id\":\"https:\/\/andagolf.com\/de\/die-bedeutung-des-abschlags\/#primaryimage\"},\"image\":{\"@id\":\"https:\/\/andagolf.com\/de\/die-bedeutung-des-abschlags\/#primaryimage\"},\"thumbnailUrl\":\"http:\/\/andagolf.com\/wp-content\/uploads\/2012\/08\/image_1331-scale_220x.jpg\",\"datePublished\":\"2012-10-10T11:45:57+00:00\",\"dateModified\":\"2015-03-11T23:14:55+00:00\",\"description\":\"Die Bedeutung einer guten Abschlagsposition wird oft von vielen Golfern untersch\u00e4tzt. Ein solider Golfschwung mit perfekten Abschlag entsteht durch die.....\",\"inLanguage\":\"de\",\"potentialAction\":[{\"@type\":\"ReadAction\",\"target\":[\"https:\/\/andagolf.com\/de\/die-bedeutung-des-abschlags\/\"]}]},{\"@type\":\"ImageObject\",\"inLanguage\":\"de\",\"@id\":\"https:\/\/andagolf.com\/de\/die-bedeutung-des-abschlags\/#primaryimage\",\"url\":\"http:\/\/andagolf.com\/wp-content\/uploads\/2012\/08\/image_1331-scale_220x.jpg\",\"contentUrl\":\"http:\/\/andagolf.com\/wp-content\/uploads\/2012\/08\/image_1331-scale_220x.jpg\"},{\"@type\":\"WebSite\",\"@id\":\"https:\/\/andagolf.com\/de\/#website\",\"url\":\"https:\/\/andagolf.com\/de\/\",\"name\":\"Anda Golf\",\"description\":\"Golf Shop Mijas - Costa del Sol\",\"publisher\":{\"@id\":\"https:\/\/andagolf.com\/de\/#organization\"},\"potentialAction\":[{\"@type\":\"SearchAction\",\"target\":{\"@type\":\"EntryPoint\",\"urlTemplate\":\"https:\/\/andagolf.com\/de\/?s={search_term_string}\"},\"query-input\":{\"@type\":\"PropertyValueSpecification\",\"valueRequired\":true,\"valueName\":\"search_term_string\"}}],\"inLanguage\":\"de\"},{\"@type\":\"Organization\",\"@id\":\"https:\/\/andagolf.com\/de\/#organization\",\"name\":\"Anda Golf\",\"url\":\"https:\/\/andagolf.com\/de\/\",\"logo\":{\"@type\":\"ImageObject\",\"inLanguage\":\"de\",\"@id\":\"https:\/\/andagolf.com\/de\/#\/schema\/logo\/image\/\",\"url\":\"https:\/\/andagolf.com\/wp-content\/uploads\/2016\/05\/logo-andagolf.png\",\"contentUrl\":\"https:\/\/andagolf.com\/wp-content\/uploads\/2016\/05\/logo-andagolf.png\",\"width\":310,\"height\":108,\"caption\":\"Anda Golf\"},\"image\":{\"@id\":\"https:\/\/andagolf.com\/de\/#\/schema\/logo\/image\/\"}}]}<\/script>\n<!-- \/ Yoast SEO plugin. -->","yoast_head_json":{"title":"Golf Abschlag position und die Bedeutng - Andagolf","description":"Die Bedeutung einer guten Abschlagsposition wird oft von vielen Golfern untersch\u00e4tzt. Ein solider Golfschwung mit perfekten Abschlag entsteht durch die.....","robots":{"index":"index","follow":"follow","max-snippet":"max-snippet:-1","max-image-preview":"max-image-preview:large","max-video-preview":"max-video-preview:-1"},"canonical":"https:\/\/andagolf.com\/de\/die-bedeutung-des-abschlags\/","og_locale":"de_DE","og_type":"article","og_title":"Golf Abschlag position und die Bedeutng - Andagolf","og_description":"Die Bedeutung einer guten Abschlagsposition wird oft von vielen Golfern untersch\u00e4tzt. Ein solider Golfschwung mit perfekten Abschlag entsteht durch die.....","og_url":"https:\/\/andagolf.com\/de\/die-bedeutung-des-abschlags\/","og_site_name":"Anda Golf","article_modified_time":"2015-03-11T23:14:55+00:00","og_image":[{"url":"http:\/\/andagolf.com\/wp-content\/uploads\/2012\/08\/image_1331-scale_220x.jpg","type":"","width":"","height":""}],"twitter_misc":{"Gesch\u00e4tzte Lesezeit":"1\u00a0Minute"},"schema":{"@context":"https:\/\/schema.org","@graph":[{"@type":"WebPage","@id":"https:\/\/andagolf.com\/de\/die-bedeutung-des-abschlags\/","url":"https:\/\/andagolf.com\/de\/die-bedeutung-des-abschlags\/","name":"Golf Abschlag position und die Bedeutng - Andagolf","isPartOf":{"@id":"https:\/\/andagolf.com\/de\/#website"},"primaryImageOfPage":{"@id":"https:\/\/andagolf.com\/de\/die-bedeutung-des-abschlags\/#primaryimage"},"image":{"@id":"https:\/\/andagolf.com\/de\/die-bedeutung-des-abschlags\/#primaryimage"},"thumbnailUrl":"http:\/\/andagolf.com\/wp-content\/uploads\/2012\/08\/image_1331-scale_220x.jpg","datePublished":"2012-10-10T11:45:57+00:00","dateModified":"2015-03-11T23:14:55+00:00","description":"Die Bedeutung einer guten Abschlagsposition wird oft von vielen Golfern untersch\u00e4tzt. Ein solider Golfschwung mit perfekten Abschlag entsteht durch die.....","inLanguage":"de","potentialAction":[{"@type":"ReadAction","target":["https:\/\/andagolf.com\/de\/die-bedeutung-des-abschlags\/"]}]},{"@type":"ImageObject","inLanguage":"de","@id":"https:\/\/andagolf.com\/de\/die-bedeutung-des-abschlags\/#primaryimage","url":"http:\/\/andagolf.com\/wp-content\/uploads\/2012\/08\/image_1331-scale_220x.jpg","contentUrl":"http:\/\/andagolf.com\/wp-content\/uploads\/2012\/08\/image_1331-scale_220x.jpg"},{"@type":"WebSite","@id":"https:\/\/andagolf.com\/de\/#website","url":"https:\/\/andagolf.com\/de\/","name":"Anda Golf","description":"Golf Shop Mijas - Costa del Sol","publisher":{"@id":"https:\/\/andagolf.com\/de\/#organization"},"potentialAction":[{"@type":"SearchAction","target":{"@type":"EntryPoint","urlTemplate":"https:\/\/andagolf.com\/de\/?s={search_term_string}"},"query-input":{"@type":"PropertyValueSpecification","valueRequired":true,"valueName":"search_term_string"}}],"inLanguage":"de"},{"@type":"Organization","@id":"https:\/\/andagolf.com\/de\/#organization","name":"Anda Golf","url":"https:\/\/andagolf.com\/de\/","logo":{"@type":"ImageObject","inLanguage":"de","@id":"https:\/\/andagolf.com\/de\/#\/schema\/logo\/image\/","url":"https:\/\/andagolf.com\/wp-content\/uploads\/2016\/05\/logo-andagolf.png","contentUrl":"https:\/\/andagolf.com\/wp-content\/uploads\/2016\/05\/logo-andagolf.png","width":310,"height":108,"caption":"Anda Golf"},"image":{"@id":"https:\/\/andagolf.com\/de\/#\/schema\/logo\/image\/"}}]}},"_links":{"self":[{"href":"https:\/\/andagolf.com\/de\/wp-json\/wp\/v2\/pages\/1319","targetHints":{"allow":["GET"]}}],"collection":[{"href":"https:\/\/andagolf.com\/de\/wp-json\/wp\/v2\/pages"}],"about":[{"href":"https:\/\/andagolf.com\/de\/wp-json\/wp\/v2\/types\/page"}],"author":[{"embeddable":true,"href":"https:\/\/andagolf.com\/de\/wp-json\/wp\/v2\/users\/1"}],"replies":[{"embeddable":true,"href":"https:\/\/andagolf.com\/de\/wp-json\/wp\/v2\/comments?post=1319"}],"version-history":[{"count":0,"href":"https:\/\/andagolf.com\/de\/wp-json\/wp\/v2\/pages\/1319\/revisions"}],"wp:attachment":[{"href":"https:\/\/andagolf.com\/de\/wp-json\/wp\/v2\/media?parent=1319"}],"curies":[{"name":"wp","href":"https:\/\/api.w.org\/{rel}","templated":true}]}}