{"id":1326,"date":"2012-10-10T11:59:33","date_gmt":"2012-10-10T11:59:33","guid":{"rendered":"http:\/\/andagolf.com\/?page_id=1326"},"modified":"2019-09-16T16:43:35","modified_gmt":"2019-09-16T15:43:35","slug":"kostenloser-golfschlaeger-tec-check","status":"publish","type":"page","link":"https:\/\/andagolf.com\/de\/kostenloser-golfschlaeger-tec-check\/","title":{"rendered":"Kostenloser TEC-CHECK f\u00fcr Ihre Golfschl\u00e4ger"},"content":{"rendered":"<div class=\"padding\">\n<p>Hin und wieder ist es sehr empfehlenswert, Anda Golf f\u00fcr die Ueberpr\u00fcfung ihrer Golfschl\u00e4ger zu besuchen, bei dem Sie die vier grundlegenden Fragen zu Ihren Golfschl\u00e4gern beantwortet bekommen:<\/p>\n<p>&nbsp;<\/p>\n<p>&nbsp;<\/p>\n<h2>1) Sind Ihre Griffe in einwandfreiem Zustand?<\/h2>\n<p><img decoding=\"async\" title=\"MOT-old-grip.jpg\" src=\"http:\/\/andagolf.com\/wp-content\/uploads\/2012\/08\/image_1371.jpg\" alt=\"MOT-old-grip.jpg\" \/><\/p>\n<p>Alter Griff<\/p>\n<p>&nbsp;<\/p>\n<p><img decoding=\"async\" title=\"MOT-new-grip.jpg\" src=\"http:\/\/andagolf.com\/wp-content\/uploads\/2012\/08\/image_1375.jpg\" alt=\"MOT-new-grip.jpg\" \/><\/p>\n<p>Neuer Griff<\/p>\n<p>&nbsp;<\/p>\n<p>&nbsp;<\/p>\n<hr \/>\n<p>&nbsp;<\/p>\n<h2>2) Ist die L\u00e4nge Ihres Clubs auf Ihre Gr\u00f6sse abgestimmt?<\/h2>\n<p><img decoding=\"async\" title=\"MOT-Lenght.jpg\" src=\"http:\/\/andagolf.com\/wp-content\/uploads\/2012\/08\/image_1374-scale_445x.jpg\" alt=\"MOT-Lenght.jpg\" width=\"445\" \/><\/p>\n<p>Moderne H\u00f6lzer und Clubs kommen hin und wieder in l\u00e4ngeren Standardausf\u00fchrungen, und dies k\u00f6nnte Ihr Spiel auf eine negative Weise beeinflussen. Wir k\u00f6nnen den Schaft abmessen, verk\u00fcrzen oder verl\u00e4ngern, und sicherstellen, dass die Balance dennoch perfekt ist.<\/p>\n<p>&nbsp;<\/p>\n<hr \/>\n<h2>3) Steht Ihr Schl\u00e4gerkopf in einem perfekten Neigungswinkel?<\/h2>\n<p><img decoding=\"async\" title=\"MOT-lie-toe.jpg\" src=\"http:\/\/andagolf.com\/wp-content\/uploads\/2012\/08\/image_1372-scale_445x.jpg\" alt=\"MOT-lie-toe.jpg\" width=\"445\" \/><\/p>\n<p>Ist der Schl\u00e4gerkopf nach unten geneigt, so koennte dies unter Umst\u00e4nden zur Unterschneidung des Balls f\u00fchren.<\/p>\n<p>&nbsp;<\/p>\n<p><img decoding=\"async\" title=\"MOT-lie-heal.jpg\" src=\"http:\/\/andagolf.com\/wp-content\/uploads\/2012\/08\/image_1373-scale_445x.jpg\" alt=\"MOT-lie-heal.jpg\" width=\"445\" \/><\/p>\n<p>Liegt der Schl\u00e4ger auf seiner Ferse, so koennte dies unter Umst\u00e4nden zum Einhaken des Balles f\u00fchren.<\/p>\n<p>&nbsp;<\/p>\n<p><img decoding=\"async\" title=\"MOT-lie-neutral.jpg\" src=\"http:\/\/andagolf.com\/wp-content\/uploads\/2012\/08\/image_1370-scale_445x.jpg\" alt=\"MOT-lie-neutral.jpg\" width=\"445\" \/><\/p>\n<p>Neutrales Liegen &#8211; perfekt.<\/p>\n<p>&nbsp;<\/p>\n<hr \/>\n<h2>4) Ist der Loft , so wie er sein soll?<\/h2>\n<p><img decoding=\"async\" title=\"MOT-loft.jpg\" src=\"http:\/\/andagolf.com\/wp-content\/uploads\/2012\/08\/image_1369-scale_445x.jpg\" alt=\"MOT-loft.jpg\" width=\"445\" \/><\/p>\n<p>Wir k\u00f6nnen messen, ob der Loft optimal ist \u2013 und gegebenenfalls ab\u00e4ndern.<\/p>\n<p>&nbsp;<\/p>\n<\/div>\n","protected":false},"excerpt":{"rendered":"<p>Hin und wieder ist es sehr empfehlenswert, Anda Golf f\u00fcr die Ueberpr\u00fcfung ihrer Golfschl\u00e4ger zu besuchen, bei dem Sie die vier grundlegenden Fragen zu Ihren Golfschl\u00e4gern beantwortet bekommen: &nbsp; &nbsp; 1) Sind Ihre Griffe in einwandfreiem Zustand? Alter Griff &nbsp; Neuer Griff &nbsp; &nbsp; &nbsp; 2) Ist die L\u00e4nge Ihres Clubs auf Ihre Gr\u00f6sse abgestimmt? &hellip; <a href=\"https:\/\/andagolf.com\/de\/kostenloser-golfschlaeger-tec-check\/\" class=\"more-link\">Continue reading <span class=\"screen-reader-text\">Kostenloser TEC-CHECK f\u00fcr Ihre Golfschl\u00e4ger<\/span><\/a><\/p>\n","protected":false},"author":1,"featured_media":0,"parent":0,"menu_order":0,"comment_status":"closed","ping_status":"closed","template":"","meta":{"footnotes":""},"class_list":["post-1326","page","type-page","status-publish","hentry"],"yoast_head":"<!-- This site is optimized with the Yoast SEO plugin v26.5 - https:\/\/yoast.com\/wordpress\/plugins\/seo\/ -->\n<title>Golfschl\u00e4ger TEC-CHECK kostenlos bei Andagolf in Mijas<\/title>\n<meta name=\"description\" content=\"Golfschl\u00e4ger TEC-CHECK bietet Andagolf in Mijas seinen Kuden als kostenlosen Service. Besuchen Sie uns in unseren Shop und lassen Ihren G\u00f6fschl\u00e4ger \u00fcberpr\u00fcfen\" \/>\n<meta name=\"robots\" content=\"index, follow, max-snippet:-1, max-image-preview:large, max-video-preview:-1\" \/>\n<link rel=\"canonical\" href=\"https:\/\/andagolf.com\/de\/kostenloser-golfschlaeger-tec-check\/\" \/>\n<meta property=\"og:locale\" content=\"de_DE\" \/>\n<meta property=\"og:type\" content=\"article\" \/>\n<meta property=\"og:title\" content=\"Golfschl\u00e4ger TEC-CHECK kostenlos bei Andagolf in Mijas\" \/>\n<meta property=\"og:description\" content=\"Golfschl\u00e4ger TEC-CHECK bietet Andagolf in Mijas seinen Kuden als kostenlosen Service. Besuchen Sie uns in unseren Shop und lassen Ihren G\u00f6fschl\u00e4ger \u00fcberpr\u00fcfen\" \/>\n<meta property=\"og:url\" content=\"https:\/\/andagolf.com\/de\/kostenloser-golfschlaeger-tec-check\/\" \/>\n<meta property=\"og:site_name\" content=\"Anda Golf\" \/>\n<meta property=\"article:modified_time\" content=\"2019-09-16T15:43:35+00:00\" \/>\n<meta property=\"og:image\" content=\"http:\/\/andagolf.com\/wp-content\/uploads\/2012\/08\/image_1371.jpg\" \/>\n<meta name=\"twitter:label1\" content=\"Gesch\u00e4tzte Lesezeit\" \/>\n\t<meta name=\"twitter:data1\" content=\"1\u00a0Minute\" \/>\n<script type=\"application\/ld+json\" class=\"yoast-schema-graph\">{\"@context\":\"https:\/\/schema.org\",\"@graph\":[{\"@type\":\"WebPage\",\"@id\":\"https:\/\/andagolf.com\/de\/kostenloser-golfschlaeger-tec-check\/\",\"url\":\"https:\/\/andagolf.com\/de\/kostenloser-golfschlaeger-tec-check\/\",\"name\":\"Golfschl\u00e4ger TEC-CHECK kostenlos bei Andagolf in Mijas\",\"isPartOf\":{\"@id\":\"https:\/\/andagolf.com\/de\/#website\"},\"primaryImageOfPage\":{\"@id\":\"https:\/\/andagolf.com\/de\/kostenloser-golfschlaeger-tec-check\/#primaryimage\"},\"image\":{\"@id\":\"https:\/\/andagolf.com\/de\/kostenloser-golfschlaeger-tec-check\/#primaryimage\"},\"thumbnailUrl\":\"http:\/\/andagolf.com\/wp-content\/uploads\/2012\/08\/image_1371.jpg\",\"datePublished\":\"2012-10-10T11:59:33+00:00\",\"dateModified\":\"2019-09-16T15:43:35+00:00\",\"description\":\"Golfschl\u00e4ger TEC-CHECK bietet Andagolf in Mijas seinen Kuden als kostenlosen Service. Besuchen Sie uns in unseren Shop und lassen Ihren G\u00f6fschl\u00e4ger \u00fcberpr\u00fcfen\",\"inLanguage\":\"de\",\"potentialAction\":[{\"@type\":\"ReadAction\",\"target\":[\"https:\/\/andagolf.com\/de\/kostenloser-golfschlaeger-tec-check\/\"]}]},{\"@type\":\"ImageObject\",\"inLanguage\":\"de\",\"@id\":\"https:\/\/andagolf.com\/de\/kostenloser-golfschlaeger-tec-check\/#primaryimage\",\"url\":\"http:\/\/andagolf.com\/wp-content\/uploads\/2012\/08\/image_1371.jpg\",\"contentUrl\":\"http:\/\/andagolf.com\/wp-content\/uploads\/2012\/08\/image_1371.jpg\"},{\"@type\":\"WebSite\",\"@id\":\"https:\/\/andagolf.com\/de\/#website\",\"url\":\"https:\/\/andagolf.com\/de\/\",\"name\":\"Anda Golf\",\"description\":\"Golf Shop Mijas - Costa del Sol\",\"publisher\":{\"@id\":\"https:\/\/andagolf.com\/de\/#organization\"},\"potentialAction\":[{\"@type\":\"SearchAction\",\"target\":{\"@type\":\"EntryPoint\",\"urlTemplate\":\"https:\/\/andagolf.com\/de\/?s={search_term_string}\"},\"query-input\":{\"@type\":\"PropertyValueSpecification\",\"valueRequired\":true,\"valueName\":\"search_term_string\"}}],\"inLanguage\":\"de\"},{\"@type\":\"Organization\",\"@id\":\"https:\/\/andagolf.com\/de\/#organization\",\"name\":\"Anda Golf\",\"url\":\"https:\/\/andagolf.com\/de\/\",\"logo\":{\"@type\":\"ImageObject\",\"inLanguage\":\"de\",\"@id\":\"https:\/\/andagolf.com\/de\/#\/schema\/logo\/image\/\",\"url\":\"https:\/\/andagolf.com\/wp-content\/uploads\/2016\/05\/logo-andagolf.png\",\"contentUrl\":\"https:\/\/andagolf.com\/wp-content\/uploads\/2016\/05\/logo-andagolf.png\",\"width\":310,\"height\":108,\"caption\":\"Anda Golf\"},\"image\":{\"@id\":\"https:\/\/andagolf.com\/de\/#\/schema\/logo\/image\/\"}}]}<\/script>\n<!-- \/ Yoast SEO plugin. -->","yoast_head_json":{"title":"Golfschl\u00e4ger TEC-CHECK kostenlos bei Andagolf in Mijas","description":"Golfschl\u00e4ger TEC-CHECK bietet Andagolf in Mijas seinen Kuden als kostenlosen Service. Besuchen Sie uns in unseren Shop und lassen Ihren G\u00f6fschl\u00e4ger \u00fcberpr\u00fcfen","robots":{"index":"index","follow":"follow","max-snippet":"max-snippet:-1","max-image-preview":"max-image-preview:large","max-video-preview":"max-video-preview:-1"},"canonical":"https:\/\/andagolf.com\/de\/kostenloser-golfschlaeger-tec-check\/","og_locale":"de_DE","og_type":"article","og_title":"Golfschl\u00e4ger TEC-CHECK kostenlos bei Andagolf in Mijas","og_description":"Golfschl\u00e4ger TEC-CHECK bietet Andagolf in Mijas seinen Kuden als kostenlosen Service. Besuchen Sie uns in unseren Shop und lassen Ihren G\u00f6fschl\u00e4ger \u00fcberpr\u00fcfen","og_url":"https:\/\/andagolf.com\/de\/kostenloser-golfschlaeger-tec-check\/","og_site_name":"Anda Golf","article_modified_time":"2019-09-16T15:43:35+00:00","og_image":[{"url":"http:\/\/andagolf.com\/wp-content\/uploads\/2012\/08\/image_1371.jpg","type":"","width":"","height":""}],"twitter_misc":{"Gesch\u00e4tzte Lesezeit":"1\u00a0Minute"},"schema":{"@context":"https:\/\/schema.org","@graph":[{"@type":"WebPage","@id":"https:\/\/andagolf.com\/de\/kostenloser-golfschlaeger-tec-check\/","url":"https:\/\/andagolf.com\/de\/kostenloser-golfschlaeger-tec-check\/","name":"Golfschl\u00e4ger TEC-CHECK kostenlos bei Andagolf in Mijas","isPartOf":{"@id":"https:\/\/andagolf.com\/de\/#website"},"primaryImageOfPage":{"@id":"https:\/\/andagolf.com\/de\/kostenloser-golfschlaeger-tec-check\/#primaryimage"},"image":{"@id":"https:\/\/andagolf.com\/de\/kostenloser-golfschlaeger-tec-check\/#primaryimage"},"thumbnailUrl":"http:\/\/andagolf.com\/wp-content\/uploads\/2012\/08\/image_1371.jpg","datePublished":"2012-10-10T11:59:33+00:00","dateModified":"2019-09-16T15:43:35+00:00","description":"Golfschl\u00e4ger TEC-CHECK bietet Andagolf in Mijas seinen Kuden als kostenlosen Service. Besuchen Sie uns in unseren Shop und lassen Ihren G\u00f6fschl\u00e4ger \u00fcberpr\u00fcfen","inLanguage":"de","potentialAction":[{"@type":"ReadAction","target":["https:\/\/andagolf.com\/de\/kostenloser-golfschlaeger-tec-check\/"]}]},{"@type":"ImageObject","inLanguage":"de","@id":"https:\/\/andagolf.com\/de\/kostenloser-golfschlaeger-tec-check\/#primaryimage","url":"http:\/\/andagolf.com\/wp-content\/uploads\/2012\/08\/image_1371.jpg","contentUrl":"http:\/\/andagolf.com\/wp-content\/uploads\/2012\/08\/image_1371.jpg"},{"@type":"WebSite","@id":"https:\/\/andagolf.com\/de\/#website","url":"https:\/\/andagolf.com\/de\/","name":"Anda Golf","description":"Golf Shop Mijas - Costa del Sol","publisher":{"@id":"https:\/\/andagolf.com\/de\/#organization"},"potentialAction":[{"@type":"SearchAction","target":{"@type":"EntryPoint","urlTemplate":"https:\/\/andagolf.com\/de\/?s={search_term_string}"},"query-input":{"@type":"PropertyValueSpecification","valueRequired":true,"valueName":"search_term_string"}}],"inLanguage":"de"},{"@type":"Organization","@id":"https:\/\/andagolf.com\/de\/#organization","name":"Anda Golf","url":"https:\/\/andagolf.com\/de\/","logo":{"@type":"ImageObject","inLanguage":"de","@id":"https:\/\/andagolf.com\/de\/#\/schema\/logo\/image\/","url":"https:\/\/andagolf.com\/wp-content\/uploads\/2016\/05\/logo-andagolf.png","contentUrl":"https:\/\/andagolf.com\/wp-content\/uploads\/2016\/05\/logo-andagolf.png","width":310,"height":108,"caption":"Anda Golf"},"image":{"@id":"https:\/\/andagolf.com\/de\/#\/schema\/logo\/image\/"}}]}},"_links":{"self":[{"href":"https:\/\/andagolf.com\/de\/wp-json\/wp\/v2\/pages\/1326","targetHints":{"allow":["GET"]}}],"collection":[{"href":"https:\/\/andagolf.com\/de\/wp-json\/wp\/v2\/pages"}],"about":[{"href":"https:\/\/andagolf.com\/de\/wp-json\/wp\/v2\/types\/page"}],"author":[{"embeddable":true,"href":"https:\/\/andagolf.com\/de\/wp-json\/wp\/v2\/users\/1"}],"replies":[{"embeddable":true,"href":"https:\/\/andagolf.com\/de\/wp-json\/wp\/v2\/comments?post=1326"}],"version-history":[{"count":0,"href":"https:\/\/andagolf.com\/de\/wp-json\/wp\/v2\/pages\/1326\/revisions"}],"wp:attachment":[{"href":"https:\/\/andagolf.com\/de\/wp-json\/wp\/v2\/media?parent=1326"}],"curies":[{"name":"wp","href":"https:\/\/api.w.org\/{rel}","templated":true}]}}