{"id":1333,"date":"2012-10-10T12:07:56","date_gmt":"2012-10-10T12:07:56","guid":{"rendered":"http:\/\/andagolf.com\/?page_id=1333"},"modified":"2022-04-12T10:04:43","modified_gmt":"2022-04-12T09:04:43","slug":"greenfee-ermaessigung","status":"publish","type":"page","link":"https:\/\/andagolf.com\/de\/greenfee-ermaessigung\/","title":{"rendered":"Greenfee-Erm\u00e4\u00dfigung"},"content":{"rendered":"<p>Wir bieten einen erm\u00e4\u00dfigten Golfplatz Greenfee-Service f\u00fcr alle unsere Kunden f\u00fcr die meisten der aufregenden Golfpl\u00e4tze an der Costa del Sol und im restlichen Teil S\u00fcdspaniens an.<\/p>\n<hr \/>\n<p>Buchen Sie Ihre Tee-Time in unserem Shop und Sie sparen Zeit und Geld.<\/p>\n<p>In Zusammenarbeit mit <a href=\"https:\/\/www.golfinthesun.org\/discount-card\/\" target=\"_blank\" rel=\"noopener\">Golf in the Sun.<\/a><\/p>\n<hr \/>\n<p><img decoding=\"async\" title=\"Greenfee discount\" src=\"http:\/\/andagolf.com\/wp-content\/uploads\/2012\/08\/image_1321-scale_430x.jpg\" alt=\"Greenfee discount\" width=\"430\" \/><\/p>\n<h3>Genie\u00dfen Sie eine Runde Golf an der COSTA DEL SOL<\/h3>\n","protected":false},"excerpt":{"rendered":"<p>Wir bieten einen erm\u00e4\u00dfigten Golfplatz Greenfee-Service f\u00fcr alle unsere Kunden f\u00fcr die meisten der aufregenden Golfpl\u00e4tze an der Costa del Sol und im restlichen Teil S\u00fcdspaniens an. Buchen Sie Ihre Tee-Time in unserem Shop und Sie sparen Zeit und Geld. In Zusammenarbeit mit Golf in the Sun. Genie\u00dfen Sie eine Runde Golf an der COSTA &hellip; <a href=\"https:\/\/andagolf.com\/de\/greenfee-ermaessigung\/\" class=\"more-link\">Continue reading <span class=\"screen-reader-text\">Greenfee-Erm\u00e4\u00dfigung<\/span><\/a><\/p>\n","protected":false},"author":1,"featured_media":0,"parent":0,"menu_order":0,"comment_status":"closed","ping_status":"closed","template":"","meta":{"footnotes":""},"class_list":["post-1333","page","type-page","status-publish","hentry"],"yoast_head":"<!-- This site is optimized with the Yoast SEO plugin v26.5 - https:\/\/yoast.com\/wordpress\/plugins\/seo\/ -->\n<title>Golfplatz Greenfee - Erm\u00e4\u00dfigung - AndaGolf Mijas<\/title>\n<meta name=\"description\" content=\"Wir bieten einen erm\u00e4\u00dfigte Golfplatz Greenfee-Service f\u00fcr alle unsere Kunden f\u00fcr die meisten der aufregenden Golfpl\u00e4tze an der Costa del Sol und im restlichen Teil ..\" \/>\n<meta name=\"robots\" content=\"index, follow, max-snippet:-1, max-image-preview:large, max-video-preview:-1\" \/>\n<link rel=\"canonical\" href=\"https:\/\/andagolf.com\/de\/greenfee-ermaessigung\/\" \/>\n<meta property=\"og:locale\" content=\"de_DE\" \/>\n<meta property=\"og:type\" content=\"article\" \/>\n<meta property=\"og:title\" content=\"Golfplatz Greenfee - Erm\u00e4\u00dfigung - AndaGolf Mijas\" \/>\n<meta property=\"og:description\" content=\"Wir bieten einen erm\u00e4\u00dfigte Golfplatz Greenfee-Service f\u00fcr alle unsere Kunden f\u00fcr die meisten der aufregenden Golfpl\u00e4tze an der Costa del Sol und im restlichen Teil ..\" \/>\n<meta property=\"og:url\" content=\"https:\/\/andagolf.com\/de\/greenfee-ermaessigung\/\" \/>\n<meta property=\"og:site_name\" content=\"Anda Golf\" \/>\n<meta property=\"article:modified_time\" content=\"2022-04-12T09:04:43+00:00\" \/>\n<meta property=\"og:image\" content=\"http:\/\/andagolf.com\/wp-content\/uploads\/2012\/08\/image_1321-scale_430x.jpg\" \/>\n<meta name=\"twitter:label1\" content=\"Gesch\u00e4tzte Lesezeit\" \/>\n\t<meta name=\"twitter:data1\" content=\"1\u00a0Minute\" \/>\n<script type=\"application\/ld+json\" class=\"yoast-schema-graph\">{\"@context\":\"https:\/\/schema.org\",\"@graph\":[{\"@type\":\"WebPage\",\"@id\":\"https:\/\/andagolf.com\/de\/greenfee-ermaessigung\/\",\"url\":\"https:\/\/andagolf.com\/de\/greenfee-ermaessigung\/\",\"name\":\"Golfplatz Greenfee - Erm\u00e4\u00dfigung - AndaGolf Mijas\",\"isPartOf\":{\"@id\":\"https:\/\/andagolf.com\/de\/#website\"},\"primaryImageOfPage\":{\"@id\":\"https:\/\/andagolf.com\/de\/greenfee-ermaessigung\/#primaryimage\"},\"image\":{\"@id\":\"https:\/\/andagolf.com\/de\/greenfee-ermaessigung\/#primaryimage\"},\"thumbnailUrl\":\"http:\/\/andagolf.com\/wp-content\/uploads\/2012\/08\/image_1321-scale_430x.jpg\",\"datePublished\":\"2012-10-10T12:07:56+00:00\",\"dateModified\":\"2022-04-12T09:04:43+00:00\",\"description\":\"Wir bieten einen erm\u00e4\u00dfigte Golfplatz Greenfee-Service f\u00fcr alle unsere Kunden f\u00fcr die meisten der aufregenden Golfpl\u00e4tze an der Costa del Sol und im restlichen Teil ..\",\"inLanguage\":\"de\",\"potentialAction\":[{\"@type\":\"ReadAction\",\"target\":[\"https:\/\/andagolf.com\/de\/greenfee-ermaessigung\/\"]}]},{\"@type\":\"ImageObject\",\"inLanguage\":\"de\",\"@id\":\"https:\/\/andagolf.com\/de\/greenfee-ermaessigung\/#primaryimage\",\"url\":\"http:\/\/andagolf.com\/wp-content\/uploads\/2012\/08\/image_1321-scale_430x.jpg\",\"contentUrl\":\"http:\/\/andagolf.com\/wp-content\/uploads\/2012\/08\/image_1321-scale_430x.jpg\"},{\"@type\":\"WebSite\",\"@id\":\"https:\/\/andagolf.com\/de\/#website\",\"url\":\"https:\/\/andagolf.com\/de\/\",\"name\":\"Anda Golf\",\"description\":\"Golf Shop Mijas - Costa del Sol\",\"publisher\":{\"@id\":\"https:\/\/andagolf.com\/de\/#organization\"},\"potentialAction\":[{\"@type\":\"SearchAction\",\"target\":{\"@type\":\"EntryPoint\",\"urlTemplate\":\"https:\/\/andagolf.com\/de\/?s={search_term_string}\"},\"query-input\":{\"@type\":\"PropertyValueSpecification\",\"valueRequired\":true,\"valueName\":\"search_term_string\"}}],\"inLanguage\":\"de\"},{\"@type\":\"Organization\",\"@id\":\"https:\/\/andagolf.com\/de\/#organization\",\"name\":\"Anda Golf\",\"url\":\"https:\/\/andagolf.com\/de\/\",\"logo\":{\"@type\":\"ImageObject\",\"inLanguage\":\"de\",\"@id\":\"https:\/\/andagolf.com\/de\/#\/schema\/logo\/image\/\",\"url\":\"https:\/\/andagolf.com\/wp-content\/uploads\/2016\/05\/logo-andagolf.png\",\"contentUrl\":\"https:\/\/andagolf.com\/wp-content\/uploads\/2016\/05\/logo-andagolf.png\",\"width\":310,\"height\":108,\"caption\":\"Anda Golf\"},\"image\":{\"@id\":\"https:\/\/andagolf.com\/de\/#\/schema\/logo\/image\/\"}}]}<\/script>\n<!-- \/ Yoast SEO plugin. -->","yoast_head_json":{"title":"Golfplatz Greenfee - Erm\u00e4\u00dfigung - AndaGolf Mijas","description":"Wir bieten einen erm\u00e4\u00dfigte Golfplatz Greenfee-Service f\u00fcr alle unsere Kunden f\u00fcr die meisten der aufregenden Golfpl\u00e4tze an der Costa del Sol und im restlichen Teil ..","robots":{"index":"index","follow":"follow","max-snippet":"max-snippet:-1","max-image-preview":"max-image-preview:large","max-video-preview":"max-video-preview:-1"},"canonical":"https:\/\/andagolf.com\/de\/greenfee-ermaessigung\/","og_locale":"de_DE","og_type":"article","og_title":"Golfplatz Greenfee - Erm\u00e4\u00dfigung - AndaGolf Mijas","og_description":"Wir bieten einen erm\u00e4\u00dfigte Golfplatz Greenfee-Service f\u00fcr alle unsere Kunden f\u00fcr die meisten der aufregenden Golfpl\u00e4tze an der Costa del Sol und im restlichen Teil ..","og_url":"https:\/\/andagolf.com\/de\/greenfee-ermaessigung\/","og_site_name":"Anda Golf","article_modified_time":"2022-04-12T09:04:43+00:00","og_image":[{"url":"http:\/\/andagolf.com\/wp-content\/uploads\/2012\/08\/image_1321-scale_430x.jpg","type":"","width":"","height":""}],"twitter_misc":{"Gesch\u00e4tzte Lesezeit":"1\u00a0Minute"},"schema":{"@context":"https:\/\/schema.org","@graph":[{"@type":"WebPage","@id":"https:\/\/andagolf.com\/de\/greenfee-ermaessigung\/","url":"https:\/\/andagolf.com\/de\/greenfee-ermaessigung\/","name":"Golfplatz Greenfee - Erm\u00e4\u00dfigung - AndaGolf Mijas","isPartOf":{"@id":"https:\/\/andagolf.com\/de\/#website"},"primaryImageOfPage":{"@id":"https:\/\/andagolf.com\/de\/greenfee-ermaessigung\/#primaryimage"},"image":{"@id":"https:\/\/andagolf.com\/de\/greenfee-ermaessigung\/#primaryimage"},"thumbnailUrl":"http:\/\/andagolf.com\/wp-content\/uploads\/2012\/08\/image_1321-scale_430x.jpg","datePublished":"2012-10-10T12:07:56+00:00","dateModified":"2022-04-12T09:04:43+00:00","description":"Wir bieten einen erm\u00e4\u00dfigte Golfplatz Greenfee-Service f\u00fcr alle unsere Kunden f\u00fcr die meisten der aufregenden Golfpl\u00e4tze an der Costa del Sol und im restlichen Teil ..","inLanguage":"de","potentialAction":[{"@type":"ReadAction","target":["https:\/\/andagolf.com\/de\/greenfee-ermaessigung\/"]}]},{"@type":"ImageObject","inLanguage":"de","@id":"https:\/\/andagolf.com\/de\/greenfee-ermaessigung\/#primaryimage","url":"http:\/\/andagolf.com\/wp-content\/uploads\/2012\/08\/image_1321-scale_430x.jpg","contentUrl":"http:\/\/andagolf.com\/wp-content\/uploads\/2012\/08\/image_1321-scale_430x.jpg"},{"@type":"WebSite","@id":"https:\/\/andagolf.com\/de\/#website","url":"https:\/\/andagolf.com\/de\/","name":"Anda Golf","description":"Golf Shop Mijas - Costa del Sol","publisher":{"@id":"https:\/\/andagolf.com\/de\/#organization"},"potentialAction":[{"@type":"SearchAction","target":{"@type":"EntryPoint","urlTemplate":"https:\/\/andagolf.com\/de\/?s={search_term_string}"},"query-input":{"@type":"PropertyValueSpecification","valueRequired":true,"valueName":"search_term_string"}}],"inLanguage":"de"},{"@type":"Organization","@id":"https:\/\/andagolf.com\/de\/#organization","name":"Anda Golf","url":"https:\/\/andagolf.com\/de\/","logo":{"@type":"ImageObject","inLanguage":"de","@id":"https:\/\/andagolf.com\/de\/#\/schema\/logo\/image\/","url":"https:\/\/andagolf.com\/wp-content\/uploads\/2016\/05\/logo-andagolf.png","contentUrl":"https:\/\/andagolf.com\/wp-content\/uploads\/2016\/05\/logo-andagolf.png","width":310,"height":108,"caption":"Anda Golf"},"image":{"@id":"https:\/\/andagolf.com\/de\/#\/schema\/logo\/image\/"}}]}},"_links":{"self":[{"href":"https:\/\/andagolf.com\/de\/wp-json\/wp\/v2\/pages\/1333","targetHints":{"allow":["GET"]}}],"collection":[{"href":"https:\/\/andagolf.com\/de\/wp-json\/wp\/v2\/pages"}],"about":[{"href":"https:\/\/andagolf.com\/de\/wp-json\/wp\/v2\/types\/page"}],"author":[{"embeddable":true,"href":"https:\/\/andagolf.com\/de\/wp-json\/wp\/v2\/users\/1"}],"replies":[{"embeddable":true,"href":"https:\/\/andagolf.com\/de\/wp-json\/wp\/v2\/comments?post=1333"}],"version-history":[{"count":0,"href":"https:\/\/andagolf.com\/de\/wp-json\/wp\/v2\/pages\/1333\/revisions"}],"wp:attachment":[{"href":"https:\/\/andagolf.com\/de\/wp-json\/wp\/v2\/media?parent=1333"}],"curies":[{"name":"wp","href":"https:\/\/api.w.org\/{rel}","templated":true}]}}