{"id":1340,"date":"2012-10-10T12:16:18","date_gmt":"2012-10-10T12:16:18","guid":{"rendered":"http:\/\/andagolf.com\/?page_id=1340"},"modified":"2015-03-11T23:17:41","modified_gmt":"2015-03-11T23:17:41","slug":"golf-clubs","status":"publish","type":"page","link":"https:\/\/andagolf.com\/de\/golf-clubs\/","title":{"rendered":"Golf Clubs"},"content":{"rendered":"<p>In unserem Shop finden Sie eine gro\u00dfe Auswahl an Golfschl\u00e4ger, sowohl neu als auch gebraucht.<\/p>\n<p>Wir bieten Wedges, Eisen, Hybrids, H\u00f6lzer, Treiber und Putter an.<\/p>\n<hr \/>\n<p>Was wir nicht auf Lager haben, bestellen wir w\u00f6chentlich bei unseren europ\u00e4ischen Lieferanten.<\/p>\n<p>&nbsp;<\/p>\n<table border=\"0\">\n<tbody>\n<tr>\n<td><img decoding=\"async\" title=\"taylor-made-logo.gif\" src=\"http:\/\/andagolf.com\/wp-content\/uploads\/2012\/08\/image_1118.gif\" alt=\"taylor-made-logo.gif\" \/><\/td>\n<td>\u00a0<img decoding=\"async\" title=\"titleist-logo.gif\" src=\"http:\/\/andagolf.com\/wp-content\/uploads\/2012\/08\/image_1119.gif\" alt=\"titleist-logo.gif\" \/><\/td>\n<td>\u00a0<img decoding=\"async\" title=\"wilson-staff-logo.gif\" src=\"http:\/\/andagolf.com\/wp-content\/uploads\/2012\/08\/image_1120.gif\" alt=\"wilson-staff-logo.gif\" \/><\/td>\n<\/tr>\n<tr>\n<td>\u00a0<img decoding=\"async\" title=\"nike-golf-logo.gif\" src=\"http:\/\/andagolf.com\/wp-content\/uploads\/2012\/08\/image_1116.gif\" alt=\"nike-golf-logo.gif\" \/><\/td>\n<td>\u00a0<img decoding=\"async\" title=\"macgregor-logo.gif\" src=\"http:\/\/andagolf.com\/wp-content\/uploads\/2012\/08\/image_1115.gif\" alt=\"macgregor-logo.gif\" \/><\/td>\n<td>\u00a0<img decoding=\"async\" title=\"ben-hogan-logo.gif\" src=\"http:\/\/andagolf.com\/wp-content\/uploads\/2012\/08\/image_1109.gif\" alt=\"ben-hogan-logo.gif\" \/><\/td>\n<\/tr>\n<tr>\n<td>\u00a0<img decoding=\"async\" title=\"bridgestone-golf-logo.gif\" src=\"http:\/\/andagolf.com\/wp-content\/uploads\/2012\/08\/image_1110.gif\" alt=\"bridgestone-golf-logo.gif\" \/><\/td>\n<td>\u00a0<img decoding=\"async\" title=\"callaway-golf-logo.gif\" src=\"http:\/\/andagolf.com\/wp-content\/uploads\/2012\/08\/image_1111.gif\" alt=\"callaway-golf-logo.gif\" \/><\/td>\n<td>\u00a0<img decoding=\"async\" title=\"cleveland-logo.gif\" src=\"http:\/\/andagolf.com\/wp-content\/uploads\/2012\/08\/image_1112.gif\" alt=\"cleveland-logo.gif\" \/><\/td>\n<\/tr>\n<tr>\n<td>\u00a0<img decoding=\"async\" title=\"cobra-logo.gif\" src=\"http:\/\/andagolf.com\/wp-content\/uploads\/2012\/08\/image_1113.gif\" alt=\"cobra-logo.gif\" \/><\/td>\n<td>\u00a0<img decoding=\"async\" title=\"Logos+trademarks.gif\" src=\"http:\/\/andagolf.com\/wp-content\/uploads\/2012\/08\/image_1114.gif\" alt=\"Logos+trademarks.gif\" \/><\/td>\n<td><\/td>\n<\/tr>\n<\/tbody>\n<\/table>\n","protected":false},"excerpt":{"rendered":"<p>In unserem Shop finden Sie eine gro\u00dfe Auswahl an Golfschl\u00e4ger, sowohl neu als auch gebraucht. Wir bieten Wedges, Eisen, Hybrids, H\u00f6lzer, Treiber und Putter an. Was wir nicht auf Lager haben, bestellen wir w\u00f6chentlich bei unseren europ\u00e4ischen Lieferanten. &nbsp; \u00a0 \u00a0 \u00a0 \u00a0 \u00a0 \u00a0 \u00a0 \u00a0 \u00a0 \u00a0<\/p>\n","protected":false},"author":1,"featured_media":0,"parent":0,"menu_order":0,"comment_status":"closed","ping_status":"closed","template":"","meta":{"footnotes":""},"class_list":["post-1340","page","type-page","status-publish","hentry"],"yoast_head":"<!-- This site is optimized with the Yoast SEO plugin v26.5 - https:\/\/yoast.com\/wordpress\/plugins\/seo\/ -->\n<title>Golfschl\u00e4ger bei Andagolf in Mijas-Costa<\/title>\n<meta name=\"description\" content=\"In unserem Shop finden Sie eine gro\u00dfe Auswahl an Golfschl\u00e4ger, sowohl neu als auch gebraucht. Wir bieten Wedges, Eisen, Hybrids, H\u00f6lzer, Treiber und Putter\" \/>\n<meta name=\"robots\" content=\"index, follow, max-snippet:-1, max-image-preview:large, max-video-preview:-1\" \/>\n<link rel=\"canonical\" href=\"https:\/\/andagolf.com\/de\/golf-clubs\/\" \/>\n<meta property=\"og:locale\" content=\"de_DE\" \/>\n<meta property=\"og:type\" content=\"article\" \/>\n<meta property=\"og:title\" content=\"Golfschl\u00e4ger bei Andagolf in Mijas-Costa\" \/>\n<meta property=\"og:description\" content=\"In unserem Shop finden Sie eine gro\u00dfe Auswahl an Golfschl\u00e4ger, sowohl neu als auch gebraucht. Wir bieten Wedges, Eisen, Hybrids, H\u00f6lzer, Treiber und Putter\" \/>\n<meta property=\"og:url\" content=\"https:\/\/andagolf.com\/de\/golf-clubs\/\" \/>\n<meta property=\"og:site_name\" content=\"Anda Golf\" \/>\n<meta property=\"article:modified_time\" content=\"2015-03-11T23:17:41+00:00\" \/>\n<meta property=\"og:image\" content=\"http:\/\/andagolf.com\/wp-content\/uploads\/2012\/08\/image_1118.gif\" \/>\n<script type=\"application\/ld+json\" class=\"yoast-schema-graph\">{\"@context\":\"https:\/\/schema.org\",\"@graph\":[{\"@type\":\"WebPage\",\"@id\":\"https:\/\/andagolf.com\/de\/golf-clubs\/\",\"url\":\"https:\/\/andagolf.com\/de\/golf-clubs\/\",\"name\":\"Golfschl\u00e4ger bei Andagolf in Mijas-Costa\",\"isPartOf\":{\"@id\":\"https:\/\/andagolf.com\/de\/#website\"},\"primaryImageOfPage\":{\"@id\":\"https:\/\/andagolf.com\/de\/golf-clubs\/#primaryimage\"},\"image\":{\"@id\":\"https:\/\/andagolf.com\/de\/golf-clubs\/#primaryimage\"},\"thumbnailUrl\":\"http:\/\/andagolf.com\/wp-content\/uploads\/2012\/08\/image_1118.gif\",\"datePublished\":\"2012-10-10T12:16:18+00:00\",\"dateModified\":\"2015-03-11T23:17:41+00:00\",\"description\":\"In unserem Shop finden Sie eine gro\u00dfe Auswahl an Golfschl\u00e4ger, sowohl neu als auch gebraucht. Wir bieten Wedges, Eisen, Hybrids, H\u00f6lzer, Treiber und Putter\",\"inLanguage\":\"de\",\"potentialAction\":[{\"@type\":\"ReadAction\",\"target\":[\"https:\/\/andagolf.com\/de\/golf-clubs\/\"]}]},{\"@type\":\"ImageObject\",\"inLanguage\":\"de\",\"@id\":\"https:\/\/andagolf.com\/de\/golf-clubs\/#primaryimage\",\"url\":\"http:\/\/andagolf.com\/wp-content\/uploads\/2012\/08\/image_1118.gif\",\"contentUrl\":\"http:\/\/andagolf.com\/wp-content\/uploads\/2012\/08\/image_1118.gif\"},{\"@type\":\"WebSite\",\"@id\":\"https:\/\/andagolf.com\/de\/#website\",\"url\":\"https:\/\/andagolf.com\/de\/\",\"name\":\"Anda Golf\",\"description\":\"Golf Shop Mijas - Costa del Sol\",\"publisher\":{\"@id\":\"https:\/\/andagolf.com\/de\/#organization\"},\"potentialAction\":[{\"@type\":\"SearchAction\",\"target\":{\"@type\":\"EntryPoint\",\"urlTemplate\":\"https:\/\/andagolf.com\/de\/?s={search_term_string}\"},\"query-input\":{\"@type\":\"PropertyValueSpecification\",\"valueRequired\":true,\"valueName\":\"search_term_string\"}}],\"inLanguage\":\"de\"},{\"@type\":\"Organization\",\"@id\":\"https:\/\/andagolf.com\/de\/#organization\",\"name\":\"Anda Golf\",\"url\":\"https:\/\/andagolf.com\/de\/\",\"logo\":{\"@type\":\"ImageObject\",\"inLanguage\":\"de\",\"@id\":\"https:\/\/andagolf.com\/de\/#\/schema\/logo\/image\/\",\"url\":\"https:\/\/andagolf.com\/wp-content\/uploads\/2016\/05\/logo-andagolf.png\",\"contentUrl\":\"https:\/\/andagolf.com\/wp-content\/uploads\/2016\/05\/logo-andagolf.png\",\"width\":310,\"height\":108,\"caption\":\"Anda Golf\"},\"image\":{\"@id\":\"https:\/\/andagolf.com\/de\/#\/schema\/logo\/image\/\"}}]}<\/script>\n<!-- \/ Yoast SEO plugin. -->","yoast_head_json":{"title":"Golfschl\u00e4ger bei Andagolf in Mijas-Costa","description":"In unserem Shop finden Sie eine gro\u00dfe Auswahl an Golfschl\u00e4ger, sowohl neu als auch gebraucht. Wir bieten Wedges, Eisen, Hybrids, H\u00f6lzer, Treiber und Putter","robots":{"index":"index","follow":"follow","max-snippet":"max-snippet:-1","max-image-preview":"max-image-preview:large","max-video-preview":"max-video-preview:-1"},"canonical":"https:\/\/andagolf.com\/de\/golf-clubs\/","og_locale":"de_DE","og_type":"article","og_title":"Golfschl\u00e4ger bei Andagolf in Mijas-Costa","og_description":"In unserem Shop finden Sie eine gro\u00dfe Auswahl an Golfschl\u00e4ger, sowohl neu als auch gebraucht. Wir bieten Wedges, Eisen, Hybrids, H\u00f6lzer, Treiber und Putter","og_url":"https:\/\/andagolf.com\/de\/golf-clubs\/","og_site_name":"Anda Golf","article_modified_time":"2015-03-11T23:17:41+00:00","og_image":[{"url":"http:\/\/andagolf.com\/wp-content\/uploads\/2012\/08\/image_1118.gif","type":"","width":"","height":""}],"schema":{"@context":"https:\/\/schema.org","@graph":[{"@type":"WebPage","@id":"https:\/\/andagolf.com\/de\/golf-clubs\/","url":"https:\/\/andagolf.com\/de\/golf-clubs\/","name":"Golfschl\u00e4ger bei Andagolf in Mijas-Costa","isPartOf":{"@id":"https:\/\/andagolf.com\/de\/#website"},"primaryImageOfPage":{"@id":"https:\/\/andagolf.com\/de\/golf-clubs\/#primaryimage"},"image":{"@id":"https:\/\/andagolf.com\/de\/golf-clubs\/#primaryimage"},"thumbnailUrl":"http:\/\/andagolf.com\/wp-content\/uploads\/2012\/08\/image_1118.gif","datePublished":"2012-10-10T12:16:18+00:00","dateModified":"2015-03-11T23:17:41+00:00","description":"In unserem Shop finden Sie eine gro\u00dfe Auswahl an Golfschl\u00e4ger, sowohl neu als auch gebraucht. Wir bieten Wedges, Eisen, Hybrids, H\u00f6lzer, Treiber und Putter","inLanguage":"de","potentialAction":[{"@type":"ReadAction","target":["https:\/\/andagolf.com\/de\/golf-clubs\/"]}]},{"@type":"ImageObject","inLanguage":"de","@id":"https:\/\/andagolf.com\/de\/golf-clubs\/#primaryimage","url":"http:\/\/andagolf.com\/wp-content\/uploads\/2012\/08\/image_1118.gif","contentUrl":"http:\/\/andagolf.com\/wp-content\/uploads\/2012\/08\/image_1118.gif"},{"@type":"WebSite","@id":"https:\/\/andagolf.com\/de\/#website","url":"https:\/\/andagolf.com\/de\/","name":"Anda Golf","description":"Golf Shop Mijas - Costa del Sol","publisher":{"@id":"https:\/\/andagolf.com\/de\/#organization"},"potentialAction":[{"@type":"SearchAction","target":{"@type":"EntryPoint","urlTemplate":"https:\/\/andagolf.com\/de\/?s={search_term_string}"},"query-input":{"@type":"PropertyValueSpecification","valueRequired":true,"valueName":"search_term_string"}}],"inLanguage":"de"},{"@type":"Organization","@id":"https:\/\/andagolf.com\/de\/#organization","name":"Anda Golf","url":"https:\/\/andagolf.com\/de\/","logo":{"@type":"ImageObject","inLanguage":"de","@id":"https:\/\/andagolf.com\/de\/#\/schema\/logo\/image\/","url":"https:\/\/andagolf.com\/wp-content\/uploads\/2016\/05\/logo-andagolf.png","contentUrl":"https:\/\/andagolf.com\/wp-content\/uploads\/2016\/05\/logo-andagolf.png","width":310,"height":108,"caption":"Anda Golf"},"image":{"@id":"https:\/\/andagolf.com\/de\/#\/schema\/logo\/image\/"}}]}},"_links":{"self":[{"href":"https:\/\/andagolf.com\/de\/wp-json\/wp\/v2\/pages\/1340","targetHints":{"allow":["GET"]}}],"collection":[{"href":"https:\/\/andagolf.com\/de\/wp-json\/wp\/v2\/pages"}],"about":[{"href":"https:\/\/andagolf.com\/de\/wp-json\/wp\/v2\/types\/page"}],"author":[{"embeddable":true,"href":"https:\/\/andagolf.com\/de\/wp-json\/wp\/v2\/users\/1"}],"replies":[{"embeddable":true,"href":"https:\/\/andagolf.com\/de\/wp-json\/wp\/v2\/comments?post=1340"}],"version-history":[{"count":0,"href":"https:\/\/andagolf.com\/de\/wp-json\/wp\/v2\/pages\/1340\/revisions"}],"wp:attachment":[{"href":"https:\/\/andagolf.com\/de\/wp-json\/wp\/v2\/media?parent=1340"}],"curies":[{"name":"wp","href":"https:\/\/api.w.org\/{rel}","templated":true}]}}