{"id":1344,"date":"2012-10-10T12:27:06","date_gmt":"2012-10-10T12:27:06","guid":{"rendered":"http:\/\/andagolf.com\/?page_id=1344"},"modified":"2015-03-11T23:25:29","modified_gmt":"2015-03-11T23:25:29","slug":"grips","status":"publish","type":"page","link":"https:\/\/andagolf.com\/de\/grips\/","title":{"rendered":"Grips"},"content":{"rendered":"<p>Golfgriffe sind aus Materialien hergestellt, die mit der Zeit veraltern und verschlei\u00dfen. All das Ozon, die Hitze, der Schmutz und das \u00d6l auf ihren H\u00e4nden lassen Ihren Griff altern und fuehren zum nat\u00fcrlichen Qualit\u00e4tsverlust des Griffs.<\/p>\n<p>Durch die Griffigkeit, die ein neues Golfgriffe Grip bietet, k\u00f6nnen Sie den Schl\u00e4ger leicht halten, ohne die unterbewusste Angst, dass Ihnen der Schl\u00e4ger w\u00e4hrend des Schlags aus der Hand rutscht.<\/p>\n<p>Dieser entspannte Zustand f\u00f6rdert die richtige Schwungtechnik\u00a0 und die Handgelenkbewegung, w\u00e4hrend ein abgenutzter Griff dazu f\u00fchrt, dass Sie den Schl\u00e4ger enger anfassen, was wiederum zu Spannung im Arm und Handgelenk f\u00fchrt und Ihren Schwung hemmt.<\/p>\n<h2>Feuchtigkeit<\/h2>\n<p>Ber\u00fccksichtigen Sie die Feuchtigkeitsbedingungen dort wo Sie spielen oder auch ob Sie schwitzige H\u00e4nde haben. Mit einem Grip, der die Feuchtigkeit regulieriert, (regulation ist besser als control!) gewinnen Sie an Selbstvertrauen und ihr Spiel wird best\u00e4ndiger.<\/p>\n<h2>Empfindlichkeit<\/h2>\n<p>Das Material des Grips und dessen Konstruktion beeinflussen die Menge der \u00fcbertragenen Vibrationen auf Ihre H\u00e4nde durch Ballkontakt. Weichere Griffe absorbieren mehr Vibrationen, w\u00e4hrend feste Grips ein gr\u00f6\u00dferes Schlag-Feedback geben.<\/p>\n<h2>Oberfl\u00e4chenbeschaffenheit<\/h2>\n<p>Das Grip wird durch ein gutes Design und guten Materialien verbessert. Glatte Grips haben eine klebrige Oberfl\u00e4che und werden \u00fcblicherweise aus weicheren Materialien hergestellt. Andere Grips kombinieren eine strukturierte Oberfl\u00e4che mit einem Material, das fest und sehr griffig ist.<\/p>\n<h2>Griffst\u00e4rke<\/h2>\n<p>Die Griffst\u00e4rke beeinflusst den Schlag des Balles und das Schlagmuster. Darum ist es sehr wichtig die Gr\u00f6\u00dfe zu finden, die f\u00fcr Sie die Richtige ist.<\/p>\n<p>Als allgemeine Faustregel gilt, dass die Griffgr\u00f6\u00dfe mit der Handschuhgr\u00f6\u00dfe \u00fcbereinstimmen sollte.<\/p>\n<h2>Was ist zu tun<\/h2>\n<p>Bringen Sie Ihre Golfschl\u00e4ger zum Anda Golf Shop und wir werden eine Analyse durchf\u00fchren, um herauszufinden, ob Sie lediglich ein neues Grip f\u00fcr die am h\u00e4ufigsten verwendeten Schl\u00e4ger oder eben f\u00fcr den kompletten Schl\u00e4gersatz brauchen.<\/p>\n<p>Wir liefern die g\u00e4ngigsten Griffe sowie die neuen farbigen, die Ihnen nicht nur ein besseres Gef\u00fchl, sondern Ihrer Ausr\u00fcstung auf dem Golfplatz eine pers\u00f6nliche Note verleiht.<\/p>\n<div class=\"lightbox\">\n<div class=\"spacer\"><\/div>\n<p><a title=\"IMG_0547.jpg\" href=\"http:\/\/andagolf.com\/wp-content\/uploads\/2012\/08\/image_1040-scale_800x600_quality_90.jpg\" rel=\"lytebox[1039]\"><img decoding=\"async\" title=\"IMG_0547.jpg\" src=\"http:\/\/andagolf.com\/wp-content\/uploads\/2012\/08\/image_1040-thumbnail_180x180_gravity_center_crop_80x80.jpg\" alt=\"IMG_0547.jpg\" \/><\/a><a title=\"IMG_0548.jpg\" href=\"http:\/\/andagolf.com\/wp-content\/uploads\/2012\/08\/image_1041-scale_800x600_quality_90.jpg\" rel=\"lytebox[1039]\"><img decoding=\"async\" title=\"IMG_0548.jpg\" src=\"http:\/\/andagolf.com\/wp-content\/uploads\/2012\/08\/image_1041-thumbnail_180x180_gravity_center_crop_80x80.jpg\" alt=\"IMG_0548.jpg\" \/><\/a><a title=\"IMG_0550.jpg\" href=\"http:\/\/andagolf.com\/wp-content\/uploads\/2012\/08\/image_1042-scale_800x600_quality_90.jpg\" rel=\"lytebox[1039]\"><img decoding=\"async\" title=\"IMG_0550.jpg\" src=\"http:\/\/andagolf.com\/wp-content\/uploads\/2012\/08\/image_1042-thumbnail_180x180_gravity_center_crop_80x80.jpg\" alt=\"IMG_0550.jpg\" \/><\/a><a title=\"IMG_0558.jpg\" href=\"http:\/\/andagolf.com\/wp-content\/uploads\/2012\/08\/image_1043-scale_800x600_quality_90.jpg\" rel=\"lytebox[1039]\"><img decoding=\"async\" title=\"IMG_0558.jpg\" src=\"http:\/\/andagolf.com\/wp-content\/uploads\/2012\/08\/image_1043-thumbnail_180x180_gravity_center_crop_80x80.jpg\" alt=\"IMG_0558.jpg\" \/><\/a><a title=\"IMG_0563.jpg\" href=\"http:\/\/andagolf.com\/wp-content\/uploads\/2012\/08\/image_1044-scale_800x600_quality_90.jpg\" rel=\"lytebox[1039]\"><img decoding=\"async\" title=\"IMG_0563.jpg\" src=\"http:\/\/andagolf.com\/wp-content\/uploads\/2012\/08\/image_1044-thumbnail_180x180_gravity_center_crop_80x80.jpg\" alt=\"IMG_0563.jpg\" \/><\/a><a title=\"IMG_0567.jpg\" href=\"http:\/\/andagolf.com\/wp-content\/uploads\/2012\/08\/image_1045-scale_800x600_quality_90.jpg\" rel=\"lytebox[1039]\"><img decoding=\"async\" title=\"IMG_0567.jpg\" src=\"http:\/\/andagolf.com\/wp-content\/uploads\/2012\/08\/image_1045-thumbnail_180x180_gravity_center_crop_80x80.jpg\" alt=\"IMG_0567.jpg\" \/><\/a><a title=\"IMG_0660.jpg\" href=\"http:\/\/andagolf.com\/wp-content\/uploads\/2012\/08\/image_1046-scale_800x600_quality_90.jpg\" rel=\"lytebox[1039]\"><img decoding=\"async\" title=\"IMG_0660.jpg\" src=\"http:\/\/andagolf.com\/wp-content\/uploads\/2012\/08\/image_1046-thumbnail_180x180_gravity_center_crop_80x80.jpg\" alt=\"IMG_0660.jpg\" \/><\/a><a title=\"IMG_0664.jpg\" href=\"http:\/\/andagolf.com\/wp-content\/uploads\/2012\/08\/image_1047-scale_800x600_quality_90.jpg\" rel=\"lytebox[1039]\"><img decoding=\"async\" title=\"IMG_0664.jpg\" src=\"http:\/\/andagolf.com\/wp-content\/uploads\/2012\/08\/image_1047-thumbnail_180x180_gravity_center_crop_80x80.jpg\" alt=\"IMG_0664.jpg\" \/><\/a><\/p>\n<div class=\"spacer\"><\/div>\n<\/div>\n","protected":false},"excerpt":{"rendered":"<p>Golfgriffe sind aus Materialien hergestellt, die mit der Zeit veraltern und verschlei\u00dfen. All das Ozon, die Hitze, der Schmutz und das \u00d6l auf ihren H\u00e4nden lassen Ihren Griff altern und fuehren zum nat\u00fcrlichen Qualit\u00e4tsverlust des Griffs. Durch die Griffigkeit, die ein neues Golfgriffe Grip bietet, k\u00f6nnen Sie den Schl\u00e4ger leicht halten, ohne die unterbewusste Angst, &hellip; <a href=\"https:\/\/andagolf.com\/de\/grips\/\" class=\"more-link\">Continue reading <span class=\"screen-reader-text\">Grips<\/span><\/a><\/p>\n","protected":false},"author":1,"featured_media":0,"parent":0,"menu_order":0,"comment_status":"closed","ping_status":"closed","template":"","meta":{"footnotes":""},"class_list":["post-1344","page","type-page","status-publish","hentry"],"yoast_head":"<!-- This site is optimized with the Yoast SEO plugin v26.5 - https:\/\/yoast.com\/wordpress\/plugins\/seo\/ -->\n<title>Golfgriffe Grips der ersten Wahl bei Andagolf Mijas<\/title>\n<meta name=\"description\" content=\"Golfgriffe sind aus Materialien, die mit der Zeit veraltern und verschlei\u00dfen. Hitze, der Schmutz und das \u00d6l auf ihren H\u00e4nden lassen Ihren Golfgriffe altern\" \/>\n<meta name=\"robots\" content=\"index, follow, max-snippet:-1, max-image-preview:large, max-video-preview:-1\" \/>\n<link rel=\"canonical\" href=\"https:\/\/andagolf.com\/de\/grips\/\" \/>\n<meta property=\"og:locale\" content=\"de_DE\" \/>\n<meta property=\"og:type\" content=\"article\" \/>\n<meta property=\"og:title\" content=\"Golfgriffe Grips der ersten Wahl bei Andagolf Mijas\" \/>\n<meta property=\"og:description\" content=\"Golfgriffe sind aus Materialien, die mit der Zeit veraltern und verschlei\u00dfen. Hitze, der Schmutz und das \u00d6l auf ihren H\u00e4nden lassen Ihren Golfgriffe altern\" \/>\n<meta property=\"og:url\" content=\"https:\/\/andagolf.com\/de\/grips\/\" \/>\n<meta property=\"og:site_name\" content=\"Anda Golf\" \/>\n<meta property=\"article:modified_time\" content=\"2015-03-11T23:25:29+00:00\" \/>\n<meta property=\"og:image\" content=\"http:\/\/andagolf.com\/wp-content\/uploads\/2012\/08\/image_1040-thumbnail_180x180_gravity_center_crop_80x80.jpg\" \/>\n<meta name=\"twitter:label1\" content=\"Gesch\u00e4tzte Lesezeit\" \/>\n\t<meta name=\"twitter:data1\" content=\"2\u00a0Minuten\" \/>\n<script type=\"application\/ld+json\" class=\"yoast-schema-graph\">{\"@context\":\"https:\/\/schema.org\",\"@graph\":[{\"@type\":\"WebPage\",\"@id\":\"https:\/\/andagolf.com\/de\/grips\/\",\"url\":\"https:\/\/andagolf.com\/de\/grips\/\",\"name\":\"Golfgriffe Grips der ersten Wahl bei Andagolf Mijas\",\"isPartOf\":{\"@id\":\"https:\/\/andagolf.com\/de\/#website\"},\"primaryImageOfPage\":{\"@id\":\"https:\/\/andagolf.com\/de\/grips\/#primaryimage\"},\"image\":{\"@id\":\"https:\/\/andagolf.com\/de\/grips\/#primaryimage\"},\"thumbnailUrl\":\"http:\/\/andagolf.com\/wp-content\/uploads\/2012\/08\/image_1040-thumbnail_180x180_gravity_center_crop_80x80.jpg\",\"datePublished\":\"2012-10-10T12:27:06+00:00\",\"dateModified\":\"2015-03-11T23:25:29+00:00\",\"description\":\"Golfgriffe sind aus Materialien, die mit der Zeit veraltern und verschlei\u00dfen. Hitze, der Schmutz und das \u00d6l auf ihren H\u00e4nden lassen Ihren Golfgriffe altern\",\"inLanguage\":\"de\",\"potentialAction\":[{\"@type\":\"ReadAction\",\"target\":[\"https:\/\/andagolf.com\/de\/grips\/\"]}]},{\"@type\":\"ImageObject\",\"inLanguage\":\"de\",\"@id\":\"https:\/\/andagolf.com\/de\/grips\/#primaryimage\",\"url\":\"http:\/\/andagolf.com\/wp-content\/uploads\/2012\/08\/image_1040-thumbnail_180x180_gravity_center_crop_80x80.jpg\",\"contentUrl\":\"http:\/\/andagolf.com\/wp-content\/uploads\/2012\/08\/image_1040-thumbnail_180x180_gravity_center_crop_80x80.jpg\"},{\"@type\":\"WebSite\",\"@id\":\"https:\/\/andagolf.com\/de\/#website\",\"url\":\"https:\/\/andagolf.com\/de\/\",\"name\":\"Anda Golf\",\"description\":\"Golf Shop Mijas - Costa del Sol\",\"publisher\":{\"@id\":\"https:\/\/andagolf.com\/de\/#organization\"},\"potentialAction\":[{\"@type\":\"SearchAction\",\"target\":{\"@type\":\"EntryPoint\",\"urlTemplate\":\"https:\/\/andagolf.com\/de\/?s={search_term_string}\"},\"query-input\":{\"@type\":\"PropertyValueSpecification\",\"valueRequired\":true,\"valueName\":\"search_term_string\"}}],\"inLanguage\":\"de\"},{\"@type\":\"Organization\",\"@id\":\"https:\/\/andagolf.com\/de\/#organization\",\"name\":\"Anda Golf\",\"url\":\"https:\/\/andagolf.com\/de\/\",\"logo\":{\"@type\":\"ImageObject\",\"inLanguage\":\"de\",\"@id\":\"https:\/\/andagolf.com\/de\/#\/schema\/logo\/image\/\",\"url\":\"https:\/\/andagolf.com\/wp-content\/uploads\/2016\/05\/logo-andagolf.png\",\"contentUrl\":\"https:\/\/andagolf.com\/wp-content\/uploads\/2016\/05\/logo-andagolf.png\",\"width\":310,\"height\":108,\"caption\":\"Anda Golf\"},\"image\":{\"@id\":\"https:\/\/andagolf.com\/de\/#\/schema\/logo\/image\/\"}}]}<\/script>\n<!-- \/ Yoast SEO plugin. -->","yoast_head_json":{"title":"Golfgriffe Grips der ersten Wahl bei Andagolf Mijas","description":"Golfgriffe sind aus Materialien, die mit der Zeit veraltern und verschlei\u00dfen. Hitze, der Schmutz und das \u00d6l auf ihren H\u00e4nden lassen Ihren Golfgriffe altern","robots":{"index":"index","follow":"follow","max-snippet":"max-snippet:-1","max-image-preview":"max-image-preview:large","max-video-preview":"max-video-preview:-1"},"canonical":"https:\/\/andagolf.com\/de\/grips\/","og_locale":"de_DE","og_type":"article","og_title":"Golfgriffe Grips der ersten Wahl bei Andagolf Mijas","og_description":"Golfgriffe sind aus Materialien, die mit der Zeit veraltern und verschlei\u00dfen. Hitze, der Schmutz und das \u00d6l auf ihren H\u00e4nden lassen Ihren Golfgriffe altern","og_url":"https:\/\/andagolf.com\/de\/grips\/","og_site_name":"Anda Golf","article_modified_time":"2015-03-11T23:25:29+00:00","og_image":[{"url":"http:\/\/andagolf.com\/wp-content\/uploads\/2012\/08\/image_1040-thumbnail_180x180_gravity_center_crop_80x80.jpg","type":"","width":"","height":""}],"twitter_misc":{"Gesch\u00e4tzte Lesezeit":"2\u00a0Minuten"},"schema":{"@context":"https:\/\/schema.org","@graph":[{"@type":"WebPage","@id":"https:\/\/andagolf.com\/de\/grips\/","url":"https:\/\/andagolf.com\/de\/grips\/","name":"Golfgriffe Grips der ersten Wahl bei Andagolf Mijas","isPartOf":{"@id":"https:\/\/andagolf.com\/de\/#website"},"primaryImageOfPage":{"@id":"https:\/\/andagolf.com\/de\/grips\/#primaryimage"},"image":{"@id":"https:\/\/andagolf.com\/de\/grips\/#primaryimage"},"thumbnailUrl":"http:\/\/andagolf.com\/wp-content\/uploads\/2012\/08\/image_1040-thumbnail_180x180_gravity_center_crop_80x80.jpg","datePublished":"2012-10-10T12:27:06+00:00","dateModified":"2015-03-11T23:25:29+00:00","description":"Golfgriffe sind aus Materialien, die mit der Zeit veraltern und verschlei\u00dfen. Hitze, der Schmutz und das \u00d6l auf ihren H\u00e4nden lassen Ihren Golfgriffe altern","inLanguage":"de","potentialAction":[{"@type":"ReadAction","target":["https:\/\/andagolf.com\/de\/grips\/"]}]},{"@type":"ImageObject","inLanguage":"de","@id":"https:\/\/andagolf.com\/de\/grips\/#primaryimage","url":"http:\/\/andagolf.com\/wp-content\/uploads\/2012\/08\/image_1040-thumbnail_180x180_gravity_center_crop_80x80.jpg","contentUrl":"http:\/\/andagolf.com\/wp-content\/uploads\/2012\/08\/image_1040-thumbnail_180x180_gravity_center_crop_80x80.jpg"},{"@type":"WebSite","@id":"https:\/\/andagolf.com\/de\/#website","url":"https:\/\/andagolf.com\/de\/","name":"Anda Golf","description":"Golf Shop Mijas - Costa del Sol","publisher":{"@id":"https:\/\/andagolf.com\/de\/#organization"},"potentialAction":[{"@type":"SearchAction","target":{"@type":"EntryPoint","urlTemplate":"https:\/\/andagolf.com\/de\/?s={search_term_string}"},"query-input":{"@type":"PropertyValueSpecification","valueRequired":true,"valueName":"search_term_string"}}],"inLanguage":"de"},{"@type":"Organization","@id":"https:\/\/andagolf.com\/de\/#organization","name":"Anda Golf","url":"https:\/\/andagolf.com\/de\/","logo":{"@type":"ImageObject","inLanguage":"de","@id":"https:\/\/andagolf.com\/de\/#\/schema\/logo\/image\/","url":"https:\/\/andagolf.com\/wp-content\/uploads\/2016\/05\/logo-andagolf.png","contentUrl":"https:\/\/andagolf.com\/wp-content\/uploads\/2016\/05\/logo-andagolf.png","width":310,"height":108,"caption":"Anda Golf"},"image":{"@id":"https:\/\/andagolf.com\/de\/#\/schema\/logo\/image\/"}}]}},"_links":{"self":[{"href":"https:\/\/andagolf.com\/de\/wp-json\/wp\/v2\/pages\/1344","targetHints":{"allow":["GET"]}}],"collection":[{"href":"https:\/\/andagolf.com\/de\/wp-json\/wp\/v2\/pages"}],"about":[{"href":"https:\/\/andagolf.com\/de\/wp-json\/wp\/v2\/types\/page"}],"author":[{"embeddable":true,"href":"https:\/\/andagolf.com\/de\/wp-json\/wp\/v2\/users\/1"}],"replies":[{"embeddable":true,"href":"https:\/\/andagolf.com\/de\/wp-json\/wp\/v2\/comments?post=1344"}],"version-history":[{"count":0,"href":"https:\/\/andagolf.com\/de\/wp-json\/wp\/v2\/pages\/1344\/revisions"}],"wp:attachment":[{"href":"https:\/\/andagolf.com\/de\/wp-json\/wp\/v2\/media?parent=1344"}],"curies":[{"name":"wp","href":"https:\/\/api.w.org\/{rel}","templated":true}]}}