{"id":1348,"date":"2012-10-10T12:34:03","date_gmt":"2012-10-10T12:34:03","guid":{"rendered":"http:\/\/andagolf.com\/?page_id=1348"},"modified":"2015-03-11T23:37:58","modified_gmt":"2015-03-11T23:37:58","slug":"schl%c3%a4germessung","status":"publish","type":"page","link":"https:\/\/andagolf.com\/de\/schl%c3%a4germessung\/","title":{"rendered":"Schl\u00e4germessung"},"content":{"rendered":"<p>Da alle Golfer anders gebaut sind und einen anderen Schwung haben, kann es gut sein, dass ein Golfschl\u00e4ger f\u00fcr den einen Spieler geeignet ist und f\u00fcr den anderen wiederum nicht so sehr.<\/p>\n<p>Bringen Sie Ihre Golfschl\u00e4ger in unseren Shop und wir werden sie im Bezug auf Loft, Ausrichtung, Balance und Flexibilit\u00e4t analysieren.<\/p>\n<p>Der massgeschneiderte Service umfasst ebenfalls die Beurteilung eines sehr wertvollen Schl\u00e4gers in Ihrer Tasche \u2013 dem Putter.<\/p>\n<p><span style=\"color: #ff0000;\"><strong>Haben Sie schon einmal \u00fcberpr\u00fcft, ob Ihr Putter die richtige L\u00e4nge oder die richtige Ausrichtung hat?<\/strong><\/span><\/p>\n<hr \/>\n<p>Falls m\u00f6glich recyceln wir den Griff, immer wenn wir einen Putter verk\u00fcrzen &#8211; siehe unten<\/p>\n<div class=\"lightbox\">\n<div class=\"spacer\"><\/div>\n<p><a title=\"IMG_0965.jpg\" href=\"http:\/\/andagolf.com\/wp-content\/uploads\/2012\/08\/image_1050-scale_800x600_quality_90.jpg\" rel=\"lytebox[1049]\"><img decoding=\"async\" title=\"IMG_0965.jpg\" src=\"http:\/\/andagolf.com\/wp-content\/uploads\/2012\/08\/image_1050-thumbnail_180x180_gravity_center_crop_80x80.jpg\" alt=\"IMG_0965.jpg\" \/><\/a><a title=\"JMG_0444.jpg\" href=\"http:\/\/andagolf.com\/wp-content\/uploads\/2012\/08\/image_1051-scale_800x600_quality_90.jpg\" rel=\"lytebox[1049]\"><img decoding=\"async\" title=\"JMG_0444.jpg\" src=\"http:\/\/andagolf.com\/wp-content\/uploads\/2012\/08\/image_1051-thumbnail_180x180_gravity_center_crop_80x80.jpg\" alt=\"JMG_0444.jpg\" \/><\/a><a title=\"JMG_0446.jpg\" href=\"http:\/\/andagolf.com\/wp-content\/uploads\/2012\/08\/image_1052-scale_800x600_quality_90.jpg\" rel=\"lytebox[1049]\"><img decoding=\"async\" title=\"JMG_0446.jpg\" src=\"http:\/\/andagolf.com\/wp-content\/uploads\/2012\/08\/image_1052-thumbnail_180x180_gravity_center_crop_80x80.jpg\" alt=\"JMG_0446.jpg\" \/><\/a><a title=\"JMG_0449.jpg\" href=\"http:\/\/andagolf.com\/wp-content\/uploads\/2012\/08\/image_1053-scale_800x600_quality_90.jpg\" rel=\"lytebox[1049]\"><img decoding=\"async\" title=\"JMG_0449.jpg\" src=\"http:\/\/andagolf.com\/wp-content\/uploads\/2012\/08\/image_1053-thumbnail_180x180_gravity_center_crop_80x80.jpg\" alt=\"JMG_0449.jpg\" \/><\/a><a title=\"JMG_0455.jpg\" href=\"http:\/\/andagolf.com\/wp-content\/uploads\/2012\/08\/image_1054-scale_800x600_quality_90.jpg\" rel=\"lytebox[1049]\"><img decoding=\"async\" title=\"JMG_0455.jpg\" src=\"http:\/\/andagolf.com\/wp-content\/uploads\/2012\/08\/image_1054-thumbnail_180x180_gravity_center_crop_80x80.jpg\" alt=\"JMG_0455.jpg\" \/><\/a><a title=\"JMG_0457.jpg\" href=\"http:\/\/andagolf.com\/wp-content\/uploads\/2012\/08\/image_1055-scale_800x600_quality_90.jpg\" rel=\"lytebox[1049]\"><img decoding=\"async\" title=\"JMG_0457.jpg\" src=\"http:\/\/andagolf.com\/wp-content\/uploads\/2012\/08\/image_1055-thumbnail_180x180_gravity_center_crop_80x80.jpg\" alt=\"JMG_0457.jpg\" \/><\/a><a title=\"JMG_0459.jpg\" href=\"http:\/\/andagolf.com\/wp-content\/uploads\/2012\/08\/image_1056-scale_800x600_quality_90.jpg\" rel=\"lytebox[1049]\"><img decoding=\"async\" title=\"JMG_0459.jpg\" src=\"http:\/\/andagolf.com\/wp-content\/uploads\/2012\/08\/image_1056-thumbnail_180x180_gravity_center_crop_80x80.jpg\" alt=\"JMG_0459.jpg\" \/><\/a><a title=\"JMG_0460.jpg\" href=\"http:\/\/andagolf.com\/wp-content\/uploads\/2012\/08\/image_1184-scale_800x600_quality_90.jpg\" rel=\"lytebox[1049]\"><img decoding=\"async\" title=\"JMG_0460.jpg\" src=\"http:\/\/andagolf.com\/wp-content\/uploads\/2012\/08\/image_1184-thumbnail_180x180_gravity_center_crop_80x80.jpg\" alt=\"JMG_0460.jpg\" \/><\/a><a title=\"JMG_0967.jpg\" href=\"http:\/\/andagolf.com\/wp-content\/uploads\/2012\/08\/image_1185-scale_800x600_quality_90.jpg\" rel=\"lytebox[1049]\"><img decoding=\"async\" title=\"JMG_0967.jpg\" src=\"http:\/\/andagolf.com\/wp-content\/uploads\/2012\/08\/image_1185-thumbnail_180x180_gravity_center_crop_80x80.jpg\" alt=\"JMG_0967.jpg\" \/><\/a><a title=\"JMG_1003.jpg\" href=\"http:\/\/andagolf.com\/wp-content\/uploads\/2012\/08\/image_1187-scale_800x600_quality_90.jpg\" rel=\"lytebox[1049]\"><img decoding=\"async\" src=\"http:\/\/andagolf.com\/wp-content\/uploads\/2012\/08\/image_1187-thumbnail_180x180_gravity_center_crop_80x80.jpg\" alt=\"\" \/><\/a><\/p>\n<div class=\"spacer\"><\/div>\n<\/div>\n","protected":false},"excerpt":{"rendered":"<p>Da alle Golfer anders gebaut sind und einen anderen Schwung haben, kann es gut sein, dass ein Golfschl\u00e4ger f\u00fcr den einen Spieler geeignet ist und f\u00fcr den anderen wiederum nicht so sehr. Bringen Sie Ihre Golfschl\u00e4ger in unseren Shop und wir werden sie im Bezug auf Loft, Ausrichtung, Balance und Flexibilit\u00e4t analysieren. Der massgeschneiderte Service &hellip; <a href=\"https:\/\/andagolf.com\/de\/schl%c3%a4germessung\/\" class=\"more-link\">Continue reading <span class=\"screen-reader-text\">Schl\u00e4germessung<\/span><\/a><\/p>\n","protected":false},"author":1,"featured_media":0,"parent":0,"menu_order":0,"comment_status":"closed","ping_status":"closed","template":"","meta":{"footnotes":""},"class_list":["post-1348","page","type-page","status-publish","hentry"],"yoast_head":"<!-- This site is optimized with the Yoast SEO plugin v26.5 - https:\/\/yoast.com\/wordpress\/plugins\/seo\/ -->\n<title>Golfschl\u00e4ger vermessen bei AndaGolf Mijas<\/title>\n<meta name=\"description\" content=\"Lassen Sie Ihren Golfschl\u00e4ger fachgerecht vermessen. Haben Sie schon einmal \u00fcberpr\u00fcft, ob Ihr Putter die richtige L\u00e4nge oder die richtige Ausrichtung hat?\" \/>\n<meta name=\"robots\" content=\"index, follow, max-snippet:-1, max-image-preview:large, max-video-preview:-1\" \/>\n<link rel=\"canonical\" href=\"https:\/\/andagolf.com\/de\/schl%c3%a4germessung\/\" \/>\n<meta property=\"og:locale\" content=\"de_DE\" \/>\n<meta property=\"og:type\" content=\"article\" \/>\n<meta property=\"og:title\" content=\"Golfschl\u00e4ger vermessen bei AndaGolf Mijas\" \/>\n<meta property=\"og:description\" content=\"Lassen Sie Ihren Golfschl\u00e4ger fachgerecht vermessen. Haben Sie schon einmal \u00fcberpr\u00fcft, ob Ihr Putter die richtige L\u00e4nge oder die richtige Ausrichtung hat?\" \/>\n<meta property=\"og:url\" content=\"https:\/\/andagolf.com\/de\/schl%c3%a4germessung\/\" \/>\n<meta property=\"og:site_name\" content=\"Anda Golf\" \/>\n<meta property=\"article:modified_time\" content=\"2015-03-11T23:37:58+00:00\" \/>\n<meta property=\"og:image\" content=\"http:\/\/andagolf.com\/wp-content\/uploads\/2012\/08\/image_1050-thumbnail_180x180_gravity_center_crop_80x80.jpg\" \/>\n<meta name=\"twitter:label1\" content=\"Gesch\u00e4tzte Lesezeit\" \/>\n\t<meta name=\"twitter:data1\" content=\"1\u00a0Minute\" \/>\n<script type=\"application\/ld+json\" class=\"yoast-schema-graph\">{\"@context\":\"https:\/\/schema.org\",\"@graph\":[{\"@type\":\"WebPage\",\"@id\":\"https:\/\/andagolf.com\/de\/schl%c3%a4germessung\/\",\"url\":\"https:\/\/andagolf.com\/de\/schl%c3%a4germessung\/\",\"name\":\"Golfschl\u00e4ger vermessen bei AndaGolf Mijas\",\"isPartOf\":{\"@id\":\"https:\/\/andagolf.com\/de\/#website\"},\"primaryImageOfPage\":{\"@id\":\"https:\/\/andagolf.com\/de\/schl%c3%a4germessung\/#primaryimage\"},\"image\":{\"@id\":\"https:\/\/andagolf.com\/de\/schl%c3%a4germessung\/#primaryimage\"},\"thumbnailUrl\":\"http:\/\/andagolf.com\/wp-content\/uploads\/2012\/08\/image_1050-thumbnail_180x180_gravity_center_crop_80x80.jpg\",\"datePublished\":\"2012-10-10T12:34:03+00:00\",\"dateModified\":\"2015-03-11T23:37:58+00:00\",\"description\":\"Lassen Sie Ihren Golfschl\u00e4ger fachgerecht vermessen. Haben Sie schon einmal \u00fcberpr\u00fcft, ob Ihr Putter die richtige L\u00e4nge oder die richtige Ausrichtung hat?\",\"inLanguage\":\"de\",\"potentialAction\":[{\"@type\":\"ReadAction\",\"target\":[\"https:\/\/andagolf.com\/de\/schl%c3%a4germessung\/\"]}]},{\"@type\":\"ImageObject\",\"inLanguage\":\"de\",\"@id\":\"https:\/\/andagolf.com\/de\/schl%c3%a4germessung\/#primaryimage\",\"url\":\"http:\/\/andagolf.com\/wp-content\/uploads\/2012\/08\/image_1050-thumbnail_180x180_gravity_center_crop_80x80.jpg\",\"contentUrl\":\"http:\/\/andagolf.com\/wp-content\/uploads\/2012\/08\/image_1050-thumbnail_180x180_gravity_center_crop_80x80.jpg\"},{\"@type\":\"WebSite\",\"@id\":\"https:\/\/andagolf.com\/de\/#website\",\"url\":\"https:\/\/andagolf.com\/de\/\",\"name\":\"Anda Golf\",\"description\":\"Golf Shop Mijas - Costa del Sol\",\"publisher\":{\"@id\":\"https:\/\/andagolf.com\/de\/#organization\"},\"potentialAction\":[{\"@type\":\"SearchAction\",\"target\":{\"@type\":\"EntryPoint\",\"urlTemplate\":\"https:\/\/andagolf.com\/de\/?s={search_term_string}\"},\"query-input\":{\"@type\":\"PropertyValueSpecification\",\"valueRequired\":true,\"valueName\":\"search_term_string\"}}],\"inLanguage\":\"de\"},{\"@type\":\"Organization\",\"@id\":\"https:\/\/andagolf.com\/de\/#organization\",\"name\":\"Anda Golf\",\"url\":\"https:\/\/andagolf.com\/de\/\",\"logo\":{\"@type\":\"ImageObject\",\"inLanguage\":\"de\",\"@id\":\"https:\/\/andagolf.com\/de\/#\/schema\/logo\/image\/\",\"url\":\"https:\/\/andagolf.com\/wp-content\/uploads\/2016\/05\/logo-andagolf.png\",\"contentUrl\":\"https:\/\/andagolf.com\/wp-content\/uploads\/2016\/05\/logo-andagolf.png\",\"width\":310,\"height\":108,\"caption\":\"Anda Golf\"},\"image\":{\"@id\":\"https:\/\/andagolf.com\/de\/#\/schema\/logo\/image\/\"}}]}<\/script>\n<!-- \/ Yoast SEO plugin. -->","yoast_head_json":{"title":"Golfschl\u00e4ger vermessen bei AndaGolf Mijas","description":"Lassen Sie Ihren Golfschl\u00e4ger fachgerecht vermessen. Haben Sie schon einmal \u00fcberpr\u00fcft, ob Ihr Putter die richtige L\u00e4nge oder die richtige Ausrichtung hat?","robots":{"index":"index","follow":"follow","max-snippet":"max-snippet:-1","max-image-preview":"max-image-preview:large","max-video-preview":"max-video-preview:-1"},"canonical":"https:\/\/andagolf.com\/de\/schl%c3%a4germessung\/","og_locale":"de_DE","og_type":"article","og_title":"Golfschl\u00e4ger vermessen bei AndaGolf Mijas","og_description":"Lassen Sie Ihren Golfschl\u00e4ger fachgerecht vermessen. Haben Sie schon einmal \u00fcberpr\u00fcft, ob Ihr Putter die richtige L\u00e4nge oder die richtige Ausrichtung hat?","og_url":"https:\/\/andagolf.com\/de\/schl%c3%a4germessung\/","og_site_name":"Anda Golf","article_modified_time":"2015-03-11T23:37:58+00:00","og_image":[{"url":"http:\/\/andagolf.com\/wp-content\/uploads\/2012\/08\/image_1050-thumbnail_180x180_gravity_center_crop_80x80.jpg","type":"","width":"","height":""}],"twitter_misc":{"Gesch\u00e4tzte Lesezeit":"1\u00a0Minute"},"schema":{"@context":"https:\/\/schema.org","@graph":[{"@type":"WebPage","@id":"https:\/\/andagolf.com\/de\/schl%c3%a4germessung\/","url":"https:\/\/andagolf.com\/de\/schl%c3%a4germessung\/","name":"Golfschl\u00e4ger vermessen bei AndaGolf Mijas","isPartOf":{"@id":"https:\/\/andagolf.com\/de\/#website"},"primaryImageOfPage":{"@id":"https:\/\/andagolf.com\/de\/schl%c3%a4germessung\/#primaryimage"},"image":{"@id":"https:\/\/andagolf.com\/de\/schl%c3%a4germessung\/#primaryimage"},"thumbnailUrl":"http:\/\/andagolf.com\/wp-content\/uploads\/2012\/08\/image_1050-thumbnail_180x180_gravity_center_crop_80x80.jpg","datePublished":"2012-10-10T12:34:03+00:00","dateModified":"2015-03-11T23:37:58+00:00","description":"Lassen Sie Ihren Golfschl\u00e4ger fachgerecht vermessen. Haben Sie schon einmal \u00fcberpr\u00fcft, ob Ihr Putter die richtige L\u00e4nge oder die richtige Ausrichtung hat?","inLanguage":"de","potentialAction":[{"@type":"ReadAction","target":["https:\/\/andagolf.com\/de\/schl%c3%a4germessung\/"]}]},{"@type":"ImageObject","inLanguage":"de","@id":"https:\/\/andagolf.com\/de\/schl%c3%a4germessung\/#primaryimage","url":"http:\/\/andagolf.com\/wp-content\/uploads\/2012\/08\/image_1050-thumbnail_180x180_gravity_center_crop_80x80.jpg","contentUrl":"http:\/\/andagolf.com\/wp-content\/uploads\/2012\/08\/image_1050-thumbnail_180x180_gravity_center_crop_80x80.jpg"},{"@type":"WebSite","@id":"https:\/\/andagolf.com\/de\/#website","url":"https:\/\/andagolf.com\/de\/","name":"Anda Golf","description":"Golf Shop Mijas - Costa del Sol","publisher":{"@id":"https:\/\/andagolf.com\/de\/#organization"},"potentialAction":[{"@type":"SearchAction","target":{"@type":"EntryPoint","urlTemplate":"https:\/\/andagolf.com\/de\/?s={search_term_string}"},"query-input":{"@type":"PropertyValueSpecification","valueRequired":true,"valueName":"search_term_string"}}],"inLanguage":"de"},{"@type":"Organization","@id":"https:\/\/andagolf.com\/de\/#organization","name":"Anda Golf","url":"https:\/\/andagolf.com\/de\/","logo":{"@type":"ImageObject","inLanguage":"de","@id":"https:\/\/andagolf.com\/de\/#\/schema\/logo\/image\/","url":"https:\/\/andagolf.com\/wp-content\/uploads\/2016\/05\/logo-andagolf.png","contentUrl":"https:\/\/andagolf.com\/wp-content\/uploads\/2016\/05\/logo-andagolf.png","width":310,"height":108,"caption":"Anda Golf"},"image":{"@id":"https:\/\/andagolf.com\/de\/#\/schema\/logo\/image\/"}}]}},"_links":{"self":[{"href":"https:\/\/andagolf.com\/de\/wp-json\/wp\/v2\/pages\/1348","targetHints":{"allow":["GET"]}}],"collection":[{"href":"https:\/\/andagolf.com\/de\/wp-json\/wp\/v2\/pages"}],"about":[{"href":"https:\/\/andagolf.com\/de\/wp-json\/wp\/v2\/types\/page"}],"author":[{"embeddable":true,"href":"https:\/\/andagolf.com\/de\/wp-json\/wp\/v2\/users\/1"}],"replies":[{"embeddable":true,"href":"https:\/\/andagolf.com\/de\/wp-json\/wp\/v2\/comments?post=1348"}],"version-history":[{"count":0,"href":"https:\/\/andagolf.com\/de\/wp-json\/wp\/v2\/pages\/1348\/revisions"}],"wp:attachment":[{"href":"https:\/\/andagolf.com\/de\/wp-json\/wp\/v2\/media?parent=1348"}],"curies":[{"name":"wp","href":"https:\/\/api.w.org\/{rel}","templated":true}]}}