{"id":1352,"date":"2012-10-10T12:42:00","date_gmt":"2012-10-10T12:42:00","guid":{"rendered":"http:\/\/andagolf.com\/?page_id=1352"},"modified":"2015-03-11T23:41:15","modified_gmt":"2015-03-11T23:41:15","slug":"secondhand-golfausr%c3%bcstung","status":"publish","type":"page","link":"https:\/\/andagolf.com\/de\/secondhand-golfausr%c3%bcstung\/","title":{"rendered":"Secondhand Golfausr\u00fcstung"},"content":{"rendered":"<p>Regelm\u00e4\u00dfig erhalten wir Secondhand oder ehemalige Demoger\u00e4te zum Verkauf. Alle in einwandfreiem Zustand und bereitstehend f\u00fcr unsere Kunden, die gerne \u00f6fter mal Ihre Golfausr\u00fcstung wechseln.<\/p>\n<p style=\"text-align: center;\"><span style=\"color: #000000;\"><strong>Wir freuen uns darauf, Sie bald in unserem Shop willkommen zu hei\u00dfen.<\/strong><\/span><\/p>\n<p style=\"text-align: center;\"><span style=\"color: #000000;\"><strong><br \/>\n<\/strong><\/span><\/p>\n<div class=\"lightbox\">\n<div class=\"spacer\"><\/div>\n<p><a title=\"A Titleist-AP1.jpg\" href=\"http:\/\/andagolf.com\/wp-content\/uploads\/2012\/08\/image_1296-scale_800x600_quality_90.jpg\" rel=\"lytebox[1295]\"><img decoding=\"async\" title=\"A Titleist-AP1.jpg\" src=\"http:\/\/andagolf.com\/wp-content\/uploads\/2012\/08\/image_1045-thumbnail_180x180_gravity_center_crop_80x801.jpg\" alt=\"A Titleist-AP1.jpg\" \/><\/a><a title=\"B Ping-irons.jpg\" href=\"http:\/\/andagolf.com\/wp-content\/uploads\/2012\/08\/image_1297-scale_800x600_quality_90.jpg\" rel=\"lytebox[1295]\"><img decoding=\"async\" title=\"B Ping-irons.jpg\" src=\"http:\/\/andagolf.com\/wp-content\/uploads\/2012\/08\/image_1297-thumbnail_180x180_gravity_center_crop_80x80.jpg\" alt=\"B Ping-irons.jpg\" \/><\/a><a title=\"C Calloway-driver.jpg\" href=\"http:\/\/andagolf.com\/wp-content\/uploads\/2012\/08\/image_1298-scale_800x600_quality_90.jpg\" rel=\"lytebox[1295]\"><img decoding=\"async\" title=\"C Calloway-driver.jpg\" src=\"http:\/\/andagolf.com\/wp-content\/uploads\/2012\/08\/image_1298-thumbnail_180x180_gravity_center_crop_80x80.jpg\" alt=\"C Calloway-driver.jpg\" \/><\/a><a title=\"D Cobra-driver.jpg\" href=\"http:\/\/andagolf.com\/wp-content\/uploads\/2012\/08\/image_1299-scale_800x600_quality_90.jpg\" rel=\"lytebox[1295]\"><img decoding=\"async\" title=\"D Cobra-driver.jpg\" src=\"http:\/\/andagolf.com\/wp-content\/uploads\/2012\/08\/image_1299-thumbnail_180x180_gravity_center_crop_80x80.jpg\" alt=\"D Cobra-driver.jpg\" \/><\/a><a title=\"E Nike-SQ-driver.jpg\" href=\"http:\/\/andagolf.com\/wp-content\/uploads\/2012\/08\/image_1300-scale_800x600_quality_90.jpg\" rel=\"lytebox[1295]\"><img decoding=\"async\" title=\"E Nike-SQ-driver.jpg\" src=\"http:\/\/andagolf.com\/wp-content\/uploads\/2012\/08\/image_1300-thumbnail_180x180_gravity_center_crop_80x80.jpg\" alt=\"E Nike-SQ-driver.jpg\" \/><\/a><a title=\"F Taylormade-driver.jpg\" href=\"http:\/\/andagolf.com\/wp-content\/uploads\/2012\/08\/image_1301-scale_800x600_quality_90.jpg\" rel=\"lytebox[1295]\"><img decoding=\"async\" title=\"F Taylormade-driver.jpg\" src=\"http:\/\/andagolf.com\/wp-content\/uploads\/2012\/08\/image_1301-thumbnail_180x180_gravity_center_crop_80x80.jpg\" alt=\"F Taylormade-driver.jpg\" \/><\/a><a title=\"G Taylormade-Rescue.jpg\" href=\"http:\/\/andagolf.com\/wp-content\/uploads\/2012\/08\/image_1302-scale_800x600_quality_90.jpg\" rel=\"lytebox[1295]\"><img decoding=\"async\" title=\"G Taylormade-Rescue.jpg\" src=\"http:\/\/andagolf.com\/wp-content\/uploads\/2012\/08\/image_1302-thumbnail_180x180_gravity_center_crop_80x80.jpg\" alt=\"G Taylormade-Rescue.jpg\" \/><\/a><a title=\"H Bettinardi-Mizuno -putter.jpg\" href=\"http:\/\/andagolf.com\/wp-content\/uploads\/2012\/08\/image_1303-scale_800x600_quality_90.jpg\" rel=\"lytebox[1295]\"><img decoding=\"async\" title=\"H Bettinardi-Mizuno -putter.jpg\" src=\"http:\/\/andagolf.com\/wp-content\/uploads\/2012\/08\/image_1303-thumbnail_180x180_gravity_center_crop_80x80.jpg\" alt=\"H Bettinardi-Mizuno -putter.jpg\" \/><\/a><a title=\"I Mizuno-putter.jpg\" href=\"http:\/\/andagolf.com\/wp-content\/uploads\/2012\/08\/image_1304-scale_800x600_quality_90.jpg\" rel=\"lytebox[1295]\"><img decoding=\"async\" title=\"I Mizuno-putter.jpg\" src=\"http:\/\/andagolf.com\/wp-content\/uploads\/2012\/08\/image_1304-thumbnail_180x180_gravity_center_crop_80x80.jpg\" alt=\"I Mizuno-putter.jpg\" \/><\/a><a title=\"J Oddesy-putter.jpg\" href=\"http:\/\/andagolf.com\/wp-content\/uploads\/2012\/08\/image_1305-scale_800x600_quality_90.jpg\" rel=\"lytebox[1295]\"><img decoding=\"async\" title=\"J Oddesy-putter.jpg\" src=\"http:\/\/andagolf.com\/wp-content\/uploads\/2012\/08\/image_1305-thumbnail_180x180_gravity_center_crop_80x80.jpg\" alt=\"J Oddesy-putter.jpg\" \/><\/a><a title=\"K Trolly-and-bag.jpg\" href=\"http:\/\/andagolf.com\/wp-content\/uploads\/2012\/08\/image_1306-scale_800x600_quality_90.jpg\" rel=\"lytebox[1295]\"><img decoding=\"async\" title=\"K Trolly-and-bag.jpg\" src=\"http:\/\/andagolf.com\/wp-content\/uploads\/2012\/08\/image_1306-thumbnail_180x180_gravity_center_crop_80x80.jpg\" alt=\"K Trolly-and-bag.jpg\" \/><\/a><\/p>\n<div class=\"spacer\"><\/div>\n<\/div>\n","protected":false},"excerpt":{"rendered":"<p>Regelm\u00e4\u00dfig erhalten wir Secondhand oder ehemalige Demoger\u00e4te zum Verkauf. Alle in einwandfreiem Zustand und bereitstehend f\u00fcr unsere Kunden, die gerne \u00f6fter mal Ihre Golfausr\u00fcstung wechseln. Wir freuen uns darauf, Sie bald in unserem Shop willkommen zu hei\u00dfen.<\/p>\n","protected":false},"author":1,"featured_media":0,"parent":0,"menu_order":0,"comment_status":"closed","ping_status":"closed","template":"","meta":{"footnotes":""},"class_list":["post-1352","page","type-page","status-publish","hentry"],"yoast_head":"<!-- This site is optimized with the Yoast SEO plugin v26.5 - https:\/\/yoast.com\/wordpress\/plugins\/seo\/ -->\n<title>Golfausr\u00fcstung neu oder gebraucht bei Andagolf Mijas<\/title>\n<meta name=\"description\" content=\"Secondhand oder ehemalige Demoger\u00e4te zum Verkauf. In einwandfreiem Zustand und bereitstehend f\u00fcr unsere Kunden, die \u00f6fter mal Ihre Golfausr\u00fcstung wechseln.\" \/>\n<meta name=\"robots\" content=\"index, follow, max-snippet:-1, max-image-preview:large, max-video-preview:-1\" \/>\n<link rel=\"canonical\" href=\"https:\/\/andagolf.com\/de\/secondhand-golfausr%c3%bcstung\/\" \/>\n<meta property=\"og:locale\" content=\"de_DE\" \/>\n<meta property=\"og:type\" content=\"article\" \/>\n<meta property=\"og:title\" content=\"Golfausr\u00fcstung neu oder gebraucht bei Andagolf Mijas\" \/>\n<meta property=\"og:description\" content=\"Secondhand oder ehemalige Demoger\u00e4te zum Verkauf. In einwandfreiem Zustand und bereitstehend f\u00fcr unsere Kunden, die \u00f6fter mal Ihre Golfausr\u00fcstung wechseln.\" \/>\n<meta property=\"og:url\" content=\"https:\/\/andagolf.com\/de\/secondhand-golfausr%c3%bcstung\/\" \/>\n<meta property=\"og:site_name\" content=\"Anda Golf\" \/>\n<meta property=\"article:modified_time\" content=\"2015-03-11T23:41:15+00:00\" \/>\n<meta property=\"og:image\" content=\"http:\/\/andagolf.com\/wp-content\/uploads\/2012\/08\/image_1045-thumbnail_180x180_gravity_center_crop_80x801.jpg\" \/>\n<script type=\"application\/ld+json\" class=\"yoast-schema-graph\">{\"@context\":\"https:\/\/schema.org\",\"@graph\":[{\"@type\":\"WebPage\",\"@id\":\"https:\/\/andagolf.com\/de\/secondhand-golfausr%c3%bcstung\/\",\"url\":\"https:\/\/andagolf.com\/de\/secondhand-golfausr%c3%bcstung\/\",\"name\":\"Golfausr\u00fcstung neu oder gebraucht bei Andagolf Mijas\",\"isPartOf\":{\"@id\":\"https:\/\/andagolf.com\/de\/#website\"},\"primaryImageOfPage\":{\"@id\":\"https:\/\/andagolf.com\/de\/secondhand-golfausr%c3%bcstung\/#primaryimage\"},\"image\":{\"@id\":\"https:\/\/andagolf.com\/de\/secondhand-golfausr%c3%bcstung\/#primaryimage\"},\"thumbnailUrl\":\"http:\/\/andagolf.com\/wp-content\/uploads\/2012\/08\/image_1045-thumbnail_180x180_gravity_center_crop_80x801.jpg\",\"datePublished\":\"2012-10-10T12:42:00+00:00\",\"dateModified\":\"2015-03-11T23:41:15+00:00\",\"description\":\"Secondhand oder ehemalige Demoger\u00e4te zum Verkauf. In einwandfreiem Zustand und bereitstehend f\u00fcr unsere Kunden, die \u00f6fter mal Ihre Golfausr\u00fcstung wechseln.\",\"inLanguage\":\"de\",\"potentialAction\":[{\"@type\":\"ReadAction\",\"target\":[\"https:\/\/andagolf.com\/de\/secondhand-golfausr%c3%bcstung\/\"]}]},{\"@type\":\"ImageObject\",\"inLanguage\":\"de\",\"@id\":\"https:\/\/andagolf.com\/de\/secondhand-golfausr%c3%bcstung\/#primaryimage\",\"url\":\"http:\/\/andagolf.com\/wp-content\/uploads\/2012\/08\/image_1045-thumbnail_180x180_gravity_center_crop_80x801.jpg\",\"contentUrl\":\"http:\/\/andagolf.com\/wp-content\/uploads\/2012\/08\/image_1045-thumbnail_180x180_gravity_center_crop_80x801.jpg\"},{\"@type\":\"WebSite\",\"@id\":\"https:\/\/andagolf.com\/de\/#website\",\"url\":\"https:\/\/andagolf.com\/de\/\",\"name\":\"Anda Golf\",\"description\":\"Golf Shop Mijas - Costa del Sol\",\"publisher\":{\"@id\":\"https:\/\/andagolf.com\/de\/#organization\"},\"potentialAction\":[{\"@type\":\"SearchAction\",\"target\":{\"@type\":\"EntryPoint\",\"urlTemplate\":\"https:\/\/andagolf.com\/de\/?s={search_term_string}\"},\"query-input\":{\"@type\":\"PropertyValueSpecification\",\"valueRequired\":true,\"valueName\":\"search_term_string\"}}],\"inLanguage\":\"de\"},{\"@type\":\"Organization\",\"@id\":\"https:\/\/andagolf.com\/de\/#organization\",\"name\":\"Anda Golf\",\"url\":\"https:\/\/andagolf.com\/de\/\",\"logo\":{\"@type\":\"ImageObject\",\"inLanguage\":\"de\",\"@id\":\"https:\/\/andagolf.com\/de\/#\/schema\/logo\/image\/\",\"url\":\"https:\/\/andagolf.com\/wp-content\/uploads\/2016\/05\/logo-andagolf.png\",\"contentUrl\":\"https:\/\/andagolf.com\/wp-content\/uploads\/2016\/05\/logo-andagolf.png\",\"width\":310,\"height\":108,\"caption\":\"Anda Golf\"},\"image\":{\"@id\":\"https:\/\/andagolf.com\/de\/#\/schema\/logo\/image\/\"}}]}<\/script>\n<!-- \/ Yoast SEO plugin. -->","yoast_head_json":{"title":"Golfausr\u00fcstung neu oder gebraucht bei Andagolf Mijas","description":"Secondhand oder ehemalige Demoger\u00e4te zum Verkauf. In einwandfreiem Zustand und bereitstehend f\u00fcr unsere Kunden, die \u00f6fter mal Ihre Golfausr\u00fcstung wechseln.","robots":{"index":"index","follow":"follow","max-snippet":"max-snippet:-1","max-image-preview":"max-image-preview:large","max-video-preview":"max-video-preview:-1"},"canonical":"https:\/\/andagolf.com\/de\/secondhand-golfausr%c3%bcstung\/","og_locale":"de_DE","og_type":"article","og_title":"Golfausr\u00fcstung neu oder gebraucht bei Andagolf Mijas","og_description":"Secondhand oder ehemalige Demoger\u00e4te zum Verkauf. In einwandfreiem Zustand und bereitstehend f\u00fcr unsere Kunden, die \u00f6fter mal Ihre Golfausr\u00fcstung wechseln.","og_url":"https:\/\/andagolf.com\/de\/secondhand-golfausr%c3%bcstung\/","og_site_name":"Anda Golf","article_modified_time":"2015-03-11T23:41:15+00:00","og_image":[{"url":"http:\/\/andagolf.com\/wp-content\/uploads\/2012\/08\/image_1045-thumbnail_180x180_gravity_center_crop_80x801.jpg","type":"","width":"","height":""}],"schema":{"@context":"https:\/\/schema.org","@graph":[{"@type":"WebPage","@id":"https:\/\/andagolf.com\/de\/secondhand-golfausr%c3%bcstung\/","url":"https:\/\/andagolf.com\/de\/secondhand-golfausr%c3%bcstung\/","name":"Golfausr\u00fcstung neu oder gebraucht bei Andagolf Mijas","isPartOf":{"@id":"https:\/\/andagolf.com\/de\/#website"},"primaryImageOfPage":{"@id":"https:\/\/andagolf.com\/de\/secondhand-golfausr%c3%bcstung\/#primaryimage"},"image":{"@id":"https:\/\/andagolf.com\/de\/secondhand-golfausr%c3%bcstung\/#primaryimage"},"thumbnailUrl":"http:\/\/andagolf.com\/wp-content\/uploads\/2012\/08\/image_1045-thumbnail_180x180_gravity_center_crop_80x801.jpg","datePublished":"2012-10-10T12:42:00+00:00","dateModified":"2015-03-11T23:41:15+00:00","description":"Secondhand oder ehemalige Demoger\u00e4te zum Verkauf. In einwandfreiem Zustand und bereitstehend f\u00fcr unsere Kunden, die \u00f6fter mal Ihre Golfausr\u00fcstung wechseln.","inLanguage":"de","potentialAction":[{"@type":"ReadAction","target":["https:\/\/andagolf.com\/de\/secondhand-golfausr%c3%bcstung\/"]}]},{"@type":"ImageObject","inLanguage":"de","@id":"https:\/\/andagolf.com\/de\/secondhand-golfausr%c3%bcstung\/#primaryimage","url":"http:\/\/andagolf.com\/wp-content\/uploads\/2012\/08\/image_1045-thumbnail_180x180_gravity_center_crop_80x801.jpg","contentUrl":"http:\/\/andagolf.com\/wp-content\/uploads\/2012\/08\/image_1045-thumbnail_180x180_gravity_center_crop_80x801.jpg"},{"@type":"WebSite","@id":"https:\/\/andagolf.com\/de\/#website","url":"https:\/\/andagolf.com\/de\/","name":"Anda Golf","description":"Golf Shop Mijas - Costa del Sol","publisher":{"@id":"https:\/\/andagolf.com\/de\/#organization"},"potentialAction":[{"@type":"SearchAction","target":{"@type":"EntryPoint","urlTemplate":"https:\/\/andagolf.com\/de\/?s={search_term_string}"},"query-input":{"@type":"PropertyValueSpecification","valueRequired":true,"valueName":"search_term_string"}}],"inLanguage":"de"},{"@type":"Organization","@id":"https:\/\/andagolf.com\/de\/#organization","name":"Anda Golf","url":"https:\/\/andagolf.com\/de\/","logo":{"@type":"ImageObject","inLanguage":"de","@id":"https:\/\/andagolf.com\/de\/#\/schema\/logo\/image\/","url":"https:\/\/andagolf.com\/wp-content\/uploads\/2016\/05\/logo-andagolf.png","contentUrl":"https:\/\/andagolf.com\/wp-content\/uploads\/2016\/05\/logo-andagolf.png","width":310,"height":108,"caption":"Anda Golf"},"image":{"@id":"https:\/\/andagolf.com\/de\/#\/schema\/logo\/image\/"}}]}},"_links":{"self":[{"href":"https:\/\/andagolf.com\/de\/wp-json\/wp\/v2\/pages\/1352","targetHints":{"allow":["GET"]}}],"collection":[{"href":"https:\/\/andagolf.com\/de\/wp-json\/wp\/v2\/pages"}],"about":[{"href":"https:\/\/andagolf.com\/de\/wp-json\/wp\/v2\/types\/page"}],"author":[{"embeddable":true,"href":"https:\/\/andagolf.com\/de\/wp-json\/wp\/v2\/users\/1"}],"replies":[{"embeddable":true,"href":"https:\/\/andagolf.com\/de\/wp-json\/wp\/v2\/comments?post=1352"}],"version-history":[{"count":0,"href":"https:\/\/andagolf.com\/de\/wp-json\/wp\/v2\/pages\/1352\/revisions"}],"wp:attachment":[{"href":"https:\/\/andagolf.com\/de\/wp-json\/wp\/v2\/media?parent=1352"}],"curies":[{"name":"wp","href":"https:\/\/api.w.org\/{rel}","templated":true}]}}