{"id":1546,"date":"2012-10-10T21:00:37","date_gmt":"2012-10-10T21:00:37","guid":{"rendered":"http:\/\/andagolf.com\/?page_id=1546"},"modified":"2017-01-17T18:54:24","modified_gmt":"2017-01-17T18:54:24","slug":"winterschlussverkauf-golf-fachhandel-mijas","status":"publish","type":"page","link":"https:\/\/andagolf.com\/de\/winterschlussverkauf-golf-fachhandel-mijas\/","title":{"rendered":"WSV &#8211; Sparen Sie bis zu 40%"},"content":{"rendered":"<h3>Winterschlussverkauf 2017<\/h3>\n<p>F\u00fchlen Sie Sich eingeladen zu unseren gro\u00dfen Winterschlussverkauf 2016 und sparen Sie bis zu 40%, wir freuen uns auf Ihren Besuch.<\/p>\n","protected":false},"excerpt":{"rendered":"<p>Winterschlussverkauf 2017 F\u00fchlen Sie Sich eingeladen zu unseren gro\u00dfen Winterschlussverkauf 2016 und sparen Sie bis zu 40%, wir freuen uns auf Ihren Besuch.<\/p>\n","protected":false},"author":1,"featured_media":0,"parent":0,"menu_order":0,"comment_status":"closed","ping_status":"closed","template":"","meta":{"footnotes":""},"class_list":["post-1546","page","type-page","status-publish","hentry"],"yoast_head":"<!-- This site is optimized with the Yoast SEO plugin v26.5 - https:\/\/yoast.com\/wordpress\/plugins\/seo\/ -->\n<title>Winterschlussverkauf bei Andagolf Golf Sport in Mijas<\/title>\n<meta name=\"description\" content=\"Winterschlussverkauf SSV bei Andagolf Golf Sport Gesch\u00e4ft in Mijas Costa. Bis zu 40% auf Golfschl\u00e4ger, Golfhosen, Clubmaker und allem f\u00fcr den Golf Sport\" \/>\n<meta name=\"robots\" content=\"index, follow, max-snippet:-1, max-image-preview:large, max-video-preview:-1\" \/>\n<link rel=\"canonical\" href=\"https:\/\/andagolf.com\/de\/winterschlussverkauf-golf-fachhandel-mijas\/\" \/>\n<meta property=\"og:locale\" content=\"de_DE\" \/>\n<meta property=\"og:type\" content=\"article\" \/>\n<meta property=\"og:title\" content=\"Winterschlussverkauf bei Andagolf Golf Sport in Mijas\" \/>\n<meta property=\"og:description\" content=\"Winterschlussverkauf SSV bei Andagolf Golf Sport Gesch\u00e4ft in Mijas Costa. Bis zu 40% auf Golfschl\u00e4ger, Golfhosen, Clubmaker und allem f\u00fcr den Golf Sport\" \/>\n<meta property=\"og:url\" content=\"https:\/\/andagolf.com\/de\/winterschlussverkauf-golf-fachhandel-mijas\/\" \/>\n<meta property=\"og:site_name\" content=\"Anda Golf\" \/>\n<meta property=\"article:modified_time\" content=\"2017-01-17T18:54:24+00:00\" \/>\n<script type=\"application\/ld+json\" class=\"yoast-schema-graph\">{\"@context\":\"https:\/\/schema.org\",\"@graph\":[{\"@type\":\"WebPage\",\"@id\":\"https:\/\/andagolf.com\/de\/winterschlussverkauf-golf-fachhandel-mijas\/\",\"url\":\"https:\/\/andagolf.com\/de\/winterschlussverkauf-golf-fachhandel-mijas\/\",\"name\":\"Winterschlussverkauf bei Andagolf Golf Sport in Mijas\",\"isPartOf\":{\"@id\":\"https:\/\/andagolf.com\/de\/#website\"},\"datePublished\":\"2012-10-10T21:00:37+00:00\",\"dateModified\":\"2017-01-17T18:54:24+00:00\",\"description\":\"Winterschlussverkauf SSV bei Andagolf Golf Sport Gesch\u00e4ft in Mijas Costa. Bis zu 40% auf Golfschl\u00e4ger, Golfhosen, Clubmaker und allem f\u00fcr den Golf Sport\",\"inLanguage\":\"de\",\"potentialAction\":[{\"@type\":\"ReadAction\",\"target\":[\"https:\/\/andagolf.com\/de\/winterschlussverkauf-golf-fachhandel-mijas\/\"]}]},{\"@type\":\"WebSite\",\"@id\":\"https:\/\/andagolf.com\/de\/#website\",\"url\":\"https:\/\/andagolf.com\/de\/\",\"name\":\"Anda Golf\",\"description\":\"Golf Shop Mijas - Costa del Sol\",\"publisher\":{\"@id\":\"https:\/\/andagolf.com\/de\/#organization\"},\"potentialAction\":[{\"@type\":\"SearchAction\",\"target\":{\"@type\":\"EntryPoint\",\"urlTemplate\":\"https:\/\/andagolf.com\/de\/?s={search_term_string}\"},\"query-input\":{\"@type\":\"PropertyValueSpecification\",\"valueRequired\":true,\"valueName\":\"search_term_string\"}}],\"inLanguage\":\"de\"},{\"@type\":\"Organization\",\"@id\":\"https:\/\/andagolf.com\/de\/#organization\",\"name\":\"Anda Golf\",\"url\":\"https:\/\/andagolf.com\/de\/\",\"logo\":{\"@type\":\"ImageObject\",\"inLanguage\":\"de\",\"@id\":\"https:\/\/andagolf.com\/de\/#\/schema\/logo\/image\/\",\"url\":\"https:\/\/andagolf.com\/wp-content\/uploads\/2016\/05\/logo-andagolf.png\",\"contentUrl\":\"https:\/\/andagolf.com\/wp-content\/uploads\/2016\/05\/logo-andagolf.png\",\"width\":310,\"height\":108,\"caption\":\"Anda Golf\"},\"image\":{\"@id\":\"https:\/\/andagolf.com\/de\/#\/schema\/logo\/image\/\"}}]}<\/script>\n<!-- \/ Yoast SEO plugin. -->","yoast_head_json":{"title":"Winterschlussverkauf bei Andagolf Golf Sport in Mijas","description":"Winterschlussverkauf SSV bei Andagolf Golf Sport Gesch\u00e4ft in Mijas Costa. Bis zu 40% auf Golfschl\u00e4ger, Golfhosen, Clubmaker und allem f\u00fcr den Golf Sport","robots":{"index":"index","follow":"follow","max-snippet":"max-snippet:-1","max-image-preview":"max-image-preview:large","max-video-preview":"max-video-preview:-1"},"canonical":"https:\/\/andagolf.com\/de\/winterschlussverkauf-golf-fachhandel-mijas\/","og_locale":"de_DE","og_type":"article","og_title":"Winterschlussverkauf bei Andagolf Golf Sport in Mijas","og_description":"Winterschlussverkauf SSV bei Andagolf Golf Sport Gesch\u00e4ft in Mijas Costa. Bis zu 40% auf Golfschl\u00e4ger, Golfhosen, Clubmaker und allem f\u00fcr den Golf Sport","og_url":"https:\/\/andagolf.com\/de\/winterschlussverkauf-golf-fachhandel-mijas\/","og_site_name":"Anda Golf","article_modified_time":"2017-01-17T18:54:24+00:00","schema":{"@context":"https:\/\/schema.org","@graph":[{"@type":"WebPage","@id":"https:\/\/andagolf.com\/de\/winterschlussverkauf-golf-fachhandel-mijas\/","url":"https:\/\/andagolf.com\/de\/winterschlussverkauf-golf-fachhandel-mijas\/","name":"Winterschlussverkauf bei Andagolf Golf Sport in Mijas","isPartOf":{"@id":"https:\/\/andagolf.com\/de\/#website"},"datePublished":"2012-10-10T21:00:37+00:00","dateModified":"2017-01-17T18:54:24+00:00","description":"Winterschlussverkauf SSV bei Andagolf Golf Sport Gesch\u00e4ft in Mijas Costa. Bis zu 40% auf Golfschl\u00e4ger, Golfhosen, Clubmaker und allem f\u00fcr den Golf Sport","inLanguage":"de","potentialAction":[{"@type":"ReadAction","target":["https:\/\/andagolf.com\/de\/winterschlussverkauf-golf-fachhandel-mijas\/"]}]},{"@type":"WebSite","@id":"https:\/\/andagolf.com\/de\/#website","url":"https:\/\/andagolf.com\/de\/","name":"Anda Golf","description":"Golf Shop Mijas - Costa del Sol","publisher":{"@id":"https:\/\/andagolf.com\/de\/#organization"},"potentialAction":[{"@type":"SearchAction","target":{"@type":"EntryPoint","urlTemplate":"https:\/\/andagolf.com\/de\/?s={search_term_string}"},"query-input":{"@type":"PropertyValueSpecification","valueRequired":true,"valueName":"search_term_string"}}],"inLanguage":"de"},{"@type":"Organization","@id":"https:\/\/andagolf.com\/de\/#organization","name":"Anda Golf","url":"https:\/\/andagolf.com\/de\/","logo":{"@type":"ImageObject","inLanguage":"de","@id":"https:\/\/andagolf.com\/de\/#\/schema\/logo\/image\/","url":"https:\/\/andagolf.com\/wp-content\/uploads\/2016\/05\/logo-andagolf.png","contentUrl":"https:\/\/andagolf.com\/wp-content\/uploads\/2016\/05\/logo-andagolf.png","width":310,"height":108,"caption":"Anda Golf"},"image":{"@id":"https:\/\/andagolf.com\/de\/#\/schema\/logo\/image\/"}}]}},"_links":{"self":[{"href":"https:\/\/andagolf.com\/de\/wp-json\/wp\/v2\/pages\/1546","targetHints":{"allow":["GET"]}}],"collection":[{"href":"https:\/\/andagolf.com\/de\/wp-json\/wp\/v2\/pages"}],"about":[{"href":"https:\/\/andagolf.com\/de\/wp-json\/wp\/v2\/types\/page"}],"author":[{"embeddable":true,"href":"https:\/\/andagolf.com\/de\/wp-json\/wp\/v2\/users\/1"}],"replies":[{"embeddable":true,"href":"https:\/\/andagolf.com\/de\/wp-json\/wp\/v2\/comments?post=1546"}],"version-history":[{"count":0,"href":"https:\/\/andagolf.com\/de\/wp-json\/wp\/v2\/pages\/1546\/revisions"}],"wp:attachment":[{"href":"https:\/\/andagolf.com\/de\/wp-json\/wp\/v2\/media?parent=1546"}],"curies":[{"name":"wp","href":"https:\/\/api.w.org\/{rel}","templated":true}]}}