{"id":1905,"date":"2018-05-28T16:17:40","date_gmt":"2018-05-28T16:17:40","guid":{"rendered":"http:\/\/www.andagolf.com\/?page_id=1905"},"modified":"2018-05-28T16:28:12","modified_gmt":"2018-05-28T16:28:12","slug":"impressum","status":"publish","type":"page","link":"https:\/\/andagolf.com\/de\/kontakt\/impressum\/","title":{"rendered":"Impressum"},"content":{"rendered":"<p><strong>Impressum<\/strong><\/p>\n<p><strong>Gesetzliche Anbieterkennung:<\/strong><\/p>\n<p>Andagolf a Medida S.L.<br \/>\ndiese vertreten durch den Gesch\u00e4ftsf\u00fchrer Abas Morsi<br \/>\nUrb. Jard\u00edn Bot\u00e1nico 11<br \/>\nCra. Nal. 340, Km 200<br \/>\n29649 La Cala de Mijas<br \/>\nSpanien<br \/>\n<strong>Telefon: +34 952 58 75 07<\/strong><b><br \/>\n<strong>E-Mail: andagolf@andagolf.com<\/strong><br \/>\n<strong>USt-IdNr.: ESB93166346<\/strong><br \/>\n<\/b><br \/>\nDie Europ\u00e4ische Kommission stellt eine Plattform f\u00fcr die au\u00dfergerichtliche Online-Streitbeilegung (OS-Plattform) bereit, aufrufbar unter <a href=\"http:\/\/ec.europa.eu\/odr\" target=\"_blank\" rel=\"noopener\">https:\/\/ec.europa.eu\/odr<\/a>.<\/p>\n","protected":false},"excerpt":{"rendered":"<p>Impressum Gesetzliche Anbieterkennung: Andagolf a Medida S.L. diese vertreten durch den Gesch\u00e4ftsf\u00fchrer Abas Morsi Urb. Jard\u00edn Bot\u00e1nico 11 Cra. Nal. 340, Km 200 29649 La Cala de Mijas Spanien Telefon: +34 952 58 75 07 E-Mail: andagolf@andagolf.com USt-IdNr.: ESB93166346 Die Europ\u00e4ische Kommission stellt eine Plattform f\u00fcr die au\u00dfergerichtliche Online-Streitbeilegung (OS-Plattform) bereit, aufrufbar unter https:\/\/ec.europa.eu\/odr.<\/p>\n","protected":false},"author":1,"featured_media":0,"parent":1727,"menu_order":0,"comment_status":"closed","ping_status":"closed","template":"","meta":{"footnotes":""},"class_list":["post-1905","page","type-page","status-publish","hentry"],"yoast_head":"<!-- This site is optimized with the Yoast SEO plugin v26.5 - https:\/\/yoast.com\/wordpress\/plugins\/seo\/ -->\n<title>Impressum - Anda Golf<\/title>\n<meta name=\"robots\" content=\"index, follow, max-snippet:-1, max-image-preview:large, max-video-preview:-1\" \/>\n<link rel=\"canonical\" href=\"https:\/\/andagolf.com\/de\/kontakt\/impressum\/\" \/>\n<meta property=\"og:locale\" content=\"de_DE\" \/>\n<meta property=\"og:type\" content=\"article\" \/>\n<meta property=\"og:title\" content=\"Impressum - Anda Golf\" \/>\n<meta property=\"og:description\" content=\"Impressum Gesetzliche Anbieterkennung: Andagolf a Medida S.L. diese vertreten durch den Gesch\u00e4ftsf\u00fchrer Abas Morsi Urb. Jard\u00edn Bot\u00e1nico 11 Cra. Nal. 340, Km 200 29649 La Cala de Mijas Spanien Telefon: +34 952 58 75 07 E-Mail: andagolf@andagolf.com USt-IdNr.: ESB93166346 Die Europ\u00e4ische Kommission stellt eine Plattform f\u00fcr die au\u00dfergerichtliche Online-Streitbeilegung (OS-Plattform) bereit, aufrufbar unter https:\/\/ec.europa.eu\/odr.\" \/>\n<meta property=\"og:url\" content=\"https:\/\/andagolf.com\/de\/kontakt\/impressum\/\" \/>\n<meta property=\"og:site_name\" content=\"Anda Golf\" \/>\n<meta property=\"article:modified_time\" content=\"2018-05-28T16:28:12+00:00\" \/>\n<script type=\"application\/ld+json\" class=\"yoast-schema-graph\">{\"@context\":\"https:\/\/schema.org\",\"@graph\":[{\"@type\":\"WebPage\",\"@id\":\"https:\/\/andagolf.com\/de\/kontakt\/impressum\/\",\"url\":\"https:\/\/andagolf.com\/de\/kontakt\/impressum\/\",\"name\":\"Impressum - Anda Golf\",\"isPartOf\":{\"@id\":\"https:\/\/andagolf.com\/de\/#website\"},\"datePublished\":\"2018-05-28T16:17:40+00:00\",\"dateModified\":\"2018-05-28T16:28:12+00:00\",\"breadcrumb\":{\"@id\":\"https:\/\/andagolf.com\/de\/kontakt\/impressum\/#breadcrumb\"},\"inLanguage\":\"de\",\"potentialAction\":[{\"@type\":\"ReadAction\",\"target\":[\"https:\/\/andagolf.com\/de\/kontakt\/impressum\/\"]}]},{\"@type\":\"BreadcrumbList\",\"@id\":\"https:\/\/andagolf.com\/de\/kontakt\/impressum\/#breadcrumb\",\"itemListElement\":[{\"@type\":\"ListItem\",\"position\":1,\"name\":\"Kontakt\",\"item\":\"https:\/\/andagolf.com\/de\/kontakt\/\"},{\"@type\":\"ListItem\",\"position\":2,\"name\":\"Impressum\"}]},{\"@type\":\"WebSite\",\"@id\":\"https:\/\/andagolf.com\/de\/#website\",\"url\":\"https:\/\/andagolf.com\/de\/\",\"name\":\"Anda Golf\",\"description\":\"Golf Shop Mijas - Costa del Sol\",\"publisher\":{\"@id\":\"https:\/\/andagolf.com\/de\/#organization\"},\"potentialAction\":[{\"@type\":\"SearchAction\",\"target\":{\"@type\":\"EntryPoint\",\"urlTemplate\":\"https:\/\/andagolf.com\/de\/?s={search_term_string}\"},\"query-input\":{\"@type\":\"PropertyValueSpecification\",\"valueRequired\":true,\"valueName\":\"search_term_string\"}}],\"inLanguage\":\"de\"},{\"@type\":\"Organization\",\"@id\":\"https:\/\/andagolf.com\/de\/#organization\",\"name\":\"Anda Golf\",\"url\":\"https:\/\/andagolf.com\/de\/\",\"logo\":{\"@type\":\"ImageObject\",\"inLanguage\":\"de\",\"@id\":\"https:\/\/andagolf.com\/de\/#\/schema\/logo\/image\/\",\"url\":\"https:\/\/andagolf.com\/wp-content\/uploads\/2016\/05\/logo-andagolf.png\",\"contentUrl\":\"https:\/\/andagolf.com\/wp-content\/uploads\/2016\/05\/logo-andagolf.png\",\"width\":310,\"height\":108,\"caption\":\"Anda Golf\"},\"image\":{\"@id\":\"https:\/\/andagolf.com\/de\/#\/schema\/logo\/image\/\"}}]}<\/script>\n<!-- \/ Yoast SEO plugin. -->","yoast_head_json":{"title":"Impressum - Anda Golf","robots":{"index":"index","follow":"follow","max-snippet":"max-snippet:-1","max-image-preview":"max-image-preview:large","max-video-preview":"max-video-preview:-1"},"canonical":"https:\/\/andagolf.com\/de\/kontakt\/impressum\/","og_locale":"de_DE","og_type":"article","og_title":"Impressum - Anda Golf","og_description":"Impressum Gesetzliche Anbieterkennung: Andagolf a Medida S.L. diese vertreten durch den Gesch\u00e4ftsf\u00fchrer Abas Morsi Urb. Jard\u00edn Bot\u00e1nico 11 Cra. Nal. 340, Km 200 29649 La Cala de Mijas Spanien Telefon: +34 952 58 75 07 E-Mail: andagolf@andagolf.com USt-IdNr.: ESB93166346 Die Europ\u00e4ische Kommission stellt eine Plattform f\u00fcr die au\u00dfergerichtliche Online-Streitbeilegung (OS-Plattform) bereit, aufrufbar unter https:\/\/ec.europa.eu\/odr.","og_url":"https:\/\/andagolf.com\/de\/kontakt\/impressum\/","og_site_name":"Anda Golf","article_modified_time":"2018-05-28T16:28:12+00:00","schema":{"@context":"https:\/\/schema.org","@graph":[{"@type":"WebPage","@id":"https:\/\/andagolf.com\/de\/kontakt\/impressum\/","url":"https:\/\/andagolf.com\/de\/kontakt\/impressum\/","name":"Impressum - Anda Golf","isPartOf":{"@id":"https:\/\/andagolf.com\/de\/#website"},"datePublished":"2018-05-28T16:17:40+00:00","dateModified":"2018-05-28T16:28:12+00:00","breadcrumb":{"@id":"https:\/\/andagolf.com\/de\/kontakt\/impressum\/#breadcrumb"},"inLanguage":"de","potentialAction":[{"@type":"ReadAction","target":["https:\/\/andagolf.com\/de\/kontakt\/impressum\/"]}]},{"@type":"BreadcrumbList","@id":"https:\/\/andagolf.com\/de\/kontakt\/impressum\/#breadcrumb","itemListElement":[{"@type":"ListItem","position":1,"name":"Kontakt","item":"https:\/\/andagolf.com\/de\/kontakt\/"},{"@type":"ListItem","position":2,"name":"Impressum"}]},{"@type":"WebSite","@id":"https:\/\/andagolf.com\/de\/#website","url":"https:\/\/andagolf.com\/de\/","name":"Anda Golf","description":"Golf Shop Mijas - Costa del Sol","publisher":{"@id":"https:\/\/andagolf.com\/de\/#organization"},"potentialAction":[{"@type":"SearchAction","target":{"@type":"EntryPoint","urlTemplate":"https:\/\/andagolf.com\/de\/?s={search_term_string}"},"query-input":{"@type":"PropertyValueSpecification","valueRequired":true,"valueName":"search_term_string"}}],"inLanguage":"de"},{"@type":"Organization","@id":"https:\/\/andagolf.com\/de\/#organization","name":"Anda Golf","url":"https:\/\/andagolf.com\/de\/","logo":{"@type":"ImageObject","inLanguage":"de","@id":"https:\/\/andagolf.com\/de\/#\/schema\/logo\/image\/","url":"https:\/\/andagolf.com\/wp-content\/uploads\/2016\/05\/logo-andagolf.png","contentUrl":"https:\/\/andagolf.com\/wp-content\/uploads\/2016\/05\/logo-andagolf.png","width":310,"height":108,"caption":"Anda Golf"},"image":{"@id":"https:\/\/andagolf.com\/de\/#\/schema\/logo\/image\/"}}]}},"_links":{"self":[{"href":"https:\/\/andagolf.com\/de\/wp-json\/wp\/v2\/pages\/1905","targetHints":{"allow":["GET"]}}],"collection":[{"href":"https:\/\/andagolf.com\/de\/wp-json\/wp\/v2\/pages"}],"about":[{"href":"https:\/\/andagolf.com\/de\/wp-json\/wp\/v2\/types\/page"}],"author":[{"embeddable":true,"href":"https:\/\/andagolf.com\/de\/wp-json\/wp\/v2\/users\/1"}],"replies":[{"embeddable":true,"href":"https:\/\/andagolf.com\/de\/wp-json\/wp\/v2\/comments?post=1905"}],"version-history":[{"count":0,"href":"https:\/\/andagolf.com\/de\/wp-json\/wp\/v2\/pages\/1905\/revisions"}],"up":[{"embeddable":true,"href":"https:\/\/andagolf.com\/de\/wp-json\/wp\/v2\/pages\/1727"}],"wp:attachment":[{"href":"https:\/\/andagolf.com\/de\/wp-json\/wp\/v2\/media?parent=1905"}],"curies":[{"name":"wp","href":"https:\/\/api.w.org\/{rel}","templated":true}]}}