{"id":1287,"date":"2012-10-10T10:24:17","date_gmt":"2012-10-10T10:24:17","guid":{"rendered":"http:\/\/andagolf.com\/?page_id=1287"},"modified":"2022-12-12T17:35:27","modified_gmt":"2022-12-12T16:35:27","slug":"%c5%bcqui%c3%a9nes-somos","status":"publish","type":"page","link":"https:\/\/andagolf.com\/es\/%c5%bcqui%c3%a9nes-somos\/","title":{"rendered":"\u00bfQui\u00e9nes somos?"},"content":{"rendered":"<p>[vc_row][vc_column][vc_row_inner][vc_column_inner width=\u00bb1\/2&#8243;][vc_single_image image=\u00bb2491&#8243; img_size=\u00bbfull\u00bb alignment=\u00bbcenter\u00bb][\/vc_column_inner][vc_column_inner width=\u00bb1\/2&#8243;][vc_video link=\u00bbhttps:\/\/www.youtube.com\/watch?v=na-VOKpY3Zs&amp;t=3s\u00bb][\/vc_column_inner][\/vc_row_inner][vc_column_text]<\/p>\n<p style=\"text-align: justify;\">AndaGolf est\u00e1 comprometido en ser su mejor proveedor de equipamiento y vestuario para el golf en M\u00e1laga (Espa\u0144a), independientemente que se trate de sus pr\u00f3ximas vacaciones o simplemente para jugar al golf o para organizar un evento de golf corporativo.<\/p>\n<p style=\"text-align: justify;\">Nos distinguimos por dise\u0144ar pantalones de golf para mujeres y hombres, c\u00f3modos de usar en los campos de golf, y \u00fanicos en los tejidos y colores utilizados. No hay reglas: Desde un estilo relajado a dise\u0144os coloridos de alta calidad, todo es posible.<\/p>\n<p style=\"text-align: justify;\">Experimente una experiencia golf\u00edstica distinta y realmente \u00fanica gracias a nuestros productos para el golf.<\/p>\n<h2>Tienda<\/h2>\n<p>Adem\u00e1s de nuestros talleres, gestionamos tambi\u00e9n una tienda tradicional de golf con una amplia gama de productos tal como zapatos, polos, palos, guantes, pelotas, carritos y ulterior ropa y accesorios necesarios para que consiga una ronda de golf perfecta.<\/p>\n<h2>Accesorios<\/h2>\n<p><a href=\"http:\/\/andagolf.com\/es\/accesorios\/\">Aqu\u00ed<\/a> puede encontrar algunos de nuestros accesorios.<\/p>\n<hr \/>\n<p>Le invitamos a que participe a una visita sin compromiso para poderle demostrar lo que hacemos y quienes somos.[\/vc_column_text][vc_separator][vc_column_text]<\/p>\n<h1 style=\"text-align: center;\">Anda Golf \u2013 Reparaci\u00f3n y Mantenimiento de Palos de Golf en el Valle del Golf de Mijas<\/h1>\n<p>[\/vc_column_text][vc_column_text]<\/p>\n<h2>Entrevista a <a href=\"https:\/\/golfoncostadelsol.com\/author\/stuart\/\" target=\"_blank\" rel=\"noopener\">Stuart Leary<\/a> de Golf en la Costa del Sol<\/h2>\n<p>(21.02.2021)[\/vc_column_text][vc_column_text]Si eres un golfista entusiasta, lo m\u00e1s probable es que quieras mejorar tu juego. El golf te hace eso. \u00a1El viaje en monta\u00f1a rusa de la euforia a la frustraci\u00f3n evoca en nosotros la esperanza de que las cosas mejorar\u00e1n! \u00a1Es esta esperanza la que nos hace volver! Por eso, sus palos deben estar en plena forma, y Anda Golf, con sede en La Cala de Mijas, puede ayudarle con las reparaciones y el mantenimiento.<\/p>\n<h3>\u00bfPuedes comprar un juego mejor?<\/h3>\n<p>Los fabricantes de palos de golf nos instan con promesas de una distancia cada vez mayor desde el tee y hierros que son m\u00e1s f\u00e1ciles de golpear para comprar equipo nuevo cada dos temporadas. La cuesti\u00f3n es, \u00bfrealmente necesitamos gastar tanto dinero para que nuestro golf siga mejorando?<\/p>\n<p>No.<\/p>\n<p>Ese hecho es que los palos de golf, especialmente los hierros, no se desgastan r\u00e1pidamente. Con un poco de mantenimiento y cuidado, puede esperar que sus hierros funcionen perfectamente durante 8 a 12 a\u00f1os. Los drivers le servir\u00e1n bien durante unos 5 a\u00f1os.<\/p>\n<p>Visitar a un reperador y montador de palos y hacer que sus palos existentes sean reacondicionados puede darles una nueva oportunidad de vida y brindarle ese rendimiento extra deseado.<\/p>\n<p>En esta entrevista hablamos con Abas Morsi en Anda Golf. Probablemente el \u00abClubmaker\u00bb m\u00e1s consolidado y respetado de la Costa del Sol. Le preguntamos qu\u00e9 diferencia puede marcar en su juego y por qu\u00e9 tiene sentido visitarlo mientras disfruta de sus vacaciones de golf en la Costa del Sol.<\/p>\n<h3>S.L: \u00bfCu\u00e1nto tiempo llevas al frente de Anda Golf?<\/h3>\n<p>A.M: Ya llevamos 15 a\u00f1os aqu\u00ed en La Cala.<\/p>\n<h3>S.L: \u00bfQu\u00e9 te hizo elegir La Cala?<\/h3>\n<p>A.M: Cuando vi por primera vez este espacio comercial tuve un buen presentimiento. Estamos en una v\u00eda de servicio junto a la Autov\u00eda principal A7 que recorre toda la Costa del Sol. \u00a1Cada golfista que se dirija desde el aeropuerto de M\u00e1laga para jugar al golf pasar\u00e1 por nuestra puerta! Tenemos mucho espacio de estacionamiento directamente en frente de la tienda, lo que facilita a mis clientes traer y sacar sus palos.<\/p>\n<p>Tambi\u00e9n aqu\u00ed en La Cala estamos centralmente ubicados entre varios campos de golf. Mijas Golf, La Cala Golf, Alhaurin Golf, Cerrado del Aguila y Santana Golf est\u00e1n a pocos kil\u00f3metros detr\u00e1s de nosotros. La Noria est\u00e1 en nuestra puerta, Cabopino Golf, Santa Maria Golf y Marbella Golf a pocos minutos por la carretera. \u00a1Puedo contar m\u00e1s de 20 campos de golf ubicados en un radio de 20 km de nosotros!<\/p>\n<h3>S.L: \u00bfC\u00f3mo te iniciaste en el Golf?<\/h3>\n<p>A.M: Hace veinticinco a\u00f1os consegu\u00ed un trabajo en Mr Scotts, una tienda de golf muy conocida cerca de Marbella. No sab\u00eda nada de golf ni de hacer palos. Mi trabajo era vender la ropa. Poco a poco, el due\u00f1o me pidi\u00f3 que tomara m\u00e1s responsabilidad, as\u00ed que me hice responsable del control de calidad de los art\u00edculos que sal\u00edan de la tienda, incluidas las reparaciones de los palos. Verificaba que no hubiera residuos de pegamento, que las empu\u00f1aduras estuvieran perfectamente rectas, etc. No pas\u00f3 mucho tiempo antes de que comenzara a aprender a arreglar palos por mi cuenta.<\/p>\n<h3>S.L: \u00bfCu\u00e1l es la mayor parte de su negocio en Anda Golf?<\/h3>\n<p>A.M: Vendemos ropa, tenemos a la venta miles de palos nuevos y usados, vendemos todo tipo de accesorios de golf as\u00ed como fabricaci\u00f3n y reparaci\u00f3n de palos.<\/p>\n<p>Vendemos muchos palos de golf usados. Por aqu\u00ed pasan palos muy interesantes, hermosos hierros de hoja de hace 30 y 40 a\u00f1os, todo tipo de drivers, maderas, wedges y putters. La gente viene a la tienda y se toma su tiempo moviendo los palos para tener una idea de ellos. Si les gusta un palo podemos hacer arreglos para que se lo lleven un par de d\u00edas y lo prueben en el campo de golf antes de comprarlo, \u00a1es perfecto!<\/p>\n<p>Trabajamos con muchos de los profesionales locales. Muchos de ellos ense\u00f1an usando trackman, alcance de vuelo y otros monitores de lanzamiento que producen datos sobre los swings de sus alumnos, aqu\u00ed en Anda Golf usamos esos datos para construir o modificar los palos para que sus alumnos obtengan el mejor rendimiento posible.<\/p>\n<h3>S.L: \u00bfQu\u00e9 tipo de reparaciones hac\u00e9is?<\/h3>\n<p>El m\u00e1s com\u00fan es el re-agarre. \u00a1Pido 700 empu\u00f1aduras cada mes para mantenerme recargado! Volver a agarrar un palo es m\u00e1s que simplemente cortar el viejo y colocar uno nuevo. Tengo un cliente que vino un d\u00eda, hablamos de golf, dijo: \u00abNecesito encontrar un nuevo putter, mi putter simplemente no se siente bien, me va todo a la derecha\u00bb. Le ped\u00ed que lo trajera. Era un putter nuevo, un TaylorMade Spider, de 4 meses, comprado en una gran tienda de deportes.<\/p>\n<p>\u00a1Este hombre es un hombre grande con manos enormes! El putter ten\u00eda un agarre normal. Cuando puse el putter en mi mesa de agarre pude ver que no estaba derecho. Un peque\u00f1o error al colocar correctamente el grip fue la causa de que fallara a la derecha, la raz\u00f3n por la que el palo no se sent\u00eda bien porque el grip era demasiado peque\u00f1o. \u00a1Al ajustar correctamente el agarre adecuado para \u00e9l, le ahorramos 4 disparos por ronda!<\/p>\n<p>La gente tiende a terminar su ronda y luego meter sus palos en la parte trasera del coche, \u00a1especialmente los visitantes que no est\u00e1n familiarizados con el ancho de sus coches de alquiler! Eventualmente, esto causar\u00e1 peque\u00f1as fracturas en el grafito, despu\u00e9s de un tiempo, estas grietas se extender\u00e1n hasta que un d\u00eda hagas un swing en el tee la varilla finalmente se rompe. \u00a1Recibo muchas solicitudes de varillas nuevos! Cuando reemplazo una varilla, tengo mucho cuidado de asegurarme de replicar exactamente c\u00f3mo estaba el palo antes para que se sienta igual. No hay nada peor que tener una varilla nuevo instalado y luego el palo se siente diferente a los dem\u00e1s.<\/p>\n<h3>S.L: \u00bfQu\u00e9 puedes hacer por los golfistas visitantes?<\/h3>\n<p>Muchos golfistas en sus pa\u00edses de origen juegan al golf, guardan los palos y se olvidan de ellos hasta el pr\u00f3ximo fin de semana. \u00a1Cuando est\u00e1n aqu\u00ed disfrutando del golf en la Costa del Sol, sus palos de golf est\u00e1n a la vista todos los d\u00edas! Es la oportunidad perfecta para venir a revisarlos en uno de los d\u00edas que no son de golf. Ver\u00e1n cambios inmediatos en su puntuaci\u00f3n.<\/p>\n<p>Si sus empu\u00f1aduras tienen m\u00e1s de 100 rondas, puede afectar la presi\u00f3n de su empu\u00f1adura. A medida que el agarre se vuelve m\u00e1s duro y brillante, debe agarrarlo con m\u00e1s fuerza, lo que agrega una tensi\u00f3n no deseada en el swing. Con las empu\u00f1aduras del tama\u00f1o adecuado correctamente colocadas, le resultar\u00e1 mucho m\u00e1s f\u00e1cil hacer buenos swings suaves. Sus palos se sentir\u00e1n y funcionar\u00e1n como nuevos.<\/p>\n<p>A menudo, los gofers encuentran que despu\u00e9s de un per\u00edodo de tiempo algunos de sus hierros no van tan lejos como antes o que un par de hierros parecen volar m\u00e1s o menos la misma distancia. Este tipo de patr\u00f3n es com\u00fan, es una se\u00f1al de que es necesario revisar el palomar. Tener el loft\/lie correcto le dar\u00e1 distancias incrementales consistentes con sus hierros.<\/p>\n<p>Del mismo modo, si el lie de su palo no le conviene, ya sea demasiado vertical o demasiado plano, har\u00e1 que golpee constantemente hacia la izquierda o hacia la derecha. Puede saberlo mirando la posici\u00f3n de su direcci\u00f3n. Si el tal\u00f3n del palo no toca el suelo, el lie es demasiado plano para ti, los golpes tender\u00e1n a ir a la derecha. Si sus chuletas son m\u00e1s profundas en el tal\u00f3n del palo,el lie es demasiado vertical para usted y los golpes normalmente ir\u00e1n a la izquierda.<\/p>\n<h3>Resumen<\/h3>\n<p>No hace falta decir que uso Anda Golf para mantener mis palos. Al comienzo de la temporada de golf 2020, Abas cambi\u00f3 mis agarres, revis\u00f3 los lofts de mis hierros y modific\u00f3 mi driver y 3 maderas para que coincidieran con los datos que obtuve del monitor de lanzamiento. Para m\u00ed ha hecho una diferencia real en mi confianza. Mi venerable driver Taylormade M2 y mis hierros Mizuno MP4 han jugado mucho golf en los \u00faltimos 4 a\u00f1os. Todav\u00eda se sienten geniales porque todav\u00eda me quedan perfectamente. Estoy agradecido con Abas en Anda Golf por ayudarme a mantener mi juego en buena forma. \u00a1\u00c9l har\u00e1 lo mismo por ti tambi\u00e9n![\/vc_column_text][\/vc_column][vc_column][\/vc_column][\/vc_row]<\/p>\n","protected":false},"excerpt":{"rendered":"<p>[vc_row][vc_column][vc_row_inner][vc_column_inner width=\u00bb1\/2&#8243;][vc_single_image image=\u00bb2491&#8243; img_size=\u00bbfull\u00bb alignment=\u00bbcenter\u00bb][\/vc_column_inner][vc_column_inner width=\u00bb1\/2&#8243;][vc_video link=\u00bbhttps:\/\/www.youtube.com\/watch?v=na-VOKpY3Zs&amp;t=3s\u00bb][\/vc_column_inner][\/vc_row_inner][vc_column_text] AndaGolf est\u00e1 comprometido en ser su mejor proveedor de equipamiento y vestuario para el golf en M\u00e1laga (Espa\u0144a), independientemente que se trate de sus pr\u00f3ximas vacaciones o simplemente para jugar al golf o para organizar un evento de golf corporativo. Nos distinguimos por dise\u0144ar pantalones de golf para &hellip; <a href=\"https:\/\/andagolf.com\/es\/%c5%bcqui%c3%a9nes-somos\/\" class=\"more-link\">Continue reading <span class=\"screen-reader-text\">\u00bfQui\u00e9nes somos?<\/span><\/a><\/p>\n","protected":false},"author":1,"featured_media":0,"parent":0,"menu_order":0,"comment_status":"closed","ping_status":"closed","template":"","meta":{"footnotes":""},"class_list":["post-1287","page","type-page","status-publish","hentry"],"yoast_head":"<!-- This site is optimized with the Yoast SEO plugin v26.5 - https:\/\/yoast.com\/wordpress\/plugins\/seo\/ -->\n<title>\u00bfQui\u00e9nes somos? - Anda Golf<\/title>\n<meta name=\"robots\" content=\"index, follow, max-snippet:-1, max-image-preview:large, max-video-preview:-1\" \/>\n<link rel=\"canonical\" href=\"https:\/\/andagolf.com\/es\/%c5%bcqui%c3%a9nes-somos\/\" \/>\n<meta property=\"og:locale\" content=\"es_ES\" \/>\n<meta property=\"og:type\" content=\"article\" \/>\n<meta property=\"og:title\" content=\"\u00bfQui\u00e9nes somos? - Anda Golf\" \/>\n<meta property=\"og:description\" content=\"[vc_row][vc_column][vc_row_inner][vc_column_inner width=\u00bb1\/2&#8243;][vc_single_image image=\u00bb2491&#8243; img_size=\u00bbfull\u00bb alignment=\u00bbcenter\u00bb][\/vc_column_inner][vc_column_inner width=\u00bb1\/2&#8243;][vc_video link=\u00bbhttps:\/\/www.youtube.com\/watch?v=na-VOKpY3Zs&amp;t=3s\u00bb][\/vc_column_inner][\/vc_row_inner][vc_column_text] AndaGolf est\u00e1 comprometido en ser su mejor proveedor de equipamiento y vestuario para el golf en M\u00e1laga (Espa\u0144a), independientemente que se trate de sus pr\u00f3ximas vacaciones o simplemente para jugar al golf o para organizar un evento de golf corporativo. Nos distinguimos por dise\u0144ar pantalones de golf para &hellip; Continue reading \u00bfQui\u00e9nes somos?\" \/>\n<meta property=\"og:url\" content=\"https:\/\/andagolf.com\/es\/%c5%bcqui%c3%a9nes-somos\/\" \/>\n<meta property=\"og:site_name\" content=\"Anda Golf\" \/>\n<meta property=\"article:modified_time\" content=\"2022-12-12T16:35:27+00:00\" \/>\n<meta name=\"twitter:label1\" content=\"Tiempo de lectura\" \/>\n\t<meta name=\"twitter:data1\" content=\"9 minutos\" \/>\n<script type=\"application\/ld+json\" class=\"yoast-schema-graph\">{\"@context\":\"https:\/\/schema.org\",\"@graph\":[{\"@type\":\"WebPage\",\"@id\":\"https:\/\/andagolf.com\/es\/%c5%bcqui%c3%a9nes-somos\/\",\"url\":\"https:\/\/andagolf.com\/es\/%c5%bcqui%c3%a9nes-somos\/\",\"name\":\"\u00bfQui\u00e9nes somos? - Anda Golf\",\"isPartOf\":{\"@id\":\"https:\/\/andagolf.com\/es\/#website\"},\"datePublished\":\"2012-10-10T10:24:17+00:00\",\"dateModified\":\"2022-12-12T16:35:27+00:00\",\"inLanguage\":\"es\",\"potentialAction\":[{\"@type\":\"ReadAction\",\"target\":[\"https:\/\/andagolf.com\/es\/%c5%bcqui%c3%a9nes-somos\/\"]}]},{\"@type\":\"WebSite\",\"@id\":\"https:\/\/andagolf.com\/es\/#website\",\"url\":\"https:\/\/andagolf.com\/es\/\",\"name\":\"Anda Golf\",\"description\":\"Golf Shop Mijas - Costa del Sol\",\"publisher\":{\"@id\":\"https:\/\/andagolf.com\/es\/#organization\"},\"potentialAction\":[{\"@type\":\"SearchAction\",\"target\":{\"@type\":\"EntryPoint\",\"urlTemplate\":\"https:\/\/andagolf.com\/es\/?s={search_term_string}\"},\"query-input\":{\"@type\":\"PropertyValueSpecification\",\"valueRequired\":true,\"valueName\":\"search_term_string\"}}],\"inLanguage\":\"es\"},{\"@type\":\"Organization\",\"@id\":\"https:\/\/andagolf.com\/es\/#organization\",\"name\":\"Anda Golf\",\"url\":\"https:\/\/andagolf.com\/es\/\",\"logo\":{\"@type\":\"ImageObject\",\"inLanguage\":\"es\",\"@id\":\"https:\/\/andagolf.com\/es\/#\/schema\/logo\/image\/\",\"url\":\"https:\/\/andagolf.com\/wp-content\/uploads\/2016\/05\/logo-andagolf.png\",\"contentUrl\":\"https:\/\/andagolf.com\/wp-content\/uploads\/2016\/05\/logo-andagolf.png\",\"width\":310,\"height\":108,\"caption\":\"Anda Golf\"},\"image\":{\"@id\":\"https:\/\/andagolf.com\/es\/#\/schema\/logo\/image\/\"}}]}<\/script>\n<!-- \/ Yoast SEO plugin. -->","yoast_head_json":{"title":"\u00bfQui\u00e9nes somos? - Anda Golf","robots":{"index":"index","follow":"follow","max-snippet":"max-snippet:-1","max-image-preview":"max-image-preview:large","max-video-preview":"max-video-preview:-1"},"canonical":"https:\/\/andagolf.com\/es\/%c5%bcqui%c3%a9nes-somos\/","og_locale":"es_ES","og_type":"article","og_title":"\u00bfQui\u00e9nes somos? - Anda Golf","og_description":"[vc_row][vc_column][vc_row_inner][vc_column_inner width=\u00bb1\/2&#8243;][vc_single_image image=\u00bb2491&#8243; img_size=\u00bbfull\u00bb alignment=\u00bbcenter\u00bb][\/vc_column_inner][vc_column_inner width=\u00bb1\/2&#8243;][vc_video link=\u00bbhttps:\/\/www.youtube.com\/watch?v=na-VOKpY3Zs&amp;t=3s\u00bb][\/vc_column_inner][\/vc_row_inner][vc_column_text] AndaGolf est\u00e1 comprometido en ser su mejor proveedor de equipamiento y vestuario para el golf en M\u00e1laga (Espa\u0144a), independientemente que se trate de sus pr\u00f3ximas vacaciones o simplemente para jugar al golf o para organizar un evento de golf corporativo. Nos distinguimos por dise\u0144ar pantalones de golf para &hellip; Continue reading \u00bfQui\u00e9nes somos?","og_url":"https:\/\/andagolf.com\/es\/%c5%bcqui%c3%a9nes-somos\/","og_site_name":"Anda Golf","article_modified_time":"2022-12-12T16:35:27+00:00","twitter_misc":{"Tiempo de lectura":"9 minutos"},"schema":{"@context":"https:\/\/schema.org","@graph":[{"@type":"WebPage","@id":"https:\/\/andagolf.com\/es\/%c5%bcqui%c3%a9nes-somos\/","url":"https:\/\/andagolf.com\/es\/%c5%bcqui%c3%a9nes-somos\/","name":"\u00bfQui\u00e9nes somos? - Anda Golf","isPartOf":{"@id":"https:\/\/andagolf.com\/es\/#website"},"datePublished":"2012-10-10T10:24:17+00:00","dateModified":"2022-12-12T16:35:27+00:00","inLanguage":"es","potentialAction":[{"@type":"ReadAction","target":["https:\/\/andagolf.com\/es\/%c5%bcqui%c3%a9nes-somos\/"]}]},{"@type":"WebSite","@id":"https:\/\/andagolf.com\/es\/#website","url":"https:\/\/andagolf.com\/es\/","name":"Anda Golf","description":"Golf Shop Mijas - Costa del Sol","publisher":{"@id":"https:\/\/andagolf.com\/es\/#organization"},"potentialAction":[{"@type":"SearchAction","target":{"@type":"EntryPoint","urlTemplate":"https:\/\/andagolf.com\/es\/?s={search_term_string}"},"query-input":{"@type":"PropertyValueSpecification","valueRequired":true,"valueName":"search_term_string"}}],"inLanguage":"es"},{"@type":"Organization","@id":"https:\/\/andagolf.com\/es\/#organization","name":"Anda Golf","url":"https:\/\/andagolf.com\/es\/","logo":{"@type":"ImageObject","inLanguage":"es","@id":"https:\/\/andagolf.com\/es\/#\/schema\/logo\/image\/","url":"https:\/\/andagolf.com\/wp-content\/uploads\/2016\/05\/logo-andagolf.png","contentUrl":"https:\/\/andagolf.com\/wp-content\/uploads\/2016\/05\/logo-andagolf.png","width":310,"height":108,"caption":"Anda Golf"},"image":{"@id":"https:\/\/andagolf.com\/es\/#\/schema\/logo\/image\/"}}]}},"_links":{"self":[{"href":"https:\/\/andagolf.com\/es\/wp-json\/wp\/v2\/pages\/1287","targetHints":{"allow":["GET"]}}],"collection":[{"href":"https:\/\/andagolf.com\/es\/wp-json\/wp\/v2\/pages"}],"about":[{"href":"https:\/\/andagolf.com\/es\/wp-json\/wp\/v2\/types\/page"}],"author":[{"embeddable":true,"href":"https:\/\/andagolf.com\/es\/wp-json\/wp\/v2\/users\/1"}],"replies":[{"embeddable":true,"href":"https:\/\/andagolf.com\/es\/wp-json\/wp\/v2\/comments?post=1287"}],"version-history":[{"count":0,"href":"https:\/\/andagolf.com\/es\/wp-json\/wp\/v2\/pages\/1287\/revisions"}],"wp:attachment":[{"href":"https:\/\/andagolf.com\/es\/wp-json\/wp\/v2\/media?parent=1287"}],"curies":[{"name":"wp","href":"https:\/\/api.w.org\/{rel}","templated":true}]}}