{"id":1295,"date":"2012-10-10T11:25:29","date_gmt":"2012-10-10T11:25:29","guid":{"rendered":"http:\/\/andagolf.com\/?page_id=1295"},"modified":"2013-04-06T18:48:50","modified_gmt":"2013-04-06T18:48:50","slug":"pantalones-de-golf-a-medida","status":"publish","type":"page","link":"https:\/\/andagolf.com\/es\/pantalones-de-golf-a-medida\/","title":{"rendered":"Pantalones de golf a medida"},"content":{"rendered":"<p>Nos distinguimos por dise\u00f1ar pantalones de golf para mujeres y hombres, c\u00f3modos de usar en los campos de golf, y \u00fanicos en los tejidos y colores utilizados.<\/p>\n<p>No hay reglas: Desde un estilo relajado a dise\u0144os coloridos de alta calidad, todo es posible.<\/p>\n<hr \/>\n<p>Explorando nuestra galer\u00eda de fotos y agrandando las im\u00e1genes que se muestran mas abajo, podr\u00e1 tener una idea de los textiles disponibles y utilizados por nosotros:<\/p>\n<div class=\"lightbox\">\n<div class=\"spacer\"><\/div>\n<p><a title=\"AAIMG_0869\" href=\"http:\/\/andagolf.com\/wp-content\/uploads\/2012\/08\/image_962-scale_800x600_quality_90.jpg\" rel=\"lightbox[961]\"><img decoding=\"async\" title=\"AAIMG_0869\" alt=\"AAIMG_0869\" src=\"http:\/\/andagolf.com\/wp-content\/uploads\/2012\/08\/image_962-thumbnail_180x180_gravity_center_crop_80x80.jpg\" \/><\/a><a title=\"AAIMG_0872\" href=\"http:\/\/andagolf.com\/wp-content\/uploads\/2012\/08\/image_963-scale_800x600_quality_90.jpg\" rel=\"lightbox[961]\"><img decoding=\"async\" title=\"AAIMG_0872\" alt=\"AAIMG_0872\" src=\"http:\/\/andagolf.com\/wp-content\/uploads\/2012\/08\/image_963-thumbnail_180x180_gravity_center_crop_80x80.jpg\" \/><\/a><a title=\"AAIMG_0879\" href=\"http:\/\/andagolf.com\/wp-content\/uploads\/2012\/08\/image_965-scale_800x600_quality_90.jpg\" rel=\"lightbox[961]\"><img decoding=\"async\" title=\"AAIMG_0879\" alt=\"AAIMG_0879\" src=\"http:\/\/andagolf.com\/wp-content\/uploads\/2012\/08\/image_965-thumbnail_180x180_gravity_center_crop_80x80.jpg\" \/><\/a><a title=\"aIMG_9259.jpg\" href=\"http:\/\/andagolf.com\/wp-content\/uploads\/2012\/08\/image_966-scale_800x600_quality_90.jpg\" rel=\"lightbox[961]\"><img decoding=\"async\" title=\"aIMG_9259.jpg\" alt=\"aIMG_9259.jpg\" src=\"http:\/\/andagolf.com\/wp-content\/uploads\/2012\/08\/image_966-thumbnail_180x180_gravity_center_crop_80x80.jpg\" \/><\/a><a title=\"aIMG_9260.jpg\" href=\"http:\/\/andagolf.com\/wp-content\/uploads\/2012\/08\/image_968-scale_800x600_quality_90.jpg\" rel=\"lightbox[961]\"><img decoding=\"async\" title=\"aIMG_9260.jpg\" alt=\"aIMG_9260.jpg\" src=\"http:\/\/andagolf.com\/wp-content\/uploads\/2012\/08\/image_968-thumbnail_180x180_gravity_center_crop_80x80.jpg\" \/><\/a><a title=\"aIMG_9266.jpg\" href=\"http:\/\/andagolf.com\/wp-content\/uploads\/2012\/08\/image_969-scale_800x600_quality_90.jpg\" rel=\"lightbox[961]\"><img decoding=\"async\" title=\"aIMG_9266.jpg\" alt=\"aIMG_9266.jpg\" src=\"http:\/\/andagolf.com\/wp-content\/uploads\/2012\/08\/image_969-thumbnail_180x180_gravity_center_crop_80x80.jpg\" \/><\/a><a title=\"aIMG_9267.jpg\" href=\"http:\/\/andagolf.com\/wp-content\/uploads\/2012\/08\/image_971-scale_800x600_quality_90.jpg\" rel=\"lightbox[961]\"><img decoding=\"async\" title=\"aIMG_9267.jpg\" alt=\"aIMG_9267.jpg\" src=\"http:\/\/andagolf.com\/wp-content\/uploads\/2012\/08\/image_971-thumbnail_180x180_gravity_center_crop_80x80.jpg\" \/><\/a><a title=\"Autum IMG_6701.jpg\" href=\"http:\/\/andagolf.com\/wp-content\/uploads\/2012\/08\/image_972-scale_800x600_quality_90.jpg\" rel=\"lightbox[961]\"><img decoding=\"async\" title=\"Autum IMG_6701.jpg\" alt=\"\" src=\"http:\/\/andagolf.com\/wp-content\/uploads\/2012\/08\/image_972-thumbnail_180x180_gravity_center_crop_80x80.jpg\" \/><\/a><a title=\"Autum IMG_6706.jpg\" href=\"http:\/\/andagolf.com\/wp-content\/uploads\/2012\/08\/image_973-scale_800x600_quality_90.jpg\" rel=\"lightbox[961]\"><img decoding=\"async\" title=\"Autum IMG_6706.jpg\" alt=\"Autum IMG_6706.jpg\" src=\"http:\/\/andagolf.com\/wp-content\/uploads\/2012\/08\/image_973-thumbnail_180x180_gravity_center_crop_80x80.jpg\" \/><\/a><a title=\"Autum IMG_6719.jpg\" href=\"http:\/\/andagolf.com\/wp-content\/uploads\/2012\/08\/image_975-scale_800x600_quality_90.jpg\" rel=\"lightbox[961]\"><img decoding=\"async\" title=\"Autum IMG_6719.jpg\" alt=\"Autum IMG_6719.jpg\" src=\"http:\/\/andagolf.com\/wp-content\/uploads\/2012\/08\/image_975-thumbnail_180x180_gravity_center_crop_80x80.jpg\" \/><\/a><a title=\"High summer collection\" href=\"http:\/\/andagolf.com\/wp-content\/uploads\/2012\/08\/image_976-scale_800x600_quality_90.jpg\" rel=\"lightbox[961]\"><img decoding=\"async\" title=\"High summer collection\" alt=\"High summer collection\" src=\"http:\/\/andagolf.com\/wp-content\/uploads\/2012\/08\/image_976-thumbnail_180x180_gravity_center_crop_80x80.jpg\" \/><\/a><a title=\"High summer collection 2\" href=\"http:\/\/andagolf.com\/wp-content\/uploads\/2012\/08\/image_977-scale_800x600_quality_90.jpg\" rel=\"lightbox[961]\"><img decoding=\"async\" title=\"High summer collection 2\" alt=\"High summer collection 2\" src=\"http:\/\/andagolf.com\/wp-content\/uploads\/2012\/08\/image_977-thumbnail_180x180_gravity_center_crop_80x80.jpg\" \/><\/a><a title=\"High summer collection 3\" href=\"http:\/\/andagolf.com\/wp-content\/uploads\/2012\/08\/image_978-scale_800x600_quality_90.jpg\" rel=\"lightbox[961]\"><img decoding=\"async\" title=\"High summer collection 3\" alt=\"High summer collection 3\" src=\"http:\/\/andagolf.com\/wp-content\/uploads\/2012\/08\/image_978-thumbnail_180x180_gravity_center_crop_80x80.jpg\" \/><\/a><a title=\"IMG_0423.jpg\" href=\"http:\/\/andagolf.com\/wp-content\/uploads\/2012\/08\/image_982-scale_800x600_quality_90.jpg\" rel=\"lightbox[961]\"><img decoding=\"async\" title=\"IMG_0423.jpg\" alt=\"IMG_0423.jpg\" src=\"http:\/\/andagolf.com\/wp-content\/uploads\/2012\/08\/image_982-thumbnail_180x180_gravity_center_crop_80x80.jpg\" \/><\/a><a title=\"IMG_0431.jpg\" href=\"http:\/\/andagolf.com\/wp-content\/uploads\/2012\/08\/image_983-scale_800x600_quality_90.jpg\" rel=\"lightbox[961]\"><img decoding=\"async\" title=\"IMG_0431.jpg\" alt=\"IMG_0431.jpg\" src=\"http:\/\/andagolf.com\/wp-content\/uploads\/2012\/08\/image_983-thumbnail_180x180_gravity_center_crop_80x80.jpg\" \/><\/a><a title=\"IMG_0435.jpg\" href=\"http:\/\/andagolf.com\/wp-content\/uploads\/2012\/08\/image_984-scale_800x600_quality_90.jpg\" rel=\"lightbox[961]\"><img decoding=\"async\" title=\"IMG_0435.jpg\" alt=\"IMG_0435.jpg\" src=\"http:\/\/andagolf.com\/wp-content\/uploads\/2012\/08\/image_984-thumbnail_180x180_gravity_center_crop_80x80.jpg\" \/><\/a><a title=\"IMG_0437.jpg\" href=\"http:\/\/andagolf.com\/wp-content\/uploads\/2012\/08\/image_985-scale_800x600_quality_90.jpg\" rel=\"lightbox[961]\"><img decoding=\"async\" title=\"IMG_0437.jpg\" alt=\"IMG_0437.jpg\" src=\"http:\/\/andagolf.com\/wp-content\/uploads\/2012\/08\/image_985-thumbnail_180x180_gravity_center_crop_80x80.jpg\" \/><\/a><a title=\"IMG_0464.jpg\" href=\"http:\/\/andagolf.com\/wp-content\/uploads\/2012\/08\/image_988-scale_800x600_quality_90.jpg\" rel=\"lightbox[961]\"><img decoding=\"async\" title=\"IMG_0464.jpg\" alt=\"IMG_0464.jpg\" src=\"http:\/\/andagolf.com\/wp-content\/uploads\/2012\/08\/image_988-thumbnail_180x180_gravity_center_crop_80x80.jpg\" \/><\/a><a title=\"IMG_0467.jpg\" href=\"http:\/\/andagolf.com\/wp-content\/uploads\/2012\/08\/image_989-scale_800x600_quality_90.jpg\" rel=\"lightbox[961]\"><img decoding=\"async\" title=\"IMG_0467.jpg\" alt=\"IMG_0467.jpg\" src=\"http:\/\/andagolf.com\/wp-content\/uploads\/2012\/08\/image_989-thumbnail_180x180_gravity_center_crop_80x80.jpg\" \/><\/a><a title=\"IMG_0471.jpg\" href=\"http:\/\/andagolf.com\/wp-content\/uploads\/2012\/08\/image_990-scale_800x600_quality_90.jpg\" rel=\"lightbox[961]\"><img decoding=\"async\" title=\"IMG_0471.jpg\" alt=\"IMG_0471.jpg\" src=\"http:\/\/andagolf.com\/wp-content\/uploads\/2012\/08\/image_990-thumbnail_180x180_gravity_center_crop_80x80.jpg\" \/><\/a><a title=\"IMG_0479.jpg\" href=\"http:\/\/andagolf.com\/wp-content\/uploads\/2012\/08\/image_991-scale_800x600_quality_90.jpg\" rel=\"lightbox[961]\"><img decoding=\"async\" title=\"IMG_0479.jpg\" alt=\"IMG_0479.jpg\" src=\"http:\/\/andagolf.com\/wp-content\/uploads\/2012\/08\/image_991-thumbnail_180x180_gravity_center_crop_80x80.jpg\" \/><\/a><a title=\"IMG_0480.jpg\" href=\"http:\/\/andagolf.com\/wp-content\/uploads\/2012\/08\/image_992-scale_800x600_quality_90.jpg\" rel=\"lightbox[961]\"><img decoding=\"async\" title=\"IMG_0480.jpg\" alt=\"IMG_0480.jpg\" src=\"http:\/\/andagolf.com\/wp-content\/uploads\/2012\/08\/image_992-thumbnail_180x180_gravity_center_crop_80x80.jpg\" \/><\/a><a title=\"IMG_0487.jpg\" href=\"http:\/\/andagolf.com\/wp-content\/uploads\/2012\/08\/image_993-scale_800x600_quality_90.jpg\" rel=\"lightbox[961]\"><img decoding=\"async\" title=\"IMG_0487.jpg\" alt=\"IMG_0487.jpg\" src=\"http:\/\/andagolf.com\/wp-content\/uploads\/2012\/08\/image_993-thumbnail_180x180_gravity_center_crop_80x80.jpg\" \/><\/a><a title=\"IMG_0489.jpg\" href=\"http:\/\/andagolf.com\/wp-content\/uploads\/2012\/08\/image_994-scale_800x600_quality_90.jpg\" rel=\"lightbox[961]\"><img decoding=\"async\" title=\"IMG_0489.jpg\" alt=\"IMG_0489.jpg\" src=\"http:\/\/andagolf.com\/wp-content\/uploads\/2012\/08\/image_994-thumbnail_180x180_gravity_center_crop_80x80.jpg\" \/><\/a><a title=\"IMG_0491.jpg\" href=\"http:\/\/andagolf.com\/wp-content\/uploads\/2012\/08\/image_995-scale_800x600_quality_90.jpg\" rel=\"lightbox[961]\"><img decoding=\"async\" title=\"IMG_0491.jpg\" alt=\"IMG_0491.jpg\" src=\"http:\/\/andagolf.com\/wp-content\/uploads\/2012\/08\/image_995-thumbnail_180x180_gravity_center_crop_80x80.jpg\" \/><\/a><a title=\"IMG_0493.jpg\" href=\"http:\/\/andagolf.com\/wp-content\/uploads\/2012\/08\/image_1248-scale_800x600_quality_90.jpg\" rel=\"lightbox[961]\"><img decoding=\"async\" title=\"IMG_0493.jpg\" alt=\"IMG_0493.jpg\" src=\"http:\/\/andagolf.com\/wp-content\/uploads\/2012\/08\/image_1248-thumbnail_180x180_gravity_center_crop_80x80.jpg\" \/><\/a><a title=\"IMG_0501.jpg\" href=\"http:\/\/andagolf.com\/wp-content\/uploads\/2012\/08\/image_1249-scale_800x600_quality_90.jpg\" rel=\"lightbox[961]\"><img decoding=\"async\" title=\"IMG_0501.jpg\" alt=\"IMG_0501.jpg\" src=\"http:\/\/andagolf.com\/wp-content\/uploads\/2012\/08\/image_1249-thumbnail_180x180_gravity_center_crop_80x80.jpg\" \/><\/a><a title=\"IMG_0504.jpg\" href=\"http:\/\/andagolf.com\/wp-content\/uploads\/2012\/08\/image_1250-scale_800x600_quality_90.jpg\" rel=\"lightbox[961]\"><img decoding=\"async\" title=\"IMG_0504.jpg\" alt=\"IMG_0504.jpg\" src=\"http:\/\/andagolf.com\/wp-content\/uploads\/2012\/08\/image_1250-thumbnail_180x180_gravity_center_crop_80x80.jpg\" \/><\/a><a title=\"IMG_0506.jpg\" href=\"http:\/\/andagolf.com\/wp-content\/uploads\/2012\/08\/image_1327-scale_800x600_quality_90.jpg\" rel=\"lightbox[961]\"><img decoding=\"async\" title=\"IMG_0506.jpg\" alt=\"IMG_0506.jpg\" src=\"http:\/\/andagolf.com\/wp-content\/uploads\/2012\/08\/image_1327-thumbnail_180x180_gravity_center_crop_80x80.jpg\" \/><\/a><a title=\"IMG_0510.jpg\" href=\"http:\/\/andagolf.com\/wp-content\/uploads\/2012\/08\/image_1328-scale_800x600_quality_90.jpg\" rel=\"lightbox[961]\"><img decoding=\"async\" title=\"IMG_0510.jpg\" alt=\"IMG_0510.jpg\" src=\"http:\/\/andagolf.com\/wp-content\/uploads\/2012\/08\/image_1328-thumbnail_180x180_gravity_center_crop_80x80.jpg\" \/><\/a><a title=\"IMG_0520.jpg\" href=\"http:\/\/andagolf.com\/wp-content\/uploads\/2012\/08\/image_1329-scale_800x600_quality_90.jpg\" rel=\"lightbox[961]\"><img decoding=\"async\" title=\"IMG_0520.jpg\" alt=\"IMG_0520.jpg\" src=\"http:\/\/andagolf.com\/wp-content\/uploads\/2012\/08\/image_1329-thumbnail_180x180_gravity_center_crop_80x80.jpg\" \/><\/a><a title=\"IMG_0522.jpg\" href=\"http:\/\/andagolf.com\/wp-content\/uploads\/2012\/08\/image_1352-scale_800x600_quality_90.jpg\" rel=\"lightbox[961]\"><img decoding=\"async\" title=\"IMG_0522.jpg\" alt=\"IMG_0522.jpg\" src=\"http:\/\/andagolf.com\/wp-content\/uploads\/2012\/08\/image_1352-thumbnail_180x180_gravity_center_crop_80x80.jpg\" \/><\/a><a title=\"IMG_0524.jpg\" href=\"http:\/\/andagolf.com\/wp-content\/uploads\/2012\/08\/image_1353-scale_800x600_quality_90.jpg\" rel=\"lightbox[961]\"><img decoding=\"async\" title=\"IMG_0524.jpg\" alt=\"IMG_0524.jpg\" src=\"http:\/\/andagolf.com\/wp-content\/uploads\/2012\/08\/image_1353-thumbnail_180x180_gravity_center_crop_80x80.jpg\" \/><\/a><a title=\"IMG_0531.jpg\" href=\"http:\/\/andagolf.com\/wp-content\/uploads\/2012\/08\/image_1354-scale_800x600_quality_90.jpg\" rel=\"lightbox[961]\"><img decoding=\"async\" title=\"IMG_0531.jpg\" alt=\"IMG_0531.jpg\" src=\"http:\/\/andagolf.com\/wp-content\/uploads\/2012\/08\/image_1354-thumbnail_180x180_gravity_center_crop_80x80.jpg\" \/><\/a><a title=\"IMG_0536.jpg\" href=\"http:\/\/andagolf.com\/wp-content\/uploads\/2012\/08\/image_1355-scale_800x600_quality_90.jpg\" rel=\"lightbox[961]\"><img decoding=\"async\" title=\"IMG_0536.jpg\" alt=\"IMG_0536.jpg\" src=\"http:\/\/andagolf.com\/wp-content\/uploads\/2012\/08\/image_1355-thumbnail_180x180_gravity_center_crop_80x80.jpg\" \/><\/a><a title=\"IMG_0537.jpg\" href=\"http:\/\/andagolf.com\/wp-content\/uploads\/2012\/08\/image_1404-scale_800x600_quality_90.jpg\" rel=\"lightbox[961]\"><img decoding=\"async\" title=\"IMG_0537.jpg\" alt=\"IMG_0537.jpg\" src=\"http:\/\/andagolf.com\/wp-content\/uploads\/2012\/08\/image_1404-thumbnail_180x180_gravity_center_crop_80x80.jpg\" \/><\/a><a title=\"IMG_0541.jpg\" href=\"http:\/\/andagolf.com\/wp-content\/uploads\/2012\/08\/image_1405-scale_800x600_quality_90.jpg\" rel=\"lightbox[961]\"><img decoding=\"async\" title=\"IMG_0541.jpg\" alt=\"IMG_0541.jpg\" src=\"http:\/\/andagolf.com\/wp-content\/uploads\/2012\/08\/image_1405-thumbnail_180x180_gravity_center_crop_80x80.jpg\" \/><\/a><a title=\"IMG_0543.jpg\" href=\"http:\/\/andagolf.com\/wp-content\/uploads\/2012\/08\/image_1406-scale_800x600_quality_90.jpg\" rel=\"lightbox[961]\"><img decoding=\"async\" title=\"IMG_0543.jpg\" alt=\"IMG_0543.jpg\" src=\"http:\/\/andagolf.com\/wp-content\/uploads\/2012\/08\/image_1406-thumbnail_180x180_gravity_center_crop_80x80.jpg\" \/><\/a><\/p>\n<div class=\"spacer\"><\/div>\n<\/div>\n<hr \/>\n<h2>Utilizando dos materiales diferentes puede crear sus propios pantalones de golf \u00fanicos:<\/h2>\n<p>Combinando dos tipos de materiales de su propia elecci\u00f3n, creamos los pantalones con el dise\u0144o \u00fanico de AndaGolf:<\/p>\n<p><center><img decoding=\"async\" title=\"IMG_9240.jpg\" alt=\"IMG_9240.jpg\" src=\"http:\/\/andagolf.com\/wp-content\/uploads\/2012\/08\/two-material.jpg\" width=\"600\" \/><\/center>&nbsp;<\/p>\n<p>&nbsp;<\/p>\n<h2 style=\"text-align: center;\"><a href=\"http:\/\/andagolf.com\/es\/combinaci%C3%B3n-de-dos-materiales\/\">Aqu\u00ed hay m\u00e1s ejemplos &gt;&gt;<\/a><\/h2>\n<p>&nbsp;<\/p>\n<h2>Amplia gama de materiales<\/h2>\n<p>En un futuro, una vez que hayamos conseguido sus medidas y hecho el primer par de pantalones consiguiendo un ajuste perfecto, para cualquier ulterior par que necesite s\u00f3lo se requiere que usted seleccione la tela que desea.<\/p>\n<p>Verse y sentirse bien en el campo hace todav\u00eda m\u00e1s divertido jugar al golf.<\/p>\n<p>Nuestra amplia gama de materiales le facilitan crear su propia colecci\u00f3n de pantalones de golf a medida para las cuatro estaciones del a\u0144o.<\/p>\n","protected":false},"excerpt":{"rendered":"<p>Nos distinguimos por dise\u00f1ar pantalones de golf para mujeres y hombres, c\u00f3modos de usar en los campos de golf, y \u00fanicos en los tejidos y colores utilizados. No hay reglas: Desde un estilo relajado a dise\u0144os coloridos de alta calidad, todo es posible. Explorando nuestra galer\u00eda de fotos y agrandando las im\u00e1genes que se muestran &hellip; <a href=\"https:\/\/andagolf.com\/es\/pantalones-de-golf-a-medida\/\" class=\"more-link\">Continue reading <span class=\"screen-reader-text\">Pantalones de golf a medida<\/span><\/a><\/p>\n","protected":false},"author":1,"featured_media":0,"parent":0,"menu_order":0,"comment_status":"closed","ping_status":"closed","template":"","meta":{"footnotes":""},"class_list":["post-1295","page","type-page","status-publish","hentry"],"yoast_head":"<!-- This site is optimized with the Yoast SEO plugin v26.5 - https:\/\/yoast.com\/wordpress\/plugins\/seo\/ -->\n<title>Pantalones de golf a medida - Anda Golf<\/title>\n<meta name=\"robots\" content=\"index, follow, max-snippet:-1, max-image-preview:large, max-video-preview:-1\" \/>\n<link rel=\"canonical\" href=\"https:\/\/andagolf.com\/es\/pantalones-de-golf-a-medida\/\" \/>\n<meta property=\"og:locale\" content=\"es_ES\" \/>\n<meta property=\"og:type\" content=\"article\" \/>\n<meta property=\"og:title\" content=\"Pantalones de golf a medida - Anda Golf\" \/>\n<meta property=\"og:description\" content=\"Nos distinguimos por dise\u00f1ar pantalones de golf para mujeres y hombres, c\u00f3modos de usar en los campos de golf, y \u00fanicos en los tejidos y colores utilizados. No hay reglas: Desde un estilo relajado a dise\u0144os coloridos de alta calidad, todo es posible. Explorando nuestra galer\u00eda de fotos y agrandando las im\u00e1genes que se muestran &hellip; Continue reading Pantalones de golf a medida\" \/>\n<meta property=\"og:url\" content=\"https:\/\/andagolf.com\/es\/pantalones-de-golf-a-medida\/\" \/>\n<meta property=\"og:site_name\" content=\"Anda Golf\" \/>\n<meta property=\"article:modified_time\" content=\"2013-04-06T18:48:50+00:00\" \/>\n<meta property=\"og:image\" content=\"http:\/\/andagolf.com\/wp-content\/uploads\/2012\/08\/image_962-thumbnail_180x180_gravity_center_crop_80x80.jpg\" \/>\n<meta name=\"twitter:label1\" content=\"Tiempo de lectura\" \/>\n\t<meta name=\"twitter:data1\" content=\"1 minuto\" \/>\n<script type=\"application\/ld+json\" class=\"yoast-schema-graph\">{\"@context\":\"https:\/\/schema.org\",\"@graph\":[{\"@type\":\"WebPage\",\"@id\":\"https:\/\/andagolf.com\/es\/pantalones-de-golf-a-medida\/\",\"url\":\"https:\/\/andagolf.com\/es\/pantalones-de-golf-a-medida\/\",\"name\":\"Pantalones de golf a medida - Anda Golf\",\"isPartOf\":{\"@id\":\"https:\/\/andagolf.com\/es\/#website\"},\"primaryImageOfPage\":{\"@id\":\"https:\/\/andagolf.com\/es\/pantalones-de-golf-a-medida\/#primaryimage\"},\"image\":{\"@id\":\"https:\/\/andagolf.com\/es\/pantalones-de-golf-a-medida\/#primaryimage\"},\"thumbnailUrl\":\"http:\/\/andagolf.com\/wp-content\/uploads\/2012\/08\/image_962-thumbnail_180x180_gravity_center_crop_80x80.jpg\",\"datePublished\":\"2012-10-10T11:25:29+00:00\",\"dateModified\":\"2013-04-06T18:48:50+00:00\",\"inLanguage\":\"es\",\"potentialAction\":[{\"@type\":\"ReadAction\",\"target\":[\"https:\/\/andagolf.com\/es\/pantalones-de-golf-a-medida\/\"]}]},{\"@type\":\"ImageObject\",\"inLanguage\":\"es\",\"@id\":\"https:\/\/andagolf.com\/es\/pantalones-de-golf-a-medida\/#primaryimage\",\"url\":\"http:\/\/andagolf.com\/wp-content\/uploads\/2012\/08\/image_962-thumbnail_180x180_gravity_center_crop_80x80.jpg\",\"contentUrl\":\"http:\/\/andagolf.com\/wp-content\/uploads\/2012\/08\/image_962-thumbnail_180x180_gravity_center_crop_80x80.jpg\"},{\"@type\":\"WebSite\",\"@id\":\"https:\/\/andagolf.com\/es\/#website\",\"url\":\"https:\/\/andagolf.com\/es\/\",\"name\":\"Anda Golf\",\"description\":\"Golf Shop Mijas - Costa del Sol\",\"publisher\":{\"@id\":\"https:\/\/andagolf.com\/es\/#organization\"},\"potentialAction\":[{\"@type\":\"SearchAction\",\"target\":{\"@type\":\"EntryPoint\",\"urlTemplate\":\"https:\/\/andagolf.com\/es\/?s={search_term_string}\"},\"query-input\":{\"@type\":\"PropertyValueSpecification\",\"valueRequired\":true,\"valueName\":\"search_term_string\"}}],\"inLanguage\":\"es\"},{\"@type\":\"Organization\",\"@id\":\"https:\/\/andagolf.com\/es\/#organization\",\"name\":\"Anda Golf\",\"url\":\"https:\/\/andagolf.com\/es\/\",\"logo\":{\"@type\":\"ImageObject\",\"inLanguage\":\"es\",\"@id\":\"https:\/\/andagolf.com\/es\/#\/schema\/logo\/image\/\",\"url\":\"https:\/\/andagolf.com\/wp-content\/uploads\/2016\/05\/logo-andagolf.png\",\"contentUrl\":\"https:\/\/andagolf.com\/wp-content\/uploads\/2016\/05\/logo-andagolf.png\",\"width\":310,\"height\":108,\"caption\":\"Anda Golf\"},\"image\":{\"@id\":\"https:\/\/andagolf.com\/es\/#\/schema\/logo\/image\/\"}}]}<\/script>\n<!-- \/ Yoast SEO plugin. -->","yoast_head_json":{"title":"Pantalones de golf a medida - Anda Golf","robots":{"index":"index","follow":"follow","max-snippet":"max-snippet:-1","max-image-preview":"max-image-preview:large","max-video-preview":"max-video-preview:-1"},"canonical":"https:\/\/andagolf.com\/es\/pantalones-de-golf-a-medida\/","og_locale":"es_ES","og_type":"article","og_title":"Pantalones de golf a medida - Anda Golf","og_description":"Nos distinguimos por dise\u00f1ar pantalones de golf para mujeres y hombres, c\u00f3modos de usar en los campos de golf, y \u00fanicos en los tejidos y colores utilizados. No hay reglas: Desde un estilo relajado a dise\u0144os coloridos de alta calidad, todo es posible. Explorando nuestra galer\u00eda de fotos y agrandando las im\u00e1genes que se muestran &hellip; Continue reading Pantalones de golf a medida","og_url":"https:\/\/andagolf.com\/es\/pantalones-de-golf-a-medida\/","og_site_name":"Anda Golf","article_modified_time":"2013-04-06T18:48:50+00:00","og_image":[{"url":"http:\/\/andagolf.com\/wp-content\/uploads\/2012\/08\/image_962-thumbnail_180x180_gravity_center_crop_80x80.jpg","type":"","width":"","height":""}],"twitter_misc":{"Tiempo de lectura":"1 minuto"},"schema":{"@context":"https:\/\/schema.org","@graph":[{"@type":"WebPage","@id":"https:\/\/andagolf.com\/es\/pantalones-de-golf-a-medida\/","url":"https:\/\/andagolf.com\/es\/pantalones-de-golf-a-medida\/","name":"Pantalones de golf a medida - Anda Golf","isPartOf":{"@id":"https:\/\/andagolf.com\/es\/#website"},"primaryImageOfPage":{"@id":"https:\/\/andagolf.com\/es\/pantalones-de-golf-a-medida\/#primaryimage"},"image":{"@id":"https:\/\/andagolf.com\/es\/pantalones-de-golf-a-medida\/#primaryimage"},"thumbnailUrl":"http:\/\/andagolf.com\/wp-content\/uploads\/2012\/08\/image_962-thumbnail_180x180_gravity_center_crop_80x80.jpg","datePublished":"2012-10-10T11:25:29+00:00","dateModified":"2013-04-06T18:48:50+00:00","inLanguage":"es","potentialAction":[{"@type":"ReadAction","target":["https:\/\/andagolf.com\/es\/pantalones-de-golf-a-medida\/"]}]},{"@type":"ImageObject","inLanguage":"es","@id":"https:\/\/andagolf.com\/es\/pantalones-de-golf-a-medida\/#primaryimage","url":"http:\/\/andagolf.com\/wp-content\/uploads\/2012\/08\/image_962-thumbnail_180x180_gravity_center_crop_80x80.jpg","contentUrl":"http:\/\/andagolf.com\/wp-content\/uploads\/2012\/08\/image_962-thumbnail_180x180_gravity_center_crop_80x80.jpg"},{"@type":"WebSite","@id":"https:\/\/andagolf.com\/es\/#website","url":"https:\/\/andagolf.com\/es\/","name":"Anda Golf","description":"Golf Shop Mijas - Costa del Sol","publisher":{"@id":"https:\/\/andagolf.com\/es\/#organization"},"potentialAction":[{"@type":"SearchAction","target":{"@type":"EntryPoint","urlTemplate":"https:\/\/andagolf.com\/es\/?s={search_term_string}"},"query-input":{"@type":"PropertyValueSpecification","valueRequired":true,"valueName":"search_term_string"}}],"inLanguage":"es"},{"@type":"Organization","@id":"https:\/\/andagolf.com\/es\/#organization","name":"Anda Golf","url":"https:\/\/andagolf.com\/es\/","logo":{"@type":"ImageObject","inLanguage":"es","@id":"https:\/\/andagolf.com\/es\/#\/schema\/logo\/image\/","url":"https:\/\/andagolf.com\/wp-content\/uploads\/2016\/05\/logo-andagolf.png","contentUrl":"https:\/\/andagolf.com\/wp-content\/uploads\/2016\/05\/logo-andagolf.png","width":310,"height":108,"caption":"Anda Golf"},"image":{"@id":"https:\/\/andagolf.com\/es\/#\/schema\/logo\/image\/"}}]}},"_links":{"self":[{"href":"https:\/\/andagolf.com\/es\/wp-json\/wp\/v2\/pages\/1295","targetHints":{"allow":["GET"]}}],"collection":[{"href":"https:\/\/andagolf.com\/es\/wp-json\/wp\/v2\/pages"}],"about":[{"href":"https:\/\/andagolf.com\/es\/wp-json\/wp\/v2\/types\/page"}],"author":[{"embeddable":true,"href":"https:\/\/andagolf.com\/es\/wp-json\/wp\/v2\/users\/1"}],"replies":[{"embeddable":true,"href":"https:\/\/andagolf.com\/es\/wp-json\/wp\/v2\/comments?post=1295"}],"version-history":[{"count":0,"href":"https:\/\/andagolf.com\/es\/wp-json\/wp\/v2\/pages\/1295\/revisions"}],"wp:attachment":[{"href":"https:\/\/andagolf.com\/es\/wp-json\/wp\/v2\/media?parent=1295"}],"curies":[{"name":"wp","href":"https:\/\/api.w.org\/{rel}","templated":true}]}}