{"id":1300,"date":"2012-10-10T11:31:41","date_gmt":"2012-10-10T11:31:41","guid":{"rendered":"http:\/\/andagolf.com\/?page_id=1300"},"modified":"2012-10-10T22:04:57","modified_gmt":"2012-10-10T22:04:57","slug":"faldas-de-golf-a-medida","status":"publish","type":"page","link":"https:\/\/andagolf.com\/es\/faldas-de-golf-a-medida\/","title":{"rendered":"Faldas de golf a medida"},"content":{"rendered":"<p><img decoding=\"async\" class=\"right\" style=\"float: right; margin-left: 10px; margin-right: 10px;\" title=\"P+flag.jpg\" src=\"http:\/\/andagolf.com\/wp-content\/uploads\/2012\/08\/image_1139.jpg\" alt=\"P+flag.jpg\" \/><\/p>\n<p style=\"text-align: justify;\">Para satisfacer las innumerables peticiones de nuestros clientes femeninos, hemos dise\u00f1ado una amplia gama de faldas, shorts y pantalones de golf con detalles caracter\u00edsticos y utilizando textiles de lujo; todo esto est\u00e1 disponible para la dama golfista de cualquier edad.<\/p>\n<p style=\"text-align: justify;\">Nuestras faldas especialmente dise\u0144adas para las damas son una combinaci\u00f3n singular de falda con shorts debajo. Estas le permiten estirarse y girarse completamente, conformes a su medida.<\/p>\n<p style=\"text-align: justify;\">Una vez que haya experimentado una ronda de golf con su falda a medida, entonces podr\u00e1 apreciar la comodidad que ofrecen y disfrutar aun mas del golf.<\/p>\n<p>Las faldas, los pantalones y los shorts se realizan en nuestro propio taller por lo que efectuar cualquier tipo de modificaci\u00f3n es muy sencillo.<\/p>\n<hr \/>\n<p>&nbsp;<\/p>\n<p>Explorando nuestra galer\u00eda de fotos y agrandando las im\u00e1genes que se muestran a continuaci\u00f3n, podr\u00e1 contemplar una amplia gama de pantalones y faldas para las<br \/>\ndamas:<\/p>\n<hr \/>\n<div class=\"lightbox\">\n<div class=\"spacer\"><\/div>\n<p><a href=\"http:\/\/andagolf.com\/wp-content\/uploads\/2012\/08\/image_1033-scale_800x600_quality_90.jpg\" rel=\"lytebox[961]\"><img decoding=\"async\" title=\"AAIMG_0869\" src=\"http:\/\/andagolf.com\/wp-content\/uploads\/2012\/08\/image_1033-thumbnail_180x180_gravity_center_crop_80x80.jpg\" alt=\"AAIMG_0869\" \/><\/a><a title=\"AAIMG_0872\" href=\"http:\/\/andagolf.com\/wp-content\/uploads\/2012\/08\/image_1034-scale_800x600_quality_90.jpg\" rel=\"lytebox[961]\"><img decoding=\"async\" title=\"AAIMG_0872\" src=\"http:\/\/andagolf.com\/wp-content\/uploads\/2012\/08\/image_1034-thumbnail_180x180_gravity_center_crop_80x80.jpg\" alt=\"AAIMG_0872\" \/><\/a><a title=\"AAIMG_0872\" href=\"http:\/\/andagolf.com\/wp-content\/uploads\/2012\/08\/image_1035-scale_800x600_quality_90.jpg\" rel=\"lytebox[961]\"><img decoding=\"async\" title=\"AAIMG_0872\" src=\"http:\/\/andagolf.com\/wp-content\/uploads\/2012\/08\/image_1035-thumbnail_180x180_gravity_center_crop_80x80.jpg\" alt=\"AAIMG_0872\" \/><\/a><a title=\"AAIMG_0872\" href=\"http:\/\/andagolf.com\/wp-content\/uploads\/2012\/08\/image_1174-scale_800x600_quality_90.jpg\" rel=\"lytebox[961]\"><img decoding=\"async\" title=\"AAIMG_0872\" src=\"http:\/\/andagolf.com\/wp-content\/uploads\/2012\/08\/image_1174-thumbnail_180x180_gravity_center_crop_80x80.jpg\" alt=\"AAIMG_0872\" \/><\/a><a title=\"AAIMG_0872\" href=\"http:\/\/andagolf.com\/wp-content\/uploads\/2012\/08\/image_1175-scale_800x600_quality_90.jpg\" rel=\"lytebox[961]\"><img decoding=\"async\" title=\"AAIMG_0872\" src=\"http:\/\/andagolf.com\/wp-content\/uploads\/2012\/08\/image_1175-thumbnail_180x180_gravity_center_crop_80x80.jpg\" alt=\"AAIMG_0872\" \/><\/a><a title=\"AAIMG_0872\" rel=\"lytebox[961]\"><img decoding=\"async\" title=\"AAIMG_0872\" src=\"http:\/\/andagolf.com\/wp-content\/uploads\/2012\/08\/image_1176-thumbnail_180x180_gravity_center_crop_80x80.jpg\" alt=\"AAIMG_0872\" \/><\/a><a title=\"AAIMG_0872\" href=\"http:\/\/andagolf.com\/wp-content\/uploads\/2012\/08\/image_1177-scale_800x600_quality_90.jpg\" rel=\"lytebox[961]\"><img decoding=\"async\" title=\"AAIMG_0872\" src=\"http:\/\/andagolf.com\/wp-content\/uploads\/2012\/08\/image_1177-thumbnail_180x180_gravity_center_crop_80x80.jpg\" alt=\"AAIMG_0872\" \/><\/a><a title=\"AAIMG_0872\" href=\"http:\/\/andagolf.com\/wp-content\/uploads\/2012\/08\/image_1178-scale_800x600_quality_90.jpg\" rel=\"lytebox[961]\"><img decoding=\"async\" title=\"AAIMG_0872\" src=\"http:\/\/andagolf.com\/wp-content\/uploads\/2012\/08\/image_1178-thumbnail_180x180_gravity_center_crop_80x80.jpg\" alt=\"AAIMG_0872\" \/><\/a><a title=\"AAIMG_0872\" href=\"http:\/\/andagolf.com\/wp-content\/uploads\/2012\/08\/image_1179-scale_800x600_quality_90.jpg\" rel=\"lytebox[961]\"><img decoding=\"async\" title=\"AAIMG_0872\" src=\"http:\/\/andagolf.com\/wp-content\/uploads\/2012\/08\/image_1179-thumbnail_180x180_gravity_center_crop_80x80.jpg\" alt=\"AAIMG_0872\" \/><\/a><a title=\"AAIMG_0872\" href=\"http:\/\/andagolf.com\/wp-content\/uploads\/2012\/08\/image_1180-scale_800x600_quality_90.jpg\" rel=\"lytebox[961]\"><img decoding=\"async\" title=\"AAIMG_0872\" src=\"http:\/\/andagolf.com\/wp-content\/uploads\/2012\/08\/image_1180-thumbnail_180x180_gravity_center_crop_80x80.jpg\" alt=\"AAIMG_0872\" \/><\/a><a title=\"AAIMG_0872\" href=\"http:\/\/andagolf.com\/wp-content\/uploads\/2012\/08\/image_1181-scale_800x600_quality_90.jpg\" rel=\"lytebox[961]\"><img decoding=\"async\" title=\"AAIMG_0872\" src=\"http:\/\/andagolf.com\/wp-content\/uploads\/2012\/08\/image_1181-thumbnail_180x180_gravity_center_crop_80x80.jpg\" alt=\"AAIMG_0872\" \/><\/a><a title=\"AAIMG_0872\" href=\"http:\/\/andagolf.com\/wp-content\/uploads\/2012\/08\/image_1182-scale_800x600_quality_90.jpg\" rel=\"lytebox[961]\"><img decoding=\"async\" title=\"AAIMG_0872\" src=\"http:\/\/andagolf.com\/wp-content\/uploads\/2012\/08\/image_1182-thumbnail_180x180_gravity_center_crop_80x80.jpg\" alt=\"AAIMG_0872\" \/><\/a><a title=\"AAIMG_0872\" href=\"http:\/\/andagolf.com\/wp-content\/uploads\/2012\/08\/image_1183-scale_800x600_quality_90.jpg\" rel=\"lytebox[961]\"><img decoding=\"async\" title=\"AAIMG_0872\" src=\"http:\/\/andagolf.com\/wp-content\/uploads\/2012\/08\/image_1183-thumbnail_180x180_gravity_center_crop_80x80.jpg\" alt=\"AAIMG_0872\" \/><\/a><\/p>\n<div class=\"spacer\"><\/div>\n<\/div>\n","protected":false},"excerpt":{"rendered":"<p>Para satisfacer las innumerables peticiones de nuestros clientes femeninos, hemos dise\u00f1ado una amplia gama de faldas, shorts y pantalones de golf con detalles caracter\u00edsticos y utilizando textiles de lujo; todo esto est\u00e1 disponible para la dama golfista de cualquier edad. Nuestras faldas especialmente dise\u0144adas para las damas son una combinaci\u00f3n singular de falda con shorts &hellip; <a href=\"https:\/\/andagolf.com\/es\/faldas-de-golf-a-medida\/\" class=\"more-link\">Continue reading <span class=\"screen-reader-text\">Faldas de golf a medida<\/span><\/a><\/p>\n","protected":false},"author":1,"featured_media":0,"parent":0,"menu_order":0,"comment_status":"closed","ping_status":"closed","template":"","meta":{"footnotes":""},"class_list":["post-1300","page","type-page","status-publish","hentry"],"yoast_head":"<!-- This site is optimized with the Yoast SEO plugin v26.5 - https:\/\/yoast.com\/wordpress\/plugins\/seo\/ -->\n<title>Faldas de golf a medida - Anda Golf<\/title>\n<meta name=\"robots\" content=\"index, follow, max-snippet:-1, max-image-preview:large, max-video-preview:-1\" \/>\n<link rel=\"canonical\" href=\"https:\/\/andagolf.com\/es\/faldas-de-golf-a-medida\/\" \/>\n<meta property=\"og:locale\" content=\"es_ES\" \/>\n<meta property=\"og:type\" content=\"article\" \/>\n<meta property=\"og:title\" content=\"Faldas de golf a medida - Anda Golf\" \/>\n<meta property=\"og:description\" content=\"Para satisfacer las innumerables peticiones de nuestros clientes femeninos, hemos dise\u00f1ado una amplia gama de faldas, shorts y pantalones de golf con detalles caracter\u00edsticos y utilizando textiles de lujo; todo esto est\u00e1 disponible para la dama golfista de cualquier edad. Nuestras faldas especialmente dise\u0144adas para las damas son una combinaci\u00f3n singular de falda con shorts &hellip; Continue reading Faldas de golf a medida\" \/>\n<meta property=\"og:url\" content=\"https:\/\/andagolf.com\/es\/faldas-de-golf-a-medida\/\" \/>\n<meta property=\"og:site_name\" content=\"Anda Golf\" \/>\n<meta property=\"article:modified_time\" content=\"2012-10-10T22:04:57+00:00\" \/>\n<meta property=\"og:image\" content=\"http:\/\/andagolf.com\/wp-content\/uploads\/2012\/08\/image_1139.jpg\" \/>\n<meta name=\"twitter:label1\" content=\"Tiempo de lectura\" \/>\n\t<meta name=\"twitter:data1\" content=\"1 minuto\" \/>\n<script type=\"application\/ld+json\" class=\"yoast-schema-graph\">{\"@context\":\"https:\/\/schema.org\",\"@graph\":[{\"@type\":\"WebPage\",\"@id\":\"https:\/\/andagolf.com\/es\/faldas-de-golf-a-medida\/\",\"url\":\"https:\/\/andagolf.com\/es\/faldas-de-golf-a-medida\/\",\"name\":\"Faldas de golf a medida - Anda Golf\",\"isPartOf\":{\"@id\":\"https:\/\/andagolf.com\/es\/#website\"},\"primaryImageOfPage\":{\"@id\":\"https:\/\/andagolf.com\/es\/faldas-de-golf-a-medida\/#primaryimage\"},\"image\":{\"@id\":\"https:\/\/andagolf.com\/es\/faldas-de-golf-a-medida\/#primaryimage\"},\"thumbnailUrl\":\"http:\/\/andagolf.com\/wp-content\/uploads\/2012\/08\/image_1139.jpg\",\"datePublished\":\"2012-10-10T11:31:41+00:00\",\"dateModified\":\"2012-10-10T22:04:57+00:00\",\"inLanguage\":\"es\",\"potentialAction\":[{\"@type\":\"ReadAction\",\"target\":[\"https:\/\/andagolf.com\/es\/faldas-de-golf-a-medida\/\"]}]},{\"@type\":\"ImageObject\",\"inLanguage\":\"es\",\"@id\":\"https:\/\/andagolf.com\/es\/faldas-de-golf-a-medida\/#primaryimage\",\"url\":\"http:\/\/andagolf.com\/wp-content\/uploads\/2012\/08\/image_1139.jpg\",\"contentUrl\":\"http:\/\/andagolf.com\/wp-content\/uploads\/2012\/08\/image_1139.jpg\"},{\"@type\":\"WebSite\",\"@id\":\"https:\/\/andagolf.com\/es\/#website\",\"url\":\"https:\/\/andagolf.com\/es\/\",\"name\":\"Anda Golf\",\"description\":\"Golf Shop Mijas - Costa del Sol\",\"publisher\":{\"@id\":\"https:\/\/andagolf.com\/es\/#organization\"},\"potentialAction\":[{\"@type\":\"SearchAction\",\"target\":{\"@type\":\"EntryPoint\",\"urlTemplate\":\"https:\/\/andagolf.com\/es\/?s={search_term_string}\"},\"query-input\":{\"@type\":\"PropertyValueSpecification\",\"valueRequired\":true,\"valueName\":\"search_term_string\"}}],\"inLanguage\":\"es\"},{\"@type\":\"Organization\",\"@id\":\"https:\/\/andagolf.com\/es\/#organization\",\"name\":\"Anda Golf\",\"url\":\"https:\/\/andagolf.com\/es\/\",\"logo\":{\"@type\":\"ImageObject\",\"inLanguage\":\"es\",\"@id\":\"https:\/\/andagolf.com\/es\/#\/schema\/logo\/image\/\",\"url\":\"https:\/\/andagolf.com\/wp-content\/uploads\/2016\/05\/logo-andagolf.png\",\"contentUrl\":\"https:\/\/andagolf.com\/wp-content\/uploads\/2016\/05\/logo-andagolf.png\",\"width\":310,\"height\":108,\"caption\":\"Anda Golf\"},\"image\":{\"@id\":\"https:\/\/andagolf.com\/es\/#\/schema\/logo\/image\/\"}}]}<\/script>\n<!-- \/ Yoast SEO plugin. -->","yoast_head_json":{"title":"Faldas de golf a medida - Anda Golf","robots":{"index":"index","follow":"follow","max-snippet":"max-snippet:-1","max-image-preview":"max-image-preview:large","max-video-preview":"max-video-preview:-1"},"canonical":"https:\/\/andagolf.com\/es\/faldas-de-golf-a-medida\/","og_locale":"es_ES","og_type":"article","og_title":"Faldas de golf a medida - Anda Golf","og_description":"Para satisfacer las innumerables peticiones de nuestros clientes femeninos, hemos dise\u00f1ado una amplia gama de faldas, shorts y pantalones de golf con detalles caracter\u00edsticos y utilizando textiles de lujo; todo esto est\u00e1 disponible para la dama golfista de cualquier edad. Nuestras faldas especialmente dise\u0144adas para las damas son una combinaci\u00f3n singular de falda con shorts &hellip; Continue reading Faldas de golf a medida","og_url":"https:\/\/andagolf.com\/es\/faldas-de-golf-a-medida\/","og_site_name":"Anda Golf","article_modified_time":"2012-10-10T22:04:57+00:00","og_image":[{"url":"http:\/\/andagolf.com\/wp-content\/uploads\/2012\/08\/image_1139.jpg","type":"","width":"","height":""}],"twitter_misc":{"Tiempo de lectura":"1 minuto"},"schema":{"@context":"https:\/\/schema.org","@graph":[{"@type":"WebPage","@id":"https:\/\/andagolf.com\/es\/faldas-de-golf-a-medida\/","url":"https:\/\/andagolf.com\/es\/faldas-de-golf-a-medida\/","name":"Faldas de golf a medida - Anda Golf","isPartOf":{"@id":"https:\/\/andagolf.com\/es\/#website"},"primaryImageOfPage":{"@id":"https:\/\/andagolf.com\/es\/faldas-de-golf-a-medida\/#primaryimage"},"image":{"@id":"https:\/\/andagolf.com\/es\/faldas-de-golf-a-medida\/#primaryimage"},"thumbnailUrl":"http:\/\/andagolf.com\/wp-content\/uploads\/2012\/08\/image_1139.jpg","datePublished":"2012-10-10T11:31:41+00:00","dateModified":"2012-10-10T22:04:57+00:00","inLanguage":"es","potentialAction":[{"@type":"ReadAction","target":["https:\/\/andagolf.com\/es\/faldas-de-golf-a-medida\/"]}]},{"@type":"ImageObject","inLanguage":"es","@id":"https:\/\/andagolf.com\/es\/faldas-de-golf-a-medida\/#primaryimage","url":"http:\/\/andagolf.com\/wp-content\/uploads\/2012\/08\/image_1139.jpg","contentUrl":"http:\/\/andagolf.com\/wp-content\/uploads\/2012\/08\/image_1139.jpg"},{"@type":"WebSite","@id":"https:\/\/andagolf.com\/es\/#website","url":"https:\/\/andagolf.com\/es\/","name":"Anda Golf","description":"Golf Shop Mijas - Costa del Sol","publisher":{"@id":"https:\/\/andagolf.com\/es\/#organization"},"potentialAction":[{"@type":"SearchAction","target":{"@type":"EntryPoint","urlTemplate":"https:\/\/andagolf.com\/es\/?s={search_term_string}"},"query-input":{"@type":"PropertyValueSpecification","valueRequired":true,"valueName":"search_term_string"}}],"inLanguage":"es"},{"@type":"Organization","@id":"https:\/\/andagolf.com\/es\/#organization","name":"Anda Golf","url":"https:\/\/andagolf.com\/es\/","logo":{"@type":"ImageObject","inLanguage":"es","@id":"https:\/\/andagolf.com\/es\/#\/schema\/logo\/image\/","url":"https:\/\/andagolf.com\/wp-content\/uploads\/2016\/05\/logo-andagolf.png","contentUrl":"https:\/\/andagolf.com\/wp-content\/uploads\/2016\/05\/logo-andagolf.png","width":310,"height":108,"caption":"Anda Golf"},"image":{"@id":"https:\/\/andagolf.com\/es\/#\/schema\/logo\/image\/"}}]}},"_links":{"self":[{"href":"https:\/\/andagolf.com\/es\/wp-json\/wp\/v2\/pages\/1300","targetHints":{"allow":["GET"]}}],"collection":[{"href":"https:\/\/andagolf.com\/es\/wp-json\/wp\/v2\/pages"}],"about":[{"href":"https:\/\/andagolf.com\/es\/wp-json\/wp\/v2\/types\/page"}],"author":[{"embeddable":true,"href":"https:\/\/andagolf.com\/es\/wp-json\/wp\/v2\/users\/1"}],"replies":[{"embeddable":true,"href":"https:\/\/andagolf.com\/es\/wp-json\/wp\/v2\/comments?post=1300"}],"version-history":[{"count":0,"href":"https:\/\/andagolf.com\/es\/wp-json\/wp\/v2\/pages\/1300\/revisions"}],"wp:attachment":[{"href":"https:\/\/andagolf.com\/es\/wp-json\/wp\/v2\/media?parent=1300"}],"curies":[{"name":"wp","href":"https:\/\/api.w.org\/{rel}","templated":true}]}}