{"id":1313,"date":"2012-10-10T11:41:35","date_gmt":"2012-10-10T11:41:35","guid":{"rendered":"http:\/\/andagolf.com\/?page_id=1313"},"modified":"2012-10-10T22:05:39","modified_gmt":"2012-10-10T22:05:39","slug":"combinaci%c3%b3n-de-dos-materiales","status":"publish","type":"page","link":"https:\/\/andagolf.com\/es\/combinaci%c3%b3n-de-dos-materiales\/","title":{"rendered":"Combinaci\u00f3n de dos materiales"},"content":{"rendered":"<p>Combinando dos tipos de materiales de su propia elecci\u00f3n puede crear su peculiar moda de golf &#8211; nuestra marca AndaGolf. Si nos visita en nuestra tienda en La Cala de Mijas podr\u00e1 dise\u00f1ar sus exclusivos pantalones y vestimenta de golf.<\/p>\n<p><img decoding=\"async\" title=\"IMG_9242.jpg\" src=\"http:\/\/andagolf.com\/wp-content\/uploads\/2012\/08\/image_1363-scale_445x.jpg\" alt=\"IMG_9242.jpg\" width=\"445\" \/><\/p>\n<h3>Haga clic en las im\u00e1genes a continuaci\u00f3n:<\/h3>\n<div class=\"lightbox\">\n<div class=\"spacer\"><\/div>\n<p><a title=\"IMG_9228.jpg\" href=\"http:\/\/andagolf.com\/wp-content\/uploads\/2012\/08\/image_1358-scale_800x600_quality_90.jpg\" rel=\"lytebox[1356]\"><img decoding=\"async\" title=\"IMG_9228.jpg\" src=\"http:\/\/andagolf.com\/wp-content\/uploads\/2012\/08\/image_1358-thumbnail_180x180_gravity_center_crop_80x80.jpg\" alt=\"IMG_9228.jpg\" \/><\/a><a title=\"IMG_9235.jpg\" href=\"http:\/\/andagolf.com\/wp-content\/uploads\/2012\/08\/image_1359-scale_800x600_quality_90.jpg\" rel=\"lytebox[1356]\"><img decoding=\"async\" title=\"IMG_9235.jpg\" src=\"http:\/\/andagolf.com\/wp-content\/uploads\/2012\/08\/image_1359-thumbnail_180x180_gravity_center_crop_80x80.jpg\" alt=\"IMG_9235.jpg\" \/><\/a><a title=\"IMG_9240.jpg\" href=\"http:\/\/andagolf.com\/wp-content\/uploads\/2012\/08\/image_1360-scale_800x600_quality_90.jpg\" rel=\"lytebox[1356]\"><img decoding=\"async\" title=\"IMG_9240.jpg\" src=\"http:\/\/andagolf.com\/wp-content\/uploads\/2012\/08\/image_1360-thumbnail_180x180_gravity_center_crop_80x80.jpg\" alt=\"IMG_9240.jpg\" \/><\/a><a title=\"IMG_9280.jpg\" href=\"http:\/\/andagolf.com\/wp-content\/uploads\/2012\/08\/image_1361-scale_800x600_quality_90.jpg\" rel=\"lytebox[1356]\"><img decoding=\"async\" title=\"IMG_9280.jpg\" src=\"http:\/\/andagolf.com\/wp-content\/uploads\/2012\/08\/image_1361-thumbnail_180x180_gravity_center_crop_80x80.jpg\" alt=\"IMG_9280.jpg\" \/><\/a><\/p>\n<div class=\"spacer\"><\/div>\n<\/div>\n","protected":false},"excerpt":{"rendered":"<p>Combinando dos tipos de materiales de su propia elecci\u00f3n puede crear su peculiar moda de golf &#8211; nuestra marca AndaGolf. Si nos visita en nuestra tienda en La Cala de Mijas podr\u00e1 dise\u00f1ar sus exclusivos pantalones y vestimenta de golf. Haga clic en las im\u00e1genes a continuaci\u00f3n:<\/p>\n","protected":false},"author":1,"featured_media":0,"parent":0,"menu_order":0,"comment_status":"closed","ping_status":"closed","template":"","meta":{"footnotes":""},"class_list":["post-1313","page","type-page","status-publish","hentry"],"yoast_head":"<!-- This site is optimized with the Yoast SEO plugin v26.5 - https:\/\/yoast.com\/wordpress\/plugins\/seo\/ -->\n<title>Combinaci\u00f3n de dos materiales - Anda Golf<\/title>\n<meta name=\"robots\" content=\"index, follow, max-snippet:-1, max-image-preview:large, max-video-preview:-1\" \/>\n<link rel=\"canonical\" href=\"https:\/\/andagolf.com\/es\/combinaci%c3%b3n-de-dos-materiales\/\" \/>\n<meta property=\"og:locale\" content=\"es_ES\" \/>\n<meta property=\"og:type\" content=\"article\" \/>\n<meta property=\"og:title\" content=\"Combinaci\u00f3n de dos materiales - Anda Golf\" \/>\n<meta property=\"og:description\" content=\"Combinando dos tipos de materiales de su propia elecci\u00f3n puede crear su peculiar moda de golf &#8211; nuestra marca AndaGolf. Si nos visita en nuestra tienda en La Cala de Mijas podr\u00e1 dise\u00f1ar sus exclusivos pantalones y vestimenta de golf. Haga clic en las im\u00e1genes a continuaci\u00f3n:\" \/>\n<meta property=\"og:url\" content=\"https:\/\/andagolf.com\/es\/combinaci%c3%b3n-de-dos-materiales\/\" \/>\n<meta property=\"og:site_name\" content=\"Anda Golf\" \/>\n<meta property=\"article:modified_time\" content=\"2012-10-10T22:05:39+00:00\" \/>\n<meta property=\"og:image\" content=\"http:\/\/andagolf.com\/wp-content\/uploads\/2012\/08\/image_1363-scale_445x.jpg\" \/>\n<script type=\"application\/ld+json\" class=\"yoast-schema-graph\">{\"@context\":\"https:\/\/schema.org\",\"@graph\":[{\"@type\":\"WebPage\",\"@id\":\"https:\/\/andagolf.com\/es\/combinaci%c3%b3n-de-dos-materiales\/\",\"url\":\"https:\/\/andagolf.com\/es\/combinaci%c3%b3n-de-dos-materiales\/\",\"name\":\"Combinaci\u00f3n de dos materiales - Anda Golf\",\"isPartOf\":{\"@id\":\"https:\/\/andagolf.com\/es\/#website\"},\"primaryImageOfPage\":{\"@id\":\"https:\/\/andagolf.com\/es\/combinaci%c3%b3n-de-dos-materiales\/#primaryimage\"},\"image\":{\"@id\":\"https:\/\/andagolf.com\/es\/combinaci%c3%b3n-de-dos-materiales\/#primaryimage\"},\"thumbnailUrl\":\"http:\/\/andagolf.com\/wp-content\/uploads\/2012\/08\/image_1363-scale_445x.jpg\",\"datePublished\":\"2012-10-10T11:41:35+00:00\",\"dateModified\":\"2012-10-10T22:05:39+00:00\",\"inLanguage\":\"es\",\"potentialAction\":[{\"@type\":\"ReadAction\",\"target\":[\"https:\/\/andagolf.com\/es\/combinaci%c3%b3n-de-dos-materiales\/\"]}]},{\"@type\":\"ImageObject\",\"inLanguage\":\"es\",\"@id\":\"https:\/\/andagolf.com\/es\/combinaci%c3%b3n-de-dos-materiales\/#primaryimage\",\"url\":\"http:\/\/andagolf.com\/wp-content\/uploads\/2012\/08\/image_1363-scale_445x.jpg\",\"contentUrl\":\"http:\/\/andagolf.com\/wp-content\/uploads\/2012\/08\/image_1363-scale_445x.jpg\"},{\"@type\":\"WebSite\",\"@id\":\"https:\/\/andagolf.com\/es\/#website\",\"url\":\"https:\/\/andagolf.com\/es\/\",\"name\":\"Anda Golf\",\"description\":\"Golf Shop Mijas - Costa del Sol\",\"publisher\":{\"@id\":\"https:\/\/andagolf.com\/es\/#organization\"},\"potentialAction\":[{\"@type\":\"SearchAction\",\"target\":{\"@type\":\"EntryPoint\",\"urlTemplate\":\"https:\/\/andagolf.com\/es\/?s={search_term_string}\"},\"query-input\":{\"@type\":\"PropertyValueSpecification\",\"valueRequired\":true,\"valueName\":\"search_term_string\"}}],\"inLanguage\":\"es\"},{\"@type\":\"Organization\",\"@id\":\"https:\/\/andagolf.com\/es\/#organization\",\"name\":\"Anda Golf\",\"url\":\"https:\/\/andagolf.com\/es\/\",\"logo\":{\"@type\":\"ImageObject\",\"inLanguage\":\"es\",\"@id\":\"https:\/\/andagolf.com\/es\/#\/schema\/logo\/image\/\",\"url\":\"https:\/\/andagolf.com\/wp-content\/uploads\/2016\/05\/logo-andagolf.png\",\"contentUrl\":\"https:\/\/andagolf.com\/wp-content\/uploads\/2016\/05\/logo-andagolf.png\",\"width\":310,\"height\":108,\"caption\":\"Anda Golf\"},\"image\":{\"@id\":\"https:\/\/andagolf.com\/es\/#\/schema\/logo\/image\/\"}}]}<\/script>\n<!-- \/ Yoast SEO plugin. -->","yoast_head_json":{"title":"Combinaci\u00f3n de dos materiales - Anda Golf","robots":{"index":"index","follow":"follow","max-snippet":"max-snippet:-1","max-image-preview":"max-image-preview:large","max-video-preview":"max-video-preview:-1"},"canonical":"https:\/\/andagolf.com\/es\/combinaci%c3%b3n-de-dos-materiales\/","og_locale":"es_ES","og_type":"article","og_title":"Combinaci\u00f3n de dos materiales - Anda Golf","og_description":"Combinando dos tipos de materiales de su propia elecci\u00f3n puede crear su peculiar moda de golf &#8211; nuestra marca AndaGolf. Si nos visita en nuestra tienda en La Cala de Mijas podr\u00e1 dise\u00f1ar sus exclusivos pantalones y vestimenta de golf. Haga clic en las im\u00e1genes a continuaci\u00f3n:","og_url":"https:\/\/andagolf.com\/es\/combinaci%c3%b3n-de-dos-materiales\/","og_site_name":"Anda Golf","article_modified_time":"2012-10-10T22:05:39+00:00","og_image":[{"url":"http:\/\/andagolf.com\/wp-content\/uploads\/2012\/08\/image_1363-scale_445x.jpg","type":"","width":"","height":""}],"schema":{"@context":"https:\/\/schema.org","@graph":[{"@type":"WebPage","@id":"https:\/\/andagolf.com\/es\/combinaci%c3%b3n-de-dos-materiales\/","url":"https:\/\/andagolf.com\/es\/combinaci%c3%b3n-de-dos-materiales\/","name":"Combinaci\u00f3n de dos materiales - Anda Golf","isPartOf":{"@id":"https:\/\/andagolf.com\/es\/#website"},"primaryImageOfPage":{"@id":"https:\/\/andagolf.com\/es\/combinaci%c3%b3n-de-dos-materiales\/#primaryimage"},"image":{"@id":"https:\/\/andagolf.com\/es\/combinaci%c3%b3n-de-dos-materiales\/#primaryimage"},"thumbnailUrl":"http:\/\/andagolf.com\/wp-content\/uploads\/2012\/08\/image_1363-scale_445x.jpg","datePublished":"2012-10-10T11:41:35+00:00","dateModified":"2012-10-10T22:05:39+00:00","inLanguage":"es","potentialAction":[{"@type":"ReadAction","target":["https:\/\/andagolf.com\/es\/combinaci%c3%b3n-de-dos-materiales\/"]}]},{"@type":"ImageObject","inLanguage":"es","@id":"https:\/\/andagolf.com\/es\/combinaci%c3%b3n-de-dos-materiales\/#primaryimage","url":"http:\/\/andagolf.com\/wp-content\/uploads\/2012\/08\/image_1363-scale_445x.jpg","contentUrl":"http:\/\/andagolf.com\/wp-content\/uploads\/2012\/08\/image_1363-scale_445x.jpg"},{"@type":"WebSite","@id":"https:\/\/andagolf.com\/es\/#website","url":"https:\/\/andagolf.com\/es\/","name":"Anda Golf","description":"Golf Shop Mijas - Costa del Sol","publisher":{"@id":"https:\/\/andagolf.com\/es\/#organization"},"potentialAction":[{"@type":"SearchAction","target":{"@type":"EntryPoint","urlTemplate":"https:\/\/andagolf.com\/es\/?s={search_term_string}"},"query-input":{"@type":"PropertyValueSpecification","valueRequired":true,"valueName":"search_term_string"}}],"inLanguage":"es"},{"@type":"Organization","@id":"https:\/\/andagolf.com\/es\/#organization","name":"Anda Golf","url":"https:\/\/andagolf.com\/es\/","logo":{"@type":"ImageObject","inLanguage":"es","@id":"https:\/\/andagolf.com\/es\/#\/schema\/logo\/image\/","url":"https:\/\/andagolf.com\/wp-content\/uploads\/2016\/05\/logo-andagolf.png","contentUrl":"https:\/\/andagolf.com\/wp-content\/uploads\/2016\/05\/logo-andagolf.png","width":310,"height":108,"caption":"Anda Golf"},"image":{"@id":"https:\/\/andagolf.com\/es\/#\/schema\/logo\/image\/"}}]}},"_links":{"self":[{"href":"https:\/\/andagolf.com\/es\/wp-json\/wp\/v2\/pages\/1313","targetHints":{"allow":["GET"]}}],"collection":[{"href":"https:\/\/andagolf.com\/es\/wp-json\/wp\/v2\/pages"}],"about":[{"href":"https:\/\/andagolf.com\/es\/wp-json\/wp\/v2\/types\/page"}],"author":[{"embeddable":true,"href":"https:\/\/andagolf.com\/es\/wp-json\/wp\/v2\/users\/1"}],"replies":[{"embeddable":true,"href":"https:\/\/andagolf.com\/es\/wp-json\/wp\/v2\/comments?post=1313"}],"version-history":[{"count":0,"href":"https:\/\/andagolf.com\/es\/wp-json\/wp\/v2\/pages\/1313\/revisions"}],"wp:attachment":[{"href":"https:\/\/andagolf.com\/es\/wp-json\/wp\/v2\/media?parent=1313"}],"curies":[{"name":"wp","href":"https:\/\/api.w.org\/{rel}","templated":true}]}}