{"id":1324,"date":"2012-10-10T11:52:08","date_gmt":"2012-10-10T11:52:08","guid":{"rendered":"http:\/\/andagolf.com\/?page_id=1324"},"modified":"2012-10-10T22:08:02","modified_gmt":"2012-10-10T22:08:02","slug":"la-importancia-de-completar-el-golpe","status":"publish","type":"page","link":"https:\/\/andagolf.com\/es\/la-importancia-de-completar-el-golpe\/","title":{"rendered":"La importancia de completar el golpe"},"content":{"rendered":"<p><em>por el Profesional de la PGA Stephane Hoarau, Marbella Golf &amp; Country Club<\/em><\/p>\n<p style=\"text-align: justify;\"><span id=\"result_box\" lang=\"en\"><span>\u00abLa importancia de una buena posici\u00f3n final es a menudo subestimada por muchos golfistas.<\/span><\/span><span id=\"result_box\" lang=\"en\"><span>Un swing s\u00f3lido en el golf se crea rotando y transfiriendo la energ\u00eda desde las caderas consiguiendo un final perfecto.<\/p>\n<p><\/span><\/span><span id=\"result_box\" class=\"short_text\" lang=\"en\"><span>Casualmente he descubierto que pod\u00eda ayudarme a m\u00ed mismo a recordar la importancia de completar el golpe al centrarme en mi rodilla derecha sea en el backswing como al final del golpe.<\/span><\/span><\/p>\n<p style=\"text-align: justify;\"><span id=\"result_box\" lang=\"en\"><span>Es esto lo que me ha dado la idea de ponerme en contacto con AndaGolf pidi\u00e9ndoles que dise\u00f1aran y produjeran un par de pantalones de golf a medida a\u0144adiendo una gran V que recorriera la pierna derecha.\u00bb<\/span><\/span><\/p>\n<h3><span lang=\"en\"><span>Stephane Hoarau<\/span><\/span><\/h3>\n<p><span lang=\"en\"><span><br \/>\n<\/span><\/span><\/p>\n<hr \/>\n<p><span lang=\"en\"><br \/>\n<\/span><\/p>\n<table width=\"479\" border=\"0\">\n<tbody>\n<tr>\n<td align=\"center\"><img decoding=\"async\" title=\"1+Backswing.jpg\" src=\"http:\/\/andagolf.com\/wp-content\/uploads\/2012\/08\/image_1331-scale_220x.jpg\" alt=\"1+Backswing.jpg\" width=\"220\" \/><\/td>\n<td align=\"center\">\u00a0<img decoding=\"async\" title=\"2+Impact.jpg\" src=\"http:\/\/andagolf.com\/wp-content\/uploads\/2012\/08\/image_1332-scale_220x.jpg\" alt=\"2+Impact.jpg\" width=\"220\" \/><\/td>\n<\/tr>\n<tr>\n<td>\n<h3>\u00a0<span id=\"result_box\" lang=\"en\"><span>1)<\/span><\/span><\/h3>\n<p><span id=\"result_box\" lang=\"en\"><span>Durante el backswing tenga su rodilla derecha en posici\u00f3n flexible, esto le permite una mejor disposici\u00f3n.<\/span><\/span><\/td>\n<td>\n<h3>\u00a0<span id=\"result_box\" lang=\"en\"><span>2)<\/span><\/span><\/h3>\n<p><span id=\"result_box\" lang=\"en\"><span>Gracias a la rotaci\u00f3n de las caderas se genera la mayor energ\u00eda en el momento del impacto.<\/span><\/span><\/td>\n<\/tr>\n<tr>\n<td align=\"center\">\u00a0<img decoding=\"async\" title=\"3+Follow-through.jpg\" src=\"http:\/\/andagolf.com\/wp-content\/uploads\/2012\/08\/image_1333-scale_220x.jpg\" alt=\"3+Follow-through.jpg\" width=\"220\" \/><\/td>\n<td align=\"center\">\u00a0<img decoding=\"async\" title=\"4+Finish.jpg\" src=\"http:\/\/andagolf.com\/wp-content\/uploads\/2012\/08\/image_1334-scale_220x.jpg\" alt=\"4+Finish.jpg\" width=\"220\" \/><\/td>\n<\/tr>\n<tr>\n<td>\n<h3>\u00a0<span id=\"result_box\" lang=\"en\"><span>3)<\/span><\/span><\/h3>\n<p><span id=\"result_box\" lang=\"en\"><span>La rodilla derecha empieza a apuntar en la direcci\u00f3n del objetivo durante el seguimiento.<\/span><\/span><\/td>\n<td>\n<h3>\u00a0<span id=\"result_box\" lang=\"en\"><span>4)<\/span><\/span><\/h3>\n<p><span id=\"result_box\" lang=\"en\"><span>Cuando la V de mis pantalones, hechos en AndaGolf, apunta directamente al objetivo, entonces s\u00e9 que he completado mi golpe perfectamente.<br \/>\n<\/span><\/span><\/td>\n<\/tr>\n<\/tbody>\n<\/table>\n<h2><span id=\"result_box\" lang=\"en\"><span>\u00a0<\/span><span>AndaGolf: Cuando el apoyo en la formaci\u00f3n del golf y la moda van de la mano.<\/span><\/span><\/h2>\n","protected":false},"excerpt":{"rendered":"<p>por el Profesional de la PGA Stephane Hoarau, Marbella Golf &amp; Country Club \u00abLa importancia de una buena posici\u00f3n final es a menudo subestimada por muchos golfistas.Un swing s\u00f3lido en el golf se crea rotando y transfiriendo la energ\u00eda desde las caderas consiguiendo un final perfecto. Casualmente he descubierto que pod\u00eda ayudarme a m\u00ed mismo &hellip; <a href=\"https:\/\/andagolf.com\/es\/la-importancia-de-completar-el-golpe\/\" class=\"more-link\">Continue reading <span class=\"screen-reader-text\">La importancia de completar el golpe<\/span><\/a><\/p>\n","protected":false},"author":1,"featured_media":0,"parent":0,"menu_order":0,"comment_status":"closed","ping_status":"closed","template":"","meta":{"footnotes":""},"class_list":["post-1324","page","type-page","status-publish","hentry"],"yoast_head":"<!-- This site is optimized with the Yoast SEO plugin v26.5 - https:\/\/yoast.com\/wordpress\/plugins\/seo\/ -->\n<title>La importancia de completar el golpe - Anda Golf<\/title>\n<meta name=\"robots\" content=\"index, follow, max-snippet:-1, max-image-preview:large, max-video-preview:-1\" \/>\n<link rel=\"canonical\" href=\"https:\/\/andagolf.com\/es\/la-importancia-de-completar-el-golpe\/\" \/>\n<meta property=\"og:locale\" content=\"es_ES\" \/>\n<meta property=\"og:type\" content=\"article\" \/>\n<meta property=\"og:title\" content=\"La importancia de completar el golpe - Anda Golf\" \/>\n<meta property=\"og:description\" content=\"por el Profesional de la PGA Stephane Hoarau, Marbella Golf &amp; Country Club \u00abLa importancia de una buena posici\u00f3n final es a menudo subestimada por muchos golfistas.Un swing s\u00f3lido en el golf se crea rotando y transfiriendo la energ\u00eda desde las caderas consiguiendo un final perfecto. Casualmente he descubierto que pod\u00eda ayudarme a m\u00ed mismo &hellip; Continue reading La importancia de completar el golpe\" \/>\n<meta property=\"og:url\" content=\"https:\/\/andagolf.com\/es\/la-importancia-de-completar-el-golpe\/\" \/>\n<meta property=\"og:site_name\" content=\"Anda Golf\" \/>\n<meta property=\"article:modified_time\" content=\"2012-10-10T22:08:02+00:00\" \/>\n<meta property=\"og:image\" content=\"http:\/\/andagolf.com\/wp-content\/uploads\/2012\/08\/image_1331-scale_220x.jpg\" \/>\n<meta name=\"twitter:label1\" content=\"Tiempo de lectura\" \/>\n\t<meta name=\"twitter:data1\" content=\"1 minuto\" \/>\n<script type=\"application\/ld+json\" class=\"yoast-schema-graph\">{\"@context\":\"https:\/\/schema.org\",\"@graph\":[{\"@type\":\"WebPage\",\"@id\":\"https:\/\/andagolf.com\/es\/la-importancia-de-completar-el-golpe\/\",\"url\":\"https:\/\/andagolf.com\/es\/la-importancia-de-completar-el-golpe\/\",\"name\":\"La importancia de completar el golpe - Anda Golf\",\"isPartOf\":{\"@id\":\"https:\/\/andagolf.com\/es\/#website\"},\"primaryImageOfPage\":{\"@id\":\"https:\/\/andagolf.com\/es\/la-importancia-de-completar-el-golpe\/#primaryimage\"},\"image\":{\"@id\":\"https:\/\/andagolf.com\/es\/la-importancia-de-completar-el-golpe\/#primaryimage\"},\"thumbnailUrl\":\"http:\/\/andagolf.com\/wp-content\/uploads\/2012\/08\/image_1331-scale_220x.jpg\",\"datePublished\":\"2012-10-10T11:52:08+00:00\",\"dateModified\":\"2012-10-10T22:08:02+00:00\",\"inLanguage\":\"es\",\"potentialAction\":[{\"@type\":\"ReadAction\",\"target\":[\"https:\/\/andagolf.com\/es\/la-importancia-de-completar-el-golpe\/\"]}]},{\"@type\":\"ImageObject\",\"inLanguage\":\"es\",\"@id\":\"https:\/\/andagolf.com\/es\/la-importancia-de-completar-el-golpe\/#primaryimage\",\"url\":\"http:\/\/andagolf.com\/wp-content\/uploads\/2012\/08\/image_1331-scale_220x.jpg\",\"contentUrl\":\"http:\/\/andagolf.com\/wp-content\/uploads\/2012\/08\/image_1331-scale_220x.jpg\"},{\"@type\":\"WebSite\",\"@id\":\"https:\/\/andagolf.com\/es\/#website\",\"url\":\"https:\/\/andagolf.com\/es\/\",\"name\":\"Anda Golf\",\"description\":\"Golf Shop Mijas - Costa del Sol\",\"publisher\":{\"@id\":\"https:\/\/andagolf.com\/es\/#organization\"},\"potentialAction\":[{\"@type\":\"SearchAction\",\"target\":{\"@type\":\"EntryPoint\",\"urlTemplate\":\"https:\/\/andagolf.com\/es\/?s={search_term_string}\"},\"query-input\":{\"@type\":\"PropertyValueSpecification\",\"valueRequired\":true,\"valueName\":\"search_term_string\"}}],\"inLanguage\":\"es\"},{\"@type\":\"Organization\",\"@id\":\"https:\/\/andagolf.com\/es\/#organization\",\"name\":\"Anda Golf\",\"url\":\"https:\/\/andagolf.com\/es\/\",\"logo\":{\"@type\":\"ImageObject\",\"inLanguage\":\"es\",\"@id\":\"https:\/\/andagolf.com\/es\/#\/schema\/logo\/image\/\",\"url\":\"https:\/\/andagolf.com\/wp-content\/uploads\/2016\/05\/logo-andagolf.png\",\"contentUrl\":\"https:\/\/andagolf.com\/wp-content\/uploads\/2016\/05\/logo-andagolf.png\",\"width\":310,\"height\":108,\"caption\":\"Anda Golf\"},\"image\":{\"@id\":\"https:\/\/andagolf.com\/es\/#\/schema\/logo\/image\/\"}}]}<\/script>\n<!-- \/ Yoast SEO plugin. -->","yoast_head_json":{"title":"La importancia de completar el golpe - Anda Golf","robots":{"index":"index","follow":"follow","max-snippet":"max-snippet:-1","max-image-preview":"max-image-preview:large","max-video-preview":"max-video-preview:-1"},"canonical":"https:\/\/andagolf.com\/es\/la-importancia-de-completar-el-golpe\/","og_locale":"es_ES","og_type":"article","og_title":"La importancia de completar el golpe - Anda Golf","og_description":"por el Profesional de la PGA Stephane Hoarau, Marbella Golf &amp; Country Club \u00abLa importancia de una buena posici\u00f3n final es a menudo subestimada por muchos golfistas.Un swing s\u00f3lido en el golf se crea rotando y transfiriendo la energ\u00eda desde las caderas consiguiendo un final perfecto. Casualmente he descubierto que pod\u00eda ayudarme a m\u00ed mismo &hellip; Continue reading La importancia de completar el golpe","og_url":"https:\/\/andagolf.com\/es\/la-importancia-de-completar-el-golpe\/","og_site_name":"Anda Golf","article_modified_time":"2012-10-10T22:08:02+00:00","og_image":[{"url":"http:\/\/andagolf.com\/wp-content\/uploads\/2012\/08\/image_1331-scale_220x.jpg","type":"","width":"","height":""}],"twitter_misc":{"Tiempo de lectura":"1 minuto"},"schema":{"@context":"https:\/\/schema.org","@graph":[{"@type":"WebPage","@id":"https:\/\/andagolf.com\/es\/la-importancia-de-completar-el-golpe\/","url":"https:\/\/andagolf.com\/es\/la-importancia-de-completar-el-golpe\/","name":"La importancia de completar el golpe - Anda Golf","isPartOf":{"@id":"https:\/\/andagolf.com\/es\/#website"},"primaryImageOfPage":{"@id":"https:\/\/andagolf.com\/es\/la-importancia-de-completar-el-golpe\/#primaryimage"},"image":{"@id":"https:\/\/andagolf.com\/es\/la-importancia-de-completar-el-golpe\/#primaryimage"},"thumbnailUrl":"http:\/\/andagolf.com\/wp-content\/uploads\/2012\/08\/image_1331-scale_220x.jpg","datePublished":"2012-10-10T11:52:08+00:00","dateModified":"2012-10-10T22:08:02+00:00","inLanguage":"es","potentialAction":[{"@type":"ReadAction","target":["https:\/\/andagolf.com\/es\/la-importancia-de-completar-el-golpe\/"]}]},{"@type":"ImageObject","inLanguage":"es","@id":"https:\/\/andagolf.com\/es\/la-importancia-de-completar-el-golpe\/#primaryimage","url":"http:\/\/andagolf.com\/wp-content\/uploads\/2012\/08\/image_1331-scale_220x.jpg","contentUrl":"http:\/\/andagolf.com\/wp-content\/uploads\/2012\/08\/image_1331-scale_220x.jpg"},{"@type":"WebSite","@id":"https:\/\/andagolf.com\/es\/#website","url":"https:\/\/andagolf.com\/es\/","name":"Anda Golf","description":"Golf Shop Mijas - Costa del Sol","publisher":{"@id":"https:\/\/andagolf.com\/es\/#organization"},"potentialAction":[{"@type":"SearchAction","target":{"@type":"EntryPoint","urlTemplate":"https:\/\/andagolf.com\/es\/?s={search_term_string}"},"query-input":{"@type":"PropertyValueSpecification","valueRequired":true,"valueName":"search_term_string"}}],"inLanguage":"es"},{"@type":"Organization","@id":"https:\/\/andagolf.com\/es\/#organization","name":"Anda Golf","url":"https:\/\/andagolf.com\/es\/","logo":{"@type":"ImageObject","inLanguage":"es","@id":"https:\/\/andagolf.com\/es\/#\/schema\/logo\/image\/","url":"https:\/\/andagolf.com\/wp-content\/uploads\/2016\/05\/logo-andagolf.png","contentUrl":"https:\/\/andagolf.com\/wp-content\/uploads\/2016\/05\/logo-andagolf.png","width":310,"height":108,"caption":"Anda Golf"},"image":{"@id":"https:\/\/andagolf.com\/es\/#\/schema\/logo\/image\/"}}]}},"_links":{"self":[{"href":"https:\/\/andagolf.com\/es\/wp-json\/wp\/v2\/pages\/1324","targetHints":{"allow":["GET"]}}],"collection":[{"href":"https:\/\/andagolf.com\/es\/wp-json\/wp\/v2\/pages"}],"about":[{"href":"https:\/\/andagolf.com\/es\/wp-json\/wp\/v2\/types\/page"}],"author":[{"embeddable":true,"href":"https:\/\/andagolf.com\/es\/wp-json\/wp\/v2\/users\/1"}],"replies":[{"embeddable":true,"href":"https:\/\/andagolf.com\/es\/wp-json\/wp\/v2\/comments?post=1324"}],"version-history":[{"count":0,"href":"https:\/\/andagolf.com\/es\/wp-json\/wp\/v2\/pages\/1324\/revisions"}],"wp:attachment":[{"href":"https:\/\/andagolf.com\/es\/wp-json\/wp\/v2\/media?parent=1324"}],"curies":[{"name":"wp","href":"https:\/\/api.w.org\/{rel}","templated":true}]}}