{"id":1331,"date":"2012-10-10T12:05:49","date_gmt":"2012-10-10T12:05:49","guid":{"rendered":"http:\/\/andagolf.com\/?page_id=1331"},"modified":"2012-11-21T17:46:15","modified_gmt":"2012-11-21T17:46:15","slug":"para-los-palos-de-golf-el-m-o-t-es-gratis","status":"publish","type":"page","link":"https:\/\/andagolf.com\/es\/para-los-palos-de-golf-el-m-o-t-es-gratis\/","title":{"rendered":"Para los palos de golf el I.T.V. es gratis"},"content":{"rendered":"<div class=\"padding\">\n<p>De vez en cuando es muy recomendable visitar AndaGolf y efectuar una I.T.V DE SUS PALOS DE GOLF, lo que consiste en revisar sus palos de golf respondiendo a las cuatro preguntas b\u00e1sicas:<\/p>\n<p>&nbsp;<\/p>\n<p>&nbsp;<\/p>\n<h2>1) \u00bfSe encuentran sus empu\u00f1aduras en buen estado?<\/h2>\n<p><img decoding=\"async\" title=\"MOT-old-grip.jpg\" src=\"http:\/\/andagolf.com\/wp-content\/uploads\/2012\/08\/image_1371.jpg\" alt=\"MOT-old-grip.jpg\" \/><\/p>\n<p>Antigua empu\u00f1adura<\/p>\n<p>&nbsp;<\/p>\n<p><img decoding=\"async\" title=\"MOT-new-grip.jpg\" src=\"http:\/\/andagolf.com\/wp-content\/uploads\/2012\/08\/image_1375.jpg\" alt=\"MOT-new-grip.jpg\" \/><\/p>\n<p>Nueva empu\u00f1adura<\/p>\n<p>&nbsp;<\/p>\n<p>&nbsp;<\/p>\n<hr \/>\n<p>&nbsp;<\/p>\n<h2>2) \u00bfEst\u00e1 la longitud de los palos ajustada a su altura?<\/h2>\n<p><img decoding=\"async\" title=\"MOT-Lenght.jpg\" src=\"http:\/\/andagolf.com\/wp-content\/uploads\/2012\/08\/image_1374-scale_445x.jpg\" alt=\"MOT-Lenght.jpg\" width=\"445\" \/><\/p>\n<p>Las maderas y los palos de vez en cuando se entregan con una versi\u00f3n est\u00e1ndar m\u00e1s larga y esto puede influir en su juego de una manera negativa. Nosotros podemos medir, acortar o extender los ejes y asegurarnos de que el balance siga siendo perfecto.<\/p>\n<p>&nbsp;<\/p>\n<hr \/>\n<h2>3) \u00bfEs el apoyo de los palos el perfecto?<\/h2>\n<p><img decoding=\"async\" title=\"MOT-lie-toe.jpg\" src=\"http:\/\/andagolf.com\/wp-content\/uploads\/2012\/08\/image_1372-scale_445x.jpg\" alt=\"MOT-lie-toe.jpg\" width=\"445\" \/><\/p>\n<p>Un mal apoyo en la punta puede causar el rebanado de la pelota.<\/p>\n<p>&nbsp;<\/p>\n<p><img decoding=\"async\" title=\"MOT-lie-heal.jpg\" src=\"http:\/\/andagolf.com\/wp-content\/uploads\/2012\/08\/image_1373-scale_445x.jpg\" alt=\"MOT-lie-heal.jpg\" width=\"445\" \/><\/p>\n<p>Un mal apoyo en el tal\u00f3n puede causar la elevaci\u00f3n de la pelota<\/p>\n<p>&nbsp;<\/p>\n<p><img decoding=\"async\" title=\"MOT-lie-neutral.jpg\" src=\"http:\/\/andagolf.com\/wp-content\/uploads\/2012\/08\/image_1370-scale_445x.jpg\" alt=\"MOT-lie-neutral.jpg\" width=\"445\" \/><\/p>\n<p>Este es un apoyo neutral \u2013 es perfecto.<\/p>\n<p>&nbsp;<\/p>\n<hr \/>\n<h2>4) \u00bfEs el \u00e1ngulo loft de los palos como deber\u00eda ser?<\/h2>\n<p><img decoding=\"async\" title=\"MOT-loft.jpg\" src=\"http:\/\/andagolf.com\/wp-content\/uploads\/2012\/08\/image_1369-scale_445x.jpg\" alt=\"MOT-loft.jpg\" width=\"445\" \/><\/p>\n<p>Podemos medir si el \u00e1ngulo loft de los palos es \u00f3ptimo y modificarlo si fuese necesario.<\/p>\n<p>&nbsp;<\/p>\n<\/div>\n","protected":false},"excerpt":{"rendered":"<p>De vez en cuando es muy recomendable visitar AndaGolf y efectuar una I.T.V DE SUS PALOS DE GOLF, lo que consiste en revisar sus palos de golf respondiendo a las cuatro preguntas b\u00e1sicas: &nbsp; &nbsp; 1) \u00bfSe encuentran sus empu\u00f1aduras en buen estado? Antigua empu\u00f1adura &nbsp; Nueva empu\u00f1adura &nbsp; &nbsp; &nbsp; 2) \u00bfEst\u00e1 la longitud &hellip; <a href=\"https:\/\/andagolf.com\/es\/para-los-palos-de-golf-el-m-o-t-es-gratis\/\" class=\"more-link\">Continue reading <span class=\"screen-reader-text\">Para los palos de golf el I.T.V. es gratis<\/span><\/a><\/p>\n","protected":false},"author":1,"featured_media":0,"parent":0,"menu_order":0,"comment_status":"closed","ping_status":"closed","template":"","meta":{"footnotes":""},"class_list":["post-1331","page","type-page","status-publish","hentry"],"yoast_head":"<!-- This site is optimized with the Yoast SEO plugin v26.5 - https:\/\/yoast.com\/wordpress\/plugins\/seo\/ -->\n<title>Para los palos de golf el I.T.V. es gratis - Anda Golf<\/title>\n<meta name=\"robots\" content=\"index, follow, max-snippet:-1, max-image-preview:large, max-video-preview:-1\" \/>\n<link rel=\"canonical\" href=\"https:\/\/andagolf.com\/es\/para-los-palos-de-golf-el-m-o-t-es-gratis\/\" \/>\n<meta property=\"og:locale\" content=\"es_ES\" \/>\n<meta property=\"og:type\" content=\"article\" \/>\n<meta property=\"og:title\" content=\"Para los palos de golf el I.T.V. es gratis - Anda Golf\" \/>\n<meta property=\"og:description\" content=\"De vez en cuando es muy recomendable visitar AndaGolf y efectuar una I.T.V DE SUS PALOS DE GOLF, lo que consiste en revisar sus palos de golf respondiendo a las cuatro preguntas b\u00e1sicas: &nbsp; &nbsp; 1) \u00bfSe encuentran sus empu\u00f1aduras en buen estado? Antigua empu\u00f1adura &nbsp; Nueva empu\u00f1adura &nbsp; &nbsp; &nbsp; 2) \u00bfEst\u00e1 la longitud &hellip; Continue reading Para los palos de golf el I.T.V. es gratis\" \/>\n<meta property=\"og:url\" content=\"https:\/\/andagolf.com\/es\/para-los-palos-de-golf-el-m-o-t-es-gratis\/\" \/>\n<meta property=\"og:site_name\" content=\"Anda Golf\" \/>\n<meta property=\"article:modified_time\" content=\"2012-11-21T17:46:15+00:00\" \/>\n<meta property=\"og:image\" content=\"http:\/\/andagolf.com\/wp-content\/uploads\/2012\/08\/image_1371.jpg\" \/>\n<meta name=\"twitter:label1\" content=\"Tiempo de lectura\" \/>\n\t<meta name=\"twitter:data1\" content=\"1 minuto\" \/>\n<script type=\"application\/ld+json\" class=\"yoast-schema-graph\">{\"@context\":\"https:\/\/schema.org\",\"@graph\":[{\"@type\":\"WebPage\",\"@id\":\"https:\/\/andagolf.com\/es\/para-los-palos-de-golf-el-m-o-t-es-gratis\/\",\"url\":\"https:\/\/andagolf.com\/es\/para-los-palos-de-golf-el-m-o-t-es-gratis\/\",\"name\":\"Para los palos de golf el I.T.V. es gratis - Anda Golf\",\"isPartOf\":{\"@id\":\"https:\/\/andagolf.com\/es\/#website\"},\"primaryImageOfPage\":{\"@id\":\"https:\/\/andagolf.com\/es\/para-los-palos-de-golf-el-m-o-t-es-gratis\/#primaryimage\"},\"image\":{\"@id\":\"https:\/\/andagolf.com\/es\/para-los-palos-de-golf-el-m-o-t-es-gratis\/#primaryimage\"},\"thumbnailUrl\":\"http:\/\/andagolf.com\/wp-content\/uploads\/2012\/08\/image_1371.jpg\",\"datePublished\":\"2012-10-10T12:05:49+00:00\",\"dateModified\":\"2012-11-21T17:46:15+00:00\",\"inLanguage\":\"es\",\"potentialAction\":[{\"@type\":\"ReadAction\",\"target\":[\"https:\/\/andagolf.com\/es\/para-los-palos-de-golf-el-m-o-t-es-gratis\/\"]}]},{\"@type\":\"ImageObject\",\"inLanguage\":\"es\",\"@id\":\"https:\/\/andagolf.com\/es\/para-los-palos-de-golf-el-m-o-t-es-gratis\/#primaryimage\",\"url\":\"http:\/\/andagolf.com\/wp-content\/uploads\/2012\/08\/image_1371.jpg\",\"contentUrl\":\"http:\/\/andagolf.com\/wp-content\/uploads\/2012\/08\/image_1371.jpg\"},{\"@type\":\"WebSite\",\"@id\":\"https:\/\/andagolf.com\/es\/#website\",\"url\":\"https:\/\/andagolf.com\/es\/\",\"name\":\"Anda Golf\",\"description\":\"Golf Shop Mijas - Costa del Sol\",\"publisher\":{\"@id\":\"https:\/\/andagolf.com\/es\/#organization\"},\"potentialAction\":[{\"@type\":\"SearchAction\",\"target\":{\"@type\":\"EntryPoint\",\"urlTemplate\":\"https:\/\/andagolf.com\/es\/?s={search_term_string}\"},\"query-input\":{\"@type\":\"PropertyValueSpecification\",\"valueRequired\":true,\"valueName\":\"search_term_string\"}}],\"inLanguage\":\"es\"},{\"@type\":\"Organization\",\"@id\":\"https:\/\/andagolf.com\/es\/#organization\",\"name\":\"Anda Golf\",\"url\":\"https:\/\/andagolf.com\/es\/\",\"logo\":{\"@type\":\"ImageObject\",\"inLanguage\":\"es\",\"@id\":\"https:\/\/andagolf.com\/es\/#\/schema\/logo\/image\/\",\"url\":\"https:\/\/andagolf.com\/wp-content\/uploads\/2016\/05\/logo-andagolf.png\",\"contentUrl\":\"https:\/\/andagolf.com\/wp-content\/uploads\/2016\/05\/logo-andagolf.png\",\"width\":310,\"height\":108,\"caption\":\"Anda Golf\"},\"image\":{\"@id\":\"https:\/\/andagolf.com\/es\/#\/schema\/logo\/image\/\"}}]}<\/script>\n<!-- \/ Yoast SEO plugin. -->","yoast_head_json":{"title":"Para los palos de golf el I.T.V. es gratis - Anda Golf","robots":{"index":"index","follow":"follow","max-snippet":"max-snippet:-1","max-image-preview":"max-image-preview:large","max-video-preview":"max-video-preview:-1"},"canonical":"https:\/\/andagolf.com\/es\/para-los-palos-de-golf-el-m-o-t-es-gratis\/","og_locale":"es_ES","og_type":"article","og_title":"Para los palos de golf el I.T.V. es gratis - Anda Golf","og_description":"De vez en cuando es muy recomendable visitar AndaGolf y efectuar una I.T.V DE SUS PALOS DE GOLF, lo que consiste en revisar sus palos de golf respondiendo a las cuatro preguntas b\u00e1sicas: &nbsp; &nbsp; 1) \u00bfSe encuentran sus empu\u00f1aduras en buen estado? Antigua empu\u00f1adura &nbsp; Nueva empu\u00f1adura &nbsp; &nbsp; &nbsp; 2) \u00bfEst\u00e1 la longitud &hellip; Continue reading Para los palos de golf el I.T.V. es gratis","og_url":"https:\/\/andagolf.com\/es\/para-los-palos-de-golf-el-m-o-t-es-gratis\/","og_site_name":"Anda Golf","article_modified_time":"2012-11-21T17:46:15+00:00","og_image":[{"url":"http:\/\/andagolf.com\/wp-content\/uploads\/2012\/08\/image_1371.jpg","type":"","width":"","height":""}],"twitter_misc":{"Tiempo de lectura":"1 minuto"},"schema":{"@context":"https:\/\/schema.org","@graph":[{"@type":"WebPage","@id":"https:\/\/andagolf.com\/es\/para-los-palos-de-golf-el-m-o-t-es-gratis\/","url":"https:\/\/andagolf.com\/es\/para-los-palos-de-golf-el-m-o-t-es-gratis\/","name":"Para los palos de golf el I.T.V. es gratis - Anda Golf","isPartOf":{"@id":"https:\/\/andagolf.com\/es\/#website"},"primaryImageOfPage":{"@id":"https:\/\/andagolf.com\/es\/para-los-palos-de-golf-el-m-o-t-es-gratis\/#primaryimage"},"image":{"@id":"https:\/\/andagolf.com\/es\/para-los-palos-de-golf-el-m-o-t-es-gratis\/#primaryimage"},"thumbnailUrl":"http:\/\/andagolf.com\/wp-content\/uploads\/2012\/08\/image_1371.jpg","datePublished":"2012-10-10T12:05:49+00:00","dateModified":"2012-11-21T17:46:15+00:00","inLanguage":"es","potentialAction":[{"@type":"ReadAction","target":["https:\/\/andagolf.com\/es\/para-los-palos-de-golf-el-m-o-t-es-gratis\/"]}]},{"@type":"ImageObject","inLanguage":"es","@id":"https:\/\/andagolf.com\/es\/para-los-palos-de-golf-el-m-o-t-es-gratis\/#primaryimage","url":"http:\/\/andagolf.com\/wp-content\/uploads\/2012\/08\/image_1371.jpg","contentUrl":"http:\/\/andagolf.com\/wp-content\/uploads\/2012\/08\/image_1371.jpg"},{"@type":"WebSite","@id":"https:\/\/andagolf.com\/es\/#website","url":"https:\/\/andagolf.com\/es\/","name":"Anda Golf","description":"Golf Shop Mijas - Costa del Sol","publisher":{"@id":"https:\/\/andagolf.com\/es\/#organization"},"potentialAction":[{"@type":"SearchAction","target":{"@type":"EntryPoint","urlTemplate":"https:\/\/andagolf.com\/es\/?s={search_term_string}"},"query-input":{"@type":"PropertyValueSpecification","valueRequired":true,"valueName":"search_term_string"}}],"inLanguage":"es"},{"@type":"Organization","@id":"https:\/\/andagolf.com\/es\/#organization","name":"Anda Golf","url":"https:\/\/andagolf.com\/es\/","logo":{"@type":"ImageObject","inLanguage":"es","@id":"https:\/\/andagolf.com\/es\/#\/schema\/logo\/image\/","url":"https:\/\/andagolf.com\/wp-content\/uploads\/2016\/05\/logo-andagolf.png","contentUrl":"https:\/\/andagolf.com\/wp-content\/uploads\/2016\/05\/logo-andagolf.png","width":310,"height":108,"caption":"Anda Golf"},"image":{"@id":"https:\/\/andagolf.com\/es\/#\/schema\/logo\/image\/"}}]}},"_links":{"self":[{"href":"https:\/\/andagolf.com\/es\/wp-json\/wp\/v2\/pages\/1331","targetHints":{"allow":["GET"]}}],"collection":[{"href":"https:\/\/andagolf.com\/es\/wp-json\/wp\/v2\/pages"}],"about":[{"href":"https:\/\/andagolf.com\/es\/wp-json\/wp\/v2\/types\/page"}],"author":[{"embeddable":true,"href":"https:\/\/andagolf.com\/es\/wp-json\/wp\/v2\/users\/1"}],"replies":[{"embeddable":true,"href":"https:\/\/andagolf.com\/es\/wp-json\/wp\/v2\/comments?post=1331"}],"version-history":[{"count":0,"href":"https:\/\/andagolf.com\/es\/wp-json\/wp\/v2\/pages\/1331\/revisions"}],"wp:attachment":[{"href":"https:\/\/andagolf.com\/es\/wp-json\/wp\/v2\/media?parent=1331"}],"curies":[{"name":"wp","href":"https:\/\/api.w.org\/{rel}","templated":true}]}}