{"id":1338,"date":"2012-10-10T12:14:17","date_gmt":"2012-10-10T12:14:17","guid":{"rendered":"http:\/\/andagolf.com\/?page_id=1338"},"modified":"2022-04-12T10:05:20","modified_gmt":"2022-04-12T09:05:20","slug":"descuento-en-el-greenfee","status":"publish","type":"page","link":"https:\/\/andagolf.com\/es\/descuento-en-el-greenfee\/","title":{"rendered":"Descuento en el Greenfee"},"content":{"rendered":"<p>Ofrecemos a todos nuestros clientes un servicio que consiste en un descuento relacionado con la reserva del Greenfee en los campos de golf m\u00e1s apasionantes de la<br \/>\nCosta del Sol, as\u00ed como del resto del sur de Espa\u00f1a.<\/p>\n<hr \/>\n<p>Reserve su salida en nuestra tienda ahorrando tiempo y dinero.<\/p>\n<p>En cooperaci\u00f3n con <a href=\"https:\/\/www.golfinthesun.org\/discount-card\/\" target=\"_blank\" rel=\"noopener\">Golf in the Sun.<\/a><\/p>\n<hr \/>\n<p><img decoding=\"async\" title=\"Greenfee discount\" src=\"http:\/\/andagolf.com\/wp-content\/uploads\/2012\/08\/image_1321-scale_430x.jpg\" alt=\"Greenfee discount\" width=\"430\" \/><\/p>\n<h2>DISFRUTE DE UNA RONDA DE GOLF EN LA COSTA DEL SOL<\/h2>\n","protected":false},"excerpt":{"rendered":"<p>Ofrecemos a todos nuestros clientes un servicio que consiste en un descuento relacionado con la reserva del Greenfee en los campos de golf m\u00e1s apasionantes de la Costa del Sol, as\u00ed como del resto del sur de Espa\u00f1a. Reserve su salida en nuestra tienda ahorrando tiempo y dinero. En cooperaci\u00f3n con Golf in the Sun. &hellip; <a href=\"https:\/\/andagolf.com\/es\/descuento-en-el-greenfee\/\" class=\"more-link\">Continue reading <span class=\"screen-reader-text\">Descuento en el Greenfee<\/span><\/a><\/p>\n","protected":false},"author":1,"featured_media":0,"parent":0,"menu_order":0,"comment_status":"closed","ping_status":"closed","template":"","meta":{"footnotes":""},"class_list":["post-1338","page","type-page","status-publish","hentry"],"yoast_head":"<!-- This site is optimized with the Yoast SEO plugin v26.5 - https:\/\/yoast.com\/wordpress\/plugins\/seo\/ -->\n<title>Descuento en el Greenfee - Anda Golf<\/title>\n<meta name=\"robots\" content=\"index, follow, max-snippet:-1, max-image-preview:large, max-video-preview:-1\" \/>\n<link rel=\"canonical\" href=\"https:\/\/andagolf.com\/es\/descuento-en-el-greenfee\/\" \/>\n<meta property=\"og:locale\" content=\"es_ES\" \/>\n<meta property=\"og:type\" content=\"article\" \/>\n<meta property=\"og:title\" content=\"Descuento en el Greenfee - Anda Golf\" \/>\n<meta property=\"og:description\" content=\"Ofrecemos a todos nuestros clientes un servicio que consiste en un descuento relacionado con la reserva del Greenfee en los campos de golf m\u00e1s apasionantes de la Costa del Sol, as\u00ed como del resto del sur de Espa\u00f1a. Reserve su salida en nuestra tienda ahorrando tiempo y dinero. En cooperaci\u00f3n con Golf in the Sun. &hellip; Continue reading Descuento en el Greenfee\" \/>\n<meta property=\"og:url\" content=\"https:\/\/andagolf.com\/es\/descuento-en-el-greenfee\/\" \/>\n<meta property=\"og:site_name\" content=\"Anda Golf\" \/>\n<meta property=\"article:modified_time\" content=\"2022-04-12T09:05:20+00:00\" \/>\n<meta property=\"og:image\" content=\"http:\/\/andagolf.com\/wp-content\/uploads\/2012\/08\/image_1321-scale_430x.jpg\" \/>\n<script type=\"application\/ld+json\" class=\"yoast-schema-graph\">{\"@context\":\"https:\/\/schema.org\",\"@graph\":[{\"@type\":\"WebPage\",\"@id\":\"https:\/\/andagolf.com\/es\/descuento-en-el-greenfee\/\",\"url\":\"https:\/\/andagolf.com\/es\/descuento-en-el-greenfee\/\",\"name\":\"Descuento en el Greenfee - Anda Golf\",\"isPartOf\":{\"@id\":\"https:\/\/andagolf.com\/es\/#website\"},\"primaryImageOfPage\":{\"@id\":\"https:\/\/andagolf.com\/es\/descuento-en-el-greenfee\/#primaryimage\"},\"image\":{\"@id\":\"https:\/\/andagolf.com\/es\/descuento-en-el-greenfee\/#primaryimage\"},\"thumbnailUrl\":\"http:\/\/andagolf.com\/wp-content\/uploads\/2012\/08\/image_1321-scale_430x.jpg\",\"datePublished\":\"2012-10-10T12:14:17+00:00\",\"dateModified\":\"2022-04-12T09:05:20+00:00\",\"inLanguage\":\"es\",\"potentialAction\":[{\"@type\":\"ReadAction\",\"target\":[\"https:\/\/andagolf.com\/es\/descuento-en-el-greenfee\/\"]}]},{\"@type\":\"ImageObject\",\"inLanguage\":\"es\",\"@id\":\"https:\/\/andagolf.com\/es\/descuento-en-el-greenfee\/#primaryimage\",\"url\":\"http:\/\/andagolf.com\/wp-content\/uploads\/2012\/08\/image_1321-scale_430x.jpg\",\"contentUrl\":\"http:\/\/andagolf.com\/wp-content\/uploads\/2012\/08\/image_1321-scale_430x.jpg\"},{\"@type\":\"WebSite\",\"@id\":\"https:\/\/andagolf.com\/es\/#website\",\"url\":\"https:\/\/andagolf.com\/es\/\",\"name\":\"Anda Golf\",\"description\":\"Golf Shop Mijas - Costa del Sol\",\"publisher\":{\"@id\":\"https:\/\/andagolf.com\/es\/#organization\"},\"potentialAction\":[{\"@type\":\"SearchAction\",\"target\":{\"@type\":\"EntryPoint\",\"urlTemplate\":\"https:\/\/andagolf.com\/es\/?s={search_term_string}\"},\"query-input\":{\"@type\":\"PropertyValueSpecification\",\"valueRequired\":true,\"valueName\":\"search_term_string\"}}],\"inLanguage\":\"es\"},{\"@type\":\"Organization\",\"@id\":\"https:\/\/andagolf.com\/es\/#organization\",\"name\":\"Anda Golf\",\"url\":\"https:\/\/andagolf.com\/es\/\",\"logo\":{\"@type\":\"ImageObject\",\"inLanguage\":\"es\",\"@id\":\"https:\/\/andagolf.com\/es\/#\/schema\/logo\/image\/\",\"url\":\"https:\/\/andagolf.com\/wp-content\/uploads\/2016\/05\/logo-andagolf.png\",\"contentUrl\":\"https:\/\/andagolf.com\/wp-content\/uploads\/2016\/05\/logo-andagolf.png\",\"width\":310,\"height\":108,\"caption\":\"Anda Golf\"},\"image\":{\"@id\":\"https:\/\/andagolf.com\/es\/#\/schema\/logo\/image\/\"}}]}<\/script>\n<!-- \/ Yoast SEO plugin. -->","yoast_head_json":{"title":"Descuento en el Greenfee - Anda Golf","robots":{"index":"index","follow":"follow","max-snippet":"max-snippet:-1","max-image-preview":"max-image-preview:large","max-video-preview":"max-video-preview:-1"},"canonical":"https:\/\/andagolf.com\/es\/descuento-en-el-greenfee\/","og_locale":"es_ES","og_type":"article","og_title":"Descuento en el Greenfee - Anda Golf","og_description":"Ofrecemos a todos nuestros clientes un servicio que consiste en un descuento relacionado con la reserva del Greenfee en los campos de golf m\u00e1s apasionantes de la Costa del Sol, as\u00ed como del resto del sur de Espa\u00f1a. Reserve su salida en nuestra tienda ahorrando tiempo y dinero. En cooperaci\u00f3n con Golf in the Sun. &hellip; Continue reading Descuento en el Greenfee","og_url":"https:\/\/andagolf.com\/es\/descuento-en-el-greenfee\/","og_site_name":"Anda Golf","article_modified_time":"2022-04-12T09:05:20+00:00","og_image":[{"url":"http:\/\/andagolf.com\/wp-content\/uploads\/2012\/08\/image_1321-scale_430x.jpg","type":"","width":"","height":""}],"schema":{"@context":"https:\/\/schema.org","@graph":[{"@type":"WebPage","@id":"https:\/\/andagolf.com\/es\/descuento-en-el-greenfee\/","url":"https:\/\/andagolf.com\/es\/descuento-en-el-greenfee\/","name":"Descuento en el Greenfee - Anda Golf","isPartOf":{"@id":"https:\/\/andagolf.com\/es\/#website"},"primaryImageOfPage":{"@id":"https:\/\/andagolf.com\/es\/descuento-en-el-greenfee\/#primaryimage"},"image":{"@id":"https:\/\/andagolf.com\/es\/descuento-en-el-greenfee\/#primaryimage"},"thumbnailUrl":"http:\/\/andagolf.com\/wp-content\/uploads\/2012\/08\/image_1321-scale_430x.jpg","datePublished":"2012-10-10T12:14:17+00:00","dateModified":"2022-04-12T09:05:20+00:00","inLanguage":"es","potentialAction":[{"@type":"ReadAction","target":["https:\/\/andagolf.com\/es\/descuento-en-el-greenfee\/"]}]},{"@type":"ImageObject","inLanguage":"es","@id":"https:\/\/andagolf.com\/es\/descuento-en-el-greenfee\/#primaryimage","url":"http:\/\/andagolf.com\/wp-content\/uploads\/2012\/08\/image_1321-scale_430x.jpg","contentUrl":"http:\/\/andagolf.com\/wp-content\/uploads\/2012\/08\/image_1321-scale_430x.jpg"},{"@type":"WebSite","@id":"https:\/\/andagolf.com\/es\/#website","url":"https:\/\/andagolf.com\/es\/","name":"Anda Golf","description":"Golf Shop Mijas - Costa del Sol","publisher":{"@id":"https:\/\/andagolf.com\/es\/#organization"},"potentialAction":[{"@type":"SearchAction","target":{"@type":"EntryPoint","urlTemplate":"https:\/\/andagolf.com\/es\/?s={search_term_string}"},"query-input":{"@type":"PropertyValueSpecification","valueRequired":true,"valueName":"search_term_string"}}],"inLanguage":"es"},{"@type":"Organization","@id":"https:\/\/andagolf.com\/es\/#organization","name":"Anda Golf","url":"https:\/\/andagolf.com\/es\/","logo":{"@type":"ImageObject","inLanguage":"es","@id":"https:\/\/andagolf.com\/es\/#\/schema\/logo\/image\/","url":"https:\/\/andagolf.com\/wp-content\/uploads\/2016\/05\/logo-andagolf.png","contentUrl":"https:\/\/andagolf.com\/wp-content\/uploads\/2016\/05\/logo-andagolf.png","width":310,"height":108,"caption":"Anda Golf"},"image":{"@id":"https:\/\/andagolf.com\/es\/#\/schema\/logo\/image\/"}}]}},"_links":{"self":[{"href":"https:\/\/andagolf.com\/es\/wp-json\/wp\/v2\/pages\/1338","targetHints":{"allow":["GET"]}}],"collection":[{"href":"https:\/\/andagolf.com\/es\/wp-json\/wp\/v2\/pages"}],"about":[{"href":"https:\/\/andagolf.com\/es\/wp-json\/wp\/v2\/types\/page"}],"author":[{"embeddable":true,"href":"https:\/\/andagolf.com\/es\/wp-json\/wp\/v2\/users\/1"}],"replies":[{"embeddable":true,"href":"https:\/\/andagolf.com\/es\/wp-json\/wp\/v2\/comments?post=1338"}],"version-history":[{"count":0,"href":"https:\/\/andagolf.com\/es\/wp-json\/wp\/v2\/pages\/1338\/revisions"}],"wp:attachment":[{"href":"https:\/\/andagolf.com\/es\/wp-json\/wp\/v2\/media?parent=1338"}],"curies":[{"name":"wp","href":"https:\/\/api.w.org\/{rel}","templated":true}]}}