{"id":1342,"date":"2012-10-10T12:17:16","date_gmt":"2012-10-10T12:17:16","guid":{"rendered":"http:\/\/andagolf.com\/?page_id=1342"},"modified":"2012-11-28T12:03:09","modified_gmt":"2012-11-28T12:03:09","slug":"palos-de-golf","status":"publish","type":"page","link":"https:\/\/andagolf.com\/es\/palos-de-golf\/","title":{"rendered":"Palos de golf"},"content":{"rendered":"<p>En nuestra tienda podr\u00e1 encontrar una amplia selecci\u00f3n de palos de golf, tanto nuevos como de segunda mano.<\/p>\n<p>Tambi\u00e9n ofrecemos wedges, irons, hybrids, Woods, drivers y putters.<\/p>\n<hr \/>\n<p>Lo que no tenemos en nuestro stock lo ordenamos semanalmente a nuestros proveedores europeos.<\/p>\n<p>&nbsp;<\/p>\n<table border=\"0\">\n<tbody>\n<tr>\n<td><img decoding=\"async\" title=\"taylor-made-logo.gif\" src=\"http:\/\/andagolf.com\/wp-content\/uploads\/2012\/08\/image_1118.gif\" alt=\"taylor-made-logo.gif\" \/><\/td>\n<td>\u00a0<img decoding=\"async\" title=\"titleist-logo.gif\" src=\"http:\/\/andagolf.com\/wp-content\/uploads\/2012\/08\/image_1119.gif\" alt=\"titleist-logo.gif\" \/><\/td>\n<td>\u00a0<img decoding=\"async\" title=\"wilson-staff-logo.gif\" src=\"http:\/\/andagolf.com\/wp-content\/uploads\/2012\/08\/image_1120.gif\" alt=\"wilson-staff-logo.gif\" \/><\/td>\n<\/tr>\n<tr>\n<td>\u00a0<img decoding=\"async\" title=\"nike-golf-logo.gif\" src=\"http:\/\/andagolf.com\/wp-content\/uploads\/2012\/08\/image_1116.gif\" alt=\"nike-golf-logo.gif\" \/><\/td>\n<td>\u00a0<img decoding=\"async\" title=\"macgregor-logo.gif\" src=\"http:\/\/andagolf.com\/wp-content\/uploads\/2012\/08\/image_1115.gif\" alt=\"macgregor-logo.gif\" \/><\/td>\n<td>\u00a0<img decoding=\"async\" title=\"ben-hogan-logo.gif\" src=\"http:\/\/andagolf.com\/wp-content\/uploads\/2012\/08\/image_1109.gif\" alt=\"ben-hogan-logo.gif\" \/><\/td>\n<\/tr>\n<tr>\n<td>\u00a0<img decoding=\"async\" title=\"bridgestone-golf-logo.gif\" src=\"http:\/\/andagolf.com\/wp-content\/uploads\/2012\/08\/image_1110.gif\" alt=\"bridgestone-golf-logo.gif\" \/><\/td>\n<td>\u00a0<img decoding=\"async\" title=\"callaway-golf-logo.gif\" src=\"http:\/\/andagolf.com\/wp-content\/uploads\/2012\/08\/image_1111.gif\" alt=\"callaway-golf-logo.gif\" \/><\/td>\n<td>\u00a0<img decoding=\"async\" title=\"cleveland-logo.gif\" src=\"http:\/\/andagolf.com\/wp-content\/uploads\/2012\/08\/image_1112.gif\" alt=\"cleveland-logo.gif\" \/><\/td>\n<\/tr>\n<tr>\n<td>\u00a0<img decoding=\"async\" title=\"cobra-logo.gif\" src=\"http:\/\/andagolf.com\/wp-content\/uploads\/2012\/08\/image_1113.gif\" alt=\"cobra-logo.gif\" \/><\/td>\n<td>\u00a0<img decoding=\"async\" title=\"Logos+trademarks.gif\" src=\"http:\/\/andagolf.com\/wp-content\/uploads\/2012\/08\/image_1114.gif\" alt=\"Logos+trademarks.gif\" \/><\/td>\n<td><\/td>\n<\/tr>\n<\/tbody>\n<\/table>\n","protected":false},"excerpt":{"rendered":"<p>En nuestra tienda podr\u00e1 encontrar una amplia selecci\u00f3n de palos de golf, tanto nuevos como de segunda mano. Tambi\u00e9n ofrecemos wedges, irons, hybrids, Woods, drivers y putters. Lo que no tenemos en nuestro stock lo ordenamos semanalmente a nuestros proveedores europeos. &nbsp; \u00a0 \u00a0 \u00a0 \u00a0 \u00a0 \u00a0 \u00a0 \u00a0 \u00a0 \u00a0<\/p>\n","protected":false},"author":1,"featured_media":0,"parent":0,"menu_order":0,"comment_status":"closed","ping_status":"closed","template":"","meta":{"footnotes":""},"class_list":["post-1342","page","type-page","status-publish","hentry"],"yoast_head":"<!-- This site is optimized with the Yoast SEO plugin v26.5 - https:\/\/yoast.com\/wordpress\/plugins\/seo\/ -->\n<title>Palos de golf - Anda Golf<\/title>\n<meta name=\"robots\" content=\"index, follow, max-snippet:-1, max-image-preview:large, max-video-preview:-1\" \/>\n<link rel=\"canonical\" href=\"https:\/\/andagolf.com\/es\/palos-de-golf\/\" \/>\n<meta property=\"og:locale\" content=\"es_ES\" \/>\n<meta property=\"og:type\" content=\"article\" \/>\n<meta property=\"og:title\" content=\"Palos de golf - Anda Golf\" \/>\n<meta property=\"og:description\" content=\"En nuestra tienda podr\u00e1 encontrar una amplia selecci\u00f3n de palos de golf, tanto nuevos como de segunda mano. Tambi\u00e9n ofrecemos wedges, irons, hybrids, Woods, drivers y putters. Lo que no tenemos en nuestro stock lo ordenamos semanalmente a nuestros proveedores europeos. &nbsp; \u00a0 \u00a0 \u00a0 \u00a0 \u00a0 \u00a0 \u00a0 \u00a0 \u00a0 \u00a0\" \/>\n<meta property=\"og:url\" content=\"https:\/\/andagolf.com\/es\/palos-de-golf\/\" \/>\n<meta property=\"og:site_name\" content=\"Anda Golf\" \/>\n<meta property=\"article:modified_time\" content=\"2012-11-28T12:03:09+00:00\" \/>\n<meta property=\"og:image\" content=\"http:\/\/andagolf.com\/wp-content\/uploads\/2012\/08\/image_1118.gif\" \/>\n<script type=\"application\/ld+json\" class=\"yoast-schema-graph\">{\"@context\":\"https:\/\/schema.org\",\"@graph\":[{\"@type\":\"WebPage\",\"@id\":\"https:\/\/andagolf.com\/es\/palos-de-golf\/\",\"url\":\"https:\/\/andagolf.com\/es\/palos-de-golf\/\",\"name\":\"Palos de golf - Anda Golf\",\"isPartOf\":{\"@id\":\"https:\/\/andagolf.com\/es\/#website\"},\"primaryImageOfPage\":{\"@id\":\"https:\/\/andagolf.com\/es\/palos-de-golf\/#primaryimage\"},\"image\":{\"@id\":\"https:\/\/andagolf.com\/es\/palos-de-golf\/#primaryimage\"},\"thumbnailUrl\":\"http:\/\/andagolf.com\/wp-content\/uploads\/2012\/08\/image_1118.gif\",\"datePublished\":\"2012-10-10T12:17:16+00:00\",\"dateModified\":\"2012-11-28T12:03:09+00:00\",\"inLanguage\":\"es\",\"potentialAction\":[{\"@type\":\"ReadAction\",\"target\":[\"https:\/\/andagolf.com\/es\/palos-de-golf\/\"]}]},{\"@type\":\"ImageObject\",\"inLanguage\":\"es\",\"@id\":\"https:\/\/andagolf.com\/es\/palos-de-golf\/#primaryimage\",\"url\":\"http:\/\/andagolf.com\/wp-content\/uploads\/2012\/08\/image_1118.gif\",\"contentUrl\":\"http:\/\/andagolf.com\/wp-content\/uploads\/2012\/08\/image_1118.gif\"},{\"@type\":\"WebSite\",\"@id\":\"https:\/\/andagolf.com\/es\/#website\",\"url\":\"https:\/\/andagolf.com\/es\/\",\"name\":\"Anda Golf\",\"description\":\"Golf Shop Mijas - Costa del Sol\",\"publisher\":{\"@id\":\"https:\/\/andagolf.com\/es\/#organization\"},\"potentialAction\":[{\"@type\":\"SearchAction\",\"target\":{\"@type\":\"EntryPoint\",\"urlTemplate\":\"https:\/\/andagolf.com\/es\/?s={search_term_string}\"},\"query-input\":{\"@type\":\"PropertyValueSpecification\",\"valueRequired\":true,\"valueName\":\"search_term_string\"}}],\"inLanguage\":\"es\"},{\"@type\":\"Organization\",\"@id\":\"https:\/\/andagolf.com\/es\/#organization\",\"name\":\"Anda Golf\",\"url\":\"https:\/\/andagolf.com\/es\/\",\"logo\":{\"@type\":\"ImageObject\",\"inLanguage\":\"es\",\"@id\":\"https:\/\/andagolf.com\/es\/#\/schema\/logo\/image\/\",\"url\":\"https:\/\/andagolf.com\/wp-content\/uploads\/2016\/05\/logo-andagolf.png\",\"contentUrl\":\"https:\/\/andagolf.com\/wp-content\/uploads\/2016\/05\/logo-andagolf.png\",\"width\":310,\"height\":108,\"caption\":\"Anda Golf\"},\"image\":{\"@id\":\"https:\/\/andagolf.com\/es\/#\/schema\/logo\/image\/\"}}]}<\/script>\n<!-- \/ Yoast SEO plugin. -->","yoast_head_json":{"title":"Palos de golf - Anda Golf","robots":{"index":"index","follow":"follow","max-snippet":"max-snippet:-1","max-image-preview":"max-image-preview:large","max-video-preview":"max-video-preview:-1"},"canonical":"https:\/\/andagolf.com\/es\/palos-de-golf\/","og_locale":"es_ES","og_type":"article","og_title":"Palos de golf - Anda Golf","og_description":"En nuestra tienda podr\u00e1 encontrar una amplia selecci\u00f3n de palos de golf, tanto nuevos como de segunda mano. Tambi\u00e9n ofrecemos wedges, irons, hybrids, Woods, drivers y putters. Lo que no tenemos en nuestro stock lo ordenamos semanalmente a nuestros proveedores europeos. &nbsp; \u00a0 \u00a0 \u00a0 \u00a0 \u00a0 \u00a0 \u00a0 \u00a0 \u00a0 \u00a0","og_url":"https:\/\/andagolf.com\/es\/palos-de-golf\/","og_site_name":"Anda Golf","article_modified_time":"2012-11-28T12:03:09+00:00","og_image":[{"url":"http:\/\/andagolf.com\/wp-content\/uploads\/2012\/08\/image_1118.gif","type":"","width":"","height":""}],"schema":{"@context":"https:\/\/schema.org","@graph":[{"@type":"WebPage","@id":"https:\/\/andagolf.com\/es\/palos-de-golf\/","url":"https:\/\/andagolf.com\/es\/palos-de-golf\/","name":"Palos de golf - Anda Golf","isPartOf":{"@id":"https:\/\/andagolf.com\/es\/#website"},"primaryImageOfPage":{"@id":"https:\/\/andagolf.com\/es\/palos-de-golf\/#primaryimage"},"image":{"@id":"https:\/\/andagolf.com\/es\/palos-de-golf\/#primaryimage"},"thumbnailUrl":"http:\/\/andagolf.com\/wp-content\/uploads\/2012\/08\/image_1118.gif","datePublished":"2012-10-10T12:17:16+00:00","dateModified":"2012-11-28T12:03:09+00:00","inLanguage":"es","potentialAction":[{"@type":"ReadAction","target":["https:\/\/andagolf.com\/es\/palos-de-golf\/"]}]},{"@type":"ImageObject","inLanguage":"es","@id":"https:\/\/andagolf.com\/es\/palos-de-golf\/#primaryimage","url":"http:\/\/andagolf.com\/wp-content\/uploads\/2012\/08\/image_1118.gif","contentUrl":"http:\/\/andagolf.com\/wp-content\/uploads\/2012\/08\/image_1118.gif"},{"@type":"WebSite","@id":"https:\/\/andagolf.com\/es\/#website","url":"https:\/\/andagolf.com\/es\/","name":"Anda Golf","description":"Golf Shop Mijas - Costa del Sol","publisher":{"@id":"https:\/\/andagolf.com\/es\/#organization"},"potentialAction":[{"@type":"SearchAction","target":{"@type":"EntryPoint","urlTemplate":"https:\/\/andagolf.com\/es\/?s={search_term_string}"},"query-input":{"@type":"PropertyValueSpecification","valueRequired":true,"valueName":"search_term_string"}}],"inLanguage":"es"},{"@type":"Organization","@id":"https:\/\/andagolf.com\/es\/#organization","name":"Anda Golf","url":"https:\/\/andagolf.com\/es\/","logo":{"@type":"ImageObject","inLanguage":"es","@id":"https:\/\/andagolf.com\/es\/#\/schema\/logo\/image\/","url":"https:\/\/andagolf.com\/wp-content\/uploads\/2016\/05\/logo-andagolf.png","contentUrl":"https:\/\/andagolf.com\/wp-content\/uploads\/2016\/05\/logo-andagolf.png","width":310,"height":108,"caption":"Anda Golf"},"image":{"@id":"https:\/\/andagolf.com\/es\/#\/schema\/logo\/image\/"}}]}},"_links":{"self":[{"href":"https:\/\/andagolf.com\/es\/wp-json\/wp\/v2\/pages\/1342","targetHints":{"allow":["GET"]}}],"collection":[{"href":"https:\/\/andagolf.com\/es\/wp-json\/wp\/v2\/pages"}],"about":[{"href":"https:\/\/andagolf.com\/es\/wp-json\/wp\/v2\/types\/page"}],"author":[{"embeddable":true,"href":"https:\/\/andagolf.com\/es\/wp-json\/wp\/v2\/users\/1"}],"replies":[{"embeddable":true,"href":"https:\/\/andagolf.com\/es\/wp-json\/wp\/v2\/comments?post=1342"}],"version-history":[{"count":0,"href":"https:\/\/andagolf.com\/es\/wp-json\/wp\/v2\/pages\/1342\/revisions"}],"wp:attachment":[{"href":"https:\/\/andagolf.com\/es\/wp-json\/wp\/v2\/media?parent=1342"}],"curies":[{"name":"wp","href":"https:\/\/api.w.org\/{rel}","templated":true}]}}