{"id":1346,"date":"2012-10-10T12:32:13","date_gmt":"2012-10-10T12:32:13","guid":{"rendered":"http:\/\/andagolf.com\/?page_id=1346"},"modified":"2012-10-12T15:44:12","modified_gmt":"2012-10-12T15:44:12","slug":"empu%c5%84aduras","status":"publish","type":"page","link":"https:\/\/andagolf.com\/es\/empu%c5%84aduras\/","title":{"rendered":"Empu\u00f1aduras"},"content":{"rendered":"<p>Las empu\u00f1aduras est\u00e1n hechas de materiales que se desgastan y envejecen con el tiempo. El ozono, el calor, la suciedad y la grasa de las manos consiguen envejecer a las empu\u00f1aduras causando su deterioro f\u00edsico.<\/p>\n<p>El agarre que ofrece una nueva empu\u00f1adura le permite mantener el palo de una manera relajada, sin el temor de que durante el swing se le deslice de sus manos.<\/p>\n<p>Este estado de relajaci\u00f3n favorece la correcta ejecuci\u00f3n del swing as\u00ed como el movimiento de la mu\u0144eca, mientras que una empu\u00f1adura desgastada conlleva que usted aprete m\u00e1s el palo, causando la tensi\u00f3n del brazo y de la mu\u00f1eca inhibiendo su swing.<\/p>\n<h2>Humedad<\/h2>\n<p>Tenga presente las condiciones de humedad en las que juega o si le transpiran las manos. Teniendo una empu\u0144adura que le permita controlar la humedad consigue<br \/>\na\u00f1adir confianza y consistencia a su juego.<\/p>\n<h2>Receptividad<\/h2>\n<p>El material y el acabado de la empu\u00f1adura influyen en la cantidad de vibraciones transmitidas a sus manos en el contacto con la pelota. Una empu\u00f1adura suave absorbe m\u00e1s las vibraciones, mientras que una firme proporciona una mayor retroalimentaci\u00f3n del tiro.<\/p>\n<h2>Textura de la superficie<\/h2>\n<p>La empu\u00f1adura es mejor gracias a un buen dise\u00f1o y a los materiales utilizados. Las empu\u00f1aduras lisas tienen una superficie pegajosa y generalmente est\u00e1n hechas de materiales m\u00e1s blandos. empu\u00f1aduras combinan un dise\u00f1o texturizado de la superficie con materiales firmes y de alta tracci\u00f3n.<\/p>\n<h2>El tama\u00f1o de la empu\u00f1adura<\/h2>\n<p>El tama\u00f1o de la empu\u00f1adura influye en el golpeo de la pelota y en la pauta del disparo. Es por eso que es tan importante encontrar el tama\u0144o adecuado para usted. Como regla general el tama\u00f1o de la empu\u00f1adura debe corresponder con el tama\u00f1o del guante.<\/p>\n<h2><strong>\u00bf<\/strong>Qu\u00e9 debe hacer?<\/h2>\n<p>Traiga sus palos a la tienda de AndaGolf y llevaremos a cabo una evaluaci\u00f3n para determinar si es necesario arreglar la\u00a0empu\u00f1adura de los palos m\u00e1s utilizados o bien del conjunto entero.<\/p>\n<p>Suministramos las empu\u00f1aduras m\u00e1s frecuentes, as\u00ed como las nuevas empu\u00f1aduras coloradas que le dar\u00e1n no s\u00f3lo una mejor sensaci\u00f3n, sino tambi\u00e9n le permitir\u00e1n personalizar su equipo en los diferentes campos de golf.<\/p>\n<div class=\"lightbox\">\n<div class=\"spacer\"><\/div>\n<p><a title=\"IMG_0547.jpg\" href=\"http:\/\/andagolf.com\/wp-content\/uploads\/2012\/08\/image_1040-scale_800x600_quality_90.jpg\" rel=\"lytebox[1039]\"><img decoding=\"async\" title=\"IMG_0547.jpg\" src=\"http:\/\/andagolf.com\/wp-content\/uploads\/2012\/08\/image_1040-thumbnail_180x180_gravity_center_crop_80x80.jpg\" alt=\"IMG_0547.jpg\" \/><\/a><a title=\"IMG_0548.jpg\" href=\"http:\/\/andagolf.com\/wp-content\/uploads\/2012\/08\/image_1041-scale_800x600_quality_90.jpg\" rel=\"lytebox[1039]\"><img decoding=\"async\" title=\"IMG_0548.jpg\" src=\"http:\/\/andagolf.com\/wp-content\/uploads\/2012\/08\/image_1041-thumbnail_180x180_gravity_center_crop_80x80.jpg\" alt=\"IMG_0548.jpg\" \/><\/a><a title=\"IMG_0550.jpg\" href=\"http:\/\/andagolf.com\/wp-content\/uploads\/2012\/08\/image_1042-scale_800x600_quality_90.jpg\" rel=\"lytebox[1039]\"><img decoding=\"async\" title=\"IMG_0550.jpg\" src=\"http:\/\/andagolf.com\/wp-content\/uploads\/2012\/08\/image_1042-thumbnail_180x180_gravity_center_crop_80x80.jpg\" alt=\"IMG_0550.jpg\" \/><\/a><a title=\"IMG_0558.jpg\" href=\"http:\/\/andagolf.com\/wp-content\/uploads\/2012\/08\/image_1043-scale_800x600_quality_90.jpg\" rel=\"lytebox[1039]\"><img decoding=\"async\" title=\"IMG_0558.jpg\" src=\"http:\/\/andagolf.com\/wp-content\/uploads\/2012\/08\/image_1043-thumbnail_180x180_gravity_center_crop_80x80.jpg\" alt=\"IMG_0558.jpg\" \/><\/a><a title=\"IMG_0563.jpg\" href=\"http:\/\/andagolf.com\/wp-content\/uploads\/2012\/08\/image_1044-scale_800x600_quality_90.jpg\" rel=\"lytebox[1039]\"><img decoding=\"async\" title=\"IMG_0563.jpg\" src=\"http:\/\/andagolf.com\/wp-content\/uploads\/2012\/08\/image_1044-thumbnail_180x180_gravity_center_crop_80x80.jpg\" alt=\"IMG_0563.jpg\" \/><\/a><a title=\"IMG_0567.jpg\" href=\"http:\/\/andagolf.com\/wp-content\/uploads\/2012\/08\/image_1045-scale_800x600_quality_90.jpg\" rel=\"lytebox[1039]\"><img decoding=\"async\" title=\"IMG_0567.jpg\" src=\"http:\/\/andagolf.com\/wp-content\/uploads\/2012\/08\/image_1045-thumbnail_180x180_gravity_center_crop_80x80.jpg\" alt=\"IMG_0567.jpg\" \/><\/a><a title=\"IMG_0660.jpg\" href=\"http:\/\/andagolf.com\/wp-content\/uploads\/2012\/08\/image_1046-scale_800x600_quality_90.jpg\" rel=\"lytebox[1039]\"><img decoding=\"async\" title=\"IMG_0660.jpg\" src=\"http:\/\/andagolf.com\/wp-content\/uploads\/2012\/08\/image_1046-thumbnail_180x180_gravity_center_crop_80x80.jpg\" alt=\"IMG_0660.jpg\" \/><\/a><a title=\"IMG_0664.jpg\" href=\"http:\/\/andagolf.com\/wp-content\/uploads\/2012\/08\/image_1047-scale_800x600_quality_90.jpg\" rel=\"lytebox[1039]\"><img decoding=\"async\" title=\"IMG_0664.jpg\" src=\"http:\/\/andagolf.com\/wp-content\/uploads\/2012\/08\/image_1047-thumbnail_180x180_gravity_center_crop_80x80.jpg\" alt=\"IMG_0664.jpg\" \/><\/a><\/p>\n<div class=\"spacer\"><\/div>\n<\/div>\n","protected":false},"excerpt":{"rendered":"<p>Las empu\u00f1aduras est\u00e1n hechas de materiales que se desgastan y envejecen con el tiempo. El ozono, el calor, la suciedad y la grasa de las manos consiguen envejecer a las empu\u00f1aduras causando su deterioro f\u00edsico. El agarre que ofrece una nueva empu\u00f1adura le permite mantener el palo de una manera relajada, sin el temor de &hellip; <a href=\"https:\/\/andagolf.com\/es\/empu%c5%84aduras\/\" class=\"more-link\">Continue reading <span class=\"screen-reader-text\">Empu\u00f1aduras<\/span><\/a><\/p>\n","protected":false},"author":1,"featured_media":0,"parent":0,"menu_order":0,"comment_status":"closed","ping_status":"closed","template":"","meta":{"footnotes":""},"class_list":["post-1346","page","type-page","status-publish","hentry"],"yoast_head":"<!-- This site is optimized with the Yoast SEO plugin v26.5 - https:\/\/yoast.com\/wordpress\/plugins\/seo\/ -->\n<title>Empu\u00f1aduras - Anda Golf<\/title>\n<meta name=\"robots\" content=\"index, follow, max-snippet:-1, max-image-preview:large, max-video-preview:-1\" \/>\n<link rel=\"canonical\" href=\"https:\/\/andagolf.com\/es\/empu%c5%84aduras\/\" \/>\n<meta property=\"og:locale\" content=\"es_ES\" \/>\n<meta property=\"og:type\" content=\"article\" \/>\n<meta property=\"og:title\" content=\"Empu\u00f1aduras - Anda Golf\" \/>\n<meta property=\"og:description\" content=\"Las empu\u00f1aduras est\u00e1n hechas de materiales que se desgastan y envejecen con el tiempo. El ozono, el calor, la suciedad y la grasa de las manos consiguen envejecer a las empu\u00f1aduras causando su deterioro f\u00edsico. El agarre que ofrece una nueva empu\u00f1adura le permite mantener el palo de una manera relajada, sin el temor de &hellip; Continue reading Empu\u00f1aduras\" \/>\n<meta property=\"og:url\" content=\"https:\/\/andagolf.com\/es\/empu%c5%84aduras\/\" \/>\n<meta property=\"og:site_name\" content=\"Anda Golf\" \/>\n<meta property=\"article:modified_time\" content=\"2012-10-12T15:44:12+00:00\" \/>\n<meta property=\"og:image\" content=\"http:\/\/andagolf.com\/wp-content\/uploads\/2012\/08\/image_1040-thumbnail_180x180_gravity_center_crop_80x80.jpg\" \/>\n<meta name=\"twitter:label1\" content=\"Tiempo de lectura\" \/>\n\t<meta name=\"twitter:data1\" content=\"2 minutos\" \/>\n<script type=\"application\/ld+json\" class=\"yoast-schema-graph\">{\"@context\":\"https:\/\/schema.org\",\"@graph\":[{\"@type\":\"WebPage\",\"@id\":\"https:\/\/andagolf.com\/es\/empu%c5%84aduras\/\",\"url\":\"https:\/\/andagolf.com\/es\/empu%c5%84aduras\/\",\"name\":\"Empu\u00f1aduras - Anda Golf\",\"isPartOf\":{\"@id\":\"https:\/\/andagolf.com\/es\/#website\"},\"primaryImageOfPage\":{\"@id\":\"https:\/\/andagolf.com\/es\/empu%c5%84aduras\/#primaryimage\"},\"image\":{\"@id\":\"https:\/\/andagolf.com\/es\/empu%c5%84aduras\/#primaryimage\"},\"thumbnailUrl\":\"http:\/\/andagolf.com\/wp-content\/uploads\/2012\/08\/image_1040-thumbnail_180x180_gravity_center_crop_80x80.jpg\",\"datePublished\":\"2012-10-10T12:32:13+00:00\",\"dateModified\":\"2012-10-12T15:44:12+00:00\",\"inLanguage\":\"es\",\"potentialAction\":[{\"@type\":\"ReadAction\",\"target\":[\"https:\/\/andagolf.com\/es\/empu%c5%84aduras\/\"]}]},{\"@type\":\"ImageObject\",\"inLanguage\":\"es\",\"@id\":\"https:\/\/andagolf.com\/es\/empu%c5%84aduras\/#primaryimage\",\"url\":\"http:\/\/andagolf.com\/wp-content\/uploads\/2012\/08\/image_1040-thumbnail_180x180_gravity_center_crop_80x80.jpg\",\"contentUrl\":\"http:\/\/andagolf.com\/wp-content\/uploads\/2012\/08\/image_1040-thumbnail_180x180_gravity_center_crop_80x80.jpg\"},{\"@type\":\"WebSite\",\"@id\":\"https:\/\/andagolf.com\/es\/#website\",\"url\":\"https:\/\/andagolf.com\/es\/\",\"name\":\"Anda Golf\",\"description\":\"Golf Shop Mijas - Costa del Sol\",\"publisher\":{\"@id\":\"https:\/\/andagolf.com\/es\/#organization\"},\"potentialAction\":[{\"@type\":\"SearchAction\",\"target\":{\"@type\":\"EntryPoint\",\"urlTemplate\":\"https:\/\/andagolf.com\/es\/?s={search_term_string}\"},\"query-input\":{\"@type\":\"PropertyValueSpecification\",\"valueRequired\":true,\"valueName\":\"search_term_string\"}}],\"inLanguage\":\"es\"},{\"@type\":\"Organization\",\"@id\":\"https:\/\/andagolf.com\/es\/#organization\",\"name\":\"Anda Golf\",\"url\":\"https:\/\/andagolf.com\/es\/\",\"logo\":{\"@type\":\"ImageObject\",\"inLanguage\":\"es\",\"@id\":\"https:\/\/andagolf.com\/es\/#\/schema\/logo\/image\/\",\"url\":\"https:\/\/andagolf.com\/wp-content\/uploads\/2016\/05\/logo-andagolf.png\",\"contentUrl\":\"https:\/\/andagolf.com\/wp-content\/uploads\/2016\/05\/logo-andagolf.png\",\"width\":310,\"height\":108,\"caption\":\"Anda Golf\"},\"image\":{\"@id\":\"https:\/\/andagolf.com\/es\/#\/schema\/logo\/image\/\"}}]}<\/script>\n<!-- \/ Yoast SEO plugin. -->","yoast_head_json":{"title":"Empu\u00f1aduras - Anda Golf","robots":{"index":"index","follow":"follow","max-snippet":"max-snippet:-1","max-image-preview":"max-image-preview:large","max-video-preview":"max-video-preview:-1"},"canonical":"https:\/\/andagolf.com\/es\/empu%c5%84aduras\/","og_locale":"es_ES","og_type":"article","og_title":"Empu\u00f1aduras - Anda Golf","og_description":"Las empu\u00f1aduras est\u00e1n hechas de materiales que se desgastan y envejecen con el tiempo. El ozono, el calor, la suciedad y la grasa de las manos consiguen envejecer a las empu\u00f1aduras causando su deterioro f\u00edsico. El agarre que ofrece una nueva empu\u00f1adura le permite mantener el palo de una manera relajada, sin el temor de &hellip; Continue reading Empu\u00f1aduras","og_url":"https:\/\/andagolf.com\/es\/empu%c5%84aduras\/","og_site_name":"Anda Golf","article_modified_time":"2012-10-12T15:44:12+00:00","og_image":[{"url":"http:\/\/andagolf.com\/wp-content\/uploads\/2012\/08\/image_1040-thumbnail_180x180_gravity_center_crop_80x80.jpg","type":"","width":"","height":""}],"twitter_misc":{"Tiempo de lectura":"2 minutos"},"schema":{"@context":"https:\/\/schema.org","@graph":[{"@type":"WebPage","@id":"https:\/\/andagolf.com\/es\/empu%c5%84aduras\/","url":"https:\/\/andagolf.com\/es\/empu%c5%84aduras\/","name":"Empu\u00f1aduras - Anda Golf","isPartOf":{"@id":"https:\/\/andagolf.com\/es\/#website"},"primaryImageOfPage":{"@id":"https:\/\/andagolf.com\/es\/empu%c5%84aduras\/#primaryimage"},"image":{"@id":"https:\/\/andagolf.com\/es\/empu%c5%84aduras\/#primaryimage"},"thumbnailUrl":"http:\/\/andagolf.com\/wp-content\/uploads\/2012\/08\/image_1040-thumbnail_180x180_gravity_center_crop_80x80.jpg","datePublished":"2012-10-10T12:32:13+00:00","dateModified":"2012-10-12T15:44:12+00:00","inLanguage":"es","potentialAction":[{"@type":"ReadAction","target":["https:\/\/andagolf.com\/es\/empu%c5%84aduras\/"]}]},{"@type":"ImageObject","inLanguage":"es","@id":"https:\/\/andagolf.com\/es\/empu%c5%84aduras\/#primaryimage","url":"http:\/\/andagolf.com\/wp-content\/uploads\/2012\/08\/image_1040-thumbnail_180x180_gravity_center_crop_80x80.jpg","contentUrl":"http:\/\/andagolf.com\/wp-content\/uploads\/2012\/08\/image_1040-thumbnail_180x180_gravity_center_crop_80x80.jpg"},{"@type":"WebSite","@id":"https:\/\/andagolf.com\/es\/#website","url":"https:\/\/andagolf.com\/es\/","name":"Anda Golf","description":"Golf Shop Mijas - Costa del Sol","publisher":{"@id":"https:\/\/andagolf.com\/es\/#organization"},"potentialAction":[{"@type":"SearchAction","target":{"@type":"EntryPoint","urlTemplate":"https:\/\/andagolf.com\/es\/?s={search_term_string}"},"query-input":{"@type":"PropertyValueSpecification","valueRequired":true,"valueName":"search_term_string"}}],"inLanguage":"es"},{"@type":"Organization","@id":"https:\/\/andagolf.com\/es\/#organization","name":"Anda Golf","url":"https:\/\/andagolf.com\/es\/","logo":{"@type":"ImageObject","inLanguage":"es","@id":"https:\/\/andagolf.com\/es\/#\/schema\/logo\/image\/","url":"https:\/\/andagolf.com\/wp-content\/uploads\/2016\/05\/logo-andagolf.png","contentUrl":"https:\/\/andagolf.com\/wp-content\/uploads\/2016\/05\/logo-andagolf.png","width":310,"height":108,"caption":"Anda Golf"},"image":{"@id":"https:\/\/andagolf.com\/es\/#\/schema\/logo\/image\/"}}]}},"_links":{"self":[{"href":"https:\/\/andagolf.com\/es\/wp-json\/wp\/v2\/pages\/1346","targetHints":{"allow":["GET"]}}],"collection":[{"href":"https:\/\/andagolf.com\/es\/wp-json\/wp\/v2\/pages"}],"about":[{"href":"https:\/\/andagolf.com\/es\/wp-json\/wp\/v2\/types\/page"}],"author":[{"embeddable":true,"href":"https:\/\/andagolf.com\/es\/wp-json\/wp\/v2\/users\/1"}],"replies":[{"embeddable":true,"href":"https:\/\/andagolf.com\/es\/wp-json\/wp\/v2\/comments?post=1346"}],"version-history":[{"count":0,"href":"https:\/\/andagolf.com\/es\/wp-json\/wp\/v2\/pages\/1346\/revisions"}],"wp:attachment":[{"href":"https:\/\/andagolf.com\/es\/wp-json\/wp\/v2\/media?parent=1346"}],"curies":[{"name":"wp","href":"https:\/\/api.w.org\/{rel}","templated":true}]}}