{"id":1350,"date":"2012-10-10T12:36:55","date_gmt":"2012-10-10T12:36:55","guid":{"rendered":"http:\/\/andagolf.com\/?page_id=1350"},"modified":"2012-10-12T15:44:58","modified_gmt":"2012-10-12T15:44:58","slug":"la-medida-de-los-palos","status":"publish","type":"page","link":"https:\/\/andagolf.com\/es\/la-medida-de-los-palos\/","title":{"rendered":"La medida de los palos"},"content":{"rendered":"<p>Dado que cada jugador de golf tiene un f\u00edsico diferente y cuenta con un swing distinto, un palo que es adecuado para un jugador no desempe\u00f1a una funci\u00f3n apropiada para otro.<\/p>\n<p>Traiga sus palos a nuestra tienda y analizaremos si el \u00e1ngulo loft, el apoyo, el equilibrio y la flexibilidad son los id\u00f3neos.<\/p>\n<p>El servicio relacionado con la medida de sus palos tambi\u00e9n incluye la evaluaci\u00f3n de un palo muy valioso que se encuentra en su bolsa \u2013 el putter.<\/p>\n<p><span style=\"color: #ff0000;\"><strong>\u00bfHa usted verificado alguna vez si su putter tiene la longitud correcta o cuenta con el apoyo perfecto?<\/strong><\/span><\/p>\n<hr \/>\n<p>En lo posible reciclamos la empu\u00f1adura cada vez que acortamos el putter \u2013 v\u00e9ase a continuaci\u00f3n<\/p>\n<div class=\"lightbox\">\n<div class=\"spacer\"><\/div>\n<p><a title=\"IMG_0965.jpg\" href=\"http:\/\/andagolf.com\/wp-content\/uploads\/2012\/08\/image_1050-scale_800x600_quality_90.jpg\" rel=\"lytebox[1049]\"><img decoding=\"async\" title=\"IMG_0965.jpg\" src=\"http:\/\/andagolf.com\/wp-content\/uploads\/2012\/08\/image_1050-thumbnail_180x180_gravity_center_crop_80x80.jpg\" alt=\"IMG_0965.jpg\" \/><\/a><a title=\"JMG_0444.jpg\" href=\"http:\/\/andagolf.com\/wp-content\/uploads\/2012\/08\/image_1051-scale_800x600_quality_90.jpg\" rel=\"lytebox[1049]\"><img decoding=\"async\" title=\"JMG_0444.jpg\" src=\"http:\/\/andagolf.com\/wp-content\/uploads\/2012\/08\/image_1051-thumbnail_180x180_gravity_center_crop_80x80.jpg\" alt=\"JMG_0444.jpg\" \/><\/a><a title=\"JMG_0446.jpg\" href=\"http:\/\/andagolf.com\/wp-content\/uploads\/2012\/08\/image_1052-scale_800x600_quality_90.jpg\" rel=\"lytebox[1049]\"><img decoding=\"async\" title=\"JMG_0446.jpg\" src=\"http:\/\/andagolf.com\/wp-content\/uploads\/2012\/08\/image_1052-thumbnail_180x180_gravity_center_crop_80x80.jpg\" alt=\"JMG_0446.jpg\" \/><\/a><a title=\"JMG_0449.jpg\" href=\"http:\/\/andagolf.com\/wp-content\/uploads\/2012\/08\/image_1053-scale_800x600_quality_90.jpg\" rel=\"lytebox[1049]\"><img decoding=\"async\" title=\"JMG_0449.jpg\" src=\"http:\/\/andagolf.com\/wp-content\/uploads\/2012\/08\/image_1053-thumbnail_180x180_gravity_center_crop_80x80.jpg\" alt=\"JMG_0449.jpg\" \/><\/a><a title=\"JMG_0455.jpg\" href=\"http:\/\/andagolf.com\/wp-content\/uploads\/2012\/08\/image_1054-scale_800x600_quality_90.jpg\" rel=\"lytebox[1049]\"><img decoding=\"async\" title=\"JMG_0455.jpg\" src=\"http:\/\/andagolf.com\/wp-content\/uploads\/2012\/08\/image_1054-thumbnail_180x180_gravity_center_crop_80x80.jpg\" alt=\"JMG_0455.jpg\" \/><\/a><a title=\"JMG_0457.jpg\" href=\"http:\/\/andagolf.com\/wp-content\/uploads\/2012\/08\/image_1055-scale_800x600_quality_90.jpg\" rel=\"lytebox[1049]\"><img decoding=\"async\" title=\"JMG_0457.jpg\" src=\"http:\/\/andagolf.com\/wp-content\/uploads\/2012\/08\/image_1055-thumbnail_180x180_gravity_center_crop_80x80.jpg\" alt=\"JMG_0457.jpg\" \/><\/a><a title=\"JMG_0459.jpg\" href=\"http:\/\/andagolf.com\/wp-content\/uploads\/2012\/08\/image_1056-scale_800x600_quality_90.jpg\" rel=\"lytebox[1049]\"><img decoding=\"async\" title=\"JMG_0459.jpg\" src=\"http:\/\/andagolf.com\/wp-content\/uploads\/2012\/08\/image_1056-thumbnail_180x180_gravity_center_crop_80x80.jpg\" alt=\"JMG_0459.jpg\" \/><\/a><a title=\"JMG_0460.jpg\" href=\"http:\/\/andagolf.com\/wp-content\/uploads\/2012\/08\/image_1184-scale_800x600_quality_90.jpg\" rel=\"lytebox[1049]\"><img decoding=\"async\" title=\"JMG_0460.jpg\" src=\"http:\/\/andagolf.com\/wp-content\/uploads\/2012\/08\/image_1184-thumbnail_180x180_gravity_center_crop_80x80.jpg\" alt=\"JMG_0460.jpg\" \/><\/a><a title=\"JMG_0967.jpg\" href=\"http:\/\/andagolf.com\/wp-content\/uploads\/2012\/08\/image_1185-scale_800x600_quality_90.jpg\" rel=\"lytebox[1049]\"><img decoding=\"async\" title=\"JMG_0967.jpg\" src=\"http:\/\/andagolf.com\/wp-content\/uploads\/2012\/08\/image_1185-thumbnail_180x180_gravity_center_crop_80x80.jpg\" alt=\"JMG_0967.jpg\" \/><\/a><a title=\"JMG_1003.jpg\" href=\"http:\/\/andagolf.com\/wp-content\/uploads\/2012\/08\/image_1187-scale_800x600_quality_90.jpg\" rel=\"lytebox[1049]\"><img decoding=\"async\" src=\"http:\/\/andagolf.com\/wp-content\/uploads\/2012\/08\/image_1187-thumbnail_180x180_gravity_center_crop_80x80.jpg\" alt=\"\" \/><\/a><\/p>\n<div class=\"spacer\"><\/div>\n<\/div>\n","protected":false},"excerpt":{"rendered":"<p>Dado que cada jugador de golf tiene un f\u00edsico diferente y cuenta con un swing distinto, un palo que es adecuado para un jugador no desempe\u00f1a una funci\u00f3n apropiada para otro. Traiga sus palos a nuestra tienda y analizaremos si el \u00e1ngulo loft, el apoyo, el equilibrio y la flexibilidad son los id\u00f3neos. El servicio &hellip; <a href=\"https:\/\/andagolf.com\/es\/la-medida-de-los-palos\/\" class=\"more-link\">Continue reading <span class=\"screen-reader-text\">La medida de los palos<\/span><\/a><\/p>\n","protected":false},"author":1,"featured_media":0,"parent":0,"menu_order":0,"comment_status":"closed","ping_status":"closed","template":"","meta":{"footnotes":""},"class_list":["post-1350","page","type-page","status-publish","hentry"],"yoast_head":"<!-- This site is optimized with the Yoast SEO plugin v26.5 - https:\/\/yoast.com\/wordpress\/plugins\/seo\/ -->\n<title>La medida de los palos - Anda Golf<\/title>\n<meta name=\"robots\" content=\"index, follow, max-snippet:-1, max-image-preview:large, max-video-preview:-1\" \/>\n<link rel=\"canonical\" href=\"https:\/\/andagolf.com\/es\/la-medida-de-los-palos\/\" \/>\n<meta property=\"og:locale\" content=\"es_ES\" \/>\n<meta property=\"og:type\" content=\"article\" \/>\n<meta property=\"og:title\" content=\"La medida de los palos - Anda Golf\" \/>\n<meta property=\"og:description\" content=\"Dado que cada jugador de golf tiene un f\u00edsico diferente y cuenta con un swing distinto, un palo que es adecuado para un jugador no desempe\u00f1a una funci\u00f3n apropiada para otro. Traiga sus palos a nuestra tienda y analizaremos si el \u00e1ngulo loft, el apoyo, el equilibrio y la flexibilidad son los id\u00f3neos. El servicio &hellip; Continue reading La medida de los palos\" \/>\n<meta property=\"og:url\" content=\"https:\/\/andagolf.com\/es\/la-medida-de-los-palos\/\" \/>\n<meta property=\"og:site_name\" content=\"Anda Golf\" \/>\n<meta property=\"article:modified_time\" content=\"2012-10-12T15:44:58+00:00\" \/>\n<meta property=\"og:image\" content=\"http:\/\/andagolf.com\/wp-content\/uploads\/2012\/08\/image_1050-thumbnail_180x180_gravity_center_crop_80x80.jpg\" \/>\n<meta name=\"twitter:label1\" content=\"Tiempo de lectura\" \/>\n\t<meta name=\"twitter:data1\" content=\"1 minuto\" \/>\n<script type=\"application\/ld+json\" class=\"yoast-schema-graph\">{\"@context\":\"https:\/\/schema.org\",\"@graph\":[{\"@type\":\"WebPage\",\"@id\":\"https:\/\/andagolf.com\/es\/la-medida-de-los-palos\/\",\"url\":\"https:\/\/andagolf.com\/es\/la-medida-de-los-palos\/\",\"name\":\"La medida de los palos - Anda Golf\",\"isPartOf\":{\"@id\":\"https:\/\/andagolf.com\/es\/#website\"},\"primaryImageOfPage\":{\"@id\":\"https:\/\/andagolf.com\/es\/la-medida-de-los-palos\/#primaryimage\"},\"image\":{\"@id\":\"https:\/\/andagolf.com\/es\/la-medida-de-los-palos\/#primaryimage\"},\"thumbnailUrl\":\"http:\/\/andagolf.com\/wp-content\/uploads\/2012\/08\/image_1050-thumbnail_180x180_gravity_center_crop_80x80.jpg\",\"datePublished\":\"2012-10-10T12:36:55+00:00\",\"dateModified\":\"2012-10-12T15:44:58+00:00\",\"inLanguage\":\"es\",\"potentialAction\":[{\"@type\":\"ReadAction\",\"target\":[\"https:\/\/andagolf.com\/es\/la-medida-de-los-palos\/\"]}]},{\"@type\":\"ImageObject\",\"inLanguage\":\"es\",\"@id\":\"https:\/\/andagolf.com\/es\/la-medida-de-los-palos\/#primaryimage\",\"url\":\"http:\/\/andagolf.com\/wp-content\/uploads\/2012\/08\/image_1050-thumbnail_180x180_gravity_center_crop_80x80.jpg\",\"contentUrl\":\"http:\/\/andagolf.com\/wp-content\/uploads\/2012\/08\/image_1050-thumbnail_180x180_gravity_center_crop_80x80.jpg\"},{\"@type\":\"WebSite\",\"@id\":\"https:\/\/andagolf.com\/es\/#website\",\"url\":\"https:\/\/andagolf.com\/es\/\",\"name\":\"Anda Golf\",\"description\":\"Golf Shop Mijas - Costa del Sol\",\"publisher\":{\"@id\":\"https:\/\/andagolf.com\/es\/#organization\"},\"potentialAction\":[{\"@type\":\"SearchAction\",\"target\":{\"@type\":\"EntryPoint\",\"urlTemplate\":\"https:\/\/andagolf.com\/es\/?s={search_term_string}\"},\"query-input\":{\"@type\":\"PropertyValueSpecification\",\"valueRequired\":true,\"valueName\":\"search_term_string\"}}],\"inLanguage\":\"es\"},{\"@type\":\"Organization\",\"@id\":\"https:\/\/andagolf.com\/es\/#organization\",\"name\":\"Anda Golf\",\"url\":\"https:\/\/andagolf.com\/es\/\",\"logo\":{\"@type\":\"ImageObject\",\"inLanguage\":\"es\",\"@id\":\"https:\/\/andagolf.com\/es\/#\/schema\/logo\/image\/\",\"url\":\"https:\/\/andagolf.com\/wp-content\/uploads\/2016\/05\/logo-andagolf.png\",\"contentUrl\":\"https:\/\/andagolf.com\/wp-content\/uploads\/2016\/05\/logo-andagolf.png\",\"width\":310,\"height\":108,\"caption\":\"Anda Golf\"},\"image\":{\"@id\":\"https:\/\/andagolf.com\/es\/#\/schema\/logo\/image\/\"}}]}<\/script>\n<!-- \/ Yoast SEO plugin. -->","yoast_head_json":{"title":"La medida de los palos - Anda Golf","robots":{"index":"index","follow":"follow","max-snippet":"max-snippet:-1","max-image-preview":"max-image-preview:large","max-video-preview":"max-video-preview:-1"},"canonical":"https:\/\/andagolf.com\/es\/la-medida-de-los-palos\/","og_locale":"es_ES","og_type":"article","og_title":"La medida de los palos - Anda Golf","og_description":"Dado que cada jugador de golf tiene un f\u00edsico diferente y cuenta con un swing distinto, un palo que es adecuado para un jugador no desempe\u00f1a una funci\u00f3n apropiada para otro. Traiga sus palos a nuestra tienda y analizaremos si el \u00e1ngulo loft, el apoyo, el equilibrio y la flexibilidad son los id\u00f3neos. El servicio &hellip; Continue reading La medida de los palos","og_url":"https:\/\/andagolf.com\/es\/la-medida-de-los-palos\/","og_site_name":"Anda Golf","article_modified_time":"2012-10-12T15:44:58+00:00","og_image":[{"url":"http:\/\/andagolf.com\/wp-content\/uploads\/2012\/08\/image_1050-thumbnail_180x180_gravity_center_crop_80x80.jpg","type":"","width":"","height":""}],"twitter_misc":{"Tiempo de lectura":"1 minuto"},"schema":{"@context":"https:\/\/schema.org","@graph":[{"@type":"WebPage","@id":"https:\/\/andagolf.com\/es\/la-medida-de-los-palos\/","url":"https:\/\/andagolf.com\/es\/la-medida-de-los-palos\/","name":"La medida de los palos - Anda Golf","isPartOf":{"@id":"https:\/\/andagolf.com\/es\/#website"},"primaryImageOfPage":{"@id":"https:\/\/andagolf.com\/es\/la-medida-de-los-palos\/#primaryimage"},"image":{"@id":"https:\/\/andagolf.com\/es\/la-medida-de-los-palos\/#primaryimage"},"thumbnailUrl":"http:\/\/andagolf.com\/wp-content\/uploads\/2012\/08\/image_1050-thumbnail_180x180_gravity_center_crop_80x80.jpg","datePublished":"2012-10-10T12:36:55+00:00","dateModified":"2012-10-12T15:44:58+00:00","inLanguage":"es","potentialAction":[{"@type":"ReadAction","target":["https:\/\/andagolf.com\/es\/la-medida-de-los-palos\/"]}]},{"@type":"ImageObject","inLanguage":"es","@id":"https:\/\/andagolf.com\/es\/la-medida-de-los-palos\/#primaryimage","url":"http:\/\/andagolf.com\/wp-content\/uploads\/2012\/08\/image_1050-thumbnail_180x180_gravity_center_crop_80x80.jpg","contentUrl":"http:\/\/andagolf.com\/wp-content\/uploads\/2012\/08\/image_1050-thumbnail_180x180_gravity_center_crop_80x80.jpg"},{"@type":"WebSite","@id":"https:\/\/andagolf.com\/es\/#website","url":"https:\/\/andagolf.com\/es\/","name":"Anda Golf","description":"Golf Shop Mijas - Costa del Sol","publisher":{"@id":"https:\/\/andagolf.com\/es\/#organization"},"potentialAction":[{"@type":"SearchAction","target":{"@type":"EntryPoint","urlTemplate":"https:\/\/andagolf.com\/es\/?s={search_term_string}"},"query-input":{"@type":"PropertyValueSpecification","valueRequired":true,"valueName":"search_term_string"}}],"inLanguage":"es"},{"@type":"Organization","@id":"https:\/\/andagolf.com\/es\/#organization","name":"Anda Golf","url":"https:\/\/andagolf.com\/es\/","logo":{"@type":"ImageObject","inLanguage":"es","@id":"https:\/\/andagolf.com\/es\/#\/schema\/logo\/image\/","url":"https:\/\/andagolf.com\/wp-content\/uploads\/2016\/05\/logo-andagolf.png","contentUrl":"https:\/\/andagolf.com\/wp-content\/uploads\/2016\/05\/logo-andagolf.png","width":310,"height":108,"caption":"Anda Golf"},"image":{"@id":"https:\/\/andagolf.com\/es\/#\/schema\/logo\/image\/"}}]}},"_links":{"self":[{"href":"https:\/\/andagolf.com\/es\/wp-json\/wp\/v2\/pages\/1350","targetHints":{"allow":["GET"]}}],"collection":[{"href":"https:\/\/andagolf.com\/es\/wp-json\/wp\/v2\/pages"}],"about":[{"href":"https:\/\/andagolf.com\/es\/wp-json\/wp\/v2\/types\/page"}],"author":[{"embeddable":true,"href":"https:\/\/andagolf.com\/es\/wp-json\/wp\/v2\/users\/1"}],"replies":[{"embeddable":true,"href":"https:\/\/andagolf.com\/es\/wp-json\/wp\/v2\/comments?post=1350"}],"version-history":[{"count":0,"href":"https:\/\/andagolf.com\/es\/wp-json\/wp\/v2\/pages\/1350\/revisions"}],"wp:attachment":[{"href":"https:\/\/andagolf.com\/es\/wp-json\/wp\/v2\/media?parent=1350"}],"curies":[{"name":"wp","href":"https:\/\/api.w.org\/{rel}","templated":true}]}}