{"id":1728,"date":"2017-05-12T12:49:29","date_gmt":"2017-05-12T12:49:29","guid":{"rendered":"http:\/\/www.andagolf.com\/contact-us-2\/"},"modified":"2022-11-07T12:47:24","modified_gmt":"2022-11-07T11:47:24","slug":"contacto","status":"publish","type":"page","link":"https:\/\/andagolf.com\/es\/contacto\/","title":{"rendered":"Contacto"},"content":{"rendered":"<p>[vc_row full_width=\u00bbstretch_row\u00bb css=\u00bb.vc_custom_1494671771481{padding-bottom: 20px !important;}\u00bb][vc_column width=\u00bb1\/2&#8243;]<div class=\"tm-element-heading-wrapper tm-heading-inner tm-element-align-left tm-seperator-none tm-heading-style-vertical \"><section class=\"tm-vc_cta3-container\"><div class=\"tm-vc_general tm-vc_cta3 tm-cta3-only tm-vc_cta3-style-classic tm-vc_cta3-shape-rounded tm-vc_cta3-align-left tm-vc_cta3-color-transparent tm-vc_cta3-icon-size-md tm-vc_cta3-actions-no tm-cta3-without-desc\"><div class=\"tm-vc_cta3_content-container\"><div class=\"tm-vc_cta3-content\"><header class=\"tm-vc_cta3-content-header tm-wrap\"><div class=\"tm-vc_cta3-headers tm-wrap-cell\"><h2 class=\"tm-custom-heading \" >CONT\u00c1CTENOS<\/h2>\n<\/div><div class=\"heading-seperator\"><span><\/span><\/div><\/header><\/div><\/div><\/div><\/section><\/div> <!-- .tm-element-heading-wrapper container --> <h4 style=\"text-align:left;font-size:16px;line-height:10px;color:#000000;\" class=\"tm-custom-heading vc_custom_1507146544195\" >HORARIO<\/h4>\n[vc_column_text css=\u00bb.vc_custom_1667821674121{margin-bottom: 23px !important;}\u00bb]<strong>Lunes &#8211; Viernes:<\/strong><br \/>\n10 horas &#8211; 18 horas[\/vc_column_text]<h4 style=\"text-align:left;font-size:16px;line-height:10px;color:#000000;\" class=\"tm-custom-heading vc_custom_1507146639401\" >NUESTRA DIRECCI\u00d3N<\/h4>\n[vc_column_text css=\u00bb.vc_custom_1507146661466{margin-bottom: 23px !important;}\u00bb]<strong>AndaGolf<\/strong><br \/>\nCtra. N 340, km 200<br \/>\nLa Cala de Mijas<br \/>\n29649 &#8211; Mijas Costa<br \/>\n(M\u00e1laga &#8211; Spain)[\/vc_column_text]<h4 style=\"text-align:left;font-size:16px;line-height:10px;color:#000000;\" class=\"tm-custom-heading vc_custom_1507146682377\" >TEL\u00c9FONO<\/h4>\n[vc_column_text css=\u00bb.vc_custom_1592656823288{margin-bottom: 23px !important;}\u00bb]Tel\u00e9fono: +34 952 58 75 07<br \/>\n<a href=\"tel:0034952587507\">Haga clic aqu\u00ed para llamar a trav\u00e9s de m\u00f3vil<\/a>[\/vc_column_text]<h4 style=\"text-align:left;font-size:16px;line-height:10px;color:#000000;\" class=\"tm-custom-heading vc_custom_1494671384173\" >EMAIL<\/h4>\n[vc_column_text css=\u00bb.vc_custom_1507146802042{margin-bottom: 18px !important;}\u00bb]<a href=\"andagolf@andagolf.com\">andagolf@andagolf.com<\/a>[\/vc_column_text][vc_column_text el_class=\u00bbtm-square-social-icon\u00bb]<div class=\"thememount-social-links-wrapper\"><\/div>[\/vc_column_text][\/vc_column][vc_column width=\u00bb1\/2&#8243;][vc_separator][vc_separator][vc_gmaps link=\u00bb#E-8_JTNDaWZyYW1lJTIwc3JjJTNEJTIyaHR0cHMlM0ElMkYlMkZ3d3cuZ29vZ2xlLmNvbSUyRm1hcHMlMkZlbWJlZCUzRnBiJTNEJTIxMW0xOCUyMTFtMTIlMjExbTMlMjExZDU3NS4wOTI5NDU3ODE2MDI5JTIxMmQtNC42ODg3ODk3NjMyODA0MTElMjEzZDM2LjQ5ODgwNDk3OTU1MzU5JTIxMm0zJTIxMWYwJTIxMmYwJTIxM2YwJTIxM20yJTIxMWkxMDI0JTIxMmk3NjglMjE0ZjEzLjElMjEzbTMlMjExbTIlMjExczB4MCUyNTNBMHg3ZTJhMjJjN2FjOGYxZjIlMjEyc0FuZGFHb2xmJTIxNWUxJTIxM20yJTIxMXNkZSUyMTJzZXMlMjE0djE1MDY5OTM3NjUwNzclMjIlMjB3aWR0aCUzRCUyMjYwMCUyMiUyMGhlaWdodCUzRCUyMjQ1MCUyMiUyMGZyYW1lYm9yZGVyJTNEJTIyMCUyMiUyMHN0eWxlJTNEJTIyYm9yZGVyJTNBMCUyMiUyMGFsbG93ZnVsbHNjcmVlbiUzRSUzQyUyRmlmcmFtZSUzRQ==\u00bb][\/vc_column][\/vc_row][vc_row css=\u00bb.vc_custom_1494595087935{padding-top: 0px !important;padding-bottom: 0px !important;}\u00bb][vc_column][vc_separator][\/vc_column][\/vc_row][vc_row css=\u00bb.vc_custom_1494671026731{padding-top: 30px !important;padding-bottom: 80px !important;}\u00bb][vc_column]<div class=\"tm-element-heading-wrapper tm-heading-inner tm-element-align-center tm-seperator-center_icon tm-heading-style-vertical \"><section class=\"tm-vc_cta3-container\"><div class=\"tm-vc_general tm-vc_cta3 tm-cta3-only tm-vc_cta3-style-classic tm-vc_cta3-shape-rounded tm-vc_cta3-align-center tm-vc_cta3-color-transparent tm-vc_cta3-icon-size-md tm-vc_cta3-actions-no tm-cta3-without-desc\"><div class=\"tm-vc_cta3_content-container\"><div class=\"tm-vc_cta3-content\"><header class=\"tm-vc_cta3-content-header tm-wrap\"><div class=\"tm-vc_cta3-headers tm-wrap-cell\"><h2 class=\"tm-custom-heading \" >FORMULARIO DE CONTACTO<\/h2>\n<\/div><div class=\"heading-seperator\"><span><\/span><\/div><\/header><\/div><\/div><\/div><\/section><\/div> <!-- .tm-element-heading-wrapper container --> \n<div class=\"wpcf7 no-js\" id=\"wpcf7-f1542-o1\" lang=\"en-US\" dir=\"ltr\" data-wpcf7-id=\"1542\">\n<div class=\"screen-reader-response\"><p role=\"status\" aria-live=\"polite\" aria-atomic=\"true\"><\/p> <ul><\/ul><\/div>\n<form action=\"\/es\/wp-json\/wp\/v2\/pages\/1728#wpcf7-f1542-o1\" method=\"post\" class=\"wpcf7-form init\" aria-label=\"Contact form\" novalidate=\"novalidate\" data-status=\"init\">\n<fieldset class=\"hidden-fields-container\"><input type=\"hidden\" name=\"_wpcf7\" value=\"1542\" \/><input type=\"hidden\" name=\"_wpcf7_version\" value=\"6.1.4\" \/><input type=\"hidden\" name=\"_wpcf7_locale\" value=\"en_US\" \/><input type=\"hidden\" name=\"_wpcf7_unit_tag\" value=\"wpcf7-f1542-o1\" \/><input type=\"hidden\" name=\"_wpcf7_container_post\" value=\"0\" \/><input type=\"hidden\" name=\"_wpcf7_posted_data_hash\" value=\"\" \/><input type=\"hidden\" name=\"_wpcf7_recaptcha_response\" value=\"\" \/>\n<\/fieldset>\n<p>Your Name (required)\n<\/p>\n<p><span class=\"wpcf7-form-control-wrap\" data-name=\"your-name\"><input size=\"40\" maxlength=\"400\" class=\"wpcf7-form-control wpcf7-text wpcf7-validates-as-required\" aria-required=\"true\" aria-invalid=\"false\" value=\"\" type=\"text\" name=\"your-name\" \/><\/span>\n<\/p>\n<p>Your Email (required)\n<\/p>\n<p><span class=\"wpcf7-form-control-wrap\" data-name=\"your-email\"><input size=\"40\" maxlength=\"400\" class=\"wpcf7-form-control wpcf7-email wpcf7-validates-as-required wpcf7-text wpcf7-validates-as-email\" aria-required=\"true\" aria-invalid=\"false\" value=\"\" type=\"email\" name=\"your-email\" \/><\/span>\n<\/p>\n<p>Subject\n<\/p>\n<p><span class=\"wpcf7-form-control-wrap\" data-name=\"your-subject\"><input size=\"40\" maxlength=\"400\" class=\"wpcf7-form-control wpcf7-text\" aria-invalid=\"false\" value=\"\" type=\"text\" name=\"your-subject\" \/><\/span>\n<\/p>\n<p>Your Message\n<\/p>\n<p><span class=\"wpcf7-form-control-wrap\" data-name=\"your-message\"><textarea cols=\"40\" rows=\"10\" maxlength=\"2000\" class=\"wpcf7-form-control wpcf7-textarea\" aria-invalid=\"false\" name=\"your-message\"><\/textarea><\/span>\n<\/p>\n<span class=\"wpcf7-form-control-wrap recaptcha\" data-name=\"recaptcha\"><span data-sitekey=\"6LdUbAMTAAAAAMeyEcvxyG-8rjseUqUVvR1mq1dv\" class=\"wpcf7-form-control wpcf7-recaptcha g-recaptcha\"><\/span>\r\n<noscript>\r\n\t<div class=\"grecaptcha-noscript\">\r\n\t\t<iframe loading=\"lazy\" src=\"https:\/\/www.google.com\/recaptcha\/api\/fallback?k=6LdUbAMTAAAAAMeyEcvxyG-8rjseUqUVvR1mq1dv\" frameborder=\"0\" scrolling=\"no\" width=\"310\" height=\"430\">\r\n\t\t<\/iframe>\r\n\t\t<textarea name=\"g-recaptcha-response\" rows=\"3\" cols=\"40\" placeholder=\"reCaptcha Response Here\">\r\n\t\t<\/textarea>\r\n\t<\/div>\r\n<\/noscript>\r\n<\/span>\n<p><input class=\"wpcf7-form-control wpcf7-submit has-spinner\" type=\"submit\" value=\"Send\" \/>\n<\/p><div class=\"wpcf7-response-output\" aria-hidden=\"true\"><\/div>\n<\/form>\n<\/div>\n[\/vc_column][\/vc_row]<\/p>\n","protected":false},"excerpt":{"rendered":"<p>[vc_row full_width=\u00bbstretch_row\u00bb css=\u00bb.vc_custom_1494671771481{padding-bottom: 20px !important;}\u00bb][vc_column width=\u00bb1\/2&#8243;][vc_column_text css=\u00bb.vc_custom_1667821674121{margin-bottom: 23px !important;}\u00bb]Lunes &#8211; Viernes: 10 horas &#8211; 18 horas[\/vc_column_text][vc_column_text css=\u00bb.vc_custom_1507146661466{margin-bottom: 23px !important;}\u00bb]AndaGolf Ctra. N 340, km 200 La Cala de Mijas 29649 &#8211; Mijas Costa (M\u00e1laga &#8211; Spain)[\/vc_column_text][vc_column_text css=\u00bb.vc_custom_1592656823288{margin-bottom: 23px !important;}\u00bb]Tel\u00e9fono: +34 952 58 75 07 Haga clic aqu\u00ed para llamar a trav\u00e9s de m\u00f3vil[\/vc_column_text][vc_column_text css=\u00bb.vc_custom_1507146802042{margin-bottom: 18px !important;}\u00bb]andagolf@andagolf.com[\/vc_column_text][vc_column_text &hellip; <a href=\"https:\/\/andagolf.com\/es\/contacto\/\" class=\"more-link\">Continue reading <span class=\"screen-reader-text\">Contacto<\/span><\/a><\/p>\n","protected":false},"author":1,"featured_media":0,"parent":0,"menu_order":0,"comment_status":"closed","ping_status":"closed","template":"","meta":{"footnotes":""},"class_list":["post-1728","page","type-page","status-publish","hentry"],"yoast_head":"<!-- This site is optimized with the Yoast SEO plugin v26.5 - https:\/\/yoast.com\/wordpress\/plugins\/seo\/ -->\n<title>Contacto - Anda Golf<\/title>\n<meta name=\"robots\" content=\"index, follow, max-snippet:-1, max-image-preview:large, max-video-preview:-1\" \/>\n<link rel=\"canonical\" href=\"https:\/\/andagolf.com\/es\/contacto\/\" \/>\n<meta property=\"og:locale\" content=\"es_ES\" \/>\n<meta property=\"og:type\" content=\"article\" \/>\n<meta property=\"og:title\" content=\"Contacto - Anda Golf\" \/>\n<meta property=\"og:description\" content=\"[vc_row full_width=\u00bbstretch_row\u00bb css=\u00bb.vc_custom_1494671771481{padding-bottom: 20px !important;}\u00bb][vc_column width=\u00bb1\/2&#8243;][vc_column_text css=\u00bb.vc_custom_1667821674121{margin-bottom: 23px !important;}\u00bb]Lunes &#8211; Viernes: 10 horas &#8211; 18 horas[\/vc_column_text][vc_column_text css=\u00bb.vc_custom_1507146661466{margin-bottom: 23px !important;}\u00bb]AndaGolf Ctra. N 340, km 200 La Cala de Mijas 29649 &#8211; Mijas Costa (M\u00e1laga &#8211; Spain)[\/vc_column_text][vc_column_text css=\u00bb.vc_custom_1592656823288{margin-bottom: 23px !important;}\u00bb]Tel\u00e9fono: +34 952 58 75 07 Haga clic aqu\u00ed para llamar a trav\u00e9s de m\u00f3vil[\/vc_column_text][vc_column_text css=\u00bb.vc_custom_1507146802042{margin-bottom: 18px !important;}\u00bb]andagolf@andagolf.com[\/vc_column_text][vc_column_text &hellip; Continue reading Contacto\" \/>\n<meta property=\"og:url\" content=\"https:\/\/andagolf.com\/es\/contacto\/\" \/>\n<meta property=\"og:site_name\" content=\"Anda Golf\" \/>\n<meta property=\"article:modified_time\" content=\"2022-11-07T11:47:24+00:00\" \/>\n<meta name=\"twitter:label1\" content=\"Tiempo de lectura\" \/>\n\t<meta name=\"twitter:data1\" content=\"2 minutos\" \/>\n<script type=\"application\/ld+json\" class=\"yoast-schema-graph\">{\"@context\":\"https:\/\/schema.org\",\"@graph\":[{\"@type\":\"WebPage\",\"@id\":\"https:\/\/andagolf.com\/es\/contacto\/\",\"url\":\"https:\/\/andagolf.com\/es\/contacto\/\",\"name\":\"Contacto - Anda Golf\",\"isPartOf\":{\"@id\":\"https:\/\/andagolf.com\/es\/#website\"},\"datePublished\":\"2017-05-12T12:49:29+00:00\",\"dateModified\":\"2022-11-07T11:47:24+00:00\",\"inLanguage\":\"es\",\"potentialAction\":[{\"@type\":\"ReadAction\",\"target\":[\"https:\/\/andagolf.com\/es\/contacto\/\"]}]},{\"@type\":\"WebSite\",\"@id\":\"https:\/\/andagolf.com\/es\/#website\",\"url\":\"https:\/\/andagolf.com\/es\/\",\"name\":\"Anda Golf\",\"description\":\"Golf Shop Mijas - Costa del Sol\",\"publisher\":{\"@id\":\"https:\/\/andagolf.com\/es\/#organization\"},\"potentialAction\":[{\"@type\":\"SearchAction\",\"target\":{\"@type\":\"EntryPoint\",\"urlTemplate\":\"https:\/\/andagolf.com\/es\/?s={search_term_string}\"},\"query-input\":{\"@type\":\"PropertyValueSpecification\",\"valueRequired\":true,\"valueName\":\"search_term_string\"}}],\"inLanguage\":\"es\"},{\"@type\":\"Organization\",\"@id\":\"https:\/\/andagolf.com\/es\/#organization\",\"name\":\"Anda Golf\",\"url\":\"https:\/\/andagolf.com\/es\/\",\"logo\":{\"@type\":\"ImageObject\",\"inLanguage\":\"es\",\"@id\":\"https:\/\/andagolf.com\/es\/#\/schema\/logo\/image\/\",\"url\":\"https:\/\/andagolf.com\/wp-content\/uploads\/2016\/05\/logo-andagolf.png\",\"contentUrl\":\"https:\/\/andagolf.com\/wp-content\/uploads\/2016\/05\/logo-andagolf.png\",\"width\":310,\"height\":108,\"caption\":\"Anda Golf\"},\"image\":{\"@id\":\"https:\/\/andagolf.com\/es\/#\/schema\/logo\/image\/\"}}]}<\/script>\n<!-- \/ Yoast SEO plugin. -->","yoast_head_json":{"title":"Contacto - Anda Golf","robots":{"index":"index","follow":"follow","max-snippet":"max-snippet:-1","max-image-preview":"max-image-preview:large","max-video-preview":"max-video-preview:-1"},"canonical":"https:\/\/andagolf.com\/es\/contacto\/","og_locale":"es_ES","og_type":"article","og_title":"Contacto - Anda Golf","og_description":"[vc_row full_width=\u00bbstretch_row\u00bb css=\u00bb.vc_custom_1494671771481{padding-bottom: 20px !important;}\u00bb][vc_column width=\u00bb1\/2&#8243;][vc_column_text css=\u00bb.vc_custom_1667821674121{margin-bottom: 23px !important;}\u00bb]Lunes &#8211; Viernes: 10 horas &#8211; 18 horas[\/vc_column_text][vc_column_text css=\u00bb.vc_custom_1507146661466{margin-bottom: 23px !important;}\u00bb]AndaGolf Ctra. N 340, km 200 La Cala de Mijas 29649 &#8211; Mijas Costa (M\u00e1laga &#8211; Spain)[\/vc_column_text][vc_column_text css=\u00bb.vc_custom_1592656823288{margin-bottom: 23px !important;}\u00bb]Tel\u00e9fono: +34 952 58 75 07 Haga clic aqu\u00ed para llamar a trav\u00e9s de m\u00f3vil[\/vc_column_text][vc_column_text css=\u00bb.vc_custom_1507146802042{margin-bottom: 18px !important;}\u00bb]andagolf@andagolf.com[\/vc_column_text][vc_column_text &hellip; Continue reading Contacto","og_url":"https:\/\/andagolf.com\/es\/contacto\/","og_site_name":"Anda Golf","article_modified_time":"2022-11-07T11:47:24+00:00","twitter_misc":{"Tiempo de lectura":"2 minutos"},"schema":{"@context":"https:\/\/schema.org","@graph":[{"@type":"WebPage","@id":"https:\/\/andagolf.com\/es\/contacto\/","url":"https:\/\/andagolf.com\/es\/contacto\/","name":"Contacto - Anda Golf","isPartOf":{"@id":"https:\/\/andagolf.com\/es\/#website"},"datePublished":"2017-05-12T12:49:29+00:00","dateModified":"2022-11-07T11:47:24+00:00","inLanguage":"es","potentialAction":[{"@type":"ReadAction","target":["https:\/\/andagolf.com\/es\/contacto\/"]}]},{"@type":"WebSite","@id":"https:\/\/andagolf.com\/es\/#website","url":"https:\/\/andagolf.com\/es\/","name":"Anda Golf","description":"Golf Shop Mijas - Costa del Sol","publisher":{"@id":"https:\/\/andagolf.com\/es\/#organization"},"potentialAction":[{"@type":"SearchAction","target":{"@type":"EntryPoint","urlTemplate":"https:\/\/andagolf.com\/es\/?s={search_term_string}"},"query-input":{"@type":"PropertyValueSpecification","valueRequired":true,"valueName":"search_term_string"}}],"inLanguage":"es"},{"@type":"Organization","@id":"https:\/\/andagolf.com\/es\/#organization","name":"Anda Golf","url":"https:\/\/andagolf.com\/es\/","logo":{"@type":"ImageObject","inLanguage":"es","@id":"https:\/\/andagolf.com\/es\/#\/schema\/logo\/image\/","url":"https:\/\/andagolf.com\/wp-content\/uploads\/2016\/05\/logo-andagolf.png","contentUrl":"https:\/\/andagolf.com\/wp-content\/uploads\/2016\/05\/logo-andagolf.png","width":310,"height":108,"caption":"Anda Golf"},"image":{"@id":"https:\/\/andagolf.com\/es\/#\/schema\/logo\/image\/"}}]}},"_links":{"self":[{"href":"https:\/\/andagolf.com\/es\/wp-json\/wp\/v2\/pages\/1728","targetHints":{"allow":["GET"]}}],"collection":[{"href":"https:\/\/andagolf.com\/es\/wp-json\/wp\/v2\/pages"}],"about":[{"href":"https:\/\/andagolf.com\/es\/wp-json\/wp\/v2\/types\/page"}],"author":[{"embeddable":true,"href":"https:\/\/andagolf.com\/es\/wp-json\/wp\/v2\/users\/1"}],"replies":[{"embeddable":true,"href":"https:\/\/andagolf.com\/es\/wp-json\/wp\/v2\/comments?post=1728"}],"version-history":[{"count":0,"href":"https:\/\/andagolf.com\/es\/wp-json\/wp\/v2\/pages\/1728\/revisions"}],"wp:attachment":[{"href":"https:\/\/andagolf.com\/es\/wp-json\/wp\/v2\/media?parent=1728"}],"curies":[{"name":"wp","href":"https:\/\/api.w.org\/{rel}","templated":true}]}}