{"id":1907,"date":"2018-05-28T16:18:27","date_gmt":"2018-05-28T16:18:27","guid":{"rendered":"http:\/\/www.andagolf.com\/?page_id=1907"},"modified":"2018-05-28T17:36:36","modified_gmt":"2018-05-28T17:36:36","slug":"impronta","status":"publish","type":"page","link":"https:\/\/andagolf.com\/es\/contacto\/impronta\/","title":{"rendered":"Impronta"},"content":{"rendered":"<p><strong>Impronta<\/strong><\/p>\n<p><strong>Direcci\u00f3n legal:<\/strong><\/p>\n<p>Andagolf a Medida S.L.<br \/>\nque est\u00e1 representado por el Director Gerente Abas Morsi<br \/>\nUrb. Jard\u00edn Bot\u00e1nico 11<br \/>\nCra. Nal. 340, Km 200<br \/>\n29649 La Cala de Mijas<br \/>\nEspana<br \/>\n<strong>Tel\u00e9fono: +34 952 58 75 07<\/strong><strong><br \/>\nE-Mail: andagolf@andagolf.com<br \/>\nIVA No: ESB93166346<br \/>\n<\/strong><br \/>\nLa Comisi\u00f3n Europea proporciona una plataforma para la resoluci\u00f3n de conflictos en l\u00ednea adicional (plataforma RLL) listo , ejecutables de acuerdo con<a href=\"http:\/\/ec.europa.eu\/odr\"> https:\/\/ec.europa.eu\/odr<\/a> .<\/p>\n","protected":false},"excerpt":{"rendered":"<p>Impronta Direcci\u00f3n legal: Andagolf a Medida S.L. que est\u00e1 representado por el Director Gerente Abas Morsi Urb. Jard\u00edn Bot\u00e1nico 11 Cra. Nal. 340, Km 200 29649 La Cala de Mijas Espana Tel\u00e9fono: +34 952 58 75 07 E-Mail: andagolf@andagolf.com IVA No: ESB93166346 La Comisi\u00f3n Europea proporciona una plataforma para la resoluci\u00f3n de conflictos en l\u00ednea &hellip; <a href=\"https:\/\/andagolf.com\/es\/contacto\/impronta\/\" class=\"more-link\">Continue reading <span class=\"screen-reader-text\">Impronta<\/span><\/a><\/p>\n","protected":false},"author":1,"featured_media":0,"parent":1728,"menu_order":0,"comment_status":"closed","ping_status":"closed","template":"","meta":{"footnotes":""},"class_list":["post-1907","page","type-page","status-publish","hentry"],"yoast_head":"<!-- This site is optimized with the Yoast SEO plugin v26.5 - https:\/\/yoast.com\/wordpress\/plugins\/seo\/ -->\n<title>Impronta - Anda Golf<\/title>\n<meta name=\"robots\" content=\"index, follow, max-snippet:-1, max-image-preview:large, max-video-preview:-1\" \/>\n<link rel=\"canonical\" href=\"https:\/\/andagolf.com\/es\/contacto\/impronta\/\" \/>\n<meta property=\"og:locale\" content=\"es_ES\" \/>\n<meta property=\"og:type\" content=\"article\" \/>\n<meta property=\"og:title\" content=\"Impronta - Anda Golf\" \/>\n<meta property=\"og:description\" content=\"Impronta Direcci\u00f3n legal: Andagolf a Medida S.L. que est\u00e1 representado por el Director Gerente Abas Morsi Urb. Jard\u00edn Bot\u00e1nico 11 Cra. Nal. 340, Km 200 29649 La Cala de Mijas Espana Tel\u00e9fono: +34 952 58 75 07 E-Mail: andagolf@andagolf.com IVA No: ESB93166346 La Comisi\u00f3n Europea proporciona una plataforma para la resoluci\u00f3n de conflictos en l\u00ednea &hellip; Continue reading Impronta\" \/>\n<meta property=\"og:url\" content=\"https:\/\/andagolf.com\/es\/contacto\/impronta\/\" \/>\n<meta property=\"og:site_name\" content=\"Anda Golf\" \/>\n<meta property=\"article:modified_time\" content=\"2018-05-28T17:36:36+00:00\" \/>\n<script type=\"application\/ld+json\" class=\"yoast-schema-graph\">{\"@context\":\"https:\/\/schema.org\",\"@graph\":[{\"@type\":\"WebPage\",\"@id\":\"https:\/\/andagolf.com\/es\/contacto\/impronta\/\",\"url\":\"https:\/\/andagolf.com\/es\/contacto\/impronta\/\",\"name\":\"Impronta - Anda Golf\",\"isPartOf\":{\"@id\":\"https:\/\/andagolf.com\/es\/#website\"},\"datePublished\":\"2018-05-28T16:18:27+00:00\",\"dateModified\":\"2018-05-28T17:36:36+00:00\",\"breadcrumb\":{\"@id\":\"https:\/\/andagolf.com\/es\/contacto\/impronta\/#breadcrumb\"},\"inLanguage\":\"es\",\"potentialAction\":[{\"@type\":\"ReadAction\",\"target\":[\"https:\/\/andagolf.com\/es\/contacto\/impronta\/\"]}]},{\"@type\":\"BreadcrumbList\",\"@id\":\"https:\/\/andagolf.com\/es\/contacto\/impronta\/#breadcrumb\",\"itemListElement\":[{\"@type\":\"ListItem\",\"position\":1,\"name\":\"Contacto\",\"item\":\"https:\/\/andagolf.com\/es\/contacto\/\"},{\"@type\":\"ListItem\",\"position\":2,\"name\":\"Impronta\"}]},{\"@type\":\"WebSite\",\"@id\":\"https:\/\/andagolf.com\/es\/#website\",\"url\":\"https:\/\/andagolf.com\/es\/\",\"name\":\"Anda Golf\",\"description\":\"Golf Shop Mijas - Costa del Sol\",\"publisher\":{\"@id\":\"https:\/\/andagolf.com\/es\/#organization\"},\"potentialAction\":[{\"@type\":\"SearchAction\",\"target\":{\"@type\":\"EntryPoint\",\"urlTemplate\":\"https:\/\/andagolf.com\/es\/?s={search_term_string}\"},\"query-input\":{\"@type\":\"PropertyValueSpecification\",\"valueRequired\":true,\"valueName\":\"search_term_string\"}}],\"inLanguage\":\"es\"},{\"@type\":\"Organization\",\"@id\":\"https:\/\/andagolf.com\/es\/#organization\",\"name\":\"Anda Golf\",\"url\":\"https:\/\/andagolf.com\/es\/\",\"logo\":{\"@type\":\"ImageObject\",\"inLanguage\":\"es\",\"@id\":\"https:\/\/andagolf.com\/es\/#\/schema\/logo\/image\/\",\"url\":\"https:\/\/andagolf.com\/wp-content\/uploads\/2016\/05\/logo-andagolf.png\",\"contentUrl\":\"https:\/\/andagolf.com\/wp-content\/uploads\/2016\/05\/logo-andagolf.png\",\"width\":310,\"height\":108,\"caption\":\"Anda Golf\"},\"image\":{\"@id\":\"https:\/\/andagolf.com\/es\/#\/schema\/logo\/image\/\"}}]}<\/script>\n<!-- \/ Yoast SEO plugin. -->","yoast_head_json":{"title":"Impronta - Anda Golf","robots":{"index":"index","follow":"follow","max-snippet":"max-snippet:-1","max-image-preview":"max-image-preview:large","max-video-preview":"max-video-preview:-1"},"canonical":"https:\/\/andagolf.com\/es\/contacto\/impronta\/","og_locale":"es_ES","og_type":"article","og_title":"Impronta - Anda Golf","og_description":"Impronta Direcci\u00f3n legal: Andagolf a Medida S.L. que est\u00e1 representado por el Director Gerente Abas Morsi Urb. Jard\u00edn Bot\u00e1nico 11 Cra. Nal. 340, Km 200 29649 La Cala de Mijas Espana Tel\u00e9fono: +34 952 58 75 07 E-Mail: andagolf@andagolf.com IVA No: ESB93166346 La Comisi\u00f3n Europea proporciona una plataforma para la resoluci\u00f3n de conflictos en l\u00ednea &hellip; Continue reading Impronta","og_url":"https:\/\/andagolf.com\/es\/contacto\/impronta\/","og_site_name":"Anda Golf","article_modified_time":"2018-05-28T17:36:36+00:00","schema":{"@context":"https:\/\/schema.org","@graph":[{"@type":"WebPage","@id":"https:\/\/andagolf.com\/es\/contacto\/impronta\/","url":"https:\/\/andagolf.com\/es\/contacto\/impronta\/","name":"Impronta - Anda Golf","isPartOf":{"@id":"https:\/\/andagolf.com\/es\/#website"},"datePublished":"2018-05-28T16:18:27+00:00","dateModified":"2018-05-28T17:36:36+00:00","breadcrumb":{"@id":"https:\/\/andagolf.com\/es\/contacto\/impronta\/#breadcrumb"},"inLanguage":"es","potentialAction":[{"@type":"ReadAction","target":["https:\/\/andagolf.com\/es\/contacto\/impronta\/"]}]},{"@type":"BreadcrumbList","@id":"https:\/\/andagolf.com\/es\/contacto\/impronta\/#breadcrumb","itemListElement":[{"@type":"ListItem","position":1,"name":"Contacto","item":"https:\/\/andagolf.com\/es\/contacto\/"},{"@type":"ListItem","position":2,"name":"Impronta"}]},{"@type":"WebSite","@id":"https:\/\/andagolf.com\/es\/#website","url":"https:\/\/andagolf.com\/es\/","name":"Anda Golf","description":"Golf Shop Mijas - Costa del Sol","publisher":{"@id":"https:\/\/andagolf.com\/es\/#organization"},"potentialAction":[{"@type":"SearchAction","target":{"@type":"EntryPoint","urlTemplate":"https:\/\/andagolf.com\/es\/?s={search_term_string}"},"query-input":{"@type":"PropertyValueSpecification","valueRequired":true,"valueName":"search_term_string"}}],"inLanguage":"es"},{"@type":"Organization","@id":"https:\/\/andagolf.com\/es\/#organization","name":"Anda Golf","url":"https:\/\/andagolf.com\/es\/","logo":{"@type":"ImageObject","inLanguage":"es","@id":"https:\/\/andagolf.com\/es\/#\/schema\/logo\/image\/","url":"https:\/\/andagolf.com\/wp-content\/uploads\/2016\/05\/logo-andagolf.png","contentUrl":"https:\/\/andagolf.com\/wp-content\/uploads\/2016\/05\/logo-andagolf.png","width":310,"height":108,"caption":"Anda Golf"},"image":{"@id":"https:\/\/andagolf.com\/es\/#\/schema\/logo\/image\/"}}]}},"_links":{"self":[{"href":"https:\/\/andagolf.com\/es\/wp-json\/wp\/v2\/pages\/1907","targetHints":{"allow":["GET"]}}],"collection":[{"href":"https:\/\/andagolf.com\/es\/wp-json\/wp\/v2\/pages"}],"about":[{"href":"https:\/\/andagolf.com\/es\/wp-json\/wp\/v2\/types\/page"}],"author":[{"embeddable":true,"href":"https:\/\/andagolf.com\/es\/wp-json\/wp\/v2\/users\/1"}],"replies":[{"embeddable":true,"href":"https:\/\/andagolf.com\/es\/wp-json\/wp\/v2\/comments?post=1907"}],"version-history":[{"count":0,"href":"https:\/\/andagolf.com\/es\/wp-json\/wp\/v2\/pages\/1907\/revisions"}],"up":[{"embeddable":true,"href":"https:\/\/andagolf.com\/es\/wp-json\/wp\/v2\/pages\/1728"}],"wp:attachment":[{"href":"https:\/\/andagolf.com\/es\/wp-json\/wp\/v2\/media?parent=1907"}],"curies":[{"name":"wp","href":"https:\/\/api.w.org\/{rel}","templated":true}]}}