{"id":1918,"date":"2018-05-28T17:33:22","date_gmt":"2018-05-28T17:33:22","guid":{"rendered":"http:\/\/www.andagolf.com\/politica-de-privacidad\/"},"modified":"2019-09-05T13:57:01","modified_gmt":"2019-09-05T12:57:01","slug":"politica-de-privacidad","status":"publish","type":"page","link":"https:\/\/andagolf.com\/es\/politica-de-privacidad\/","title":{"rendered":"Pol\u00edtica de privacidad"},"content":{"rendered":"<h1>Pol\u00edtica de privacidad<\/h1>\n<p><strong><span class=\"\">Pol\u00edtica de privacidad<\/span><\/strong><\/p>\n<p><span class=\"\"> A menos que se indique lo contrario a continuaci\u00f3n, proporcionando sus datos personales no es el mandato de cualquier ley o contrato, ni tampoco es necesario un contrato. <\/span>Usted no est\u00e1 obligado a proporcionar los datos. A no prestaci\u00f3n de ninguna consecuencia. <span class=\"\">Esto se aplica s\u00f3lo en la medida en las operaciones de tratamiento posterior se efect\u00faa ning\u00fan otro reclamo. <\/span><br \/>\n\u00abInformaci\u00f3n personal\u00bb es cualquier informaci\u00f3n relativa a una persona f\u00edsica identificada o identificable.<\/p>\n<p><strong>los archivos de registro del servidor<\/strong><br \/>\nPuede visitar nuestros sitios web sin revelar ninguna informaci\u00f3n personal. Ser\u00e1 cada vez que acceda a los datos de uso del sitio transmitidos por el navegador de Internet y datos (registros de servidor) se almacenan log. Estos datos almacenados incluyen, por ejemplo, el nombre de la p\u00e1gina solicitada, fecha y hora de acceso, la cantidad de datos transmitidos y el proveedor solicitante. Estos datos son utilizados exclusivamente para garantizar un funcionamiento sin problemas de nuestra p\u00e1gina web y para mejorar nuestra oferta. Un mapeo de estos datos a una persona espec\u00edfica no es posible.<\/p>\n<p><strong>Recogida y tratamiento cuando se utiliza el formulario de contacto<\/strong><br \/>\nCuando se utiliza el formulario de contacto que recogemos sus datos personales (nombre, direcci\u00f3n de correo electr\u00f3nico, mensaje de texto) s\u00f3lo cuando se haya realizado medida disponible. El procesamiento de datos sirve para el prop\u00f3sito de poner en contacto. El env\u00edo de su mensaje, que consiente el tratamiento de los datos transmitidos. El procesamiento se realiza sobre la base del Art. 6 (1) lit. un <b>RGDP <\/b> con su consentimiento.<br \/>\nUsted puede retirar por avisarnos y sin la legalidad de hasta la revocaci\u00f3n se produjo a causa del proceso de consentimiento tocar\u00e1 su consentimiento en cualquier momento. Utilizamos su direcci\u00f3n de correo electr\u00f3nico s\u00f3lo para procesar su solicitud. Se elimina a continuaci\u00f3n sus datos, a menos que haya acordado con el posterior procesamiento y uso.<\/p>\n<p><strong>las cookies<\/strong><br \/>\nNuestro sitio utiliza cookies. Las cookies son peque\u00f1os archivos de texto que se almacenan en el navegador de Internet o desde el navegador de Internet en el sistema inform\u00e1tico de un usuario. Cuando un usuario navega por un sitio web, una cookie puede almacenarse en el sistema operativo del usuario. Esta cookie contiene una cadena caracter\u00edstica que hace una clara identificaci\u00f3n del navegador que vuelva a ejecutar la p\u00e1gina web. Utilizamos cookies con la finalidad de hacer nuestra oferta m\u00e1s f\u00e1cil de usar, eficaz y segura. Adem\u00e1s, las cookies permiten a nuestros sistemas reconocer su navegador, incluso despu\u00e9s de una pausa, y para proporcionar caracter\u00edsticas. Algunas caracter\u00edsticas de nuestro sitio web no pueden ser ofrecidos sin el uso de cookies. Para ello, es necesario<\/p>\n<p>Utilizamos cookies en nuestro sitio, adem\u00e1s de la finalidad de permitir un an\u00e1lisis del comportamiento de navegaci\u00f3n de nuestros visitantes del sitio.<\/p>\n<p>El procesamiento se realiza sobre la base del \u00a7 15 (3), TMG y Art. 6 (1) lit. f <b>RGDP <\/b> del inter\u00e9s leg\u00edtimo en los fines anteriormente mencionados.<br \/>\nLos datos recogidos de esta manera se le dar\u00e1 un seud\u00f3nimo por medios t\u00e9cnicos. La cesi\u00f3n de sus datos personales es, por tanto, ya no es posible. Los datos no se almacena junto con otro personal de usted.<br \/>\n<strong><em>Usted tiene el derecho, por razones derivadas de su situaci\u00f3n particular, en cualquier momento para que el Art. 6 (1) f procesamiento basado <b>RGDP <\/b> que no est\u00e1n de acuerdo en relaci\u00f3n con sus datos personales.<\/em><\/strong><br \/>\nLas cookies se almacenan en su ordenador. Por lo tanto, usted tiene el control total sobre el uso de cookies. Al seleccionar los ajustes t\u00e9cnicos apropiados de su navegador de Internet, puede rechazar el uso de cookies y para transferir los datos contenidos en el mismo. Ya cookies almacenadas se pueden eliminar en cualquier momento. Sin embargo, se\u00f1alamos que se puede utilizar pueden no todas las caracter\u00edsticas de este sitio estar\u00e1n completamente en ese momento.<br \/>\nLos siguientes enlaces se puede encontrar la manera de gestionar las cookies en los principales navegadores (incluyendo claro) puede:<br \/>\nnavegador Chrome: <a href=\"https:\/\/support.google.com\/accounts\/answer\/61416?hl=de\" target=\"_blank\" rel=\"noopener noreferrer\">https:\/\/support.google.com\/accounts\/answer\/61416?hl=de<\/a><br \/>\nInternet Explorer:<a href=\"https:\/\/support.microsoft.com\/de-de\/help\/17442\/windows-internet-explorer-delete-manage-cookies\" target=\"_blank\" rel=\"noopener noreferrer\">https:\/\/support.microsoft.com\/de-de\/help\/17442\/windows-internet-explorer-delete-manage-cookies<\/a><br \/>\nMozilla Firefox: <a href=\"https:\/\/support.mozilla.org\/de\/kb\/cookies-erlauben-und-ablehnen\" target=\"_blank\" rel=\"noopener noreferrer\">https:\/\/support.mozilla.org\/de\/kb\/cookies-erlauben- y rechazar<\/a><br \/>\nSafari: <a href=\"https:\/\/support.apple.com\/de-de\/guide\/safari\/manage-cookies-and-website-data-sfri11471\/mac\" target=\"_blank\" rel=\"noopener noreferrer\">https:\/\/support.apple.com\/de-de\/guide\/safari\/manage-cookies-and-website-data-sfri11471\/mac <\/a><\/p>\n<p><strong>uso de Google Analytics<\/strong><br \/>\nUtilizamos nuestra p\u00e1gina web para servicios de an\u00e1lisis web de Google Analytics de Google Inc. (1600 Amphitheatre Parkway, Mountain View, CA 94043, EE.UU., \u00abGoogle\u00bb). El procesamiento de los datos con el objeto de an\u00e1lisis de este sitio y sus visitantes. Estos Google usar\u00e1 en nombre del operador del sitio Web, la informaci\u00f3n obtenida para evaluar su uso del website, recopilando informes de la actividad del website y prestando otros con el sitio web y los servicios relacionados con Internet a la p\u00e1gina web del operador. El transmitida por su navegador como parte de la direcci\u00f3n IP de Google Analytics no se fusionar\u00e1 con otros datos de Google.<br \/>\nGoogle Analytics utiliza cookies, que permiten el an\u00e1lisis de su uso del sitio web. La informaci\u00f3n que genera la cookie acerca de su uso de este sitio son transmitidos generalmente a un servidor de Google en los EE.UU. y se almacena all\u00ed. En este sitio web, se activa la anonimizaci\u00f3n de IP. Esta es la direcci\u00f3n IPComer previamente acortada por Google dentro de los estados miembros de la Uni\u00f3n Europea o de otras partes en el Acuerdo sobre el Espacio Econ\u00f3mico Europeo. S\u00f3lo en casos excepcionales se la direcci\u00f3n IP completa se transmite a un servidor de Google en los EE.UU. y acort\u00f3 all\u00ed. Sus datos pueden ser transferidos a los EE.UU.. Para las transferencias de datos a la decisi\u00f3n de adecuaci\u00f3n EE.UU. por la Comisi\u00f3n Europea est\u00e1 presente. El procesamiento se realiza sobre la base del Art. 6 (1) lit. f DSGVO del inter\u00e9s leg\u00edtimo de las necesidades y de base de dise\u00f1o del sitio objetivo. <strong><em>Usted tiene el derecho, por razones derivadas de su situaci\u00f3n particular, en cualquier momento para que el Art. 6 (1) f procesamiento basado <b>RGDP <\/b> que no est\u00e1n de acuerdo en relaci\u00f3n con sus datos personales.<\/em><\/strong><br \/>\nUsted puede hacer rechazar el uso de cookies, mediante la selecci\u00f3n de la configuraci\u00f3n t\u00e9cnica apropiada de su navegador; Sin embargo, se\u00f1alamos que es posible que no todas las caracter\u00edsticas de este sitio ser\u00e1 totalmente, en su caso, en este caso de uso. Puede evitar la recolecci\u00f3n de los datos generados por la cookie y relacionados con su uso del sitio web (incl. Su direcci\u00f3n IP) para Google y el tratamiento de estos datos por parte de Google a\u00fan m\u00e1s por el plug-in de navegador disponible en el siguiente enlace en descargar e instalar [ <a href=\"https:\/\/tools.google.com\/dlpage\/gaoptout?hl=de\" target=\"_blank\" rel=\"noopener noreferrer\">https:\/\/tools.google.com\/dlpage\/gaoptout?hl=de<\/a> ].\u00a0Se puede poner una cookie de exclusi\u00f3n para evitar la detecci\u00f3n por Google Analytics en todos los dispositivos. cookies de inhabilitaci\u00f3n evitan futura entrega de su informaci\u00f3n visitando este sitio web. Es necesario realizar la opci\u00f3n de exclusi\u00f3n en todos los sistemas y dispositivos compartidos, por lo que este tiene forma integral. Si hace clic aqu\u00ed, la cookie de exclusi\u00f3n se establece &lt;a href=\u00bbjavascript:gaOptout()\u00bb&gt; &lt; <wbr \/>strong&gt; Google Analytics desactivar &lt;\/ strong&gt; c\u00f3digo &lt;\/ p&gt;. Para obtener m\u00e1s informaci\u00f3n acerca de condiciones de uso y pol\u00edtica de privacidad bajo <a href=\"https:\/\/www.google.com\/analytics\/terms\/de.html\" target=\"_blank\" rel=\"noopener noreferrer\">https:\/\/www.google.com\/analytics\/terms\/de.html<\/a> o bajo <a href=\"https:\/\/www.google.de\/intl\/de\/policies\/\" target=\"_blank\" rel=\"noopener noreferrer\">https:\/\/www.google.de\/intl\/de\/policies\/<\/a> .<\/p>\n<p><strong>utilizando el Google \u00ab1\u00bb &#8211; bot\u00f3n<\/strong><br \/>\nEn este sitio, el bot\u00f3n \u00ab1\u00bb de la red social Google Plus Google Inc. 1600 Amphitheatre Parkway, Mountain View, California, 94043 EE.UU., (en adelante, \u00abGoogle\u00bb) se utiliza. Si se llama a un provista de la p\u00e1gina bot\u00f3n \u00ab+1\u00bb de nuestra p\u00e1gina web, una conexi\u00f3n con los servidores de Google se hace en los EE.UU., mientras que el bot\u00f3n se muestra notificando su navegador en la p\u00e1gina. Aqu\u00ed, al servidor de Google tanto su direcci\u00f3n IP y la informaci\u00f3n de cu\u00e1l de nuestros sitios que ha visitado. Esto se aplica independientemente de si usted est\u00e1 registrado para Google Plus o iniciar sesi\u00f3n. Incluso con no registrado o no conectado a los usuarios una transferencia se lleva a cabo. El bot\u00f3n \u00ab+1\u00bb no se utiliza para registrar sus visitas en Internet. Google no registra cuando se muestra un bot\u00f3n \u00ab+1\u00bb de forma permanente el historial de navegaci\u00f3n y eval\u00faa su visita a un lado con el bot\u00f3n \u00ab1\u00bb ni en ninguna otra salida. Google almacena alrededor de dos semanas informaci\u00f3n sobre su visita a la soluci\u00f3n de problemas y el mantenimiento del sistema. Estos datos no son estructuradas por perfiles individuales, nombres de usuario o direcciones URL, y no se reenv\u00edan a nosotros. \u00bfEs usted tambi\u00e9n un miembro de Google Plus y durante el tiempo en que mediante el uso del plug-in, inicie sesi\u00f3n en Google Plus, la informaci\u00f3n recopilada acerca de su visita al sitio con su cuenta de Google Plus estar\u00e1 vinculado y si otros usuarios conocidos. Incluso en el caso de las interacciones que son posibles con los diversos plug-ins de Google, que se recaba la informaci\u00f3n acerca de usted, transmitida y archivada por Google. Una visi\u00f3n general de los diferentes tipos de plug-ins de Google se puede ver aqu\u00ed:<a href=\"https:\/\/developers.google.com\/+\/web\/\" target=\"_blank\" rel=\"noopener noreferrer\">https:\/\/developers.google.com\/+\/web\/<\/a><\/p>\n<p>Si ha hecho p\u00fablicos sus perfiles en la configuraci\u00f3n de Google Plus, el \u00ab1\u00bb Google como prueba junto con su nombre y foto de perfil en los servicios de Google , se muestran como en los resultados de b\u00fasqueda o en su perfil de Google, o en otro lugar en sitios web y anuncios en Internet. Si no desea que Google los mapas de informaci\u00f3n recopilada directamente a su perfil de Google Plus, debe salir Plus Antes de que visiten nuestro sitio web en Google.<br \/>\nPara obtener m\u00e1s informaci\u00f3n sobre la recopilaci\u00f3n y uso de los datos por parte de Google, sobre sus derechos y opciones para proteger su privacidad en las pol\u00edticas de privacidad de Google:<a href=\"https:\/\/www.google.com\/intl\/de\/+\/policy\/+1button.html\" target=\"_blank\" rel=\"noopener noreferrer\">www.google.com\/intl\/de\/+\/policy\/+1button.html<\/a> .<\/p>\n<p>Tambi\u00e9n tiene la opci\u00f3n mediante la instalaci\u00f3n de los complementos adecuados en su navegador, Google carga de los plug-ins para prevenir.<\/p>\n<div><strong>Uso de YouTube<\/strong><br \/>\nque utilizamos en nuestra funci\u00f3n de p\u00e1gina web para incrustar v\u00eddeos de YouTube de YouTube LLC. (901 Cereza Ave., San Bruno, CA 94066, EE.UU., \u00abYouTube\u00bb).<br \/>\nYouTube es una por Google, Inc. (1600 Amphitheatre Parkway, Mountain View, CA 94043, EE.UU., \u00abGoogle\u00bb) compa\u00f1\u00eda afiliada.<br \/>\nLas pantallas de funci\u00f3n en un iframe en la p\u00e1gina web de YouTube v\u00eddeos almacenados. Se activa la opci\u00f3n \u00abmodo mejorado de privacidad\u00bb. Por lo tanto, no hay informaci\u00f3n sobre los visitantes del sitio web se almacenan por YouTube. S\u00f3lo cuando ves un v\u00eddeo, informaci\u00f3n sobre transmitida a YouTube y se almacena all\u00ed.<br \/>\nPara obtener m\u00e1s informaci\u00f3n sobre la recopilaci\u00f3n y uso de datos por parte de YouTube y Google, sobre sus derechos y opciones para proteger su privacidad en las pol\u00edticas de privacidad de YouTube ( <a href=\"https:\/\/www.youtube.com\/t\/privacy\" target=\"_blank\" rel=\"noopener noreferrer\">https:\/\/www.youtube.com\/t\/privacy<\/a> ).<\/div>\n<p><strong>La duraci\u00f3n del almacenamiento<\/strong><br \/>\nDespu\u00e9s de completar un contrato de procesar los datos por un per\u00edodo inicial del per\u00edodo de garant\u00eda, a continuaci\u00f3n, almacena teniendo en cuenta legal, especialmente los per\u00edodos de retenci\u00f3n derecho comercial fiscales y y luego se elimina despu\u00e9s de la fecha l\u00edmite, a menos que haya acordado con el posterior procesamiento y uso.<\/p>\n<p><strong>Derechos del titular de los datos<\/strong><br \/>\nest\u00e1n disponibles en los requisitos legales de los siguientes derechos en virtud del art\u00edculo 15 a 20 <b>RGDP <\/b> a :. derecho de acceso, rectificaci\u00f3n, cancelaci\u00f3n, para limitar el procesamiento, a la portabilidad de datos.<br \/>\n<span class=\"\"> propiedad adicional de acuerdo con Art. 21 (1) <b>RGDP <\/b> un derecho a oponerse a los procesamientos en base a Art. 6 (1) f <b>RGDP<\/b>, as\u00ed como al tratamiento para el prop\u00f3sito de correo directo. <\/span><\/p>\n<p>En contacto con nosotros por encargo. El contacto en nuestra impronta.<\/p>\n<p><strong>Derecho de apelar a la autoridad de supervisi\u00f3n<\/strong><br \/>\nque tiene bajo el Art. 77 <b>RGDP <\/b> a quejarse a la autoridad de control si usted es de la opini\u00f3n de que el tratamiento de sus datos personales no ser\u00e1 legalmente derecho.<\/p>\n<p>\u00daltima actualizaci\u00f3n: 05\/09\/2019<\/p>\n","protected":false},"excerpt":{"rendered":"<p>Pol\u00edtica de privacidad Pol\u00edtica de privacidad A menos que se indique lo contrario a continuaci\u00f3n, proporcionando sus datos personales no es el mandato de cualquier ley o contrato, ni tampoco es necesario un contrato. Usted no est\u00e1 obligado a proporcionar los datos. A no prestaci\u00f3n de ninguna consecuencia. Esto se aplica s\u00f3lo en la medida &hellip; <a href=\"https:\/\/andagolf.com\/es\/politica-de-privacidad\/\" class=\"more-link\">Continue reading <span class=\"screen-reader-text\">Pol\u00edtica de privacidad<\/span><\/a><\/p>\n","protected":false},"author":1,"featured_media":0,"parent":0,"menu_order":0,"comment_status":"closed","ping_status":"closed","template":"","meta":{"footnotes":""},"class_list":["post-1918","page","type-page","status-publish","hentry"],"yoast_head":"<!-- This site is optimized with the Yoast SEO plugin v26.5 - https:\/\/yoast.com\/wordpress\/plugins\/seo\/ -->\n<title>Pol\u00edtica de privacidad - Anda Golf<\/title>\n<meta name=\"robots\" content=\"index, follow, max-snippet:-1, max-image-preview:large, max-video-preview:-1\" \/>\n<link rel=\"canonical\" href=\"https:\/\/andagolf.com\/es\/politica-de-privacidad\/\" \/>\n<meta property=\"og:locale\" content=\"es_ES\" \/>\n<meta property=\"og:type\" content=\"article\" \/>\n<meta property=\"og:title\" content=\"Pol\u00edtica de privacidad - Anda Golf\" \/>\n<meta property=\"og:description\" content=\"Pol\u00edtica de privacidad Pol\u00edtica de privacidad A menos que se indique lo contrario a continuaci\u00f3n, proporcionando sus datos personales no es el mandato de cualquier ley o contrato, ni tampoco es necesario un contrato. Usted no est\u00e1 obligado a proporcionar los datos. A no prestaci\u00f3n de ninguna consecuencia. Esto se aplica s\u00f3lo en la medida &hellip; Continue reading Pol\u00edtica de privacidad\" \/>\n<meta property=\"og:url\" content=\"https:\/\/andagolf.com\/es\/politica-de-privacidad\/\" \/>\n<meta property=\"og:site_name\" content=\"Anda Golf\" \/>\n<meta property=\"article:modified_time\" content=\"2019-09-05T12:57:01+00:00\" \/>\n<meta name=\"twitter:label1\" content=\"Tiempo de lectura\" \/>\n\t<meta name=\"twitter:data1\" content=\"11 minutos\" \/>\n<script type=\"application\/ld+json\" class=\"yoast-schema-graph\">{\"@context\":\"https:\/\/schema.org\",\"@graph\":[{\"@type\":\"WebPage\",\"@id\":\"https:\/\/andagolf.com\/es\/politica-de-privacidad\/\",\"url\":\"https:\/\/andagolf.com\/es\/politica-de-privacidad\/\",\"name\":\"Pol\u00edtica de privacidad - Anda Golf\",\"isPartOf\":{\"@id\":\"https:\/\/andagolf.com\/es\/#website\"},\"datePublished\":\"2018-05-28T17:33:22+00:00\",\"dateModified\":\"2019-09-05T12:57:01+00:00\",\"inLanguage\":\"es\",\"potentialAction\":[{\"@type\":\"ReadAction\",\"target\":[\"https:\/\/andagolf.com\/es\/politica-de-privacidad\/\"]}]},{\"@type\":\"WebSite\",\"@id\":\"https:\/\/andagolf.com\/es\/#website\",\"url\":\"https:\/\/andagolf.com\/es\/\",\"name\":\"Anda Golf\",\"description\":\"Golf Shop Mijas - Costa del Sol\",\"publisher\":{\"@id\":\"https:\/\/andagolf.com\/es\/#organization\"},\"potentialAction\":[{\"@type\":\"SearchAction\",\"target\":{\"@type\":\"EntryPoint\",\"urlTemplate\":\"https:\/\/andagolf.com\/es\/?s={search_term_string}\"},\"query-input\":{\"@type\":\"PropertyValueSpecification\",\"valueRequired\":true,\"valueName\":\"search_term_string\"}}],\"inLanguage\":\"es\"},{\"@type\":\"Organization\",\"@id\":\"https:\/\/andagolf.com\/es\/#organization\",\"name\":\"Anda Golf\",\"url\":\"https:\/\/andagolf.com\/es\/\",\"logo\":{\"@type\":\"ImageObject\",\"inLanguage\":\"es\",\"@id\":\"https:\/\/andagolf.com\/es\/#\/schema\/logo\/image\/\",\"url\":\"https:\/\/andagolf.com\/wp-content\/uploads\/2016\/05\/logo-andagolf.png\",\"contentUrl\":\"https:\/\/andagolf.com\/wp-content\/uploads\/2016\/05\/logo-andagolf.png\",\"width\":310,\"height\":108,\"caption\":\"Anda Golf\"},\"image\":{\"@id\":\"https:\/\/andagolf.com\/es\/#\/schema\/logo\/image\/\"}}]}<\/script>\n<!-- \/ Yoast SEO plugin. -->","yoast_head_json":{"title":"Pol\u00edtica de privacidad - Anda Golf","robots":{"index":"index","follow":"follow","max-snippet":"max-snippet:-1","max-image-preview":"max-image-preview:large","max-video-preview":"max-video-preview:-1"},"canonical":"https:\/\/andagolf.com\/es\/politica-de-privacidad\/","og_locale":"es_ES","og_type":"article","og_title":"Pol\u00edtica de privacidad - Anda Golf","og_description":"Pol\u00edtica de privacidad Pol\u00edtica de privacidad A menos que se indique lo contrario a continuaci\u00f3n, proporcionando sus datos personales no es el mandato de cualquier ley o contrato, ni tampoco es necesario un contrato. Usted no est\u00e1 obligado a proporcionar los datos. A no prestaci\u00f3n de ninguna consecuencia. Esto se aplica s\u00f3lo en la medida &hellip; Continue reading Pol\u00edtica de privacidad","og_url":"https:\/\/andagolf.com\/es\/politica-de-privacidad\/","og_site_name":"Anda Golf","article_modified_time":"2019-09-05T12:57:01+00:00","twitter_misc":{"Tiempo de lectura":"11 minutos"},"schema":{"@context":"https:\/\/schema.org","@graph":[{"@type":"WebPage","@id":"https:\/\/andagolf.com\/es\/politica-de-privacidad\/","url":"https:\/\/andagolf.com\/es\/politica-de-privacidad\/","name":"Pol\u00edtica de privacidad - Anda Golf","isPartOf":{"@id":"https:\/\/andagolf.com\/es\/#website"},"datePublished":"2018-05-28T17:33:22+00:00","dateModified":"2019-09-05T12:57:01+00:00","inLanguage":"es","potentialAction":[{"@type":"ReadAction","target":["https:\/\/andagolf.com\/es\/politica-de-privacidad\/"]}]},{"@type":"WebSite","@id":"https:\/\/andagolf.com\/es\/#website","url":"https:\/\/andagolf.com\/es\/","name":"Anda Golf","description":"Golf Shop Mijas - Costa del Sol","publisher":{"@id":"https:\/\/andagolf.com\/es\/#organization"},"potentialAction":[{"@type":"SearchAction","target":{"@type":"EntryPoint","urlTemplate":"https:\/\/andagolf.com\/es\/?s={search_term_string}"},"query-input":{"@type":"PropertyValueSpecification","valueRequired":true,"valueName":"search_term_string"}}],"inLanguage":"es"},{"@type":"Organization","@id":"https:\/\/andagolf.com\/es\/#organization","name":"Anda Golf","url":"https:\/\/andagolf.com\/es\/","logo":{"@type":"ImageObject","inLanguage":"es","@id":"https:\/\/andagolf.com\/es\/#\/schema\/logo\/image\/","url":"https:\/\/andagolf.com\/wp-content\/uploads\/2016\/05\/logo-andagolf.png","contentUrl":"https:\/\/andagolf.com\/wp-content\/uploads\/2016\/05\/logo-andagolf.png","width":310,"height":108,"caption":"Anda Golf"},"image":{"@id":"https:\/\/andagolf.com\/es\/#\/schema\/logo\/image\/"}}]}},"_links":{"self":[{"href":"https:\/\/andagolf.com\/es\/wp-json\/wp\/v2\/pages\/1918","targetHints":{"allow":["GET"]}}],"collection":[{"href":"https:\/\/andagolf.com\/es\/wp-json\/wp\/v2\/pages"}],"about":[{"href":"https:\/\/andagolf.com\/es\/wp-json\/wp\/v2\/types\/page"}],"author":[{"embeddable":true,"href":"https:\/\/andagolf.com\/es\/wp-json\/wp\/v2\/users\/1"}],"replies":[{"embeddable":true,"href":"https:\/\/andagolf.com\/es\/wp-json\/wp\/v2\/comments?post=1918"}],"version-history":[{"count":0,"href":"https:\/\/andagolf.com\/es\/wp-json\/wp\/v2\/pages\/1918\/revisions"}],"wp:attachment":[{"href":"https:\/\/andagolf.com\/es\/wp-json\/wp\/v2\/media?parent=1918"}],"curies":[{"name":"wp","href":"https:\/\/api.w.org\/{rel}","templated":true}]}}